{"id":30387,"date":"2025-11-28T22:13:52","date_gmt":"2025-11-28T22:13:52","guid":{"rendered":"https:\/\/asura.lv\/product\/besen-wall-charger-for-electric-cars-f30\/"},"modified":"2025-12-12T15:08:31","modified_gmt":"2025-12-12T13:08:31","slug":"besen-wall-charger-for-electric-cars-f30","status":"publish","type":"product","link":"https:\/\/asura.lv\/et\/toode\/besen-wall-charger-for-electric-cars-f30\/","title":{"rendered":"Beseni seinalaadija elektriautodele F30"},"content":{"rendered":"<h3>Besen F30 seinalaadija elektriautodele<\/h3>\n<p>Besen F30 on elektriautode seinalaadija, mis pakub maksimaalset laadimisv\u00f5imsust kuni 22 kW kolmefaasilises re\u017eiimis ja kuni 7,2 kW \u00fchefaasilises re\u017eiimis. Varustatud nutika kiibi ja LCD-ekraaniga, pakub see t\u00e4ielikku kontrolli laadimisprotsessi \u00fcle, kuvades olulist teavet laadimise intensiivsuse, v\u00f5imsuse ja laadimisaja kohta.<\/p>\n<p>\n<img decoding=\"async\" alt=\"\" border=\"0\" src=\"https:\/\/assets.innpro.pl\/9104\/10632\/8.jpg\"\/>\n<\/p>\n<h3>Laadimisprotsessi intelligentne juhtimine ja isikup\u00e4rastamine<\/h3>\n<p>Besen F30 laadijat eristab sisseehitatud nutikas kiip, mis j\u00e4lgib ja optimeerib laadimisprotsessi, kohandades parameetreid vastavalt s\u00f5iduki ja kasutaja hetkevajadustele. LCD-ekraan annab omakorda reaalajas teavet voolutugevuse, laadimisv\u00f5imsuse ja seansi kestuse kohta, v\u00f5imaldades t\u00e4pset energiahaldust.<\/p>\n<p>\n<img decoding=\"async\" alt=\"\" border=\"0\" src=\"https:\/\/assets.innpro.pl\/9104\/10632\/2.jpg\"\/>\n<\/p>\n<h3>T\u00e4iustatud ohutusfunktsioonid<\/h3>\n<p>Besen F30 on loodud maksimaalse kasutajaohutuse tagamiseks. Laadijal on mitmeid ohutusfunktsioone, sealhulgas avatud vooluringi kaitse, madalpinge kaitse ja maanduskaitse. Lisaks tuvastavad hoiatus- ja j\u00e4lgimisfunktsioonid laadimisolekus esinevaid k\u00f5rvalekaldeid, minimeerides rikke ohtu ja kaitstes nii kasutajaid kui ka s\u00f5idukeid.<\/p>\n<p>\n<img decoding=\"async\" alt=\"\" border=\"0\" src=\"https:\/\/assets.innpro.pl\/9104\/10632\/3.jpg\"\/>\n<\/p>\n<h3>Vastupidavus ja mitmek\u00fclgsus igas olukorras<\/h3>\n<p>F30-l on vastupidav ABS- ja PC-konstruktsioon, mis tagab vastupidavuse mehaanilistele kahjustustele ja karmidele ilmastikutingimustele. IP66-reitinguga laadija on kaitstud vee ja tolmu eest, v\u00f5imaldades seda ohutult kasutada. Lisaks on see CE ja FCC sertifikaadiga, mis kinnitab vastavust rahvusvahelistele ohutus- ja kvaliteedistandarditele.<\/p>\n<p>\n<img decoding=\"async\" alt=\"\" border=\"0\" src=\"https:\/\/assets.innpro.pl\/9104\/10632\/6.jpg\"\/>\n<\/p>\n<h3>Paindlikkus ja laadimisj\u00f5udlus<\/h3>\n<p>Besen F30 \u00fchildub laia pingevahemikuga (100V\u2013250V) ja pakub reguleeritavat voolutugevust (16\/32A), mis v\u00f5imaldab teil laadimisv\u00f5imsust vastavalt oma s\u00f5iduki konkreetsetele vajadustele kohandada. Maksimaalne laadimisv\u00f5imsus 22 kW tagab kiire ja t\u00f5husa energiavarustamise ning t\u00f6\u00f6temperatuuride vahemik -25 \u00b0C kuni 55 \u00b0C muudab laadija sobivaks laias kliimatingimuste vahemikus, tagades t\u00f6\u00f6kindluse aastaringselt.<\/p>\n<p>\n<img decoding=\"async\" alt=\"\" border=\"0\" src=\"https:\/\/assets.innpro.pl\/9104\/10632\/7.jpg\"\/>\n<\/p>\n<div class=\"table-wrapper\">\n<p>\u0412\u00a0<\/p>\n<h3><\/h3>\n<table>\n<tbody>\n<tr>\n<th>Tootja<\/th>\n<td>Besen<\/td>\n<\/tr>\n<tr>\n<th>Mudel<\/th>\n<td>F30<\/td>\n<\/tr>\n<tr>\n<th>Kaabli pikkus<\/th>\n<td>5 m<\/td>\n<\/tr>\n<tr>\n<th>Paigaldus Asukoht<\/th>\n<td>Seinale\/Riulile<\/td>\n<\/tr>\n<tr>\n<th>Re\u017eiim<\/th>\n<td>C (pistikuga)<\/td>\n<\/tr>\n<tr>\n<th>Sertifitseerimine<\/th>\n<td>CE, FCC<\/td>\n<\/tr>\n<tr>\n<th>Kaitseaste<\/th>\n<td>IP66<\/td>\n<\/tr>\n<tr>\n<th>Nimipinge<\/th>\n<td>100\u2013250 V<\/td>\n<\/tr>\n<tr>\n<th>Nimivool<\/th>\n<td>16\/32A<\/td>\n<\/tr>\n<tr>\n<th>Maksimaalne v\u00f5imsus<\/th>\n<td>22 kW<\/td>\n<\/tr>\n<tr>\n<th>Faasire\u017eiim<\/th>\n<td>\u00fchefaasiline \/ kolmefaasiline<\/td>\n<\/tr>\n<tr>\n<th>T\u00f6\u00f6temperatuur<\/th>\n<td>-25 \u00b0C ~55 \u00b0C<\/td>\n<\/tr>\n<tr>\n<th>Korpuse materjal<\/th>\n<td>ABS + Arvuti<\/td>\n<\/tr>\n<\/tbody>\n<\/table>\n<\/div>\n","protected":false},"excerpt":{"rendered":"<p>Besen F30 seinalaadija elektriautodele Besen F30 on elektriautode seinalaadija, mis pakub maksimaalset laadimisv\u00f5imsust kuni 22 kW kolmefaasilises re\u017eiimis ja kuni 7,2 kW \u00fchefaasilises re\u017eiimis. Varustatud nutika kiibi ja LCD-ekraaniga, pakub see t\u00e4ielikku kontrolli laadimisprotsessi \u00fcle, kuvades olulist teavet laadimise intensiivsuse, v\u00f5imsuse ja laadimisaja kohta. Laadimisprotsessi intelligentne juhtimine ja isikup\u00e4rastamine Besen F30 laadijat eristab sisseehitatud nutikas [&#8230;]\n","protected":false},"featured_media":30388,"comment_status":"open","ping_status":"closed","template":"","meta":[],"product_brand":[668],"product_cat":[1158],"product_tag":[],"class_list":{"0":"post-30387","1":"product","2":"type-product","3":"status-publish","4":"has-post-thumbnail","6":"product_brand-besen","7":"product_cat-cables-and-chargers-for-electric-cars","9":"first","10":"outofstock","11":"taxable","12":"shipping-taxable","13":"purchasable","14":"product-type-simple"},"aioseo_notices":[],"_links":{"self":[{"href":"https:\/\/asura.lv\/et\/wp-json\/wp\/v2\/product\/30387","targetHints":{"allow":["GET"]}}],"collection":[{"href":"https:\/\/asura.lv\/et\/wp-json\/wp\/v2\/product"}],"about":[{"href":"https:\/\/asura.lv\/et\/wp-json\/wp\/v2\/types\/product"}],"replies":[{"embeddable":true,"href":"https:\/\/asura.lv\/et\/wp-json\/wp\/v2\/comments?post=30387"}],"wp:featuredmedia":[{"embeddable":true,"href":"https:\/\/asura.lv\/et\/wp-json\/wp\/v2\/media\/30388"}],"wp:attachment":[{"href":"https:\/\/asura.lv\/et\/wp-json\/wp\/v2\/media?parent=30387"}],"wp:term":[{"taxonomy":"product_brand","embeddable":true,"href":"https:\/\/asura.lv\/et\/wp-json\/wp\/v2\/product_brand?post=30387"},{"taxonomy":"product_cat","embeddable":true,"href":"https:\/\/asura.lv\/et\/wp-json\/wp\/v2\/product_cat?post=30387"},{"taxonomy":"product_tag","embeddable":true,"href":"https:\/\/asura.lv\/et\/wp-json\/wp\/v2\/product_tag?post=30387"}],"curies":[{"name":"wp","href":"https:\/\/api.w.org\/{rel}","templated":true}]}}