{"id":30411,"date":"2025-11-28T22:13:50","date_gmt":"2025-11-28T22:13:50","guid":{"rendered":"https:\/\/asura.lv\/product\/amzchef-1501-bu-sm-slow-speed-juicer-blue\/"},"modified":"2025-12-12T15:08:29","modified_gmt":"2025-12-12T13:08:29","slug":"amzchef-1501-bu-sm-slow-speed-juicer-blue","status":"publish","type":"product","link":"https:\/\/asura.lv\/et\/toode\/amzchef-1501-bu-sm-slow-speed-juicer-blue\/","title":{"rendered":"AMZCHEF 1501-BU-SM aeglase kiirusega mahlapress (sinine)"},"content":{"rendered":"<h3>AMZCHEF 1501-BU-SM aeglase kiirusega mahlapress (sinine).<\/h3>\n<p>Nautige iga p\u00e4ev v\u00e4rsket ja tervislikku mahla AMZCHEF 1501-BU-SM aeglase kiirusega mahlapressiga. Varustatud 7-astmelise t\u00e4iustatud spiraali ja t\u00e4iustatud k\u00fclmpressimise tehnoloogiaga, annab see puu- ja k\u00f6\u00f6giviljadest kuni 90% saagikust. Iga lonks on maksimaalne annus vitamiine ja mineraale, ilma tarbetu raiskamiseta. PMMA materjalist valmistatud seade tagab mitte ainult suurep\u00e4rase mahla kvaliteedi, vaid ka seadme pikaealisuse. Hoolitse oma tervise eest ja muuda oma toitumisharjumusi AMZCHEF mahlapressiga.<\/p>\n<p>\n<img decoding=\"async\" border=\"0\" src=\"https:\/\/assets.innpro.pl\/11599\/13734\/6.jpg\"\/>\n<\/p>\n<h3>Uuenduslik aeglase kiiruse tehnoloogia<\/h3>\n<p>AMZCHEF mahlapress pressib mahla kiirusel 80 p\u00f6\u00f6ret minutis, mis minimeerib oks\u00fcdeerumist ja tagab v\u00e4rskuse. Protsess toimub ilma teradeta, v\u00e4listades oks\u00fcdeerumisprobleemid ja v\u00f5imaldades teil nautida puhast ja toitaineterikast mahla. Madala kiiruse tehnoloogia toodab ka kuiva viljaliha, mis n\u00e4itab masina k\u00f5rget efektiivsust.<\/p>\n<p>\n<img decoding=\"async\" border=\"0\" src=\"https:\/\/assets.innpro.pl\/11599\/13734\/4.jpg\"\/>\n<\/p>\n<h3>Ohutu ja lihtne kasutada<\/h3>\n<p>Mahlapress on loodud kogu perele m\u00f5eldes. Sellel on ohutu, kitsas 4,5 cm l\u00e4bim\u00f5\u00f5duga s\u00f6\u00f6tmisava, mis hoiab \u00e4ra laste juhusliku vigastamise kasutamise ajal. Lisaks muudavad intuitiivne kinnituss\u00fcsteem ja tagasik\u00e4igu funktsioon selle kasutamise lihtsaks ja hoiavad \u00e4ra masina ummistumise, muutes iga mahlapressimise mitte ainult l\u00f5busaks ja h\u00f5lpsasti kasutatavaks, vaid ka ohutuks.<\/p>\n<p>\n<img decoding=\"async\" border=\"0\" src=\"https:\/\/assets.innpro.pl\/11599\/13734\/9.jpg\"\/>\n<\/p>\n<h3>Mitmek\u00fclgsus \u00fches masinas<\/h3>\n<p>AMZCHEF 1501-BU-SM ei ole lihtsalt mahlapress! Seade toimib 4-\u00fches-seadmena, pakkudes v\u00f5imalust kasutada lisatarvikuid, nagu viilutusmasin, hakklihamasin ja vorstit\u00e4itja. Kuigi need lisatarvikud ei kuulu komplekti, on need eraldi saadaval, andes teile v\u00f5imaluse seadet laiendada ja k\u00f6\u00f6gis veelgi mitmek\u00fclgsemaks muuta.<\/p>\n<p>\n<img decoding=\"async\" border=\"0\" src=\"https:\/\/assets.innpro.pl\/11599\/13734\/5.jpg\"\/>\n<\/p>\n<h3>Vaikne t\u00f6\u00f6 ja nutikad ohutusfunktsioonid<\/h3>\n<p>Alla 60 dB t\u00f6\u00f6tava mootoriga saate mahla pressida isegi varahommikul, ilma et see teie majapidamist h\u00e4iriks. Sisseehitatud nutikad kiibid kaitsevad seadet \u00fclekuumenemise eest, tagades pika eluea ja ohutu kasutamise aastaid. 304 roostevaba terase, PMMA materjali ja l\u00e4bipaistva korpuse kasutamine tagab seadme suurep\u00e4rase vastupidavuse, lihtsustab pressimisprotsessi j\u00e4lgimist ja annab teile seadme \u00fcle t\u00e4ieliku kontrolli tunde.<\/p>\n<p>\n<img decoding=\"async\" border=\"0\" src=\"https:\/\/assets.innpro.pl\/11599\/13734\/3.jpg\"\/>\n<\/p>\n<h3>Maitsek\u00fcllus iga p\u00e4ev<\/h3>\n<p>AMZCHEF mahlapressiga saate alustada iga p\u00e4eva v\u00e4rske mahlaga, mis on t\u00e4is vitamiine ja mineraale. Mahlapress pakub selliseid funktsioone nagu l\u00f5ikamine, purustamine, pressimine, jahvatamine, eraldamine, purustamine, ekstraheerimine, nii et saate seda vastavalt oma vajadustele kohandada. T\u00e4iustatud aeglase kiiruse tehnoloogia tagab minimaalse oks\u00fcdeerumise ja s\u00fcgavama maitse, samal ajal kui naudite rikkalikumat toitev\u00e4\u00e4rtust. Too oma ellu tervislikud harjumused ja avasta iga p\u00e4ev oma mahlade valmistamise r\u00f5\u00f5m!<\/p>\n<p>\n<img decoding=\"async\" border=\"0\" src=\"https:\/\/assets.innpro.pl\/11599\/13734\/1.jpg\"\/>\n<\/p>\n<h3>Kaasas<\/h3>\n<ul class=\"list-disc pl-5\">\n<li>Press<\/li>\n<li>Mahlatops<\/li>\n<li>J\u00e4\u00e4tmetops<\/li>\n<li>Puhashari<\/li>\n<li>Kasutusjuhend<\/li>\n<\/ul>\n<div class=\"table-wrapper\">\n<p>\u0412\u00a0<\/p>\n<h3><\/h3>\n<table>\n<tbody>\n<tr>\n<th>Tootja<\/th>\n<td>AMZCHEF<\/td>\n<\/tr>\n<tr>\n<th>Mudel<\/th>\n<td>1501-BU-SM<\/td>\n<\/tr>\n<tr>\n<th>V\u00e4rv<\/th>\n<td>sinine<\/td>\n<\/tr>\n<tr>\n<th>Mootor<\/th>\n<td>Aeglane kiirus, 80 p\/min<\/td>\n<\/tr>\n<tr>\n<th>M\u00fcratase<\/th>\n<td>Alla 60 dB<\/td>\n<\/tr>\n<tr>\n<th>Ehitusmaterjal<\/th>\n<td>PMMA, 304 roostevaba teras<\/td>\n<\/tr>\n<tr>\n<th>Spiraal<\/th>\n<td>7-astmeline, uuendatud, suure mahlasaagise saavutamiseks<\/td>\n<\/tr>\n<tr>\n<th>Mahlasaak<\/th>\n<td>Kuni 90% puuviljadest ja k\u00f6\u00f6giviljad<\/td>\n<\/tr>\n<tr>\n<th>Ohutu laadimisava<\/th>\n<td>4,5 cm (1,8 tolli) l\u00e4bim\u00f5\u00f5duga<\/td>\n<\/tr>\n<tr>\n<th>Pressimiss\u00fcsteem<\/th>\n<td>K\u00fclmpressimise tehnoloogia, minimaalne oks\u00fcdeerumine<\/td>\n<\/tr>\n<tr>\n<th>Funktsioonid<\/th>\n<td>L\u00f5ikamine, purustamine, pressimine, jahvatamine, eraldamine, riivimine, ekstraheerimine<\/td>\n<\/tr>\n<tr>\n<th>Filter<\/th>\n<td>Peen s\u00f5el, mis eraldab viljaliha mahlast<\/td>\n<\/tr>\n<tr>\n<th>Lisafunktsioonid<\/th>\n<td>SISSE\/V\u00c4LJA nupp, tagasik\u00e4igu funktsioon, intelligentsed kaitsekiibid.<\/td>\n<\/tr>\n<tr>\n<th>Korpus<\/th>\n<td>L\u00e4bipaistev, mis v\u00f5imaldab pressimisprotsessi h\u00f5lpsat j\u00e4lgimist<\/td>\n<\/tr>\n<tr>\n<th>Mahutid<\/th>\n<td>Uuendatud mahla- ja viljalihamahuti<\/td>\n<\/tr>\n<\/tbody>\n<\/table>\n<\/div>\n","protected":false},"excerpt":{"rendered":"<p>AMZCHEF 1501-BU-SM aeglase kiirusega mahlapress (sinine). Nautige iga p\u00e4ev v\u00e4rsket ja tervislikku mahla AMZCHEF 1501-BU-SM aeglase kiirusega mahlapressiga. Varustatud 7-astmelise t\u00e4iustatud spiraali ja t\u00e4iustatud k\u00fclmpressimise tehnoloogiaga, annab see puu- ja k\u00f6\u00f6giviljadest kuni 90% saagikust. Iga lonks on maksimaalne annus vitamiine ja mineraale, ilma tarbetu raiskamiseta. PMMA materjalist valmistatud seade tagab mitte ainult suurep\u00e4rase mahla kvaliteedi, [&#8230;]\n","protected":false},"featured_media":30412,"comment_status":"open","ping_status":"closed","template":"","meta":[],"product_brand":[550],"product_cat":[1383],"product_tag":[],"class_list":{"0":"post-30411","1":"product","2":"type-product","3":"status-publish","4":"has-post-thumbnail","6":"product_brand-amzchef","7":"product_cat-kitchen-accessories","9":"first","10":"outofstock","11":"taxable","12":"shipping-taxable","13":"purchasable","14":"product-type-simple"},"aioseo_notices":[],"_links":{"self":[{"href":"https:\/\/asura.lv\/et\/wp-json\/wp\/v2\/product\/30411","targetHints":{"allow":["GET"]}}],"collection":[{"href":"https:\/\/asura.lv\/et\/wp-json\/wp\/v2\/product"}],"about":[{"href":"https:\/\/asura.lv\/et\/wp-json\/wp\/v2\/types\/product"}],"replies":[{"embeddable":true,"href":"https:\/\/asura.lv\/et\/wp-json\/wp\/v2\/comments?post=30411"}],"wp:featuredmedia":[{"embeddable":true,"href":"https:\/\/asura.lv\/et\/wp-json\/wp\/v2\/media\/30412"}],"wp:attachment":[{"href":"https:\/\/asura.lv\/et\/wp-json\/wp\/v2\/media?parent=30411"}],"wp:term":[{"taxonomy":"product_brand","embeddable":true,"href":"https:\/\/asura.lv\/et\/wp-json\/wp\/v2\/product_brand?post=30411"},{"taxonomy":"product_cat","embeddable":true,"href":"https:\/\/asura.lv\/et\/wp-json\/wp\/v2\/product_cat?post=30411"},{"taxonomy":"product_tag","embeddable":true,"href":"https:\/\/asura.lv\/et\/wp-json\/wp\/v2\/product_tag?post=30411"}],"curies":[{"name":"wp","href":"https:\/\/api.w.org\/{rel}","templated":true}]}}