{"id":30591,"date":"2025-11-28T22:10:55","date_gmt":"2025-11-28T22:10:55","guid":{"rendered":"https:\/\/asura.lv\/product\/heiman-ws3ms-tuya-smart-pir-wifi-motion-sensor\/"},"modified":"2025-12-12T15:05:50","modified_gmt":"2025-12-12T13:05:50","slug":"heiman-ws3ms-tuya-smart-pir-wifi-motion-sensor","status":"publish","type":"product","link":"https:\/\/asura.lv\/et\/toode\/heiman-ws3ms-tuya-smart-pir-wifi-motion-sensor\/","title":{"rendered":"Heiman WS3MS Tuya nutikas PIR WiFi liikumisandur"},"content":{"rendered":"<h3>Heiman WS3MS Tuya nutikas PIR WiFi liikumisandur<\/h3>\n<p>WS3MS andur on koduseks kasutamiseks m\u00f5eldud seade, mis kasutab reaalajas liikumise j\u00e4lgimiseks traadita WiFi-tehnoloogiat. T\u00e4nu automaatsele l\u00e4viv\u00e4\u00e4rtuse reguleerimise tehnoloogiale tagab see t\u00f6\u00f6 k\u00f5rge stabiilsuse ja minimeerib t\u00f5husalt valeh\u00e4ireid. Lisaks hoiab automaatne temperatuuri kompenseerimise tehnoloogia \u00e4ra anduri tundlikkuse languse \u00fcmbritseva \u00f5hu temperatuuri muutuste t\u00f5ttu.<\/p>\n<p>\n<img decoding=\"async\" border=\"0\" src=\"https:\/\/assets.innpro.pl\/7722\/8971\/4.jpg\"\/>\n<\/p>\n<h3>Reaalajas j\u00e4lgimine<\/h3>\n<p>Heiman WS3MS liikumisandur v\u00f5imaldab reaalajas liikumist j\u00e4lgida. WiFi abil saate koheselt teavitusi, kui teie mobiilseadmes tuvastatakse liikumine, muutes teie kodu turvalisemaks ja v\u00f5imaldades teil volitamata sisenemise korral kiiresti reageerida.<\/p>\n<p>\n<img decoding=\"async\" border=\"0\" src=\"https:\/\/assets.innpro.pl\/7722\/8971\/1.jpg\"\/>\n<\/p>\n<h3>Automaatne l\u00e4ve reguleerimine<\/h3>\n<p>Seade kasutab automaatse l\u00e4ve reguleerimise tehnoloogiat, et parandada anduri stabiilsust ja minimeerida valeh\u00e4ireid. See funktsioon on eriti kasulik d\u00fcnaamilistes keskkondades, kus keskkonnatingimuste muutused v\u00f5ivad m\u00f5jutada standardsete liikumisandurite j\u00f5udlust.<\/p>\n<p>\n<img decoding=\"async\" border=\"0\" src=\"https:\/\/assets.innpro.pl\/7722\/8971\/7.jpg\"\/>\n<\/p>\n<h3>Temperatuuri kompenseerimine<\/h3>\n<p>Heiman WS3MS andur on varustatud automaatse temperatuuri kompenseerimise tehnoloogiaga, mis hoiab \u00e4ra tundlikkuse languse temperatuurik\u00f5ikumiste t\u00f5ttu. Seet\u00f5ttu s\u00e4ilitab andur k\u00f5rge tuvastust\u00e4psuse isegi laias temperatuurivahemikus -10 \u00b0C kuni +50 \u00b0C.<\/p>\n<p>\n<img decoding=\"async\" border=\"0\" src=\"https:\/\/assets.innpro.pl\/7722\/8971\/5.jpg\"\/>\n<\/p>\n<h3>Tuvastus ja tuvastusnurk<\/h3>\n<p>Seade pakub maksimaalset tuvastuskaugust kuni 9 meetrit 90\u00b0 nurga all, mist\u00f5ttu sobib see ideaalselt suurte siseruumide j\u00e4lgimiseks. T\u00e4nu t\u00e4psele infrapunasensorile pakub Heiman WS3MS usaldusv\u00e4\u00e4rset liikumistuvastust erinevates valgustingimustes.<\/p>\n<p>\n<img decoding=\"async\" border=\"0\" src=\"https:\/\/assets.innpro.pl\/7722\/8971\/2.jpg\"\/>\n<\/p>\n<h3>Kaitse loomade eest<\/h3>\n<p>Andur on loodud kaitsma kuni 11 kg kaaluvate v\u00e4ikeste lemmikloomade p\u00f5hjustatud valeh\u00e4irete eest. See funktsioon tagab, et andur ei k\u00e4ivita lemmiklooma liikumise korral alarmi, suurendades selle kasulikkust lemmikloomadega kodudes.<\/p>\n<p>\n<img decoding=\"async\" border=\"0\" src=\"https:\/\/assets.innpro.pl\/7722\/8971\/6.jpg\"\/>\n<\/p>\n<h3>Lihtne paigaldamine ja kaasaegne disain<\/h3>\n<p>Anduri paigaldamine on lihtne t\u00e4nu &#8220;kinni ja m\u00e4ngi&#8221; tehnoloogiale, mis ei vaja t\u00f6\u00f6riistu. Anduri stiilne ja moodne disain sulandub sujuvalt igasse interj\u00f6\u00f6ri, rikkumata ruumi esteetikat.<\/p>\n<p>\n<img decoding=\"async\" border=\"0\" src=\"https:\/\/assets.innpro.pl\/7722\/8971\/3.jpg\"\/>\n<\/p>\n<div class=\"table-wrapper\">\n<p>\u0412\u00a0<\/p>\n<h3><\/h3>\n<table>\n<tbody>\n<tr>\n<th>Tootja<\/th>\n<td>Heiman<\/td>\n<\/tr>\n<tr>\n<th>Tootjakood<\/th>\n<td>WS3MS<\/td>\n<\/tr>\n<tr>\n<th>T\u00f6\u00f6pinge<\/th>\n<td>DC 3V (1x CR123A patarei)<\/td>\n<\/tr>\n<tr>\n<th>Tuvastuskaugus<\/th>\n<td>\u00a49m (temperatuuril 25\u00b0C)<\/td>\n<\/tr>\n<tr>\n<th>Tuvastus Nurk<\/th>\n<td>90\u00b0<\/td>\n<\/tr>\n<tr>\n<th>Anduri t\u00fc\u00fcp<\/th>\n<td>Infrapunaandur (PIR)<\/td>\n<\/tr>\n<tr>\n<th>V\u00f5rk<\/th>\n<td>WiFi &#8211; 2,4 GHz<\/td>\n<\/tr>\n<tr>\n<th>WiFi protokoll<\/th>\n<td>IEEE 802.11\/b\/g\/n<\/td>\n<\/tr>\n<tr>\n<th>T\u00f6\u00f6temperatuur<\/th>\n<td>-10 \u00b0C kuni +50 \u00b0C<\/td>\n<\/tr>\n<tr>\n<th>T\u00f6\u00f6keskkonna \u00f5huniiskus<\/th>\n<td>\u224895% suhteline \u00f5huniiskus (mittekondenseeruv)<\/td>\n<\/tr>\n<tr>\n<th>Kaitse loomade eest<\/th>\n<td>Kuni 11 kg<\/td>\n<\/tr>\n<tr>\n<th>M\u00f5\u00f5tmed<\/th>\n<td>80 mm x 28,5 mm<\/td>\n<\/tr>\n<\/tbody>\n<\/table>\n<\/div>\n","protected":false},"excerpt":{"rendered":"<p>Heiman WS3MS Tuya nutikas PIR WiFi liikumisandur WS3MS andur on koduseks kasutamiseks m\u00f5eldud seade, mis kasutab reaalajas liikumise j\u00e4lgimiseks traadita WiFi-tehnoloogiat. T\u00e4nu automaatsele l\u00e4viv\u00e4\u00e4rtuse reguleerimise tehnoloogiale tagab see t\u00f6\u00f6 k\u00f5rge stabiilsuse ja minimeerib t\u00f5husalt valeh\u00e4ireid. Lisaks hoiab automaatne temperatuuri kompenseerimise tehnoloogia \u00e4ra anduri tundlikkuse languse \u00fcmbritseva \u00f5hu temperatuuri muutuste t\u00f5ttu. Reaalajas j\u00e4lgimine Heiman WS3MS liikumisandur [&#8230;]\n","protected":false},"featured_media":30592,"comment_status":"open","ping_status":"closed","template":"","meta":[],"product_brand":[639],"product_cat":[948],"product_tag":[],"class_list":{"0":"post-30591","1":"product","2":"type-product","3":"status-publish","4":"has-post-thumbnail","6":"product_brand-heiman","7":"product_cat-sensors","9":"first","10":"outofstock","11":"taxable","12":"shipping-taxable","13":"purchasable","14":"product-type-simple"},"aioseo_notices":[],"_links":{"self":[{"href":"https:\/\/asura.lv\/et\/wp-json\/wp\/v2\/product\/30591","targetHints":{"allow":["GET"]}}],"collection":[{"href":"https:\/\/asura.lv\/et\/wp-json\/wp\/v2\/product"}],"about":[{"href":"https:\/\/asura.lv\/et\/wp-json\/wp\/v2\/types\/product"}],"replies":[{"embeddable":true,"href":"https:\/\/asura.lv\/et\/wp-json\/wp\/v2\/comments?post=30591"}],"wp:featuredmedia":[{"embeddable":true,"href":"https:\/\/asura.lv\/et\/wp-json\/wp\/v2\/media\/30592"}],"wp:attachment":[{"href":"https:\/\/asura.lv\/et\/wp-json\/wp\/v2\/media?parent=30591"}],"wp:term":[{"taxonomy":"product_brand","embeddable":true,"href":"https:\/\/asura.lv\/et\/wp-json\/wp\/v2\/product_brand?post=30591"},{"taxonomy":"product_cat","embeddable":true,"href":"https:\/\/asura.lv\/et\/wp-json\/wp\/v2\/product_cat?post=30591"},{"taxonomy":"product_tag","embeddable":true,"href":"https:\/\/asura.lv\/et\/wp-json\/wp\/v2\/product_tag?post=30591"}],"curies":[{"name":"wp","href":"https:\/\/api.w.org\/{rel}","templated":true}]}}