{"id":30603,"date":"2025-11-28T22:10:54","date_gmt":"2025-11-28T22:10:54","guid":{"rendered":"https:\/\/asura.lv\/product\/heiman-ws2wl-tuya-wifi-smart-flood-sensor\/"},"modified":"2025-12-12T15:05:50","modified_gmt":"2025-12-12T13:05:50","slug":"heiman-ws2wl-tuya-wifi-smart-flood-sensor","status":"publish","type":"product","link":"https:\/\/asura.lv\/et\/toode\/heiman-ws2wl-tuya-wifi-smart-flood-sensor\/","title":{"rendered":"Heiman WS2WL Tuya WiFi nutikas \u00fcleujutusandur"},"content":{"rendered":"<h3>Heiman WS2WL Tuya WiFi nutikas \u00fcleujutusandur<\/h3>\n<p>Heiman WS2WL on loodud kodudes veelekke tuvastamiseks. Traadita WiFi-tehnoloogia abil annab see lekke tuvastamisel koheselt m\u00e4rku ja saadab teie mobiilseadmesse teateid Tuya (Smart Life) rakenduse kaudu. T\u00e4nu oma suurele t\u00e4psusele ja tundlikkusele suudab see pikka aega stabiilselt t\u00f6\u00f6tada, pakkudes kaitset \u00fcleujutuste eest.<\/p>\n<p>\n<img decoding=\"async\" border=\"0\" src=\"https:\/\/assets.innpro.pl\/7723\/8972\/1.jpg\"\/>\n<\/p>\n<h3>Veelekete varajane tuvastamine<\/h3>\n<p>Heiman WS2WL \u00fcleujutusandur v\u00f5imaldab veelekete v\u00f5i k\u00fclmumistingimuste varajast tuvastamist, v\u00f5imaldades teil kiiresti kahjustuste v\u00e4ltimiseks tegutseda. See aitab teil v\u00e4ltida kulukaid remondit\u00f6id ja veekahjustusi.<\/p>\n<p>\n<img decoding=\"async\" border=\"0\" src=\"https:\/\/assets.innpro.pl\/7723\/8972\/2.jpg\"\/>\n<\/p>\n<h3>Patareitoitel<\/h3>\n<p>Seadet toidab komplekti kuuluv CR123A patarei, mis tagab lihtsa kasutamise ja probleemideta vahetamise. Patarei v\u00f5imaldab anduril pikka aega t\u00f6\u00f6tada ilma sagedase laadimiseta.<\/p>\n<p>\n<img decoding=\"async\" border=\"0\" src=\"https:\/\/assets.innpro.pl\/7723\/8972\/5.jpg\"\/>\n<\/p>\n<h3>Nutitelefoni m\u00e4rguanded<\/h3>\n<p>WiFi-tehnoloogia v\u00f5imaldab teil saata veelekke tuvastamise korral teateid oma telefoni ja teiste leibkonnaliikmete telefonidesse. H\u00e4daolukorras saate kohest teavet, mis v\u00f5imaldab teil kiiresti reageerida ja v\u00f5imalikku kahju minimeerida.<\/p>\n<p>\n<img decoding=\"async\" border=\"0\" src=\"https:\/\/assets.innpro.pl\/7723\/8972\/3.jpg\"\/>\n<\/p>\n<h3>Kompaktne ja moodne disain<\/h3>\n<p>Heiman WS2WL \u00fcleujutusanduril on moodne ja kompaktne disain, mis v\u00f5imaldab seda paigutada raskesti ligip\u00e4\u00e4setavatesse kohtadesse, n\u00e4iteks n\u00f5udepesumasinate, k\u00fclmikute, boilerite, tualettide v\u00f5i valamute alla. See sobib ideaalselt ka keldrites v\u00f5i garaa\u017eides kasutamiseks.<\/p>\n<p>\n<img decoding=\"async\" border=\"0\" src=\"https:\/\/assets.innpro.pl\/7723\/8972\/6.jpg\"\/>\n<\/p>\n<div class=\"table-wrapper\">\n<p>\u0412\u00a0<\/p>\n<h3><\/h3>\n<table>\n<tbody>\n<tr>\n<th>Tootja<\/th>\n<td>Heiman<\/td>\n<\/tr>\n<tr>\n<th>Tootjakood<\/th>\n<td>WS2WL<\/td>\n<\/tr>\n<tr>\n<th>T\u00f6\u00f6pinge<\/th>\n<td>DC 3V (1x CR17335\/CR123A patarei)<\/td>\n<\/tr>\n<tr>\n<th>H\u00e4ireindikaator<\/th>\n<td>Sinine LED-indikaator<\/td>\n<\/tr>\n<tr>\n<th>H\u00e4ire Heli<\/th>\n<td>\u203075dB@1m<\/td>\n<\/tr>\n<tr>\n<th>V\u00f5rk<\/th>\n<td>WiFi 2.4GHz<\/td>\n<\/tr>\n<tr>\n<th>WiFi protokoll<\/th>\n<td>IEEE 802.11 b\/g\/n<\/td>\n<\/tr>\n<tr>\n<th>T\u00f6\u00f6temperatuur<\/th>\n<td>0\u00b0C kuni +50\u00b0C<\/td>\n<\/tr>\n<tr>\n<th>T\u00f6\u00f6keskkonna niiskus<\/th>\n<td>\u2030\u00a495% RH (mittekondenseeruv)<\/td>\n<\/tr>\n<tr>\n<th>M\u00f5\u00f5tmed<\/th>\n<td>\u2030\u00a469.0mm x 27.6mm<\/td>\n<\/tr>\n<tr>\n<th>Kaitsetase<\/th>\n<td>IP67<\/td>\n<\/tr>\n<\/tbody>\n<\/table>\n<\/div>\n","protected":false},"excerpt":{"rendered":"<p>Heiman WS2WL Tuya WiFi nutikas \u00fcleujutusandur Heiman WS2WL on loodud kodudes veelekke tuvastamiseks. Traadita WiFi-tehnoloogia abil annab see lekke tuvastamisel koheselt m\u00e4rku ja saadab teie mobiilseadmesse teateid Tuya (Smart Life) rakenduse kaudu. T\u00e4nu oma suurele t\u00e4psusele ja tundlikkusele suudab see pikka aega stabiilselt t\u00f6\u00f6tada, pakkudes kaitset \u00fcleujutuste eest. Veelekete varajane tuvastamine Heiman WS2WL \u00fcleujutusandur v\u00f5imaldab [&#8230;]\n","protected":false},"featured_media":30604,"comment_status":"open","ping_status":"closed","template":"","meta":[],"product_brand":[639],"product_cat":[948],"product_tag":[],"class_list":{"0":"post-30603","1":"product","2":"type-product","3":"status-publish","4":"has-post-thumbnail","6":"product_brand-heiman","7":"product_cat-sensors","9":"first","10":"outofstock","11":"taxable","12":"shipping-taxable","13":"purchasable","14":"product-type-simple"},"aioseo_notices":[],"_links":{"self":[{"href":"https:\/\/asura.lv\/et\/wp-json\/wp\/v2\/product\/30603","targetHints":{"allow":["GET"]}}],"collection":[{"href":"https:\/\/asura.lv\/et\/wp-json\/wp\/v2\/product"}],"about":[{"href":"https:\/\/asura.lv\/et\/wp-json\/wp\/v2\/types\/product"}],"replies":[{"embeddable":true,"href":"https:\/\/asura.lv\/et\/wp-json\/wp\/v2\/comments?post=30603"}],"wp:featuredmedia":[{"embeddable":true,"href":"https:\/\/asura.lv\/et\/wp-json\/wp\/v2\/media\/30604"}],"wp:attachment":[{"href":"https:\/\/asura.lv\/et\/wp-json\/wp\/v2\/media?parent=30603"}],"wp:term":[{"taxonomy":"product_brand","embeddable":true,"href":"https:\/\/asura.lv\/et\/wp-json\/wp\/v2\/product_brand?post=30603"},{"taxonomy":"product_cat","embeddable":true,"href":"https:\/\/asura.lv\/et\/wp-json\/wp\/v2\/product_cat?post=30603"},{"taxonomy":"product_tag","embeddable":true,"href":"https:\/\/asura.lv\/et\/wp-json\/wp\/v2\/product_tag?post=30603"}],"curies":[{"name":"wp","href":"https:\/\/api.w.org\/{rel}","templated":true}]}}