{"id":30621,"date":"2025-11-28T22:10:52","date_gmt":"2025-11-28T22:10:52","guid":{"rendered":"https:\/\/asura.lv\/product\/classic-dog-collar-with-qr-code-waudog-size-l-pink\/"},"modified":"2025-12-12T15:05:49","modified_gmt":"2025-12-12T13:05:49","slug":"classic-dog-collar-with-qr-code-waudog-size-l-pink","status":"publish","type":"product","link":"https:\/\/asura.lv\/et\/toode\/classic-dog-collar-with-qr-code-waudog-size-l-pink\/","title":{"rendered":"Klassikaline koerakaelarihm QR-koodiga Waudog suurus L roosa"},"content":{"rendered":"<h3>Waudog Classic koerakaelarihm naturaalsest nahast ja taaskasutatud puuvillast, suurus L, roosa.<\/h3>\n<p>Hoolitse oma lemmiklooma mugavuse eest. Waudog Classic koerakaelarihm suurus L on valmistatud naturaalsest nahast ja taaskasutatud puuvillast. Nahas\u00f5bralikud materjalid panevad teie neljajalgse s\u00f5bra selle koheselt armastama. Toode on korrosioonikindel ja n\u00e4eb pikka aega esteetiliselt meeldiv v\u00e4lja. Selle laius on 25 mm ja \u00fcmberm\u00f5\u00f5tu saab reguleerida vahemikus 38 kuni 49 cm. Lisaks saate t\u00e4nu QR-koodiga aadressim\u00e4rgisele oma kontaktandmeid h\u00f5lpsalt uuendada, mis on h\u00e4davajalik, kui teie koer kaob. Pange t\u00e4hele: kaasasolev kood on ainult malliks. Aadressisildi saab aktiveerida aadressil https:\/\/animal-id.net\/.<\/p>\n<p>\n<img decoding=\"async\" border=\"0\" src=\"https:\/\/assets.innpro.pl\/7637\/8880\/2.jpg\"\/>\n<\/p>\n<div class=\"table-wrapper\">\n<p>\u0412\u00a0<\/p>\n<h3><\/h3>\n<table>\n<tbody>\n<tr>\n<th>Tootja<\/th>\n<td>Waudog<\/td>\n<\/tr>\n<tr>\n<th>Mudel<\/th>\n<td>Klassikaline<\/td>\n<\/tr>\n<tr>\n<th>Tootjakood<\/th>\n<td>58937<\/td>\n<\/tr>\n<tr>\n<th>Materjal<\/th>\n<td>naturaalne nahk, taaskasutatud puuvill<\/td>\n<\/tr>\n<tr>\n<th>Suurus<\/th>\n<td>L<\/td>\n<\/tr>\n<tr>\n<th>Laius<\/th>\n<td>25 mm<\/td>\n<\/tr>\n<tr>\n<th>Minimaalne kaela\u00fcmberm\u00f5\u00f5t<\/th>\n<td>38 cm<\/td>\n<\/tr>\n<tr>\n<th>Maksimaalne kaela\u00fcmberm\u00f5\u00f5t<\/th>\n<td>49 cm<\/td>\n<\/tr>\n<tr>\n<th>V\u00e4rv<\/th>\n<td>roosa<\/td>\n<\/tr>\n<\/tbody>\n<\/table>\n<\/div>\n","protected":false},"excerpt":{"rendered":"<p>Waudog Classic koerakaelarihm naturaalsest nahast ja taaskasutatud puuvillast, suurus L, roosa. Hoolitse oma lemmiklooma mugavuse eest. Waudog Classic koerakaelarihm suurus L on valmistatud naturaalsest nahast ja taaskasutatud puuvillast. Nahas\u00f5bralikud materjalid panevad teie neljajalgse s\u00f5bra selle koheselt armastama. Toode on korrosioonikindel ja n\u00e4eb pikka aega esteetiliselt meeldiv v\u00e4lja. Selle laius on 25 mm ja \u00fcmberm\u00f5\u00f5tu saab [&#8230;]\n","protected":false},"featured_media":30622,"comment_status":"open","ping_status":"closed","template":"","meta":[],"product_brand":[640],"product_cat":[1278],"product_tag":[],"class_list":{"0":"post-30621","1":"product","2":"type-product","3":"status-publish","4":"has-post-thumbnail","6":"product_brand-waudog","7":"product_cat-walking-and-transportation","9":"first","10":"outofstock","11":"taxable","12":"shipping-taxable","13":"purchasable","14":"product-type-simple"},"aioseo_notices":[],"_links":{"self":[{"href":"https:\/\/asura.lv\/et\/wp-json\/wp\/v2\/product\/30621","targetHints":{"allow":["GET"]}}],"collection":[{"href":"https:\/\/asura.lv\/et\/wp-json\/wp\/v2\/product"}],"about":[{"href":"https:\/\/asura.lv\/et\/wp-json\/wp\/v2\/types\/product"}],"replies":[{"embeddable":true,"href":"https:\/\/asura.lv\/et\/wp-json\/wp\/v2\/comments?post=30621"}],"wp:featuredmedia":[{"embeddable":true,"href":"https:\/\/asura.lv\/et\/wp-json\/wp\/v2\/media\/30622"}],"wp:attachment":[{"href":"https:\/\/asura.lv\/et\/wp-json\/wp\/v2\/media?parent=30621"}],"wp:term":[{"taxonomy":"product_brand","embeddable":true,"href":"https:\/\/asura.lv\/et\/wp-json\/wp\/v2\/product_brand?post=30621"},{"taxonomy":"product_cat","embeddable":true,"href":"https:\/\/asura.lv\/et\/wp-json\/wp\/v2\/product_cat?post=30621"},{"taxonomy":"product_tag","embeddable":true,"href":"https:\/\/asura.lv\/et\/wp-json\/wp\/v2\/product_tag?post=30621"}],"curies":[{"name":"wp","href":"https:\/\/api.w.org\/{rel}","templated":true}]}}