{"id":30687,"date":"2025-11-28T22:10:47","date_gmt":"2025-11-28T22:10:47","guid":{"rendered":"https:\/\/asura.lv\/product\/carlinkit-tbox-basic-216g-wireless-adapter-carplay-android-black\/"},"modified":"2025-12-12T15:05:46","modified_gmt":"2025-12-12T13:05:46","slug":"carlinkit-tbox-basic-216g-wireless-adapter-carplay-android-black","status":"publish","type":"product","link":"https:\/\/asura.lv\/et\/toode\/carlinkit-tbox-basic-216g-wireless-adapter-carplay-android-black\/","title":{"rendered":"Carlinkit Tbox Basic (2+16G) juhtmevaba adapter Carplay\/Android (must)"},"content":{"rendered":"<h3>Carlinkit Tbox Basic (2+16G) Carplay\/Androidi juhtmevaba adapter (must).<\/h3>\n<p>Carlinkit Tbox Basic juhtmevaba adapter (2+16G) on kompaktne ja v\u00f5imas seade, mis v\u00f5imaldab teil autos h\u00f5lpsalt CarPlay ja Android Auto funktsioone kasutada. Varustatud Android 11.0 ja Qualcomm QCM2290 ARM Cortex-A53 neljatuumalise protsessoriga &#8211; see tagab oluliste rakenduste sujuva ja stabiilse t\u00f6\u00f6.<\/p>\n<p>\n<img decoding=\"async\" border=\"0\" src=\"https:\/\/assets.innpro.pl\/7580\/8806\/1.jpg\"\/>\n<\/p>\n<h3>J\u00f5udlus ja m\u00e4lu<\/h3>\n<p>Adapter pakub 2 GB muutm\u00e4lu ja 16 GB sisem\u00e4lu, mis v\u00f5imaldab teil erinevaid rakendusi viivituseta salvestada ja k\u00e4itada. Adreno 702 GPU pakub kvaliteetset graafikat, mis sobib ideaalselt multimeediasisu kuvamiseks, ning t\u00e4nu adaptiivsele eraldusv\u00f5imele on pilt alati optimaalselt auto ekraaniga kohandatud.<\/p>\n<p>\n<img decoding=\"async\" border=\"0\" src=\"https:\/\/assets.innpro.pl\/7580\/8806\/3.jpg\"\/>\n<\/p>\n<h3>Lihtne paigaldamine ja \u00fchenduvus<\/h3>\n<p>Seadme paigaldamine on \u00e4\u00e4rmiselt lihtne \u2013 \u00fchendage adapter lihtsalt auto USB-porti. Toode toetab ka 2.4G + 5G Wi-Fi ja Bluetooth 4.2 BLE + 5.0 BLE, mis tagab kiire ja stabiilse traadita \u00fchenduse. Seega saate selle h\u00f5lpsalt oma valitud mobiilseadmega siduda!<\/p>\n<p>\n<img decoding=\"async\" border=\"0\" src=\"https:\/\/assets.innpro.pl\/7580\/8806\/6.jpg\"\/>\n<\/p>\n<h3>\u00dchilduvus ja lisafunktsioonid<\/h3>\n<p>Carlinkit Tbox Basic \u00fchildub paljude nutitelefonidega \u2013 alates iPhone&#8217;idest 6 ja uuematest (s\u00fcsteemid alates iOS 10.0) kuni telefonideni, millel on Android 11.0 ja uuem. Lisaks v\u00f5imaldavad sisseehitatud rakendused nagu Play pood, YouTube, Netflix, Disney+ ja TikTok teil mugavalt oma lemmikmeediasisu otse autoekraanilt nautida.<\/p>\n<p>\n<img decoding=\"async\" border=\"0\" src=\"https:\/\/assets.innpro.pl\/7580\/8806\/5.jpg\"\/>\n<\/p>\n<h3>Pordid ja laiendused<\/h3>\n<p>Adapter on varustatud USB-C-pordi ja TF-kaardi pesaga, mis v\u00f5imaldab teil laiendada oma salvestusruumi kuni 256 GB-ni. See v\u00f5imaldab teil salvestada rohkem andmeid ja nautida suuremat paindlikkust. Lisaks on seade valmistatud vastupidavast ABS-materjalist, mis tagab pikaajalise vastupidavuse.<\/p>\n<p>\n<img decoding=\"async\" border=\"0\" src=\"https:\/\/assets.innpro.pl\/7580\/8806\/4.jpg\"\/>\n<\/p>\n<h3>Kaasas<\/h3>\n<ul class=\"list-disc pl-5\">\n<li>Adapter<\/li>\n<li>Kaabel x2<\/li>\n<li>Kasutusjuhend<\/li>\n<\/ul>\n<div class=\"table-wrapper\">\n<p>\u0412\u00a0<\/p>\n<h3><\/h3>\n<table>\n<tbody>\n<tr>\n<th>Tootja<\/th>\n<td>Carlinkit<\/td>\n<\/tr>\n<tr>\n<th>Mudel<\/th>\n<td>Tbox Basic (2+16G)<\/td>\n<\/tr>\n<tr>\n<th>S\u00fcsteem<\/th>\n<td>Android 11.0<\/td>\n<\/tr>\n<tr>\n<th>Protsessor<\/th>\n<td>Qualcomm QCM2290 ARM Crotex-A53 neljatuumaline 64-bitine protsessor, kuni 2,0 GHz 11 nm<\/td>\n<\/tr>\n<tr>\n<th>Graafikaprotsessor<\/th>\n<td>Adreno 702<\/td>\n<\/tr>\n<tr>\n<th>M\u00e4lu<\/th>\n<td>2 GB (RAM) + 16 GB (ROM)<\/td>\n<\/tr>\n<tr>\n<th>Wi-Fi moodul<\/th>\n<td>WCN3950E<\/td>\n<\/tr>\n<tr>\n<th>Sisendvool<\/th>\n<td>5 V \u00b1 0,2 V 1 A<\/td>\n<\/tr>\n<tr>\n<th>Energiatarve<\/th>\n<td>5 W<\/td>\n<\/tr>\n<tr>\n<th>Wi-Fi sagedus<\/th>\n<td>802.11 a\/b\/g\/n\/ac 2.4G + 5G<\/td>\n<\/tr>\n<tr>\n<th>Bluetoothi \u200b\u200bversioon<\/th>\n<td>4.2 BLE + 5.0 BLE<\/td>\n<\/tr>\n<tr>\n<th>Sisseehitatud rakendused<\/th>\n<td>Play pood, YouTube, Netflix, Disney+, TikTok<\/td>\n<\/tr>\n<tr>\n<th>Materjal<\/th>\n<td>ABS<\/td>\n<\/tr>\n<tr>\n<th>\u00dchilduvad nutitelefonid<\/th>\n<td>iPhone 6 ja uuemad (iOS 10.0 ja uuemad), nutitelefonid, millel on Android 11.0 ja uuemad<\/td>\n<\/tr>\n<tr>\n<th>Eraldusv\u00f5ime<\/th>\n<td>Kohanduv<\/td>\n<\/tr>\n<tr>\n<th>Pordid<\/th>\n<td>LED, USB-C, TF-kaardi pesa (kuni 256 GB)<\/td>\n<\/tr>\n<tr>\n<th>M\u00f5\u00f5tmed<\/th>\n<td>78 x 78 x 16 mm<\/td>\n<\/tr>\n<tr>\n<th>Kaal<\/th>\n<td>0,155 kg<\/td>\n<\/tr>\n<\/tbody>\n<\/table>\n<\/div>\n","protected":false},"excerpt":{"rendered":"<p>Carlinkit Tbox Basic (2+16G) Carplay\/Androidi juhtmevaba adapter (must). Carlinkit Tbox Basic juhtmevaba adapter (2+16G) on kompaktne ja v\u00f5imas seade, mis v\u00f5imaldab teil autos h\u00f5lpsalt CarPlay ja Android Auto funktsioone kasutada. Varustatud Android 11.0 ja Qualcomm QCM2290 ARM Cortex-A53 neljatuumalise protsessoriga &#8211; see tagab oluliste rakenduste sujuva ja stabiilse t\u00f6\u00f6. J\u00f5udlus ja m\u00e4lu Adapter pakub 2 [&#8230;]\n","protected":false},"featured_media":30688,"comment_status":"open","ping_status":"closed","template":"","meta":[],"product_brand":[521],"product_cat":[996],"product_tag":[],"class_list":{"0":"post-30687","1":"product","2":"type-product","3":"status-publish","4":"has-post-thumbnail","6":"product_brand-carlinkit","7":"product_cat-android-auto-wireless-adapters","9":"first","10":"outofstock","11":"taxable","12":"shipping-taxable","13":"purchasable","14":"product-type-simple"},"aioseo_notices":[],"_links":{"self":[{"href":"https:\/\/asura.lv\/et\/wp-json\/wp\/v2\/product\/30687","targetHints":{"allow":["GET"]}}],"collection":[{"href":"https:\/\/asura.lv\/et\/wp-json\/wp\/v2\/product"}],"about":[{"href":"https:\/\/asura.lv\/et\/wp-json\/wp\/v2\/types\/product"}],"replies":[{"embeddable":true,"href":"https:\/\/asura.lv\/et\/wp-json\/wp\/v2\/comments?post=30687"}],"wp:featuredmedia":[{"embeddable":true,"href":"https:\/\/asura.lv\/et\/wp-json\/wp\/v2\/media\/30688"}],"wp:attachment":[{"href":"https:\/\/asura.lv\/et\/wp-json\/wp\/v2\/media?parent=30687"}],"wp:term":[{"taxonomy":"product_brand","embeddable":true,"href":"https:\/\/asura.lv\/et\/wp-json\/wp\/v2\/product_brand?post=30687"},{"taxonomy":"product_cat","embeddable":true,"href":"https:\/\/asura.lv\/et\/wp-json\/wp\/v2\/product_cat?post=30687"},{"taxonomy":"product_tag","embeddable":true,"href":"https:\/\/asura.lv\/et\/wp-json\/wp\/v2\/product_tag?post=30687"}],"curies":[{"name":"wp","href":"https:\/\/api.w.org\/{rel}","templated":true}]}}