{"id":30813,"date":"2025-11-28T22:10:36","date_gmt":"2025-11-28T22:10:36","guid":{"rendered":"https:\/\/asura.lv\/product\/smartring-colmi-r02-21-3mm-12-black\/"},"modified":"2025-12-12T15:05:36","modified_gmt":"2025-12-12T13:05:36","slug":"smartring-colmi-r02-21-3mm-12-black","status":"publish","type":"product","link":"https:\/\/asura.lv\/et\/toode\/smartring-colmi-r02-21-3mm-12-black\/","title":{"rendered":"Nutir\u00f5ngas Colmi R02 21.3MM 12 (must)"},"content":{"rendered":"<h3>Colmi R02 21.3MM 12 (must) nutikell.<\/h3>\n<p>Hoolitse oma tervise ja vormisoleku eest Colmi R02 nutikellega. Seade j\u00e4lgib pulssi, und ja vere hapnikuk\u00fcllastust ning loeb samme ja p\u00f5letatud kaloreid. See pakub ka 21 spordire\u017eiimi ja on IP68 veekindla. Mugava juurdep\u00e4\u00e4su kogutud teabele tagab spetsiaalne QR-rakendus. Nutikelder eristub ka kerge disaini (ainult 4,4 g), kuni 6-p\u00e4evase t\u00f6\u00f6aja \u00fche laadimisega ja stiilse, elegantse disaini poolest.<\/p>\n<p>\n<img decoding=\"async\" border=\"0\" src=\"https:\/\/assets.innpro.pl\/7302\/8501\/2.jpg\"\/>\n<\/p>\n<h3>Une j\u00e4lgimine<\/h3>\n<p>Nutikelder hakkab automaatselt teie und j\u00e4lgima niipea, kui tuvastab, et olete magama j\u00e4\u00e4nud. Seej\u00e4rel genereerib see \u00fcksikasjaliku aruande, mille leiate rakendusest. See v\u00f5imaldab sul oma keha paremini tundma \u00f5ppida ja \u00f5ppida, milliseid harjumusi tasub arendada. Kontrolli, kui kaua sa magad, kui kaua kestavad sinu une erinevad faasid ja milline on sinu une kvaliteet!<\/p>\n<p>\n<img decoding=\"async\" border=\"0\" src=\"https:\/\/assets.innpro.pl\/7302\/8501\/8.jpg\"\/>\n<\/p>\n<h3>Hoolitse oma vormisoleku eest<\/h3>\n<p>Kas p\u00fc\u00fcad elada aktiivset eluviisi? Colmi r\u00f5ngas aitab sind selles! Seade loeb t\u00e4pselt samme ja p\u00f5letatud kaloreid ning m\u00f5\u00f5dab l\u00e4bitud vahemaid ja pulssi treeningu ajal. Samuti saad valida 21 spordire\u017eiimi vahel, n\u00e4iteks k\u00f5ndimine, jooksmine, jalgrattas\u00f5it, jooga, tantsimine v\u00f5i aeroobika. Rakendusest leiad \u00fcksikasjalikku teavet oma igap\u00e4evase aktiivsuse kohta.<\/p>\n<p>\n<img decoding=\"async\" border=\"0\" src=\"https:\/\/assets.innpro.pl\/7302\/8501\/5.jpg\"\/>\n<\/p>\n<h3>Hoolitse oma tervise eest<\/h3>\n<p>Smartring aitab sul ka oma tervise eest hoolitseda ja v\u00f5imaldab sul kiiresti reageerida murettekitavatele s\u00fcmptomitele. Seade suudab j\u00e4lgida sinu pulssi 24 tundi \u00f6\u00f6p\u00e4evas \u2013 kogu k\u00f5ige olulisem teave on rakenduses saadaval. Seade m\u00f5\u00f5dab ka vere hapnikuk\u00fcllastust (SpO2). Hoia k\u00e4tt pulsil ja hoia oma tervis kontrolli all!<\/p>\n<p>\n<img decoding=\"async\" border=\"0\" src=\"https:\/\/assets.innpro.pl\/7302\/8501\/6.jpg\"\/>\n<\/p>\n<h3>IP68 veekindlus<\/h3>\n<p>L\u00e4hed basseini? V\u00f5i pead k\u00e4si pesema v\u00f5i du\u0161i alla minema? Sa ei pea s\u00f5rmust iga kord eemaldama! Colmi R02 nutir\u00f5ngas on IP68 standardi kohaselt veekindel, mis t\u00e4hendab, et see ei karda pritsmeid, vihma ega isegi vette kastmist.<\/p>\n<p>\n<img decoding=\"async\" border=\"0\" src=\"https:\/\/assets.innpro.pl\/7302\/8501\/3.jpg\"\/>\n<\/p>\n<h3>QRing rakendus<\/h3>\n<p>S\u00f5rmus \u00fchendub sinu telefoniga Bluetoothi \u200b\u200bkaudu ja s\u00fcnkroniseerib andmeid spetsiaalse QRing rakendusega. Muuhulgas leiad teavet oma aktiivsuse, tervisearuannete ja muu kohta. Samuti saate seda kasutada oma seadete mugavaks muutmiseks.<\/p>\n<p>\n<img decoding=\"async\" border=\"0\" src=\"https:\/\/assets.innpro.pl\/7302\/8501\/4.jpg\"\/>\n<\/p>\n<h3>Moodne disain<\/h3>\n<p>Smartring Colmi pole mitte ainult praktiline ja multifunktsionaalne aksessuaar, vaid ka fantastiline t\u00e4iendus peaaegu igale stiilile. Sellel on moodne ja stiilne disain, mis t\u00f5en\u00e4oliselt meeldib paljudele kasutajatele. See on saadaval kahes v\u00e4rvitoonis &#8211; kuldne ja must. Selle v\u00e4lispind on valmistatud poleeritud roostevabast terasest ja sisemuses on kasutatud h\u00fcpoallergeenset vaiku. Lisaks kaalub s\u00f5rmus vaid 4,4 grammi ja on vaid 2,7 mm paksune \u2013 see teeb selle kandmise v\u00e4ga mugavaks.<\/p>\n<p>\n<img decoding=\"async\" border=\"0\" src=\"https:\/\/assets.innpro.pl\/7302\/8501\/9.jpg\"\/>\n<\/p>\n<h3>Pikk t\u00f6\u00f6aeg, magnetiline laadimine<\/h3>\n<p>T\u00e4nu v\u00f5imsale 17 mAh akule kestab t\u00e4ielikult laetud nutik\u00f5rmus kuni 6 p\u00e4eva. Seega v\u00f5id muretult minna trenni v\u00f5i mitmep\u00e4evasele reisile \u2013 seade ei keeldu sind liiga kiiresti teenindamast. Komplekti kuulub ka magnetkaabel, mille abil laete s\u00f5rmuse umbes tunniga.<\/p>\n<p>\n<img decoding=\"async\" border=\"0\" src=\"https:\/\/assets.innpro.pl\/7302\/8501\/1.jpg\"\/>\n<\/p>\n<h3>Komplektis:<\/h3>\n<ul class=\"list-disc pl-5\">\n<li>Nutir\u00f5ngas<\/li>\n<li>Laadimiskaabel (USB-A magnetilise pistikuga)<\/li>\n<li>Kasutusjuhend<\/li>\n<\/ul>\n<div class=\"table-wrapper\">\n<p>\u0412\u00a0<\/p>\n<h3><\/h3>\n<table>\n<tbody>\n<tr>\n<th>Tootja<\/th>\n<td>Colmi<\/td>\n<\/tr>\n<tr>\n<th>Mudel<\/th>\n<td>R02<\/td>\n<\/tr>\n<tr>\n<th>V\u00e4rv<\/th>\n<td>Must<\/td>\n<\/tr>\n<tr>\n<th>Peamine juhtseade<\/th>\n<td>RF03<\/td>\n<\/tr>\n<tr>\n<th>Bluetooth<\/th>\n<td>5.0<\/td>\n<\/tr>\n<tr>\n<th>Aku mahtuvus<\/th>\n<td>17 mAh<\/td>\n<\/tr>\n<tr>\n<th>T\u00f6\u00f6aeg<\/th>\n<td>Kuni 6 p\u00e4eva<\/td>\n<\/tr>\n<tr>\n<th>Laadimisaeg<\/th>\n<td>Ligikaudne 1 h<\/td>\n<\/tr>\n<tr>\n<th>Laadimismeetod<\/th>\n<td>Magnetiline laadimine<\/td>\n<\/tr>\n<tr>\n<th>Veekindel<\/th>\n<td>IP68<\/td>\n<\/tr>\n<tr>\n<th>Rakendus<\/th>\n<td>QRing<\/td>\n<\/tr>\n<tr>\n<th>Kaal<\/th>\n<td>4,4 g<\/td>\n<\/tr>\n<tr>\n<th>Suurus<\/th>\n<td>12<\/td>\n<\/tr>\n<tr>\n<th>L\u00e4bim\u00f5\u00f5t<\/th>\n<td>21,3 mm<\/td>\n<\/tr>\n<\/tbody>\n<\/table>\n<\/div>\n","protected":false},"excerpt":{"rendered":"<p>Colmi R02 21.3MM 12 (must) nutikell. Hoolitse oma tervise ja vormisoleku eest Colmi R02 nutikellega. Seade j\u00e4lgib pulssi, und ja vere hapnikuk\u00fcllastust ning loeb samme ja p\u00f5letatud kaloreid. See pakub ka 21 spordire\u017eiimi ja on IP68 veekindla. Mugava juurdep\u00e4\u00e4su kogutud teabele tagab spetsiaalne QR-rakendus. Nutikelder eristub ka kerge disaini (ainult 4,4 g), kuni 6-p\u00e4evase t\u00f6\u00f6aja [&#8230;]\n","protected":false},"featured_media":30814,"comment_status":"open","ping_status":"closed","template":"","meta":[],"product_brand":[471],"product_cat":[990],"product_tag":[],"class_list":{"0":"post-30813","1":"product","2":"type-product","3":"status-publish","4":"has-post-thumbnail","6":"product_brand-colmi","7":"product_cat-smartrings-smartwatches","9":"first","10":"outofstock","11":"taxable","12":"shipping-taxable","13":"purchasable","14":"product-type-simple"},"aioseo_notices":[],"_links":{"self":[{"href":"https:\/\/asura.lv\/et\/wp-json\/wp\/v2\/product\/30813","targetHints":{"allow":["GET"]}}],"collection":[{"href":"https:\/\/asura.lv\/et\/wp-json\/wp\/v2\/product"}],"about":[{"href":"https:\/\/asura.lv\/et\/wp-json\/wp\/v2\/types\/product"}],"replies":[{"embeddable":true,"href":"https:\/\/asura.lv\/et\/wp-json\/wp\/v2\/comments?post=30813"}],"wp:featuredmedia":[{"embeddable":true,"href":"https:\/\/asura.lv\/et\/wp-json\/wp\/v2\/media\/30814"}],"wp:attachment":[{"href":"https:\/\/asura.lv\/et\/wp-json\/wp\/v2\/media?parent=30813"}],"wp:term":[{"taxonomy":"product_brand","embeddable":true,"href":"https:\/\/asura.lv\/et\/wp-json\/wp\/v2\/product_brand?post=30813"},{"taxonomy":"product_cat","embeddable":true,"href":"https:\/\/asura.lv\/et\/wp-json\/wp\/v2\/product_cat?post=30813"},{"taxonomy":"product_tag","embeddable":true,"href":"https:\/\/asura.lv\/et\/wp-json\/wp\/v2\/product_tag?post=30813"}],"curies":[{"name":"wp","href":"https:\/\/api.w.org\/{rel}","templated":true}]}}