{"id":30819,"date":"2025-11-28T22:10:35","date_gmt":"2025-11-28T22:10:35","guid":{"rendered":"https:\/\/asura.lv\/product\/mcdodo-ca-2791-usb-to-lightning-angle-cable-1-8m-black\/"},"modified":"2025-12-12T15:05:35","modified_gmt":"2025-12-12T13:05:35","slug":"mcdodo-ca-2791-usb-to-lightning-angle-cable-1-8m-black","status":"publish","type":"product","link":"https:\/\/asura.lv\/et\/toode\/mcdodo-ca-2791-usb-to-lightning-angle-cable-1-8m-black\/","title":{"rendered":"Mcdodo CA-2791 USB-Lightning nurgakaabel, 1,8m (must)"},"content":{"rendered":"<h3>Mcdodo CA-2791 USB-A &#8211; Lightning nurgakaabel, 1,8 m (must)<\/h3>\n<p>Mcdodo CA-2791 kaabel on valmistatud kvaliteetsetest materjalidest, mis tagab selle vastupidavuse ja kulumiskindluse. See pakub lisaks kiirele laadimisele ka teie seadmete ohutust. Nurga all olev disain v\u00f5imaldab seadet laadimise ajal mugavalt kasutada, mis sobib ideaalselt m\u00e4ngimiseks, filmide vaatamiseks v\u00f5i t\u00f6\u00f6tamiseks.<\/p>\n<p>\n<img decoding=\"async\" border=\"0\" src=\"https:\/\/assets.innpro.pl\/7408\/8612\/5.jpg\"\/>\n<\/p>\n<h3>Vastupidav ja l\u00e4bim\u00f5eldud disain<\/h3>\n<p>Mcdodo CA-2791 kaabel on valmistatud alumiiniumisulamist ja TPE-st, mis tagab erakordse vastupidavuse. Lisaks kaitseb nailonist punutis kaablit mehaaniliste kahjustuste eest. Kaabel on varustatud ka LED-indikaatoriga, mis n\u00e4itab laadimise olekut, mis teeb seadmete leidmise pimedas lihtsamaks.<\/p>\n<p>\n<img decoding=\"async\" border=\"0\" src=\"https:\/\/assets.innpro.pl\/7408\/8612\/4.jpg\"\/>\n<\/p>\n<h3>Kiire laadimine ja andmeedastus<\/h3>\n<p>T\u00e4nu oma 3 A voolutugevusele v\u00f5imaldab kaabel teil seadmeid kiiresti laadida, s\u00e4\u00e4stes aega. Selle abiga taastate oma iPhone&#8217;i, iPadi ja AirPodsi k\u00f5rvaklappide energia. Lisaks pakub see failiedastuskiirust 480 Mbps kiireks andmeedastuseks seadmete vahel.<\/p>\n<p>\n<img decoding=\"async\" border=\"0\" src=\"https:\/\/assets.innpro.pl\/7408\/8612\/3.jpg\"\/>\n<\/p>\n<h3>Seadmete turvalisus<\/h3>\n<p>Kaabel kasutab Mcdodo patenteeritud laadimistehnoloogiat ja kahekordset kiipi, mis tagab seadmete kiire ja ohutu laadimise ilma \u00fclekuumenemise ohuta. Lisaks tagab kaabli puhas vasks\u00fcdamik parema juhtivuse ja v\u00e4iksema energiatarbimise.<\/p>\n<p>\n<img decoding=\"async\" border=\"0\" src=\"https:\/\/assets.innpro.pl\/7408\/8612\/2.jpg\"\/>\n<\/p>\n<div class=\"table-wrapper\">\n<p>\u0412\u00a0<\/p>\n<h3><\/h3>\n<table>\n<tbody>\n<tr>\n<th>Tootja<\/th>\n<td>Mcdodo<\/td>\n<\/tr>\n<tr>\n<th>Mudel<\/th>\n<td>CA-2791<\/td>\n<\/tr>\n<tr>\n<th>V\u00e4rv<\/th>\n<td>must<\/td>\n<\/tr>\n<tr>\n<th>Pikkus<\/th>\n<td>1,8 m<\/td>\n<\/tr>\n<tr>\n<th>Liides<\/th>\n<td>USB-A &#8211; Lightning<\/td>\n<\/tr>\n<tr>\n<th>Materjal<\/th>\n<td>nailon, alumiiniumisulam, TPE<\/td>\n<\/tr>\n<tr>\n<th>Voolutugevus<\/th>\n<td>3 A<\/td>\n<\/tr>\n<tr>\n<th>Edastuskiirus<\/th>\n<td>480 Mbps<\/td>\n<\/tr>\n<\/tbody>\n<\/table>\n<\/div>\n","protected":false},"excerpt":{"rendered":"<p>Mcdodo CA-2791 USB-A &#8211; Lightning nurgakaabel, 1,8 m (must) Mcdodo CA-2791 kaabel on valmistatud kvaliteetsetest materjalidest, mis tagab selle vastupidavuse ja kulumiskindluse. See pakub lisaks kiirele laadimisele ka teie seadmete ohutust. Nurga all olev disain v\u00f5imaldab seadet laadimise ajal mugavalt kasutada, mis sobib ideaalselt m\u00e4ngimiseks, filmide vaatamiseks v\u00f5i t\u00f6\u00f6tamiseks. Vastupidav ja l\u00e4bim\u00f5eldud disain Mcdodo CA-2791 [&#8230;]\n","protected":false},"featured_media":30820,"comment_status":"open","ping_status":"closed","template":"","meta":[],"product_brand":[461],"product_cat":[1146],"product_tag":[],"class_list":{"0":"post-30819","1":"product","2":"type-product","3":"status-publish","4":"has-post-thumbnail","6":"product_brand-mcdodo","7":"product_cat-usb-to-lightning","9":"first","10":"outofstock","11":"taxable","12":"shipping-taxable","13":"purchasable","14":"product-type-simple"},"aioseo_notices":[],"_links":{"self":[{"href":"https:\/\/asura.lv\/et\/wp-json\/wp\/v2\/product\/30819","targetHints":{"allow":["GET"]}}],"collection":[{"href":"https:\/\/asura.lv\/et\/wp-json\/wp\/v2\/product"}],"about":[{"href":"https:\/\/asura.lv\/et\/wp-json\/wp\/v2\/types\/product"}],"replies":[{"embeddable":true,"href":"https:\/\/asura.lv\/et\/wp-json\/wp\/v2\/comments?post=30819"}],"wp:featuredmedia":[{"embeddable":true,"href":"https:\/\/asura.lv\/et\/wp-json\/wp\/v2\/media\/30820"}],"wp:attachment":[{"href":"https:\/\/asura.lv\/et\/wp-json\/wp\/v2\/media?parent=30819"}],"wp:term":[{"taxonomy":"product_brand","embeddable":true,"href":"https:\/\/asura.lv\/et\/wp-json\/wp\/v2\/product_brand?post=30819"},{"taxonomy":"product_cat","embeddable":true,"href":"https:\/\/asura.lv\/et\/wp-json\/wp\/v2\/product_cat?post=30819"},{"taxonomy":"product_tag","embeddable":true,"href":"https:\/\/asura.lv\/et\/wp-json\/wp\/v2\/product_tag?post=30819"}],"curies":[{"name":"wp","href":"https:\/\/api.w.org\/{rel}","templated":true}]}}