{"id":30867,"date":"2025-11-28T22:10:31","date_gmt":"2025-11-28T22:10:31","guid":{"rendered":"https:\/\/asura.lv\/product\/waydoo-submersible\/"},"modified":"2025-12-12T15:05:30","modified_gmt":"2025-12-12T13:05:30","slug":"waydoo-submersible","status":"publish","type":"product","link":"https:\/\/asura.lv\/et\/toode\/waydoo-submersible\/","title":{"rendered":"Waydoo sukeldatav"},"content":{"rendered":"<h3>Waydoo allveeroller<\/h3>\n<p>Kujutage ette, et sukeldute kristallselgesse vette, et vaevata veealust maailma avastada. Hoides Waydoo allveerollerit k\u00e4es, saate vabalt ujuda nagu delfiin. See kompaktne ja kaasaskantav toode on v\u00e4iksem kui teie lemmikjoogi 1,5-liitrine pudel, mist\u00f5ttu on seda uskumatult mugav kaasas kanda. See kasutab hoolikalt disainitud 4-labalist propellerit ja on h\u00f5lpsasti kasutatav. Maksimaalse mugavuse tagamiseks loodud toode on ideaalne kaaslane igaks veealuseks seikluseks.<\/p>\n<p>\n<img decoding=\"async\" border=\"0\" src=\"https:\/\/assets.innpro.pl\/7430\/8642\/3.jpg\"\/>\n<\/p>\n<h3>Mitmek\u00fclgne ja funktsionaalne<\/h3>\n<p>Waydoo allveeroller pakub teile lugematuid kasutusv\u00f5imalusi. T\u00e4nu kiirkinnitusega kinnitusklambritele (m\u00fc\u00fcakse eraldi) saate selle h\u00f5lpsalt oma SUP-laua v\u00f5i surfilaua k\u00fclge kinnitada v\u00f5i kasutada sukeldumise ajal. Lisaks saate selle \u00fchendada oma videokaamera v\u00f5i OLED-indikaatoriga, et salvestada t\u00e4iuslik video. N\u00fc\u00fcd on oma veealuste kogemuste j\u00e4\u00e4dvustamine veelgi lihtsam.<\/p>\n<p>\n<img decoding=\"async\" border=\"0\" src=\"https:\/\/assets.innpro.pl\/7430\/8642\/4.jpg\"\/>\n<\/p>\n<h3>V\u00f5rratu j\u00f5udlus<\/h3>\n<p>Waydoo abil saate sukelduda kuni 60 meetri s\u00fcgavusele (m\u00e4rkus: see s\u00fcgavus on lubatud ainult tehniliseks sukeldumiseks), uurides ookeanide s\u00fcgavusi. Maksimaalne kiirus, mille saavutate \u00fche t\u00f5ukerattaga, on 1,4 m\/s ja kahega 2 m\/s, mis annab teile vees erakordse kiiruse ja man\u00f6\u00f6verdusv\u00f5ime. 98 Wh liitiumioonaku toitel pakub see kuni 56 minutit l\u00f5bu.<\/p>\n<p>\n<img decoding=\"async\" border=\"0\" src=\"https:\/\/assets.innpro.pl\/7430\/8642\/6.jpg\"\/>\n<\/p>\n<h3>Kiire laadimine ja pikk t\u00f6\u00f6iga<\/h3>\n<p>Sisseehitatud laetav aku v\u00f5imaldab kiiret laadimist 100 W USB-C pordi kaudu. T\u00e4ielik laadimine v\u00f5tab vaid 1,2 tundi, mis t\u00e4hendab, et te ei pea kunagi kaua ootama, et oma veealuste seikluste juurde tagasi p\u00f6\u00f6rduda. Kuid eelised sellega ei l\u00f5pe! Vastupidine laadimisfunktsioon v\u00f5imaldab t\u00f5ukerattal edukalt nutitelefonide, spordikaamerate ja isegi s\u00fclearvutite energiat taastada. See on erakordne mugavus ja tugi h\u00e4daolukordades.<\/p>\n<p>\n<img decoding=\"async\" border=\"0\" src=\"https:\/\/assets.innpro.pl\/7430\/8642\/7.jpg\"\/>\n<\/p>\n<h3>Lisav\u00f5imalused ja ohutus<\/h3>\n<p>Waydoo saab varustada ka lisatarvikute hoidikuga (saadaval eraldi m\u00fc\u00fcgil), mis toetab kuni kolme lisatarvikut, v\u00f5imaldades veelgi suuremat isikup\u00e4rastamist ja funktsionaalsust. Lisaks muudab lapses\u00f5bralik disain t\u00f5ukeratta pisikestele ohutuks, v\u00f5imaldades kogu perel veealuseid seiklusi nautida.<\/p>\n<p>\n<img decoding=\"async\" border=\"0\" src=\"https:\/\/assets.innpro.pl\/7430\/8642\/5.jpg\"\/>\n<\/p>\n<h3>Avasta uusi maailmu<\/h3>\n<p>Oled sa siis innukas sukelduja, surfar v\u00f5i lihtsalt armastad vee peal aega veeta, Waydoo veealune t\u00f5ukeratas on sinu asendamatu kaaslane. Selle kompaktne ja kaasaskantav disain muudab selle h\u00f5lpsaks kaasa v\u00f5tmiseks k\u00f5ikjale, kuhu soovite minna. Liituge rahulolevate kasutajate ridadega, kes on avastanud uue viisi veetegevuste nautimiseks ja sukelduge h\u00e4mmastavatesse veealustesse seiklustesse Waydoo abil.<\/p>\n<p>\n<img decoding=\"async\" border=\"0\" src=\"https:\/\/assets.innpro.pl\/7430\/8642\/1.jpg\"\/>\n<\/p>\n<h3>Kaasas<\/h3>\n<p>Veealune t\u00f5ukeratas<\/p>\n<p>M\u00e4\u00e4rdeaine<\/p>\n<p>Kasutusjuhend<\/p>\n<p>USB-C kaabel<\/p>\n<div class=\"table-wrapper\">\n<p>\u0412\u00a0<\/p>\n<h3><\/h3>\n<table>\n<tbody>\n<tr>\n<th>Tootja<\/th>\n<td>Waydoo<\/td>\n<\/tr>\n<tr>\n<th>Tootja kood<\/th>\n<td>5010000105<\/td>\n<\/tr>\n<tr>\n<th>M\u00f5\u00f5tmed:<\/th>\n<td>377 x 70 x 70 mm<\/td>\n<\/tr>\n<tr>\n<th>Materjal<\/th>\n<td>Alumiiniumisulamist raamiga tugevdatud EPP-vaht, alumiiniumisulam + vaik<\/td>\n<\/tr>\n<tr>\n<th>Kiirusre\u017eiimid<\/th>\n<td>3<\/td>\n<\/tr>\n<tr>\n<th>Maksimaalne kiirus<\/th>\n<td>1,4 m\/s<\/td>\n<\/tr>\n<tr>\n<th>Maksimaalne t\u00f6\u00f6aeg<\/th>\n<td>56 minutit<\/td>\n<\/tr>\n<tr>\n<th>Maks. s\u00fcgavus<\/th>\n<td>60 m<\/td>\n<\/tr>\n<tr>\n<th>Veekindel<\/th>\n<td>IP68<\/td>\n<\/tr>\n<tr>\n<th>Aku t\u00fc\u00fcp<\/th>\n<td>Liitiumioon<\/td>\n<\/tr>\n<tr>\n<th>Laadimisaeg<\/th>\n<td>1,2 tundi<\/td>\n<\/tr>\n<\/tbody>\n<\/table>\n<\/div>\n","protected":false},"excerpt":{"rendered":"<p>Waydoo allveeroller Kujutage ette, et sukeldute kristallselgesse vette, et vaevata veealust maailma avastada. Hoides Waydoo allveerollerit k\u00e4es, saate vabalt ujuda nagu delfiin. See kompaktne ja kaasaskantav toode on v\u00e4iksem kui teie lemmikjoogi 1,5-liitrine pudel, mist\u00f5ttu on seda uskumatult mugav kaasas kanda. See kasutab hoolikalt disainitud 4-labalist propellerit ja on h\u00f5lpsasti kasutatav. Maksimaalse mugavuse tagamiseks loodud [&#8230;]\n","protected":false},"featured_media":30868,"comment_status":"open","ping_status":"closed","template":"","meta":[],"product_brand":[574],"product_cat":[1203],"product_tag":[],"class_list":{"0":"post-30867","1":"product","2":"type-product","3":"status-publish","4":"has-post-thumbnail","6":"product_brand-waydoo","7":"product_cat-underwater-scooters","9":"first","10":"outofstock","11":"taxable","12":"shipping-taxable","13":"purchasable","14":"product-type-simple"},"aioseo_notices":[],"_links":{"self":[{"href":"https:\/\/asura.lv\/et\/wp-json\/wp\/v2\/product\/30867","targetHints":{"allow":["GET"]}}],"collection":[{"href":"https:\/\/asura.lv\/et\/wp-json\/wp\/v2\/product"}],"about":[{"href":"https:\/\/asura.lv\/et\/wp-json\/wp\/v2\/types\/product"}],"replies":[{"embeddable":true,"href":"https:\/\/asura.lv\/et\/wp-json\/wp\/v2\/comments?post=30867"}],"wp:featuredmedia":[{"embeddable":true,"href":"https:\/\/asura.lv\/et\/wp-json\/wp\/v2\/media\/30868"}],"wp:attachment":[{"href":"https:\/\/asura.lv\/et\/wp-json\/wp\/v2\/media?parent=30867"}],"wp:term":[{"taxonomy":"product_brand","embeddable":true,"href":"https:\/\/asura.lv\/et\/wp-json\/wp\/v2\/product_brand?post=30867"},{"taxonomy":"product_cat","embeddable":true,"href":"https:\/\/asura.lv\/et\/wp-json\/wp\/v2\/product_cat?post=30867"},{"taxonomy":"product_tag","embeddable":true,"href":"https:\/\/asura.lv\/et\/wp-json\/wp\/v2\/product_tag?post=30867"}],"curies":[{"name":"wp","href":"https:\/\/api.w.org\/{rel}","templated":true}]}}