{"id":30921,"date":"2025-11-28T22:10:27","date_gmt":"2025-11-28T22:10:27","guid":{"rendered":"https:\/\/asura.lv\/product\/silicone-protective-case-lens-cover-sunnylife-for-insta360-x4-blue\/"},"modified":"2025-12-12T15:05:24","modified_gmt":"2025-12-12T13:05:24","slug":"silicone-protective-case-lens-cover-sunnylife-for-insta360-x4-blue","status":"publish","type":"product","link":"https:\/\/asura.lv\/et\/toode\/silicone-protective-case-lens-cover-sunnylife-for-insta360-x4-blue\/","title":{"rendered":"Silikoonist kaitse\u00fcmbris + objektiivikate Sunnylife Insta360 X4-le (sinine)"},"content":{"rendered":"<h3>Sunnylife silikoon\u00fcmbris + objektiivikate Insta360 X4 kaamerale (sinine)<\/h3>\n<p>Sunnylife silikoon\u00fcmbris ja objektiivikate on t\u00e4ielik kaitsekomplekt Insta360 X4 kaamerale. Kaasasolevad lisatarvikud on valmistatud pehmest ja keskkonnas\u00f5bralikust silikoonist, neid on v\u00e4ga lihtne paigaldada ning need kaitsevad seadet t\u00f5husalt l\u00f6\u00f6kide ja l\u00f6\u00f6kide eest. Neid eristab ka \u00fchilduvus Insta360 originaalsete objektiivikatete ja termohaardekatetega. Nende lisaeeliseks on suurep\u00e4rane soojuse hajumine, mis tagab kaamera optimaalse j\u00f5udluse.<\/p>\n<p>\n<img decoding=\"async\" border=\"0\" src=\"https:\/\/assets.innpro.pl\/7575\/8800\/4.jpg\"\/>\n<\/p>\n<h3>T\u00e4ielik funktsionaalsus ja kaitse<\/h3>\n<p>T\u00e4nu nutikale disainile spetsiaalsete v\u00e4ljal\u00f5igetega ei varja katted mikrofoni, k\u00f5larit ega akupesa, v\u00f5imaldades teil vabalt kasutada k\u00f5iki kaamera funktsioone. Lisaks v\u00f5imaldab avatud alumine k\u00fclg sujuvalt paigaldada lisatarvikuid, n\u00e4iteks statiive ja selfie-pulki, suurendades kasutuse mitmek\u00fclgsust. Samuti saate seadme nuppe segamatult kasutada.<\/p>\n<p>\n<img decoding=\"async\" border=\"0\" src=\"https:\/\/assets.innpro.pl\/7575\/8800\/1.jpg\"\/>\n<\/p>\n<h3>Mugavus ja ohutus<\/h3>\n<p>Libisemiskindel pind tagab kindla ja mugava haarde, samas kui korpuse ja objektiivikatte materjalid tagavad pikaajalise vastupidavuse ja kaitse. See on ideaalne igale Insta360 X4 kasutajale, kes hindab nii funktsionaalsust kui ka oma seadmete kaitset.<\/p>\n<p>\n<img decoding=\"async\" border=\"0\" src=\"https:\/\/assets.innpro.pl\/7575\/8800\/6.jpg\"\/>\n<\/p>\n<div class=\"table-wrapper\">\n<p>\u0412\u00a0<\/p>\n<h3><\/h3>\n<table>\n<tbody>\n<tr>\n<th>Tootja<\/th>\n<td>Sunnylife<\/td>\n<\/tr>\n<tr>\n<th>Nimi<\/th>\n<td>Kaanekomplekt<\/td>\n<\/tr>\n<tr>\n<th>Mudel<\/th>\n<td>X4-BHT818<\/td>\n<\/tr>\n<tr>\n<th>V\u00e4rv<\/th>\n<td>Sinine<\/td>\n<\/tr>\n<tr>\n<th>Materjal<\/th>\n<td>Silikoon<\/td>\n<\/tr>\n<tr>\n<th>Kaal<\/th>\n<td>44 g<\/td>\n<\/tr>\n<tr>\n<th>\u00dchilduvus<\/th>\n<td>Insta360 X4<\/td>\n<\/tr>\n<\/tbody>\n<\/table>\n<\/div>\n","protected":false},"excerpt":{"rendered":"<p>Sunnylife silikoon\u00fcmbris + objektiivikate Insta360 X4 kaamerale (sinine) Sunnylife silikoon\u00fcmbris ja objektiivikate on t\u00e4ielik kaitsekomplekt Insta360 X4 kaamerale. Kaasasolevad lisatarvikud on valmistatud pehmest ja keskkonnas\u00f5bralikust silikoonist, neid on v\u00e4ga lihtne paigaldada ning need kaitsevad seadet t\u00f5husalt l\u00f6\u00f6kide ja l\u00f6\u00f6kide eest. Neid eristab ka \u00fchilduvus Insta360 originaalsete objektiivikatete ja termohaardekatetega. Nende lisaeeliseks on suurep\u00e4rane soojuse hajumine, [&#8230;]\n","protected":false},"featured_media":30922,"comment_status":"open","ping_status":"closed","template":"","meta":[],"product_brand":[432],"product_cat":[936],"product_tag":[],"class_list":{"0":"post-30921","1":"product","2":"type-product","3":"status-publish","4":"has-post-thumbnail","6":"product_brand-sunnylife","7":"product_cat-for-sports-cameras","9":"first","10":"outofstock","11":"taxable","12":"shipping-taxable","13":"purchasable","14":"product-type-simple"},"aioseo_notices":[],"_links":{"self":[{"href":"https:\/\/asura.lv\/et\/wp-json\/wp\/v2\/product\/30921","targetHints":{"allow":["GET"]}}],"collection":[{"href":"https:\/\/asura.lv\/et\/wp-json\/wp\/v2\/product"}],"about":[{"href":"https:\/\/asura.lv\/et\/wp-json\/wp\/v2\/types\/product"}],"replies":[{"embeddable":true,"href":"https:\/\/asura.lv\/et\/wp-json\/wp\/v2\/comments?post=30921"}],"wp:featuredmedia":[{"embeddable":true,"href":"https:\/\/asura.lv\/et\/wp-json\/wp\/v2\/media\/30922"}],"wp:attachment":[{"href":"https:\/\/asura.lv\/et\/wp-json\/wp\/v2\/media?parent=30921"}],"wp:term":[{"taxonomy":"product_brand","embeddable":true,"href":"https:\/\/asura.lv\/et\/wp-json\/wp\/v2\/product_brand?post=30921"},{"taxonomy":"product_cat","embeddable":true,"href":"https:\/\/asura.lv\/et\/wp-json\/wp\/v2\/product_cat?post=30921"},{"taxonomy":"product_tag","embeddable":true,"href":"https:\/\/asura.lv\/et\/wp-json\/wp\/v2\/product_tag?post=30921"}],"curies":[{"name":"wp","href":"https:\/\/api.w.org\/{rel}","templated":true}]}}