{"id":31101,"date":"2025-11-28T22:07:42","date_gmt":"2025-11-28T22:07:42","guid":{"rendered":"https:\/\/asura.lv\/product\/cr-silk-pla-filament-creality-white\/"},"modified":"2025-12-12T15:02:55","modified_gmt":"2025-12-12T13:02:55","slug":"cr-silk-pla-filament-creality-white","status":"publish","type":"product","link":"https:\/\/asura.lv\/et\/toode\/cr-silk-pla-filament-creality-white\/","title":{"rendered":"CR-Silk PLA filament Creality (valge)"},"content":{"rendered":"<h3>Creality CR-Silk PLA filament (valge)<\/h3>\n<p>Creality CR-Silk filamendil on metallik, elegantne l\u00e4ige, mis muudab selle pilkup\u00fc\u00fcdvaks ja sobib ideaalselt kujukeste, kaunistuste ja isegi ehete printimiseks. See on muljetavaldavalt vastupidav ja \u00fchildub enamiku Creality printeritega. Lisaks on selle valmistamiseks kasutatud vastupidavaid, kuid keskkonnas\u00f5bralikke materjale.<\/p>\n<p>\n<img decoding=\"async\" border=\"0\" src=\"https:\/\/assets.innpro.pl\/5970\/7003\/1.jpg\"\/>\n<\/p>\n<h3>Kiire ja probleemivaba printimine<\/h3>\n<p>T\u00e4nu hoolikale kerimismeetodile v\u00f5imaldab filament sujuvat ja probleemivaba printimist kiirusel kuni 100 mm\/s. See on ka sassistumiskindel. See s\u00e4\u00e4stab teie aega ja aitab v\u00e4ltida materjalide raiskamist!<\/p>\n<p>\n<img decoding=\"async\" border=\"0\" src=\"https:\/\/assets.innpro.pl\/5970\/7003\/2.jpg\"\/>\n<\/p>\n<h3>Elegantne ja vastupidav<\/h3>\n<p>Filamiit on v\u00e4ga meeldiv puudutusele ja seda iseloomustab elegantne, \u00f5rn l\u00e4ige &#8211; see v\u00f5imaldab teil saavutada mudeli p\u00e4rlmutterja ja sileda pinna ilma t\u00e4iendava poleerimiseta. Lisaks on see valmistatud keskkonnas\u00f5bralikest ja vastupidavatest materjalidest (PLA), mis muudab selle deformatsioonikindlaks ja iseloomustab v\u00e4ike kokkut\u00f5mbumine. Selle t\u00f5mbetugevus ulatub 35 MPa-ni ja paindetugevus on koguni 67 MPa.<\/p>\n<p>\n<img decoding=\"async\" border=\"0\" src=\"https:\/\/assets.innpro.pl\/5970\/7003\/4.jpg\"\/>\n<\/p>\n<div class=\"table-wrapper\">\n<p>\u0412\u00a0<\/p>\n<h3><\/h3>\n<table>\n<tbody>\n<tr>\n<th>Tootja<\/th>\n<td>Creality<\/td>\n<\/tr>\n<tr>\n<th>Nimi<\/th>\n<td>CR-Silk Filament<\/td>\n<\/tr>\n<tr>\n<th>Mudel<\/th>\n<td>3301120004<\/td>\n<\/tr>\n<tr>\n<th>V\u00e4rv<\/th>\n<td>Valge<\/td>\n<\/tr>\n<tr>\n<th>Ekstruuderi temperatuur<\/th>\n<td>Alates 190 \u00b0C kuni 230 \u00b0C<\/td>\n<\/tr>\n<tr>\n<th>Laua temperatuur<\/th>\n<td>Kuumutamata olekust kuni 60 \u00b0C-ni<\/td>\n<\/tr>\n<tr>\n<th>Tr\u00fckikiirus<\/th>\n<td>40\u2013100 mm\/s<\/td>\n<\/tr>\n<tr>\n<th>T\u00f5mbetugevus<\/th>\n<td>35 MPa<\/td>\n<\/tr>\n<tr>\n<th>Paindetugevus<\/th>\n<td>67 MPa<\/td>\n<\/tr>\n<tr>\n<th>Niidi l\u00e4bim\u00f5\u00f5t<\/th>\n<td>1,75 mm<\/td>\n<\/tr>\n<tr>\n<th>Kaal<\/th>\n<td>1 kg<\/td>\n<\/tr>\n<\/tbody>\n<\/table>\n<\/div>\n","protected":false},"excerpt":{"rendered":"<p>Creality CR-Silk PLA filament (valge) Creality CR-Silk filamendil on metallik, elegantne l\u00e4ige, mis muudab selle pilkup\u00fc\u00fcdvaks ja sobib ideaalselt kujukeste, kaunistuste ja isegi ehete printimiseks. See on muljetavaldavalt vastupidav ja \u00fchildub enamiku Creality printeritega. Lisaks on selle valmistamiseks kasutatud vastupidavaid, kuid keskkonnas\u00f5bralikke materjale. Kiire ja probleemivaba printimine T\u00e4nu hoolikale kerimismeetodile v\u00f5imaldab filament sujuvat ja probleemivaba [&#8230;]\n","protected":false},"featured_media":31102,"comment_status":"open","ping_status":"closed","template":"","meta":[],"product_brand":[601],"product_cat":[975],"product_tag":[],"class_list":{"0":"post-31101","1":"product","2":"type-product","3":"status-publish","4":"has-post-thumbnail","6":"product_brand-creality","7":"product_cat-filaments","9":"first","10":"outofstock","11":"taxable","12":"shipping-taxable","13":"purchasable","14":"product-type-simple"},"aioseo_notices":[],"_links":{"self":[{"href":"https:\/\/asura.lv\/et\/wp-json\/wp\/v2\/product\/31101","targetHints":{"allow":["GET"]}}],"collection":[{"href":"https:\/\/asura.lv\/et\/wp-json\/wp\/v2\/product"}],"about":[{"href":"https:\/\/asura.lv\/et\/wp-json\/wp\/v2\/types\/product"}],"replies":[{"embeddable":true,"href":"https:\/\/asura.lv\/et\/wp-json\/wp\/v2\/comments?post=31101"}],"wp:featuredmedia":[{"embeddable":true,"href":"https:\/\/asura.lv\/et\/wp-json\/wp\/v2\/media\/31102"}],"wp:attachment":[{"href":"https:\/\/asura.lv\/et\/wp-json\/wp\/v2\/media?parent=31101"}],"wp:term":[{"taxonomy":"product_brand","embeddable":true,"href":"https:\/\/asura.lv\/et\/wp-json\/wp\/v2\/product_brand?post=31101"},{"taxonomy":"product_cat","embeddable":true,"href":"https:\/\/asura.lv\/et\/wp-json\/wp\/v2\/product_cat?post=31101"},{"taxonomy":"product_tag","embeddable":true,"href":"https:\/\/asura.lv\/et\/wp-json\/wp\/v2\/product_tag?post=31101"}],"curies":[{"name":"wp","href":"https:\/\/api.w.org\/{rel}","templated":true}]}}