{"id":31125,"date":"2025-11-28T22:07:41","date_gmt":"2025-11-28T22:07:41","guid":{"rendered":"https:\/\/asura.lv\/product\/hyper-abs-filament-creality-grey\/"},"modified":"2025-12-12T15:02:53","modified_gmt":"2025-12-12T13:02:53","slug":"hyper-abs-filament-creality-grey","status":"publish","type":"product","link":"https:\/\/asura.lv\/et\/toode\/hyper-abs-filament-creality-grey\/","title":{"rendered":"Hyper ABS filament Creality (hall)"},"content":{"rendered":"<h3>Creality Hyper ABS filament (hall)<\/h3>\n<p>Creality Hyper ABS filament on suurep\u00e4rane valik neile, kes hoolivad suurest printimiskiirusest ja valmis v\u00e4ljatr\u00fckkide vastupidavusest. Valmistatud tippkvaliteediga materjalidest \u2013 see paistab silma muljetavaldava vastupidavuse ja l\u00f6\u00f6gikindluse, pragunemise ja moonutuste suhtes. See teeb selle ideaalseks mitmesuguste \u00fclesannete jaoks \u2013 alates kodumasinate osade loomisest hariduse, autot\u00f6\u00f6stuse ja meditsiinirakendusteni. Filament \u00fchildub enamiku Creality printeritega. Kasutajad saavad kasutada ka Creality Cloudi teenust, mis pakub muuhulgas tuhandeid tasuta mudeleid.<\/p>\n<p>\n<img decoding=\"async\" border=\"0\" src=\"https:\/\/assets.innpro.pl\/5967\/7000\/4.jpg\"\/>\n<\/p>\n<h3>Suurep\u00e4rane printimisj\u00f5udlus<\/h3>\n<p>T\u00e4nu oma t\u00e4iustatud voolavusele v\u00f5imaldab Hyper ABS printida kuni 5 korda kiiremini kui tavalised ABS-filamendid. Printimiskiirus ulatub siin kuni 350 mm\/s! Nii saate oma t\u00f6\u00f6aega oluliselt v\u00e4hendada. Lisaks on Creality filamenti iseloomulik v\u00e4ike kokkut\u00f5mbumine, mis t\u00e4hendab, et see on v\u00e4hem altid pragunemisele ja deformeerumisele. Printimise ajal ei pea te oma t\u00f6\u00f6ruumi sulgema!<\/p>\n<p>\n<img decoding=\"async\" border=\"0\" src=\"https:\/\/assets.innpro.pl\/5967\/7000\/2.jpg\"\/>\n<\/p>\n<h3>Suur vastupidavus<\/h3>\n<p>H\u00fcper-ABS filamenti iseloomustab k\u00f5rge l\u00f6\u00f6gikindlus &#8211; kuni 19 kJ\/m2. Selle tulemusena on tr\u00fckitud mudelid \u00e4\u00e4rmiselt vastupidavad ja toimivad h\u00e4sti isegi k\u00f5ige n\u00f5udlikumates rakendustes. Toode on vastupidav ka temperatuuridele kuni 80 \u00b0C. Lisaks on filament valmistatud keskkonnas\u00f5bralikest ja kvaliteetsetest materjalidest ning l\u00e4binud range kvaliteedikontrolli.<\/p>\n<p>\n<img decoding=\"async\" border=\"0\" src=\"https:\/\/assets.innpro.pl\/5967\/7000\/1.jpg\"\/>\n<\/p>\n<div class=\"table-wrapper\">\n<p>\u0412\u00a0<\/p>\n<h3><\/h3>\n<table>\n<tbody>\n<tr>\n<th>Tootja<\/th>\n<td>Creality<\/td>\n<\/tr>\n<tr>\n<th>Nimi<\/th>\n<td>Hyper ABS<\/td>\n<\/tr>\n<tr>\n<th>Mudel<\/th>\n<td>3301020041<\/td>\n<\/tr>\n<tr>\n<th>V\u00e4rv<\/th>\n<td>Hall<\/td>\n<\/tr>\n<tr>\n<th>Ekstruuderi temperatuur<\/th>\n<td>Alates 230 \u00b0C kuni 270 \u00b0C<\/td>\n<\/tr>\n<tr>\n<th>Laua temperatuur<\/th>\n<td>75 \u00b0C kuni 95 \u00b0C<\/td>\n<\/tr>\n<tr>\n<th>Printimiskiirus<\/th>\n<td><350 mm\/s<\/td>\n<\/tr>\n<tr>\n<th>L\u00f6\u00f6gikindlus<\/th>\n<td>19 kJ\/m2<\/td>\n<\/tr>\n<tr>\n<th>T\u00f5mbetugevus<\/th>\n<td>30,4 \u00b1 0,6 Mpa<\/td>\n<\/tr>\n<tr>\n<th>Paindetugevus<\/th>\n<td>48,1 \u00b1 0,2 Mpa<\/td>\n<\/tr>\n<tr>\n<th>Niidi l\u00e4bim\u00f5\u00f5t<\/th>\n<td>1,75 \u00b1 0,05 mm<\/td>\n<\/tr>\n<tr>\n<th>Kaal<\/th>\n<td>1 kg<\/td>\n<\/tr>\n<\/tbody>\n<\/table>\n<\/div>\n","protected":false},"excerpt":{"rendered":"<p>Creality Hyper ABS filament (hall) Creality Hyper ABS filament on suurep\u00e4rane valik neile, kes hoolivad suurest printimiskiirusest ja valmis v\u00e4ljatr\u00fckkide vastupidavusest. Valmistatud tippkvaliteediga materjalidest \u2013 see paistab silma muljetavaldava vastupidavuse ja l\u00f6\u00f6gikindluse, pragunemise ja moonutuste suhtes. See teeb selle ideaalseks mitmesuguste \u00fclesannete jaoks \u2013 alates kodumasinate osade loomisest hariduse, autot\u00f6\u00f6stuse ja meditsiinirakendusteni. Filament \u00fchildub enamiku [&#8230;]\n","protected":false},"featured_media":31126,"comment_status":"open","ping_status":"closed","template":"","meta":[],"product_brand":[601],"product_cat":[975],"product_tag":[],"class_list":{"0":"post-31125","1":"product","2":"type-product","3":"status-publish","4":"has-post-thumbnail","6":"product_brand-creality","7":"product_cat-filaments","9":"first","10":"outofstock","11":"taxable","12":"shipping-taxable","13":"purchasable","14":"product-type-simple"},"aioseo_notices":[],"_links":{"self":[{"href":"https:\/\/asura.lv\/et\/wp-json\/wp\/v2\/product\/31125","targetHints":{"allow":["GET"]}}],"collection":[{"href":"https:\/\/asura.lv\/et\/wp-json\/wp\/v2\/product"}],"about":[{"href":"https:\/\/asura.lv\/et\/wp-json\/wp\/v2\/types\/product"}],"replies":[{"embeddable":true,"href":"https:\/\/asura.lv\/et\/wp-json\/wp\/v2\/comments?post=31125"}],"wp:featuredmedia":[{"embeddable":true,"href":"https:\/\/asura.lv\/et\/wp-json\/wp\/v2\/media\/31126"}],"wp:attachment":[{"href":"https:\/\/asura.lv\/et\/wp-json\/wp\/v2\/media?parent=31125"}],"wp:term":[{"taxonomy":"product_brand","embeddable":true,"href":"https:\/\/asura.lv\/et\/wp-json\/wp\/v2\/product_brand?post=31125"},{"taxonomy":"product_cat","embeddable":true,"href":"https:\/\/asura.lv\/et\/wp-json\/wp\/v2\/product_cat?post=31125"},{"taxonomy":"product_tag","embeddable":true,"href":"https:\/\/asura.lv\/et\/wp-json\/wp\/v2\/product_tag?post=31125"}],"curies":[{"name":"wp","href":"https:\/\/api.w.org\/{rel}","templated":true}]}}