{"id":31401,"date":"2025-11-28T22:07:15","date_gmt":"2025-11-28T22:07:15","guid":{"rendered":"https:\/\/asura.lv\/product\/cycplus-g1-bicycle-computer\/"},"modified":"2025-12-12T15:02:31","modified_gmt":"2025-12-12T13:02:31","slug":"cycplus-g1-bicycle-computer","status":"publish","type":"product","link":"https:\/\/asura.lv\/et\/toode\/cycplus-g1-bicycle-computer\/","title":{"rendered":"Cycplus G1 jalgrattakompuuter"},"content":{"rendered":"<h3>Cycplus G1 jalgrattakompuuter<\/h3>\n<p>J\u00e4lgige jalgrattas\u00f5idu ajal k\u00f5ige olulisemat teavet, arvestage mugavalt oma edusammudega ja hoidke k\u00f5ik kontrolli all. Cycplus G1 jalgrattakompuuter pakub teile usaldusv\u00e4\u00e4rset juurdep\u00e4\u00e4su teid huvitavatele andmetele, n\u00e4iteks kiirusele, ajale v\u00f5i l\u00e4bitud vahemaale. Selle IPX6 veekindlus v\u00f5imaldab teil seda muretult kasutada isegi halva ilmaga ning kaasasolevad lisatarvikud v\u00f5imaldavad teil selle kiiresti ja lihtsalt paigaldada.<\/p>\n<p><img decoding=\"async\" src=\"https:\/\/assets.innpro.pl\/5671\/6676\/3.jpg\" border=\"0\" \/><\/p>\n<h3>K\u00f5ige olulisem teave silmapiiril<\/h3>\n<p>G1 arvuti on varustatud h\u00f5lpsasti loetava ekraaniga, mis kuvab k\u00f5ige olulisemat s\u00f5iduinfot. N\u00fc\u00fcd saate vaid pilguga kontrollida praegust aega, k\u00f5rgust, vahemaad, kiirust ja palju muud! Seade kasutab stabiilse traadita \u00fclekande ja suurep\u00e4rase m\u00f5\u00f5tmist\u00e4psuse tagamiseks navigatsioonis\u00fcsteeme nagu GPS, Galileo, Glonass ja BeiDou.<\/p>\n<p><img decoding=\"async\" src=\"https:\/\/assets.innpro.pl\/5671\/6676\/5.jpg\" border=\"0\" \/><\/p>\n<h3>Veekindel disain, lihtne paigaldamine<\/h3>\n<p>IPX6 veekindlus t\u00e4hendab, et saate arvutit peaaegu igasugustes tingimustes muretult kasutada \u2013 vihm v\u00f5i juhuslikud pritsmed ei ole sellele ohuks. Seadet on ka v\u00e4ga lihtne paigaldada \u2013 pakendist leiate selleks vajalikud tarvikud.<\/p>\n<p><img decoding=\"async\" src=\"https:\/\/assets.innpro.pl\/5671\/6676\/1.jpg\" border=\"0\" \/><\/p>\n<h3>Kaasas<\/h3>\n<ul class=\"list-disc pl-5\">\n<li>Jalgrattakompuuter<\/li>\n<li>Laadimiskaabel (USB-A &#8211; micro USB)<\/li>\n<li>Kinnitusklamber<\/li>\n<li>Kummipatja<\/li>\n<li>Kummipael x4<\/li>\n<li>Kasutusjuhend<\/li>\n<\/ul>\n<div class=\"table-wrapper\">\n<p>\u0412\u00a0<\/p>\n<h3>\u0412\u00a0<\/h3>\n<table>\n<tbody>\n<tr>\n<th>Tootja<\/th>\n<td>Cycplus<\/td>\n<\/tr>\n<tr>\n<th>Mudel<\/th>\n<td>G1<\/td>\n<\/tr>\n<tr>\n<th>Navigatsioonis\u00fcsteemid<\/th>\n<td>GPS, Galileo, Glonass, BeiDou<\/td>\n<\/tr>\n<tr>\n<th>Veekindel<\/th>\n<td>IPX6<\/td>\n<\/tr>\n<\/tbody>\n<\/table>\n<\/div>\n","protected":false},"excerpt":{"rendered":"<p>Cycplus G1 jalgrattakompuuter J\u00e4lgige jalgrattas\u00f5idu ajal k\u00f5ige olulisemat teavet, arvestage mugavalt oma edusammudega ja hoidke k\u00f5ik kontrolli all. Cycplus G1 jalgrattakompuuter pakub teile usaldusv\u00e4\u00e4rset juurdep\u00e4\u00e4su teid huvitavatele andmetele, n\u00e4iteks kiirusele, ajale v\u00f5i l\u00e4bitud vahemaale. Selle IPX6 veekindlus v\u00f5imaldab teil seda muretult kasutada isegi halva ilmaga ning kaasasolevad lisatarvikud v\u00f5imaldavad teil selle kiiresti ja lihtsalt paigaldada. [&#8230;]\n","protected":false},"featured_media":31402,"comment_status":"open","ping_status":"closed","template":"","meta":[],"product_brand":[608],"product_cat":[1206],"product_tag":[],"class_list":{"0":"post-31401","1":"product","2":"type-product","3":"status-publish","4":"has-post-thumbnail","6":"product_brand-cycplus","7":"product_cat-bicycle-computers","9":"first","10":"outofstock","11":"taxable","12":"shipping-taxable","13":"purchasable","14":"product-type-simple"},"aioseo_notices":[],"_links":{"self":[{"href":"https:\/\/asura.lv\/et\/wp-json\/wp\/v2\/product\/31401","targetHints":{"allow":["GET"]}}],"collection":[{"href":"https:\/\/asura.lv\/et\/wp-json\/wp\/v2\/product"}],"about":[{"href":"https:\/\/asura.lv\/et\/wp-json\/wp\/v2\/types\/product"}],"replies":[{"embeddable":true,"href":"https:\/\/asura.lv\/et\/wp-json\/wp\/v2\/comments?post=31401"}],"wp:featuredmedia":[{"embeddable":true,"href":"https:\/\/asura.lv\/et\/wp-json\/wp\/v2\/media\/31402"}],"wp:attachment":[{"href":"https:\/\/asura.lv\/et\/wp-json\/wp\/v2\/media?parent=31401"}],"wp:term":[{"taxonomy":"product_brand","embeddable":true,"href":"https:\/\/asura.lv\/et\/wp-json\/wp\/v2\/product_brand?post=31401"},{"taxonomy":"product_cat","embeddable":true,"href":"https:\/\/asura.lv\/et\/wp-json\/wp\/v2\/product_cat?post=31401"},{"taxonomy":"product_tag","embeddable":true,"href":"https:\/\/asura.lv\/et\/wp-json\/wp\/v2\/product_tag?post=31401"}],"curies":[{"name":"wp","href":"https:\/\/api.w.org\/{rel}","templated":true}]}}