{"id":31461,"date":"2025-11-28T22:07:10","date_gmt":"2025-11-28T22:07:10","guid":{"rendered":"https:\/\/asura.lv\/product\/lamp-led-neewer-ms150b-bi-color-130w-2700-6500k\/"},"modified":"2025-12-12T15:02:27","modified_gmt":"2025-12-12T13:02:27","slug":"lamp-led-neewer-ms150b-bi-color-130w-2700-6500k","status":"publish","type":"product","link":"https:\/\/asura.lv\/et\/toode\/lamp-led-neewer-ms150b-bi-color-130w-2700-6500k\/","title":{"rendered":"LED-lamp Neewer MS150B kahev\u00e4rviline 130W 2700-6500K"},"content":{"rendered":"<h3>Neewer MS150B kahev\u00e4rviline 130W 2700\u20136500K LED-lamp.<\/h3>\n<p>130W Neewer MS150B LED-lamp pakub pidevat kahev\u00e4rvilist valgustust ja v\u00f5imaldab reguleerida v\u00e4rvitemperatuuri vahemikus 2700K kuni 6500K. See garanteerib ka maksimaalse heleduse 200 000 luksi 0,5 meetri kauguselt. Seejuures pakub see 12 eriefekti ning k\u00f5rget CRI97+ ja TLCI98+ reitingut erksate v\u00e4rvide ja realistlike stseenide jaoks. Valgustus on tasakaalustatud \u2013 unustage virvendusprobleem!<\/p>\n<p>\n<img decoding=\"async\" alt=\"\" border=\"0\" src=\"https:\/\/assets.innpro.pl\/6088\/7150\/4.jpg\"\/>\n<\/p>\n<h3>H\u00e4mardustehnoloogia ja jahutuss\u00fcsteem<\/h3>\n<p>MS150B kasutab PWM-tehnoloogiat heleduse reguleerimiseks vahemikus 0 kuni 100% 1% t\u00e4psusega. See v\u00f5imaldab heleduse taset t\u00e4pselt reguleerida isegi h\u00e4maras valguses. Lambil on 4 nutikat soojuse hajutamise re\u017eiimi &#8211; nutikas, kiire, v\u00e4ike kiirus ja V\u00c4LJAS, mis tagavad jahutuse j\u00f5udlust m\u00f5jutamata.<\/p>\n<p>\n<img decoding=\"async\" alt=\"\" border=\"0\" src=\"https:\/\/assets.innpro.pl\/6088\/7150\/6.jpg\"\/>\n<\/p>\n<h3>Juhtimine rakenduse ja 2.4G kaudu<\/h3>\n<p>T\u00e4nu NEEWER Infinity tehnoloogiale saab MS150B-d juhtida mobiilirakenduse kaudu, pakkudes juhtimist sadade lampide \u00fcle ja v\u00f5imalust p\u00fcsivara OTA kaudu uuendada. 2.4G \u00fchendus v\u00f5imaldab lampide grupijuhtimist kuni 15 m raadiuses, kasutades kaugjuhtimispuldi abil kanaleid 00-99. Samuti on olemas nupud ja nupud tulede reguleerimiseks.<\/p>\n<p>\n<img decoding=\"async\" alt=\"\" border=\"0\" src=\"https:\/\/assets.innpro.pl\/6088\/7150\/9.jpg\"\/>\n<\/p>\n<h3>Erinevad toiteallikad<\/h3>\n<p>Neeweri seadet saab toita kahe laetava akuga (NP-F750\/NP-F970), V-kinnitusega (14,4 V) ja D-Tap-kaabliga v\u00e4litingimustes kasutamiseks. Toiteadapter v\u00f5imaldab teil \u00fchendada seadme vooluv\u00f5rku maksimaalse valgustustulemuse saavutamiseks. M\u00e4rkus: patareid ja D-Tap kaabel ei kuulu komplekti.<\/p>\n<p>\n<img decoding=\"async\" alt=\"\" border=\"0\" src=\"https:\/\/assets.innpro.pl\/6088\/7150\/7.jpg\"\/>\n<\/p>\n<h3>Bowensi kinnitus valguse modifitseerimiseks<\/h3>\n<p>NEEWER kinnituse ja vihmavarjuhoidjaga saate \u00fchendada softboxe, fotovihmavarje ja mitmesuguseid valguse modifitseerijaid. Kaasasolev Bowensi kinnitusadapter laiendab veelgi \u00fchilduvust lisatarvikutega.<\/p>\n<p>\n<img decoding=\"async\" alt=\"\" border=\"0\" src=\"https:\/\/assets.innpro.pl\/6088\/7150\/3.jpg\"\/>\n<\/p>\n<h3>Lisafunktsioonid<\/h3>\n<p>Lamp on valmistatud vastupidavast alumiiniumsulamist ja eemaldatava k\u00e4epidemega, mis p\u00f6\u00f6rleb 180\u00b0, saate seda h\u00f5lpsalt hoiustada. Seade kaalub vaid 0,98 kg \u2013 te ei pea muretsema, et see on ebavajalik koorem. Lisaks v\u00f5imaldab LCD-ekraan teil mugavalt kontrollida praeguseid s\u00e4tteid.<\/p>\n<p>\n<img decoding=\"async\" alt=\"\" border=\"0\" src=\"https:\/\/assets.innpro.pl\/6088\/7150\/5.jpg\"\/>\n<\/p>\n<h3>Komplektis:<\/h3>\n<ul class=\"list-disc pl-5\">\n<li>NEEWER MS150B LED-lamp<\/li>\n<li>NEEWER standardne reflektor<\/li>\n<li>Bowensi kinnitusadapter<\/li>\n<li>Vihmavarjuhoidik<\/li>\n<li>Toiteadapter<\/li>\n<\/ul>\n<div class=\"table-wrapper\">\n<p>\u0412\u00a0<\/p>\n<h3><\/h3>\n<table>\n<tbody>\n<tr>\n<th>Tootja<\/th>\n<td>Newer<\/td>\n<\/tr>\n<tr>\n<th>Mudel<\/th>\n<td>MS150B<\/td>\n<\/tr>\n<tr>\n<th>V\u00f5imsus<\/th>\n<td>130W<\/td>\n<\/tr>\n<tr>\n<th>V\u00e4rvitemperatuur<\/th>\n<td>2700K-6500K<\/td>\n<\/tr>\n<tr>\n<th>Heledus<\/th>\n<td>Maksimaalne 200 000 luksi 0,5 m kauguselt<\/td>\n<\/tr>\n<tr>\n<th>CRI<\/th>\n<td>97+<\/td>\n<\/tr>\n<tr>\n<th>TLCI indeks<\/th>\n<td>98+<\/td>\n<\/tr>\n<tr>\n<th>Eriline efektid<\/th>\n<td>12<\/td>\n<\/tr>\n<tr>\n<th>Kaal<\/th>\n<td>980 g<\/td>\n<\/tr>\n<tr>\n<th>M\u00f5\u00f5tmed<\/th>\n<td>19,5 x 9,5 x 8 cm<\/td>\n<\/tr>\n<tr>\n<th>Toiteallikas<\/th>\n<td>NP-F750\/NP-F970 akud, V-kinnitusega aku, D-Tap kaabel<\/td>\n<\/tr>\n<tr>\n<th>Juhtimine<\/th>\n<td>Mobiilirakendus, 2.4G \u00fchendus<\/td>\n<\/tr>\n<\/tbody>\n<\/table>\n<\/div>\n","protected":false},"excerpt":{"rendered":"<p>Neewer MS150B kahev\u00e4rviline 130W 2700\u20136500K LED-lamp. 130W Neewer MS150B LED-lamp pakub pidevat kahev\u00e4rvilist valgustust ja v\u00f5imaldab reguleerida v\u00e4rvitemperatuuri vahemikus 2700K kuni 6500K. See garanteerib ka maksimaalse heleduse 200 000 luksi 0,5 meetri kauguselt. Seejuures pakub see 12 eriefekti ning k\u00f5rget CRI97+ ja TLCI98+ reitingut erksate v\u00e4rvide ja realistlike stseenide jaoks. Valgustus on tasakaalustatud \u2013 unustage [&#8230;]\n","protected":false},"featured_media":31462,"comment_status":"open","ping_status":"closed","template":"","meta":[],"product_brand":[606],"product_cat":[1107],"product_tag":[],"class_list":{"0":"post-31461","1":"product","2":"type-product","3":"status-publish","4":"has-post-thumbnail","6":"product_brand-neewer","7":"product_cat-lamps","9":"first","10":"outofstock","11":"taxable","12":"shipping-taxable","13":"purchasable","14":"product-type-simple"},"aioseo_notices":[],"_links":{"self":[{"href":"https:\/\/asura.lv\/et\/wp-json\/wp\/v2\/product\/31461","targetHints":{"allow":["GET"]}}],"collection":[{"href":"https:\/\/asura.lv\/et\/wp-json\/wp\/v2\/product"}],"about":[{"href":"https:\/\/asura.lv\/et\/wp-json\/wp\/v2\/types\/product"}],"replies":[{"embeddable":true,"href":"https:\/\/asura.lv\/et\/wp-json\/wp\/v2\/comments?post=31461"}],"wp:featuredmedia":[{"embeddable":true,"href":"https:\/\/asura.lv\/et\/wp-json\/wp\/v2\/media\/31462"}],"wp:attachment":[{"href":"https:\/\/asura.lv\/et\/wp-json\/wp\/v2\/media?parent=31461"}],"wp:term":[{"taxonomy":"product_brand","embeddable":true,"href":"https:\/\/asura.lv\/et\/wp-json\/wp\/v2\/product_brand?post=31461"},{"taxonomy":"product_cat","embeddable":true,"href":"https:\/\/asura.lv\/et\/wp-json\/wp\/v2\/product_cat?post=31461"},{"taxonomy":"product_tag","embeddable":true,"href":"https:\/\/asura.lv\/et\/wp-json\/wp\/v2\/product_tag?post=31461"}],"curies":[{"name":"wp","href":"https:\/\/api.w.org\/{rel}","templated":true}]}}