{"id":31515,"date":"2025-11-28T22:07:04","date_gmt":"2025-11-28T22:07:04","guid":{"rendered":"https:\/\/asura.lv\/product\/rojeco-interactive-laser-cat-toy\/"},"modified":"2025-12-12T15:02:25","modified_gmt":"2025-12-12T13:02:25","slug":"rojeco-interactive-laser-cat-toy","status":"publish","type":"product","link":"https:\/\/asura.lv\/et\/toode\/rojeco-interactive-laser-cat-toy\/","title":{"rendered":"Rojeco interaktiivne laseriga kassim\u00e4nguasi"},"content":{"rendered":"<h3>Rojeco interaktiivne laserm\u00e4nguasi kassidele<\/h3>\n<p>Julgustage oma kassi aktiivseks olema ja pakkuge talle fantastilist l\u00f5bu. Rojeco interaktiivne m\u00e4nguasi pakub spetsiaalset laserkiirt, mida teie neljajalgne s\u00f5ber saab taga ajada. See v\u00f5imaldab teil valida viie lasernurga vahel ning k\u00f6ita teie lemmiklooma t\u00e4helepanu ja motiveerida teda aktiivseks olema. Seade t\u00f6\u00f6tab vooluv\u00f5rgust, kuid see v\u00f5ib t\u00f6\u00f6tada ka juhtmevabalt &#8211; ostke lihtsalt patareisid.<\/p>\n<p>\n<img decoding=\"async\" border=\"0\" src=\"https:\/\/assets.innpro.pl\/6834\/7961\/4.jpg\"\/>\n<\/p>\n<h3>Teie lemmiklooma parim s\u00f5ber<\/h3>\n<p>Rojecoga ei ole teie lemmikloomal igavuseohtu! Laserm\u00e4nguasi reageerib kasside jahiinstinktidele ja julgustab neid aktiivsed olema. Seega pakub see neile mitte ainult suurep\u00e4rast meelelahutust, vaid aitab ka ennetada kaaluprobleeme. Lihtsalt l\u00fclita seade sisse ja vaata, kuidas su lemmikloom laseriga hullumeelsesse tagaajamisse sukeldub!<\/p>\n<p>\n<img decoding=\"async\" border=\"0\" src=\"https:\/\/assets.innpro.pl\/6834\/7961\/6.jpg\"\/>\n<\/p>\n<h3>Kaks toiteviisi<\/h3>\n<p>Ole valmis igaks olukorraks ja veendu, et su lemmikloom saab peaaegu igas olukorras l\u00f5butseda. Rojeco m\u00e4nguasi pakub kahte toiteviisi &#8211; vooluv\u00f5rgust USB-C (DC) pordi kaudu v\u00f5i patareidega (ei kuulu komplekti). Otsus on sinu teha!<\/p>\n<p>\n<img decoding=\"async\" border=\"0\" src=\"https:\/\/assets.innpro.pl\/6834\/7961\/1.jpg\"\/>\n<\/p>\n<h3>Meelelahutus, mida su lemmikloom vajab<\/h3>\n<p>M\u00e4nguasi pakub 5 laserprojektsiooninurka, mille vahel valida, nii et saad seda oma lemmiklooma vajaduste ja harjumustega kohandada. Lisaks on seadmel sisseehitatud nutikas kiip, mis simuleerib laserpunkti ebakorrap\u00e4rast p\u00f6\u00f6rlemist, nii et see suudab teie kassi t\u00e4helepanu t\u00f5husalt pikaks ajaks k\u00f6ita.<\/p>\n<p>\n<img decoding=\"async\" border=\"0\" src=\"https:\/\/assets.innpro.pl\/6834\/7961\/7.jpg\"\/>\n<\/p>\n<h3>Puhastatud iga detailini<\/h3>\n<p>M\u00e4nguasja allosas on libisemisvastased padjad, mis tagavad stabiilsuse ja takistavad selle libisemist laua v\u00f5i riiuli pinnal. Lisaks t\u00f6\u00f6tab seade \u00fcllatavalt vaikselt \u2013 \u00e4rge muretsege, et see teid ja teie lemmiklooma h\u00e4irib. Selle mugavat kasutamist v\u00f5imaldab praktiline l\u00fcliti, mille abil saate h\u00f5lpsalt projektsiooninurka vastavalt oma lemmiklooma vajadustele reguleerida.<\/p>\n<p>\n<img decoding=\"async\" border=\"0\" src=\"https:\/\/assets.innpro.pl\/6834\/7961\/2.jpg\"\/>\n<\/p>\n<div class=\"table-wrapper\">\n<p>\u0412\u00a0<\/p>\n<h3><\/h3>\n<table>\n<tbody>\n<tr>\n<th>Tootja<\/th>\n<td>Rojeco<\/td>\n<\/tr>\n<tr>\n<th>Mudel<\/th>\n<td>RWJ-20<\/td>\n<\/tr>\n<tr>\n<th>Laserprojektsiooninurga reguleerimine<\/th>\n<td>5-astmeline<\/td>\n<\/tr>\n<tr>\n<th>Toiteallikas<\/th>\n<td>Alalisvool \/ aku (ei ole kaasas)<\/td>\n<\/tr>\n<tr>\n<th>Liides<\/th>\n<td>USB-C<\/td>\n<\/tr>\n<tr>\n<th>Eesm\u00e4rk<\/th>\n<td>Kassidele<\/td>\n<\/tr>\n<\/tbody>\n<\/table>\n<\/div>\n","protected":false},"excerpt":{"rendered":"<p>Rojeco interaktiivne laserm\u00e4nguasi kassidele Julgustage oma kassi aktiivseks olema ja pakkuge talle fantastilist l\u00f5bu. Rojeco interaktiivne m\u00e4nguasi pakub spetsiaalset laserkiirt, mida teie neljajalgne s\u00f5ber saab taga ajada. See v\u00f5imaldab teil valida viie lasernurga vahel ning k\u00f6ita teie lemmiklooma t\u00e4helepanu ja motiveerida teda aktiivseks olema. Seade t\u00f6\u00f6tab vooluv\u00f5rgust, kuid see v\u00f5ib t\u00f6\u00f6tada ka juhtmevabalt &#8211; ostke [&#8230;]\n","protected":false},"featured_media":31516,"comment_status":"open","ping_status":"closed","template":"","meta":[],"product_brand":[533],"product_cat":[1401],"product_tag":[],"class_list":{"0":"post-31515","1":"product","2":"type-product","3":"status-publish","4":"has-post-thumbnail","6":"product_brand-rojeco","7":"product_cat-toys-pets","9":"first","10":"outofstock","11":"taxable","12":"shipping-taxable","13":"purchasable","14":"product-type-simple"},"aioseo_notices":[],"_links":{"self":[{"href":"https:\/\/asura.lv\/et\/wp-json\/wp\/v2\/product\/31515","targetHints":{"allow":["GET"]}}],"collection":[{"href":"https:\/\/asura.lv\/et\/wp-json\/wp\/v2\/product"}],"about":[{"href":"https:\/\/asura.lv\/et\/wp-json\/wp\/v2\/types\/product"}],"replies":[{"embeddable":true,"href":"https:\/\/asura.lv\/et\/wp-json\/wp\/v2\/comments?post=31515"}],"wp:featuredmedia":[{"embeddable":true,"href":"https:\/\/asura.lv\/et\/wp-json\/wp\/v2\/media\/31516"}],"wp:attachment":[{"href":"https:\/\/asura.lv\/et\/wp-json\/wp\/v2\/media?parent=31515"}],"wp:term":[{"taxonomy":"product_brand","embeddable":true,"href":"https:\/\/asura.lv\/et\/wp-json\/wp\/v2\/product_brand?post=31515"},{"taxonomy":"product_cat","embeddable":true,"href":"https:\/\/asura.lv\/et\/wp-json\/wp\/v2\/product_cat?post=31515"},{"taxonomy":"product_tag","embeddable":true,"href":"https:\/\/asura.lv\/et\/wp-json\/wp\/v2\/product_tag?post=31515"}],"curies":[{"name":"wp","href":"https:\/\/api.w.org\/{rel}","templated":true}]}}