{"id":31521,"date":"2025-11-28T22:07:03","date_gmt":"2025-11-28T22:07:03","guid":{"rendered":"https:\/\/asura.lv\/product\/avatto-ipc06-wifi-4mp-intelligent-camera\/"},"modified":"2025-12-12T15:02:25","modified_gmt":"2025-12-12T13:02:25","slug":"avatto-ipc06-wifi-4mp-intelligent-camera","status":"publish","type":"product","link":"https:\/\/asura.lv\/et\/toode\/avatto-ipc06-wifi-4mp-intelligent-camera\/","title":{"rendered":"Avatto IPC06 WiFi 4MP intelligentne kaamera"},"content":{"rendered":"<h3>Avatto IPC06 WiFi 4MP nutikaamera<\/h3>\n<p>Avatto IPC06 on koduvalvekaamera, mis pakub k\u00f5rget pildikvaliteeti, laia vaatenurka ja mitmesuguseid turvafunktsioone. Full HD 1080P eraldusv\u00f5imega, \u00f6ise n\u00e4gemise ja liikumistuvastusega kaamera v\u00f5imaldab teil oma kodu j\u00e4lgida k\u00f5ikjal ja igal ajal.<\/p>\n<p>\n<img decoding=\"async\" border=\"0\" src=\"https:\/\/assets.innpro.pl\/7913\/9175\/1.jpg\"\/>\n<\/p>\n<h3>K\u00f5rge pildikvaliteet ja lai vaatenurk<\/h3>\n<p>Avatto IPC06 kaamera on varustatud anduriga, mis salvestab pilte 1080P eraldusv\u00f5imega, mis tagab detailsed ja selged salvestused. Laia vaatenurgaga 355\u00b0 horisontaalselt ja 150\u00b0 vertikaalselt v\u00f5imaldab kaamera teil j\u00e4lgida kogu ruumi, k\u00f5rvaldades pimealad.<\/p>\n<p>\n<img decoding=\"async\" border=\"0\" src=\"https:\/\/assets.innpro.pl\/7913\/9175\/3.jpg\"\/>\n<\/p>\n<h3>\u00d6\u00f6n\u00e4gemise re\u017eiim<\/h3>\n<p>Kaamera l\u00fclitub h\u00e4maras valguses automaatselt \u00f6\u00f6n\u00e4gemise re\u017eiimile, pakkudes selget pilti isegi pimedas. 5-meetrine infrapunaulatus v\u00f5imaldab t\u00f5husat j\u00e4lgimist isegi \u00f6\u00f6sel.<\/p>\n<p>\n<img decoding=\"async\" border=\"0\" src=\"https:\/\/assets.innpro.pl\/7913\/9175\/2.jpg\"\/>\n<\/p>\n<h3>Liikumistuvastus ja alarmid<\/h3>\n<p>Liikumistuvastusfunktsioon annab automaatseid alarme, kui liikumine tuvastatakse 5 meetri raadiuses. See teeb Avatto IPC06 kaamera ideaalseks sissep\u00e4\u00e4sude ja muude strateegiliste kohtade j\u00e4lgimiseks kodus, suurendades turvalisust ja reageerides koheselt v\u00f5imalikele ohtudele.<\/p>\n<p>\n<img decoding=\"async\" border=\"0\" src=\"https:\/\/assets.innpro.pl\/7913\/9175\/5.jpg\"\/>\n<\/p>\n<h3>Kahesuunaline side<\/h3>\n<p>Sisseehitatud mikrofon ja k\u00f5lar v\u00f5imaldavad kahesuunalist sidet, mis v\u00f5imaldab teil igal ajal pereliikmetega r\u00e4\u00e4kida. See on eriti kasulik, kui soovite perega \u00fchendust v\u00f5tta v\u00f5i majapidamises viibijatele teavet edastada.<\/p>\n<p>\n<img decoding=\"async\" border=\"0\" src=\"https:\/\/assets.innpro.pl\/7913\/9175\/6.jpg\"\/>\n<\/p>\n<h3>H\u00e4\u00e4ljuhtimine<\/h3>\n<p>Avatto IPC06 kaamera \u00fchildub Amazon Echo ja Google Home&#8217;iga, v\u00f5imaldades teil seda h\u00e4\u00e4lk\u00e4sklustega juhtida. See mugav lahendus v\u00f5imaldab teil kaameravaatele kiiresti ligi p\u00e4\u00e4seda ilma telefoni kaasa v\u00f5tmata.<\/p>\n<p>\n<img decoding=\"async\" border=\"0\" src=\"https:\/\/assets.innpro.pl\/7913\/9175\/4.jpg\"\/>\n<\/p>\n<h3>Kaasas<\/h3>\n<p>Nutikaamera x1<\/p>\n<p>C-t\u00fc\u00fcpi kaabel<\/p>\n<p>Kasutusjuhend x1<\/p>\n<p>Kinnitusklamber x1<\/p>\n<p>Adapter x1<\/p>\n<p>Kruvidega kott x1<\/p>\n<div class=\"table-wrapper\">\n<p>\u0412\u00a0<\/p>\n<h3><\/h3>\n<table>\n<tbody>\n<tr>\n<th>Tootja<\/th>\n<td>Avatto<\/td>\n<\/tr>\n<tr>\n<th>Mudel<\/th>\n<td>IPC06<\/td>\n<\/tr>\n<tr>\n<th>Ekraan resolutsioon:<\/th>\n<td>1080P<\/td>\n<\/tr>\n<tr>\n<th>Vaatenurk:<\/th>\n<td>355\u00b0 (horisontaalne) \/ 150\u00b0 (vertikaalne)<\/td>\n<\/tr>\n<tr>\n<th>Liikumistuvastus:<\/th>\n<td>5 meetrit<\/td>\n<\/tr>\n<tr>\n<th>\u00d6\u00f6n\u00e4gemisre\u017eiim<\/th>\n<td>Jah<\/td>\n<\/tr>\n<tr>\n<th>Infrapuna ulatus:<\/th>\n<td>5 meetrit<\/td>\n<\/tr>\n<tr>\n<th>Heli:<\/th>\n<td>Sisseehitatud mikrofon ja k\u00f5lar<\/td>\n<\/tr>\n<tr>\n<th>Toiteallikas<\/th>\n<td>5V\/1A<\/td>\n<\/tr>\n<tr>\n<th>T\u00f6\u00f6temperatuur:<\/th>\n<td>-20\u00b0C ~ 60\u00b0C<\/td>\n<\/tr>\n<tr>\n<th>T\u00f6\u00f6keskkonna \u00f5huniiskus:<\/th>\n<td>20% ~ 95% kondenseerumiseta<\/td>\n<\/tr>\n<tr>\n<th>Seinale kinnitamine:<\/th>\n<td>Tak<\/td>\n<\/tr>\n<\/tbody>\n<\/table>\n<\/div>\n","protected":false},"excerpt":{"rendered":"<p>Avatto IPC06 WiFi 4MP nutikaamera Avatto IPC06 on koduvalvekaamera, mis pakub k\u00f5rget pildikvaliteeti, laia vaatenurka ja mitmesuguseid turvafunktsioone. Full HD 1080P eraldusv\u00f5imega, \u00f6ise n\u00e4gemise ja liikumistuvastusega kaamera v\u00f5imaldab teil oma kodu j\u00e4lgida k\u00f5ikjal ja igal ajal. K\u00f5rge pildikvaliteet ja lai vaatenurk Avatto IPC06 kaamera on varustatud anduriga, mis salvestab pilte 1080P eraldusv\u00f5imega, mis tagab detailsed [&#8230;]\n","protected":false},"featured_media":31522,"comment_status":"open","ping_status":"closed","template":"","meta":[],"product_brand":[466],"product_cat":[1170],"product_tag":[],"class_list":{"0":"post-31521","1":"product","2":"type-product","3":"status-publish","4":"has-post-thumbnail","6":"product_brand-avatto","7":"product_cat-ip-cameras","9":"first","10":"outofstock","11":"taxable","12":"shipping-taxable","13":"purchasable","14":"product-type-simple"},"aioseo_notices":[],"_links":{"self":[{"href":"https:\/\/asura.lv\/et\/wp-json\/wp\/v2\/product\/31521","targetHints":{"allow":["GET"]}}],"collection":[{"href":"https:\/\/asura.lv\/et\/wp-json\/wp\/v2\/product"}],"about":[{"href":"https:\/\/asura.lv\/et\/wp-json\/wp\/v2\/types\/product"}],"replies":[{"embeddable":true,"href":"https:\/\/asura.lv\/et\/wp-json\/wp\/v2\/comments?post=31521"}],"wp:featuredmedia":[{"embeddable":true,"href":"https:\/\/asura.lv\/et\/wp-json\/wp\/v2\/media\/31522"}],"wp:attachment":[{"href":"https:\/\/asura.lv\/et\/wp-json\/wp\/v2\/media?parent=31521"}],"wp:term":[{"taxonomy":"product_brand","embeddable":true,"href":"https:\/\/asura.lv\/et\/wp-json\/wp\/v2\/product_brand?post=31521"},{"taxonomy":"product_cat","embeddable":true,"href":"https:\/\/asura.lv\/et\/wp-json\/wp\/v2\/product_cat?post=31521"},{"taxonomy":"product_tag","embeddable":true,"href":"https:\/\/asura.lv\/et\/wp-json\/wp\/v2\/product_tag?post=31521"}],"curies":[{"name":"wp","href":"https:\/\/api.w.org\/{rel}","templated":true}]}}