{"id":31557,"date":"2025-11-28T22:07:00","date_gmt":"2025-11-28T22:07:00","guid":{"rendered":"https:\/\/asura.lv\/product\/lamp-neewer-sl90-pro-led-rgb-12w-2500-10000k\/"},"modified":"2025-12-12T15:02:23","modified_gmt":"2025-12-12T13:02:23","slug":"lamp-neewer-sl90-pro-led-rgb-12w-2500-10000k","status":"publish","type":"product","link":"https:\/\/asura.lv\/et\/toode\/lamp-neewer-sl90-pro-led-rgb-12w-2500-10000k\/","title":{"rendered":"Lamp Neewer SL90 Pro LED RGB 12W 2500-10000K"},"content":{"rendered":"<h3>Neewer SL90 Pro LED RGB 12W 2500-10000K valguspaneel<\/h3>\n<p>Neewer SL90 Pro on uuenduslik LED-paneel, mis on varustatud 150 LED-iga. See pakub maksimaalset heledust kuni 1700 luksi ja v\u00f5imaldab teil reguleerida valguse intensiivsust, v\u00e4rvitemperatuuri ja v\u00e4rvi. See paistab silma ka oma k\u00f5rge v\u00e4rviedastusindeksi, CRI ja TLCI (97+) poolest, mis tagavad t\u00e4pse v\u00e4rvide taasesituse. Teie k\u00e4sutuses on ka 18 erinevat valgustusre\u017eiimi ja v\u00f5imalus seadet muusikaga s\u00fcnkroonida.<\/p>\n<p><img decoding=\"async\" src=\"https:\/\/assets.innpro.pl\/5625\/6624\/3.jpg\" border=\"0\" alt=\"\" \/><\/p>\n<h3>T\u00e4iustatud valguse reguleerimine ja valgustusre\u017eiimid<\/h3>\n<p>SL90 Pro mudel pakub t\u00e4iustatud v\u00f5imalusi heleduse, v\u00e4rvitemperatuuri ja valguse v\u00e4rvi reguleerimiseks. See v\u00f5imaldab teil seda vastavalt oma ootustele kohandada! Samuti on valida 18 erineva valgustusre\u017eiimi vahel, n\u00e4iteks v\u00e4lk, paparazzi, k\u00fc\u00fcnlaleek v\u00f5i ilutulestik. Nende abil saate h\u00f5lpsalt luua unustamatu atmosf\u00e4\u00e4ri igaks s\u00fcndmuseks! Samuti saate valgustust muusikaga s\u00fcnkroonida \u2013 ideaalne lahendus pidude korraldamiseks.<\/p>\n<p><img decoding=\"async\" src=\"https:\/\/assets.innpro.pl\/5625\/6624\/2.jpg\" border=\"0\" alt=\"\" \/><\/p>\n<h3>Pikk t\u00f6\u00f6aeg ja kiire laadimine<\/h3>\n<p>Sisseehitatud 4300mAh aku tagab paneelile kuni 3,5 tundi pidevat t\u00f6\u00f6d. \u00c4rge muretsege, et seade teile liiga kiiresti vastu hakkab! SL90 Pro mudel toetab ka kiiret PD (Power Delivery) laadimist 9V 2A sisendiga, mis v\u00f5imaldab teil seda laadida vaid umbes 2,8 tunniga. Unustage pikad ooteajad!<\/p>\n<p><img decoding=\"async\" src=\"https:\/\/assets.innpro.pl\/5625\/6624\/4.jpg\" border=\"0\" alt=\"\" \/><\/p>\n<h3>Rakenduse juhtimine ja kaasaegsed lahendused<\/h3>\n<p>The SL90 Pro paneel \u00fchildub Neeweri rakendusega, mis v\u00f5imaldab teil k\u00f5iki valgusfunktsioone nutitelefoniga kaugjuhtimise teel juhtida. Selle abil saate seadistada kuni 8 valgusgruppi ja \u00fchendada kuni 255 paneeli, v\u00f5imaldades s\u00e4tete s\u00fcnkroonimist kogu s\u00fcsteemis. Lisaks h\u00f5lbustab kahe eelnevalt m\u00e4\u00e4ratletud s\u00e4tete grupi salvestamine ja lemmikutesse lisamine oluliselt valguse haldamist. Lisaks v\u00f5imaldab OTA (Over-The-Air) tehnoloogia lihtsat ja kiiret tarkvarauuendust, pakkudes juurdep\u00e4\u00e4su uusimatele funktsioonidele ja t\u00e4iustustele.<\/p>\n<p><img decoding=\"async\" src=\"https:\/\/assets.innpro.pl\/5625\/6624\/9.jpg\" border=\"0\" alt=\"\" \/><\/p>\n<h3>Vastupidav konstruktsioon ja paindlik paigaldus<\/h3>\n<p>Massiivne alumiiniumsulamist korpus tagab SL90 Pro mudeli vastupidavuse ja stabiilsuse. Seadmel on reguleeritav kronstein, mis v\u00f5imaldab 360\u00b0 p\u00f6\u00f6ramist ja 90\u00b0 kallutamist, pakkudes suurt paindlikkust valguse suunamisel. Probleemivaba paneeli paigaldamine on v\u00f5imalik k\u00fclmkinnitusega. kinnitus.<\/p>\n<p><img decoding=\"async\" src=\"https:\/\/assets.innpro.pl\/5625\/6624\/7.jpg\" border=\"0\" alt=\"\" \/><\/p>\n<h3>Mitmed rakendused<\/h3>\n<p>Nii paljude valikutega sobib Neeweri valguspaneel suurep\u00e4raselt erinevatesse rakendustesse. Saate seda edukalt kasutada videote salvestamiseks, fotosessioonide l\u00e4biviimiseks v\u00f5i otse\u00fclekannete tegemiseks. SL90 Pro mudel sobib ideaalselt ka pidudele \u2013 saadaolevad re\u017eiimid ja valguse ja muusika s\u00fcnkroonimise v\u00f5imalus aitavad teil luua unustamatu atmosf\u00e4\u00e4ri.<\/p>\n<p><img decoding=\"async\" src=\"https:\/\/assets.innpro.pl\/5625\/6624\/5.jpg\" border=\"0\" alt=\"\" \/><\/p>\n<h3>Komplekti kuulub<\/h3>\n<ul>\n<li>Valguspaneel<\/li>\n<li>K\u00fclma kinga kinnitusadapter<\/li>\n<li>USB-C kaabel<\/li>\n<li>Hoiukarp<\/li>\n<li>Kasutusjuhend<\/li>\n<\/ul>\n<div class=\"table-wrapper\">\n<p>\u0412\u00a0<\/p>\n<table>\n<tbody>\n<tr>\n<th>Tootja<\/th>\n<td>Uuem<\/td>\n<\/tr>\n<tr>\n<th>Mudel<\/th>\n<td>SL90 Pro<\/td>\n<\/tr>\n<tr>\n<th>Materjal<\/th>\n<td>Alumiiniumisulam<\/td>\n<\/tr>\n<tr>\n<th>LED-dioodide arv<\/th>\n<td>150 (40 sooja valget, 40 k\u00fclma valget, 70 RGB)<\/td>\n<\/tr>\n<tr>\n<th>Aku mahtuvus<\/th>\n<td>4300 mAh<\/td>\n<\/tr>\n<tr>\n<th>T\u00f6\u00f6re\u017eiimid (stseenid)<\/th>\n<td>18<\/td>\n<\/tr>\n<tr>\n<th>V\u00f5imsus<\/th>\n<td>12 W<\/td>\n<\/tr>\n<tr>\n<th>Sisend<\/th>\n<td>USB 5 V 2 A, 9 V 2 A<\/td>\n<\/tr>\n<tr>\n<th>Maks. heledus<\/th>\n<td>1700 luksi (0,5 m kaugusel)<\/td>\n<\/tr>\n<tr>\n<th>V\u00e4rvitemperatuur<\/th>\n<td>2500\u201310000K<\/td>\n<\/tr>\n<tr>\n<th>CRI<\/th>\n<td>97+<\/td>\n<\/tr>\n<tr>\n<th>Heleduse reguleerimisvahemik<\/th>\n<td>0\u2013100%<\/td>\n<\/tr>\n<tr>\n<th>Tooninurk<\/th>\n<td>0\u2013360\u00b0<\/td>\n<\/tr>\n<tr>\n<th>K\u00fcllastusvahemik<\/th>\n<td>0\u2013100%<\/td>\n<\/tr>\n<tr>\n<th>Kanalivahemik<\/th>\n<td>0\u20139<\/td>\n<\/tr>\n<\/tbody>\n<\/table>\n<\/div>\n","protected":false},"excerpt":{"rendered":"<p>Neewer SL90 Pro LED RGB 12W 2500-10000K valguspaneel Neewer SL90 Pro on uuenduslik LED-paneel, mis on varustatud 150 LED-iga. See pakub maksimaalset heledust kuni 1700 luksi ja v\u00f5imaldab teil reguleerida valguse intensiivsust, v\u00e4rvitemperatuuri ja v\u00e4rvi. See paistab silma ka oma k\u00f5rge v\u00e4rviedastusindeksi, CRI ja TLCI (97+) poolest, mis tagavad t\u00e4pse v\u00e4rvide taasesituse. Teie k\u00e4sutuses on [&#8230;]\n","protected":false},"featured_media":31558,"comment_status":"open","ping_status":"closed","template":"","meta":[],"product_brand":[606],"product_cat":[1107],"product_tag":[],"class_list":{"0":"post-31557","1":"product","2":"type-product","3":"status-publish","4":"has-post-thumbnail","6":"product_brand-neewer","7":"product_cat-lamps","9":"first","10":"outofstock","11":"taxable","12":"shipping-taxable","13":"purchasable","14":"product-type-simple"},"aioseo_notices":[],"_links":{"self":[{"href":"https:\/\/asura.lv\/et\/wp-json\/wp\/v2\/product\/31557","targetHints":{"allow":["GET"]}}],"collection":[{"href":"https:\/\/asura.lv\/et\/wp-json\/wp\/v2\/product"}],"about":[{"href":"https:\/\/asura.lv\/et\/wp-json\/wp\/v2\/types\/product"}],"replies":[{"embeddable":true,"href":"https:\/\/asura.lv\/et\/wp-json\/wp\/v2\/comments?post=31557"}],"wp:featuredmedia":[{"embeddable":true,"href":"https:\/\/asura.lv\/et\/wp-json\/wp\/v2\/media\/31558"}],"wp:attachment":[{"href":"https:\/\/asura.lv\/et\/wp-json\/wp\/v2\/media?parent=31557"}],"wp:term":[{"taxonomy":"product_brand","embeddable":true,"href":"https:\/\/asura.lv\/et\/wp-json\/wp\/v2\/product_brand?post=31557"},{"taxonomy":"product_cat","embeddable":true,"href":"https:\/\/asura.lv\/et\/wp-json\/wp\/v2\/product_cat?post=31557"},{"taxonomy":"product_tag","embeddable":true,"href":"https:\/\/asura.lv\/et\/wp-json\/wp\/v2\/product_tag?post=31557"}],"curies":[{"name":"wp","href":"https:\/\/api.w.org\/{rel}","templated":true}]}}