{"id":31635,"date":"2025-11-28T22:06:54","date_gmt":"2025-11-28T22:06:54","guid":{"rendered":"https:\/\/asura.lv\/product\/anlan-face-massager-01-adry32-02a\/"},"modified":"2025-12-12T15:02:20","modified_gmt":"2025-12-12T13:02:20","slug":"anlan-face-massager-01-adry32-02a","status":"publish","type":"product","link":"https:\/\/asura.lv\/et\/toode\/anlan-face-massager-01-adry32-02a\/","title":{"rendered":"ANLAN n\u00e4omassaa\u017eiseade 01-ADRY32-02A"},"content":{"rendered":"<h3>ANLAN n\u00e4omassaa\u017eiseade 01-ADRY32-02A<\/h3>\n<p>ANLAN 01-ADRY32-02A massaa\u017eiseade on seade, mis on kohandatud teie naha vajadustele. Toode v\u00f5imaldab teil n\u00e4gu p\u00f5hjalikult puhastada ja ette valmistada edasisteks nahahooldustoiminguteks. Lisaks aitab see toitaineid imenduda, v\u00e4hendab kortsude ja tumedate ringide teket silmade \u00fcmbruses. Samuti aitab see taastada naha prinkust ja s\u00e4ra.<\/p>\n<p>\n<img decoding=\"async\" border=\"0\" src=\"https:\/\/assets.innpro.pl\/6753\/7866\/1.jpg\"\/>\n<\/p>\n<h3>N\u00e4onaha puhastamine<\/h3>\n<p>\u00d5ige n\u00e4ohooldus algab puhastamisest. Puhastusre\u017eiim kasutab pooride avamiseks soojusteraapiat (38 \u00b0C ~ 42 \u00b0C). Umbes 10 000 p\/min vibratsioon eemaldab t\u00f5husalt lisandid ja meigij\u00e4\u00e4gid, samas kui positiivsed ioonid h\u00f5lbustavad pooride s\u00fcgavpuhastust.<\/p>\n<p>\n<img decoding=\"async\" border=\"0\" src=\"https:\/\/assets.innpro.pl\/6753\/7866\/3.jpg\"\/>\n<\/p>\n<h3>Niisutusre\u017eiim<\/h3>\n<p>Valige niisutav re\u017eiim, mis aitab nahka niisutada. K\u00f5rge vibratsioonisagedus lagundab nahahooldustoodetes makromolekule. Lisaks aitavad negatiivsed ioonid kosmeetikatoodetest toitaineid imenduda. Nautige tervet ja niisutatud nahka ANLAN 01-ADRY32-02A-ga.<\/p>\n<p>\n<img decoding=\"async\" border=\"0\" src=\"https:\/\/assets.innpro.pl\/6753\/7866\/5.jpg\"\/>\n<\/p>\n<h3>Taasta naha pinguldumus ja vabane kortsudest<\/h3>\n<p>Anna oma nahale nooruslik v\u00e4limus. ANLAN 01-ADRY32-02A massaa\u017eiseadmel on EMS-re\u017eiim, mis pinguldab nahka ja annab liftinguefekti. Silmare\u017eiim seevastu kasutab mikrovoolusid ja kolme sooja kokkusurumise taset, et rahustada \u00f5rna nahka silmade \u00fcmbruses ja h\u00f5lbustada kosmeetika imendumist. Lisaks pinguldab see nahka, v\u00e4hendab kortsude n\u00e4htavust ja v\u00e4hendab tumedaid ringe silmade all.<\/p>\n<p>\n<img decoding=\"async\" border=\"0\" src=\"https:\/\/assets.innpro.pl\/6753\/7866\/4.jpg\"\/>\n<\/p>\n<h3>Valgusteraapia<\/h3>\n<p>Kogege fototeraapia kasulikku j\u00f5udu. Massaa\u017eseade kasutab 463 nm lainepikkusega sinist valgust, mis v\u00f5itleb bakteriaalsete haigustega ja aitab ravida aknet. Ja punane valgus (623 nm) stimuleerib kollageeni tootmist, parandab naha elastsust ja aeglustab vananemisprotsessi.<\/p>\n<p>\n<img decoding=\"async\" border=\"0\" src=\"https:\/\/assets.innpro.pl\/6753\/7866\/7.jpg\"\/>\n<\/p>\n<h3>Kasutajas\u00f5bralik<\/h3>\n<p>Seadme kasutamine ei tekita teile probleeme. Re\u017eiimide vahetamiseks saate kasutada ka toitenuppu ning spetsiaalne nupp v\u00f5imaldab teil reguleerida temperatuuri ja EMS-taset. Lisaks teavitab h\u00f5lpsasti loetav LCD-ekraan teid valitud re\u017eiimist. Lisaks ei v\u00f5ta massaa\u017eiseade vannitoas ega tualettlauas palju ruumi, mist\u00f5ttu on seda lihtne transportida ja hoiustada.<\/p>\n<p>\n<img decoding=\"async\" border=\"0\" src=\"https:\/\/assets.innpro.pl\/6753\/7866\/2.jpg\"\/>\n<\/p>\n<h3>Kaasas<\/h3>\n<ul class=\"list-disc pl-5\">\n<li>massaa\u017eiseade<\/li>\n<li>kosmeetikapadja hoidik<\/li>\n<li>USB-A &#8211; USB-C laadimiskaabel<\/li>\n<li>kasutusjuhend<\/li>\n<\/ul>\n<div class=\"table-wrapper\">\n<p>B\u00a0<\/p>\n<h3><\/h3>\n<table>\n<tbody>\n<tr>\n<th>Tootja<\/th>\n<td>ANLAN<\/td>\n<\/tr>\n<tr>\n<th>Mudel<\/th>\n<td>01-ADRY32-02A<\/td>\n<\/tr>\n<tr>\n<th>V\u00e4rv<\/th>\n<td>valge<\/td>\n<\/tr>\n<tr>\n<th>Materjal<\/th>\n<td>ABS<\/td>\n<\/tr>\n<tr>\n<th>M\u00f5\u00f5tmed<\/th>\n<td>170 \u00d7 55 \u00d7 56 mm<\/td>\n<\/tr>\n<tr>\n<th>Kaal<\/th>\n<td>umbes 115 g<\/td>\n<\/tr>\n<tr>\n<th>Vibratsioonisagedus<\/th>\n<td>umbes 10 000 p\/min<\/td>\n<\/tr>\n<tr>\n<th>Temperatuur<\/th>\n<td>umbes 38 \u00b0C ~ 42 \u00b0C<\/td>\n<\/tr>\n<tr>\n<th>Valguse lainepikkus<\/th>\n<td>Punane: u. 623 nm, sinine: u. 463 nm<\/td>\n<\/tr>\n<tr>\n<th>Aku mahtuvus<\/th>\n<td>450 mAh<\/td>\n<\/tr>\n<tr>\n<th>Laadimisaeg<\/th>\n<td>u. 2,5 h<\/td>\n<\/tr>\n<tr>\n<th>Automaatne v\u00e4ljal\u00fclitus<\/th>\n<td>p\u00e4rast u. 5 minutit mittekasutamist<\/td>\n<\/tr>\n<\/tbody>\n<\/table>\n<\/div>\n","protected":false},"excerpt":{"rendered":"<p>ANLAN n\u00e4omassaa\u017eiseade 01-ADRY32-02A ANLAN 01-ADRY32-02A massaa\u017eiseade on seade, mis on kohandatud teie naha vajadustele. Toode v\u00f5imaldab teil n\u00e4gu p\u00f5hjalikult puhastada ja ette valmistada edasisteks nahahooldustoiminguteks. Lisaks aitab see toitaineid imenduda, v\u00e4hendab kortsude ja tumedate ringide teket silmade \u00fcmbruses. Samuti aitab see taastada naha prinkust ja s\u00e4ra. N\u00e4onaha puhastamine \u00d5ige n\u00e4ohooldus algab puhastamisest. Puhastusre\u017eiim kasutab pooride [&#8230;]\n","protected":false},"featured_media":31636,"comment_status":"open","ping_status":"closed","template":"","meta":[],"product_brand":[355],"product_cat":[1455],"product_tag":[],"class_list":{"0":"post-31635","1":"product","2":"type-product","3":"status-publish","4":"has-post-thumbnail","6":"product_brand-anlan","7":"product_cat-massagers","9":"first","10":"outofstock","11":"taxable","12":"shipping-taxable","13":"purchasable","14":"product-type-simple"},"aioseo_notices":[],"_links":{"self":[{"href":"https:\/\/asura.lv\/et\/wp-json\/wp\/v2\/product\/31635","targetHints":{"allow":["GET"]}}],"collection":[{"href":"https:\/\/asura.lv\/et\/wp-json\/wp\/v2\/product"}],"about":[{"href":"https:\/\/asura.lv\/et\/wp-json\/wp\/v2\/types\/product"}],"replies":[{"embeddable":true,"href":"https:\/\/asura.lv\/et\/wp-json\/wp\/v2\/comments?post=31635"}],"wp:featuredmedia":[{"embeddable":true,"href":"https:\/\/asura.lv\/et\/wp-json\/wp\/v2\/media\/31636"}],"wp:attachment":[{"href":"https:\/\/asura.lv\/et\/wp-json\/wp\/v2\/media?parent=31635"}],"wp:term":[{"taxonomy":"product_brand","embeddable":true,"href":"https:\/\/asura.lv\/et\/wp-json\/wp\/v2\/product_brand?post=31635"},{"taxonomy":"product_cat","embeddable":true,"href":"https:\/\/asura.lv\/et\/wp-json\/wp\/v2\/product_cat?post=31635"},{"taxonomy":"product_tag","embeddable":true,"href":"https:\/\/asura.lv\/et\/wp-json\/wp\/v2\/product_tag?post=31635"}],"curies":[{"name":"wp","href":"https:\/\/api.w.org\/{rel}","templated":true}]}}