{"id":31737,"date":"2025-11-28T21:11:12","date_gmt":"2025-11-28T21:11:12","guid":{"rendered":"https:\/\/asura.lv\/product\/wireless-dynamic-microphone-uhf-puluz-pu628j-3-5mm-gold\/"},"modified":"2025-12-12T14:59:08","modified_gmt":"2025-12-12T12:59:08","slug":"wireless-dynamic-microphone-uhf-puluz-pu628j-3-5mm-gold","status":"publish","type":"product","link":"https:\/\/asura.lv\/et\/toode\/wireless-dynamic-microphone-uhf-puluz-pu628j-3-5mm-gold\/","title":{"rendered":"Juhtmevaba d\u00fcnaamiline mikrofon UHF PULUZ PU628J 3.5mm (kuldne)"},"content":{"rendered":"<h3>Juhtmevaba d\u00fcnaamiline mikrofon UHF PULUZ PU628J 3,5 mm (kuldne)<\/h3>\n<p>D\u00fcnaamiline mikrofon PULUZ PU628J sobib ideaalselt avalikuks esinemiseks, kontsertidele, pulmadesse ja muuks. T\u00e4nu juhtmevabale disainile pakub see liikumisvabadust ning lai \u00fchilduvus v\u00f5imaldab h\u00f5lpsat \u00fchendamist erinevate seadmetega, n\u00e4iteks k\u00f5larite ja v\u00f5imenditega. Toode garanteerib kvaliteetse heli ja puhta, loomuliku tooni. Mikrofoni toiteks on vaja AA-patareisid ja vastuv\u00f5tja toiteks 18650 akut (ei kuulu komplekti).<\/p>\n<p><img decoding=\"async\" src=\"https:\/\/b2b.innpro.pl\/data\/include\/cms\/02Puluz\/PU628J\/3.jpg\" border=\"0\" alt=\"02Puluz\/PU628J\/3\" \/><\/p>\n<h3>Suurep\u00e4rane helikvaliteet<\/h3>\n<p>PULUZ PU628J kardioidne d\u00fcnaamiline mikrofon tagab suurep\u00e4rase helikvaliteedi. See paistab silma k\u00f5rge tundlikkuse ja sagedusvahemikuga 100 Hz &#8211; 20 kHz, mis v\u00f5imaldab teil j\u00e4\u00e4dvustada puhast ja detailirohket heli. Unustage ebameeldivad m\u00fcrad! Tootel on ka k\u00f5rge h\u00e4iretekindlus.<\/p>\n<p><img decoding=\"async\" src=\"https:\/\/b2b.innpro.pl\/data\/include\/cms\/02Puluz\/PU628J\/4.jpg\" border=\"0\" alt=\"02Puluz\/PU628J\/4\" \/><\/p>\n<h3>Juhtmevaba t\u00f6\u00f6<\/h3>\n<p>Vabanege kaablitest ja saavutage peaaegu piiramatu vabadus. PU628J mikrofon t\u00f6\u00f6tab juhtmevabalt, v\u00f5imaldades teil vabalt liikuda ilma piiranguteta &#8211; see on ideaalne isegi v\u00e4ga d\u00fcnaamiliste esituste jaoks! Lisaks on kaasasoleva vastuv\u00f5tja ulatus umbes 30 meetrit. Sa ei pea ennast piirama!<\/p>\n<p><img decoding=\"async\" src=\"https:\/\/b2b.innpro.pl\/data\/include\/cms\/02Puluz\/PU628J\/2.jpg\" border=\"0\" alt=\"02Puluz\/PU628J\/2\" \/><\/p>\n<h3>Lai \u00fchilduvus, kasutajas\u00f5bralik<\/h3>\n<p>Mikrofon \u00fchildub erinevate helis\u00fcsteemide, k\u00f5larite ja v\u00f5imenditega. See muudab selle sobivaks mitmesugusteks rakendusteks, sealhulgas etendusteks, kontsertidele, olulisteks s\u00fcndmusteks v\u00f5i karaokepidudeks. Samuti on sellel sisseehitatud LED-ekraan, mis annab p\u00f5hiteavet selle t\u00f6\u00f6 kohta.<\/p>\n<p><img decoding=\"async\" src=\"https:\/\/b2b.innpro.pl\/data\/include\/cms\/02Puluz\/PU628J\/1.jpg\" border=\"0\" alt=\"02Puluz\/PU628J\/1\" \/><\/p>\n<h3>Karbis<\/h3>\n<ul>\n<li>Vastuv\u00f5tja<\/li>\n<li>Saatja<\/li>\n<\/ul>\n<div class=\"table-wrapper\">\n<table>\n<tbody>\n<tr>\n<th>Br\u00e4nd<\/th>\n<td>PULUZ<\/td>\n<\/tr>\n<tr>\n<th>Mudel<\/th>\n<td>PU628J<\/td>\n<\/tr>\n<tr>\n<th>V\u00e4rv<\/th>\n<td>Kuldne<\/td>\n<\/tr>\n<tr>\n<th>T\u00fc\u00fcp<\/th>\n<td>Kardioidne pihumikrofon<\/td>\n<\/tr>\n<tr>\n<th>Vastuv\u00f5tja toiteallikas<\/th>\n<td>18650 aku (ei kuulu komplekti)<\/td>\n<\/tr>\n<tr>\n<th>Saatja toiteallikas<\/th>\n<td>AA patarei (ei kuulu komplekti)<\/td>\n<\/tr>\n<tr>\n<th>Vastuv\u00f5tja heliport<\/th>\n<td>3,5 mm<\/td>\n<\/tr>\n<tr>\n<th>Vastuv\u00f5tja laadimine Port<\/th>\n<td>USB-C<\/td>\n<\/tr>\n<tr>\n<th>SNR (signaali ja m\u00fcra suhe)<\/th>\n<td>\u224870 dB<\/td>\n<\/tr>\n<tr>\n<th>Sageduskarakteristik<\/th>\n<td>100 Hz &#8211; 20 kHz<\/td>\n<\/tr>\n<tr>\n<th>Materjal<\/th>\n<td>ABS<\/td>\n<\/tr>\n<\/tbody>\n<\/table>\n<\/div>\n","protected":false},"excerpt":{"rendered":"<p>Juhtmevaba d\u00fcnaamiline mikrofon UHF PULUZ PU628J 3,5 mm (kuldne) D\u00fcnaamiline mikrofon PULUZ PU628J sobib ideaalselt avalikuks esinemiseks, kontsertidele, pulmadesse ja muuks. T\u00e4nu juhtmevabale disainile pakub see liikumisvabadust ning lai \u00fchilduvus v\u00f5imaldab h\u00f5lpsat \u00fchendamist erinevate seadmetega, n\u00e4iteks k\u00f5larite ja v\u00f5imenditega. Toode garanteerib kvaliteetse heli ja puhta, loomuliku tooni. Mikrofoni toiteks on vaja AA-patareisid ja vastuv\u00f5tja toiteks [&#8230;]\n","protected":false},"featured_media":31738,"comment_status":"open","ping_status":"closed","template":"","meta":[],"product_brand":[149],"product_cat":[1275],"product_tag":[],"class_list":{"0":"post-31737","1":"product","2":"type-product","3":"status-publish","4":"has-post-thumbnail","6":"product_brand-puluz","7":"product_cat-lavalier","9":"first","10":"outofstock","11":"taxable","12":"shipping-taxable","13":"purchasable","14":"product-type-simple"},"aioseo_notices":[],"_links":{"self":[{"href":"https:\/\/asura.lv\/et\/wp-json\/wp\/v2\/product\/31737","targetHints":{"allow":["GET"]}}],"collection":[{"href":"https:\/\/asura.lv\/et\/wp-json\/wp\/v2\/product"}],"about":[{"href":"https:\/\/asura.lv\/et\/wp-json\/wp\/v2\/types\/product"}],"replies":[{"embeddable":true,"href":"https:\/\/asura.lv\/et\/wp-json\/wp\/v2\/comments?post=31737"}],"wp:featuredmedia":[{"embeddable":true,"href":"https:\/\/asura.lv\/et\/wp-json\/wp\/v2\/media\/31738"}],"wp:attachment":[{"href":"https:\/\/asura.lv\/et\/wp-json\/wp\/v2\/media?parent=31737"}],"wp:term":[{"taxonomy":"product_brand","embeddable":true,"href":"https:\/\/asura.lv\/et\/wp-json\/wp\/v2\/product_brand?post=31737"},{"taxonomy":"product_cat","embeddable":true,"href":"https:\/\/asura.lv\/et\/wp-json\/wp\/v2\/product_cat?post=31737"},{"taxonomy":"product_tag","embeddable":true,"href":"https:\/\/asura.lv\/et\/wp-json\/wp\/v2\/product_tag?post=31737"}],"curies":[{"name":"wp","href":"https:\/\/api.w.org\/{rel}","templated":true}]}}