{"id":31845,"date":"2025-11-28T21:11:00","date_gmt":"2025-11-28T21:11:00","guid":{"rendered":"https:\/\/asura.lv\/product\/magnetic-protective-phone-case-joyroom-jr-bp007-for-iphone-15-pro-max-black\/"},"modified":"2025-12-12T14:58:57","modified_gmt":"2025-12-12T12:58:57","slug":"magnetic-protective-phone-case-joyroom-jr-bp007-for-iphone-15-pro-max-black","status":"publish","type":"product","link":"https:\/\/asura.lv\/et\/toode\/magnetic-protective-phone-case-joyroom-jr-bp007-for-iphone-15-pro-max-black\/","title":{"rendered":"Magnetiline kaitse\u00fcmbris Joyroom JR-BP007 iPhone 15 Pro Maxile (must)"},"content":{"rendered":"<h3>Magnetiline kaitse\u00fcmbris Joyroom JR-BP007 iPhone 15 Pro Maxile (must)<\/h3>\n<p>Baseuse \u00fcmbris pakub teie Apple&#8217;i telefonile igak\u00fclgset kaitset. Valmistatud vastupidavast TPU, PC ja PU materjalide kombinatsioonist, garanteerib see t\u00e4ieliku turvalisuse, kaitstes teie telefoni iga nurka. Must v\u00e4rv lisab moodsa ja elegantse ilme, muutes selle erakordselt stiilseks.<\/p>\n<p><img decoding=\"async\" src=\"https:\/\/assets.innpro.pl\/2748\/2923\/7.jpg\" border=\"0\" alt=\"\"><\/p>\n<h3>Uuenduslik disain<\/h3>\n<p>See \u00fcmbris mitte ainult ei kaitse teie telefoni, vaid tagab ka kasutusmugavuse. S\u00f5ltumatud metallnupud on mugavad kasutada, h\u00f5lbustades telefoni kasutamist. Kuid see pole veel k\u00f5ik selle eelised. \u00dcmbrise magnetiline konstruktsioon tagab selle \u00fchilduvuse juhtmevabade laadijatega. Lisaks on \u00fcmbris l\u00f6\u00f6gikindel ja neelab l\u00f6\u00f6ke, kaitstes teie seadet isegi ootamatute kukkumiste korral. See on ideaalne lahendus neile, kes hindavad oma nutitelefoni kaitsmisel elegantsi ja usaldusv\u00e4\u00e4rsust.<\/p>\n<p><img decoding=\"async\" src=\"https:\/\/assets.innpro.pl\/2748\/2923\/6.jpg\" border=\"0\" alt=\"\"><\/p>\n<div class=\"table-wrapper\">\n<p>&nbsp;<\/p>\n<h3><\/h3>\n<table>\n<tbody>\n<tr>\n<th>Tootja <\/th>\n<td>Joyroom <\/td>\n<\/tr>\n<tr>\n<th>Mudel<\/th>\n<td>JR-BP007<\/td>\n<\/tr>\n<tr>\n<th>Materjal <\/th>\n<td>TPU+PC+PU<\/td>\n<\/tr>\n<tr>\n<th>V\u00e4rv <\/th>\n<td>Must<\/td>\n<\/tr>\n<tr>\n<th>\u00dchilduvus<\/th>\n<td>iPhone 15 Pro Max<\/td>\n<\/tr>\n<tr>\n<th><\/th>\n<td><\/td>\n<\/tr>\n<\/tbody>\n<\/table>\n<\/div>\n","protected":false},"excerpt":{"rendered":"<p>Magnetiline kaitse\u00fcmbris Joyroom JR-BP007 iPhone 15 Pro Maxile (must) Baseuse \u00fcmbris pakub teie Apple&#8217;i telefonile igak\u00fclgset kaitset. Valmistatud vastupidavast TPU, PC ja PU materjalide kombinatsioonist, garanteerib see t\u00e4ieliku turvalisuse, kaitstes teie telefoni iga nurka. Must v\u00e4rv lisab moodsa ja elegantse ilme, muutes selle erakordselt stiilseks. Uuenduslik disain See \u00fcmbris mitte ainult ei kaitse teie telefoni, [&#8230;]\n","protected":false},"featured_media":31846,"comment_status":"open","ping_status":"closed","template":"","meta":[],"product_brand":[443],"product_cat":[1248],"product_tag":[],"class_list":{"0":"post-31845","1":"product","2":"type-product","3":"status-publish","4":"has-post-thumbnail","6":"product_brand-joyroom","7":"product_cat-protective-cases-for-smartphones-cases-gsm-accessories","9":"first","10":"outofstock","11":"taxable","12":"shipping-taxable","13":"purchasable","14":"product-type-simple"},"aioseo_notices":[],"_links":{"self":[{"href":"https:\/\/asura.lv\/et\/wp-json\/wp\/v2\/product\/31845","targetHints":{"allow":["GET"]}}],"collection":[{"href":"https:\/\/asura.lv\/et\/wp-json\/wp\/v2\/product"}],"about":[{"href":"https:\/\/asura.lv\/et\/wp-json\/wp\/v2\/types\/product"}],"replies":[{"embeddable":true,"href":"https:\/\/asura.lv\/et\/wp-json\/wp\/v2\/comments?post=31845"}],"wp:featuredmedia":[{"embeddable":true,"href":"https:\/\/asura.lv\/et\/wp-json\/wp\/v2\/media\/31846"}],"wp:attachment":[{"href":"https:\/\/asura.lv\/et\/wp-json\/wp\/v2\/media?parent=31845"}],"wp:term":[{"taxonomy":"product_brand","embeddable":true,"href":"https:\/\/asura.lv\/et\/wp-json\/wp\/v2\/product_brand?post=31845"},{"taxonomy":"product_cat","embeddable":true,"href":"https:\/\/asura.lv\/et\/wp-json\/wp\/v2\/product_cat?post=31845"},{"taxonomy":"product_tag","embeddable":true,"href":"https:\/\/asura.lv\/et\/wp-json\/wp\/v2\/product_tag?post=31845"}],"curies":[{"name":"wp","href":"https:\/\/api.w.org\/{rel}","templated":true}]}}