{"id":31857,"date":"2025-11-28T21:10:59","date_gmt":"2025-11-28T21:10:59","guid":{"rendered":"https:\/\/asura.lv\/product\/magnetic-protective-phone-case-joyroom-jr-bp007-for-iphone-15-pro-max-gray\/"},"modified":"2025-12-12T14:58:56","modified_gmt":"2025-12-12T12:58:56","slug":"magnetic-protective-phone-case-joyroom-jr-bp007-for-iphone-15-pro-max-gray","status":"publish","type":"product","link":"https:\/\/asura.lv\/et\/toode\/magnetic-protective-phone-case-joyroom-jr-bp007-for-iphone-15-pro-max-gray\/","title":{"rendered":"Magnetiline kaitse\u00fcmbris Joyroom JR-BP007 iPhone 15 Pro Maxile (hall)"},"content":{"rendered":"<h3>Magnetiline kaitse\u00fcmbris Joyroom JR-BP007 iPhone 15 Pro Maxile (hall)<\/h3>\n<p>Baseuse \u00fcmbris pakub teie Apple&#8217;i telefonile igak\u00fclgset kaitset. See on valmistatud vastupidavast TPU, PC ja PU materjalide kombinatsioonist, tagades seega t\u00e4ieliku turvalisuse, kaitstes teie telefoni iga nurka. Hall v\u00e4rv lisab modernsust ja elegantsi, muutes selle erakordselt stiilseks.<\/p>\n<p><img decoding=\"async\" src=\"https:\/\/assets.innpro.pl\/2748\/2923\/7.jpg\" border=\"0\" alt=\"\"><\/p>\n<h3>Uuenduslik disain<\/h3>\n<p>See \u00fcmbris mitte ainult ei kaitse teie telefoni, vaid tagab ka kasutusmugavuse. S\u00f5ltumatud metallnupud on mugavad kasutada, muutes telefoni kasutajas\u00f5bralikumaks. Lisaks tagab \u00fcmbrise magnetiline konstruktsioon selle \u00fchilduvuse juhtmevabade laadijatega. Lisaks on \u00fcmbris l\u00f6\u00f6gikindel ja neelab l\u00f6\u00f6ke, kaitstes teie seadet isegi ootamatute kukkumiste korral. See on ideaalne lahendus neile, kes hindavad oma nutitelefoni kaitsmisel elegantsi ja usaldusv\u00e4\u00e4rsust.<\/p>\n<p><img decoding=\"async\" src=\"https:\/\/assets.innpro.pl\/2748\/2923\/6.jpg\" border=\"0\" alt=\"\"><\/p>\n<div class=\"table-wrapper\">\n<p>&nbsp;<\/p>\n<h3><\/h3>\n<table>\n<tbody>\n<tr>\n<th>Tootja <\/th>\n<td>Joyroom <\/td>\n<\/tr>\n<tr>\n<th>Mudel<\/th>\n<td>JR-BP007<\/td>\n<\/tr>\n<tr>\n<th>Materjal <\/th>\n<td>TPU+PC+PU<\/td>\n<\/tr>\n<tr>\n<th>V\u00e4rv <\/th>\n<td>Hall<\/td>\n<\/tr>\n<tr>\n<th>\u00dchilduvus<\/th>\n<td>iPhone 15 Pro Max<\/td>\n<\/tr>\n<tr>\n<th><\/th>\n<td><\/td>\n<\/tr>\n<\/tbody>\n<\/table>\n<\/div>\n","protected":false},"excerpt":{"rendered":"<p>Magnetiline kaitse\u00fcmbris Joyroom JR-BP007 iPhone 15 Pro Maxile (hall) Baseuse \u00fcmbris pakub teie Apple&#8217;i telefonile igak\u00fclgset kaitset. See on valmistatud vastupidavast TPU, PC ja PU materjalide kombinatsioonist, tagades seega t\u00e4ieliku turvalisuse, kaitstes teie telefoni iga nurka. Hall v\u00e4rv lisab modernsust ja elegantsi, muutes selle erakordselt stiilseks. Uuenduslik disain See \u00fcmbris mitte ainult ei kaitse teie [&#8230;]\n","protected":false},"featured_media":31858,"comment_status":"open","ping_status":"closed","template":"","meta":[],"product_brand":[443],"product_cat":[1248],"product_tag":[],"class_list":{"0":"post-31857","1":"product","2":"type-product","3":"status-publish","4":"has-post-thumbnail","6":"product_brand-joyroom","7":"product_cat-protective-cases-for-smartphones-cases-gsm-accessories","9":"first","10":"outofstock","11":"taxable","12":"shipping-taxable","13":"purchasable","14":"product-type-simple"},"aioseo_notices":[],"_links":{"self":[{"href":"https:\/\/asura.lv\/et\/wp-json\/wp\/v2\/product\/31857","targetHints":{"allow":["GET"]}}],"collection":[{"href":"https:\/\/asura.lv\/et\/wp-json\/wp\/v2\/product"}],"about":[{"href":"https:\/\/asura.lv\/et\/wp-json\/wp\/v2\/types\/product"}],"replies":[{"embeddable":true,"href":"https:\/\/asura.lv\/et\/wp-json\/wp\/v2\/comments?post=31857"}],"wp:featuredmedia":[{"embeddable":true,"href":"https:\/\/asura.lv\/et\/wp-json\/wp\/v2\/media\/31858"}],"wp:attachment":[{"href":"https:\/\/asura.lv\/et\/wp-json\/wp\/v2\/media?parent=31857"}],"wp:term":[{"taxonomy":"product_brand","embeddable":true,"href":"https:\/\/asura.lv\/et\/wp-json\/wp\/v2\/product_brand?post=31857"},{"taxonomy":"product_cat","embeddable":true,"href":"https:\/\/asura.lv\/et\/wp-json\/wp\/v2\/product_cat?post=31857"},{"taxonomy":"product_tag","embeddable":true,"href":"https:\/\/asura.lv\/et\/wp-json\/wp\/v2\/product_tag?post=31857"}],"curies":[{"name":"wp","href":"https:\/\/api.w.org\/{rel}","templated":true}]}}