{"id":31971,"date":"2025-11-28T21:10:47","date_gmt":"2025-11-28T21:10:47","guid":{"rendered":"https:\/\/asura.lv\/product\/smart-visual-ear-clean-rod-bebird-r1-white\/"},"modified":"2025-12-12T14:58:45","modified_gmt":"2025-12-12T12:58:45","slug":"smart-visual-ear-clean-rod-bebird-r1-white","status":"publish","type":"product","link":"https:\/\/asura.lv\/et\/toode\/smart-visual-ear-clean-rod-bebird-r1-white\/","title":{"rendered":"Nutikas visuaalne k\u00f5rvapuhastuspulk Bebird R1 valge"},"content":{"rendered":"<h3>Bebird R1 k\u00f5rvapuhastus-otoskoop kaameraga (valge)<\/h3>\n<p>Taga t\u00e4ielik ohutus k\u00f5rvade p\u00f5hjalikul puhastamisel. Bebird R1 otoskoop on varustatud endoskoopilise kaameraga, mis kasutab CMOS-andurit ja toetab 8 MP HD-eraldusv\u00f5imet. Spetsiaalse Bebird rakenduse abil saate ohutult vaadata oma kuulmek\u00e4iku sisemust, et v\u00e4ltida selle kahjustamist hoolduse ajal. Wi-Fi kiip tagab stabiilse \u00fchenduse ja silikoonots garanteerib ohutu kasutamise. Lisaks muudab LED-valgustus rutiinse puhastamise lihtsamaks. Komplekt sisaldab erinevaid tarvikuid seadme funktsionaalsuse t\u00e4iustamiseks.<\/p>\n<p><img decoding=\"async\" src=\"https:\/\/b2b.innpro.pl\/data\/include\/cms\/Bebird\/Bebird-R1\/1.jpg\" alt=\"Bebird\/Bebird-R1\/1\"><\/p>\n<h3>K\u00f5rvak\u00e4igu sisevaade<\/h3>\n<p>Astuge moodsa k\u00f5rvahoolduse ajastusse ja hoolitsege oma k\u00f5rvade eest Bebirdiga. R1 otoskoop on varustatud kaameraga, mis toetab 800 W HD-eraldusv\u00f5imet, mille tulemuseks on kvaliteetsed pildid. See v\u00f5imaldab teil kuulmek\u00e4iku p\u00f5hjalikult anal\u00fc\u00fcsida ja k\u00f5rvavaiku t\u00e4pselt eemaldada ilma kahjustuste riskita. Spetsiaalne Bebirdi rakendus, mis on saadaval App Store&#8217;is ja Google Play&#8217;s, pakub kaamera pildi reaalajas vaatamist. Kvaliteetse WiFi-kiibi abil on \u00fchendus alati stabiilne ja puhastusprotsess katkematu. Lisaks tagab 6-teljeline g\u00fcroskoop usaldusv\u00e4\u00e4rse pildistabilisaatori ja 20 kaadrit sekundis kiirus v\u00f5imaldab kuulmek\u00e4igu sisemust sujuvalt j\u00e4lgida.<\/p>\n<p><img decoding=\"async\" src=\"https:\/\/b2b.innpro.pl\/data\/include\/cms\/Bebird\/Bebird-R1\/5.jpg\" alt=\"Bebird\/Bebird-R1\/5\"><\/p>\n<h3>LED-valgustus<\/h3>\n<p>Bebird R1 otoskoop pakub varjudeta LED-valgustust, mis on varustatud 6 dioodiga, pakkudes jahedat valgust. See v\u00f5imaldab teil mugavalt uurida oma k\u00f5rva sisemust ja tagab, et puhastamise ajal ei j\u00e4\u00e4 \u00fckski osa puutumata. Valgustus koos kvaliteetse kaameraga v\u00f5imaldab uurida ka k\u00f5rva sees olevaid v\u00e4ikseimaid detaile ja struktuure.<\/p>\n<p><img decoding=\"async\" src=\"https:\/\/b2b.innpro.pl\/data\/include\/cms\/Bebird\/Bebird-R1\/3.jpg\" alt=\"Bebird\/Bebird-R1\/3\"><\/p>\n<h3>Ohutu kasutamine<\/h3>\n<p>Kaasasolev k\u00f5rvalusikas on valmistatud pehmest ja nahas\u00f5bralikust silikoonist, mis vastab rangetele toidukvaliteedi n\u00f5uetele. \u00dcmar Q-kujuline disain muudab k\u00f5rvade puhastamise lihtsaks ja ohutuks. Lisaks v\u00e4listab seadme libisemisvastane struktuur k\u00e4te libisemise ja k\u00f5rvavigastuste ohu. Komplekt sisaldab ka praktilisi ja vahetatavaid tarvikuid, mis v\u00f5imaldavad Bebird R1 otoskoopi h\u00fcgieeniliselt mitmel inimesel kasutada.<\/p>\n<p><img decoding=\"async\" src=\"https:\/\/b2b.innpro.pl\/data\/include\/cms\/Bebird\/Bebird-R1\/4.jpg\" alt=\"Bebird\/Bebird-R1\/4\"><\/p>\n<h3>T\u00f5hus aku<\/h3>\n<p>180 mAh akuga saab Bebird R1 otoskoop \u00fche laadimisega t\u00f6\u00f6tada 70 minutit. Laadimisaeg on vaid \u00fcks tund. Seet\u00f5ttu saate nautida igak\u00fclgset k\u00f5rvahooldust ilma seadet sageli laadimata.<\/p>\n<p><img decoding=\"async\" src=\"https:\/\/b2b.innpro.pl\/data\/include\/cms\/Bebird\/Bebird-R1\/7.jpg\" alt=\"Bebird\/Bebird-R1\/7\"><\/p>\n<h3>Komplekti kuulub:<\/h3>\n<ul>\n<li>Otoskoop kaameraga<\/li>\n<li>K\u00f5rvalusikas<\/li>\n<li>Vatitikku<\/li>\n<li>Laadimiskaabel<\/li>\n<li>Hoiutubul<\/li>\n<\/ul>\n<div class=\"table-wrapper\">\n<table>\n<tbody>\n<tr>\n<th>Tootja<\/th>\n<td>Bebird<\/td>\n<\/tr>\n<tr>\n<th>Mudel<\/th>\n<td>R1<\/td>\n<\/tr>\n<tr>\n<th>Pikslid<\/th>\n<td>8 megapikslit<\/td>\n<\/tr>\n<tr>\n<th>Objektiivi l\u00e4bim\u00f5\u00f5t<\/th>\n<td>3,5 mm<\/td>\n<\/tr>\n<tr>\n<th>Optimaalne fookuskaugus<\/th>\n<td>12 ~ 15 mm<\/td>\n<\/tr>\n<tr>\n<th>G\u00fcroskoop<\/th>\n<td>6-teljeline<\/td>\n<\/tr>\n<tr>\n<th>Pildi edastuskiirus<\/th>\n<td>20 kaadrit sekundis<\/td>\n<\/tr>\n<tr>\n<th>Pildisensor<\/th>\n<td>CMOS<\/td>\n<\/tr>\n<tr>\n<th>T\u00f6\u00f6sagedus<\/th>\n<td>2,4 GHz<\/td>\n<\/tr>\n<tr>\n<th>V\u00f5rgustandard<\/th>\n<td>IEEE 802.11b\/g\/n<\/td>\n<\/tr>\n<tr>\n<th>Aku mahtuvus<\/th>\n<td>180 mAh<\/td>\n<\/tr>\n<tr>\n<th>T\u00f6\u00f6aeg<\/th>\n<td>Ligikaudu 70 minutit<\/td>\n<\/tr>\n<tr>\n<th>Laadimisaeg<\/th>\n<td>Ligikaudu 60 minutit<\/td>\n<\/tr>\n<tr>\n<th>T\u00f6\u00f6temperatuur<\/th>\n<td>-10 kuni 45 \u00b0C<\/td>\n<\/tr>\n<tr>\n<th>Sisendparameetrid<\/th>\n<td>DC5V 0.5A<\/td>\n<\/tr>\n<tr>\n<th>K\u00f5rvalusika kaal<\/th>\n<td>13 g<\/td>\n<\/tr>\n<tr>\n<th>V\u00e4rv<\/th>\n<td>Valge<\/td>\n<\/tr>\n<\/tbody>\n<\/table>\n<\/div>\n","protected":false},"excerpt":{"rendered":"<p>Bebird R1 k\u00f5rvapuhastus-otoskoop kaameraga (valge) Taga t\u00e4ielik ohutus k\u00f5rvade p\u00f5hjalikul puhastamisel. Bebird R1 otoskoop on varustatud endoskoopilise kaameraga, mis kasutab CMOS-andurit ja toetab 8 MP HD-eraldusv\u00f5imet. Spetsiaalse Bebird rakenduse abil saate ohutult vaadata oma kuulmek\u00e4iku sisemust, et v\u00e4ltida selle kahjustamist hoolduse ajal. Wi-Fi kiip tagab stabiilse \u00fchenduse ja silikoonots garanteerib ohutu kasutamise. Lisaks muudab LED-valgustus [&#8230;]\n","protected":false},"featured_media":31972,"comment_status":"open","ping_status":"closed","template":"","meta":[],"product_brand":[557],"product_cat":[1095],"product_tag":[],"class_list":{"0":"post-31971","1":"product","2":"type-product","3":"status-publish","4":"has-post-thumbnail","6":"product_brand-bebird","7":"product_cat-otoscopes","9":"first","10":"outofstock","11":"taxable","12":"shipping-taxable","13":"purchasable","14":"product-type-simple"},"aioseo_notices":[],"_links":{"self":[{"href":"https:\/\/asura.lv\/et\/wp-json\/wp\/v2\/product\/31971","targetHints":{"allow":["GET"]}}],"collection":[{"href":"https:\/\/asura.lv\/et\/wp-json\/wp\/v2\/product"}],"about":[{"href":"https:\/\/asura.lv\/et\/wp-json\/wp\/v2\/types\/product"}],"replies":[{"embeddable":true,"href":"https:\/\/asura.lv\/et\/wp-json\/wp\/v2\/comments?post=31971"}],"wp:featuredmedia":[{"embeddable":true,"href":"https:\/\/asura.lv\/et\/wp-json\/wp\/v2\/media\/31972"}],"wp:attachment":[{"href":"https:\/\/asura.lv\/et\/wp-json\/wp\/v2\/media?parent=31971"}],"wp:term":[{"taxonomy":"product_brand","embeddable":true,"href":"https:\/\/asura.lv\/et\/wp-json\/wp\/v2\/product_brand?post=31971"},{"taxonomy":"product_cat","embeddable":true,"href":"https:\/\/asura.lv\/et\/wp-json\/wp\/v2\/product_cat?post=31971"},{"taxonomy":"product_tag","embeddable":true,"href":"https:\/\/asura.lv\/et\/wp-json\/wp\/v2\/product_tag?post=31971"}],"curies":[{"name":"wp","href":"https:\/\/api.w.org\/{rel}","templated":true}]}}