{"id":32097,"date":"2025-11-28T21:10:37","date_gmt":"2025-11-28T21:10:37","guid":{"rendered":"https:\/\/asura.lv\/product\/zigbee-human-presence-sensor-sonoff-snzb-06p\/"},"modified":"2025-12-12T14:58:39","modified_gmt":"2025-12-12T12:58:39","slug":"zigbee-human-presence-sensor-sonoff-snzb-06p","status":"publish","type":"product","link":"https:\/\/asura.lv\/et\/toode\/zigbee-human-presence-sensor-sonoff-snzb-06p\/","title":{"rendered":"ZigBee inimese kohaloleku andur Sonoff SNZB-06P"},"content":{"rendered":"<h3>SONOFF SNZB-06P ZigBee inimese kohaloleku andur<\/h3>\n<p><p>SONOFF SNZB-06P on t\u00e4iustatud andur, mis on loodud inimeste kohaloleku tuvastamiseks ning valgustuse ja energiahalduse optimeerimiseks meie kodudes. Kasutades 5,8 GHz mikrolaineradarit, tuvastab see intelligentne andur mitte ainult liikumist, vaid ka paigal seisvaid inimesi, l\u00fclitades tuled automaatselt sisse ja hoides neid teie mugavuse huvides p\u00f5lemas. Selle ainulaadne v\u00f5ime t\u00f6\u00f6tada ilma internetita, mitmek\u00fclgne \u00fchilduvus platvormidega ja energias\u00e4\u00e4stufunktsioonid muudavad selle iga nutika kodu oluliseks komponendiks.<\/p>\n<\/p>\n<p><img decoding=\"async\" src=\"https:\/\/assets.innpro.pl\/2634\/2807\/2.jpg\" border=\"0\" alt=\"\"><\/p>\n<h3>Mikro-mikrolaine radaril p\u00f5hinev kohaloleku tuvastamine<\/h3>\n<p><p>5,8 GHz mikrolaineradariga varustatud SONOFF SNZB-06P suudab tuvastada isegi v\u00e4ikseimat liikumist, sealhulgas hingamist ja s\u00fcdamel\u00f6\u00f6ke. See t\u00e4iustatud tehnoloogia tagab, et tuled aktiveeritakse ainult vajadusel, mis toob kaasa m\u00e4rkimisv\u00e4\u00e4rse energias\u00e4\u00e4stu.<\/p>\n<\/p>\n<p><img decoding=\"async\" src=\"https:\/\/assets.innpro.pl\/2634\/2807\/6.jpg\" border=\"0\" alt=\"\"><\/p>\n<h3>Energiat\u00f5hus valgusandur<\/h3>\n<p><p>Sisseehitatud valgusandur tagab, et valgustus l\u00fclitub sisse ainult pimedas keskkonnas. See pole mitte ainult mugav, vaid aitab ka oluliselt v\u00e4hendada energiatarbimist.<\/p>\n<\/p>\n<p><img decoding=\"async\" src=\"https:\/\/assets.innpro.pl\/2634\/2807\/1.jpg\" border=\"0\" alt=\"\"><\/p>\n<h3>Zigbee 3.0 \u00fchilduvus<\/h3>\n<p><p>Andur \u00fchildub t\u00e4ielikult Zigbee 3.0 jaoturitega, v\u00f5imaldades sujuvat integratsiooni erinevate koduautomaatika s\u00fcsteemidega, sealhulgas populaarsete mudelitega nagu SONOFF ja Echo Plus 2nd, pakkudes lihtsat ja t\u00f5husat koduvalgustuse juhtimist.<\/p>\n<\/p>\n<p><img decoding=\"async\" src=\"https:\/\/assets.innpro.pl\/2634\/2807\/5.jpg\" border=\"0\" alt=\"\"><\/p>\n<h3>Kohaliku nutika stseeni tugi<\/h3>\n<p><p>Ainulaadne kohaliku nutika stseeni funktsioon v\u00f5imaldab luua ja hallata stseene Zigbee seadmete vahel isegi ilma interneti\u00fchenduseta. See tagab s\u00fcsteemi t\u00f6\u00f6kindluse ja j\u00e4rjepidevuse olenemata v\u00f5rgu saadavusest.<\/p>\n<\/p>\n<p><img decoding=\"async\" src=\"https:\/\/assets.innpro.pl\/2634\/2807\/8.jpg\" border=\"0\" alt=\"\"><\/p>\n<h3>Mitme platvormi tugi<\/h3>\n<p><p>SNZB-06P toetab mitut platvormi, sealhulgas Alexat, Google Home&#8217;i, Smartthingsit, Alice&#8217;it, IFTTT-d ja Home Assistantit. See mitmek\u00fclgsus v\u00f5imaldab paindlikku integratsiooni erinevate \u00f6kos\u00fcsteemide ja platvormidega, andes kasutajatele vabaduse valida ja kohandada vastavalt oma individuaalsetele eelistustele.<\/p>\n<\/p>\n<p><img decoding=\"async\" src=\"https:\/\/assets.innpro.pl\/2634\/2807\/3.jpg\" border=\"0\" alt=\"\"><\/p>\n<div class=\"table-wrapper\">\n<p>&nbsp;<\/p>\n<h3>Spetsifikatsioonid:<\/h3>\n<table>\n<tbody>\n<tr>\n<th>Br\u00e4nd <\/th>\n<td>Sonoff <\/td>\n<\/tr>\n<tr>\n<th>Mudel <\/th>\n<td>SNZB-06P<\/td>\n<\/tr>\n<tr>\n<th>MCU <\/th>\n<td>EFR32MG22 <\/td>\n<\/tr>\n<tr>\n<th>Sisend <\/th>\n<td>5V <\/td>\n<\/tr>\n<tr>\n<th>Liides <\/th>\n<td>T\u00fc\u00fcp C <\/td>\n<\/tr>\n<tr>\n<th>V\u00e4rv <\/th>\n<td>Valge <\/td>\n<\/tr>\n<tr>\n<th>M\u00f5\u00f5tmed <\/th>\n<td>44,2 x 44,2 x 59 mm<\/td>\n<\/tr>\n<tr>\n<th>Kaal <\/th>\n<td>31 g <\/td>\n<\/tr>\n<tr>\n<th>Materjal <\/th>\n<td>PC, ABS <\/td>\n<\/tr>\n<tr>\n<th>Traadita \u00fchendus <\/th>\n<td>Zigbee 3.0 (IEEE802.15.4)<\/td>\n<\/tr>\n<tr>\n<th>Sidumisaeg <\/th>\n<td>180 s <\/td>\n<\/tr>\n<tr>\n<th>T\u00f6\u00f6kaugus <\/th>\n<td>30 m<\/td>\n<\/tr>\n<tr>\n<th>Rakendus <\/th>\n<td>Siseruumides <\/td>\n<\/tr>\n<tr>\n<th>T\u00f6\u00f6temperatuur <\/th>\n<td>-10 \u00b0C ~ 60 \u00b0C<\/td>\n<\/tr>\n<tr>\n<th>T\u00f6\u00f6niiskus <\/th>\n<td>0 ~ 90% suhteline \u00f5huniiskus<\/td>\n<\/tr>\n<tr>\n<th>T\u00f6\u00f6k\u00f5rgus <\/th>\n<td>kuni 5000 m <\/td>\n<\/tr>\n<tr>\n<th>Sertifikaadid <\/th>\n<td>CE\/FCC\/ISED\/RoHS<\/td>\n<\/tr>\n<tr>\n<th>Vastavusstandard <\/th>\n<td>EN IEC 62368-1<\/td>\n<\/tr>\n<tr>\n<th><\/th>\n<td><\/td>\n<\/tr>\n<\/tbody>\n<\/table>\n<\/div>\n","protected":false},"excerpt":{"rendered":"<p>SONOFF SNZB-06P ZigBee inimese kohaloleku andur SONOFF SNZB-06P on t\u00e4iustatud andur, mis on loodud inimeste kohaloleku tuvastamiseks ning valgustuse ja energiahalduse optimeerimiseks meie kodudes. Kasutades 5,8 GHz mikrolaineradarit, tuvastab see intelligentne andur mitte ainult liikumist, vaid ka paigal seisvaid inimesi, l\u00fclitades tuled automaatselt sisse ja hoides neid teie mugavuse huvides p\u00f5lemas. Selle ainulaadne v\u00f5ime t\u00f6\u00f6tada [&#8230;]\n","protected":false},"featured_media":32098,"comment_status":"open","ping_status":"closed","template":"","meta":[],"product_brand":[203],"product_cat":[948],"product_tag":[],"class_list":{"0":"post-32097","1":"product","2":"type-product","3":"status-publish","4":"has-post-thumbnail","6":"product_brand-sonoff","7":"product_cat-sensors","9":"first","10":"outofstock","11":"taxable","12":"shipping-taxable","13":"purchasable","14":"product-type-simple"},"aioseo_notices":[],"_links":{"self":[{"href":"https:\/\/asura.lv\/et\/wp-json\/wp\/v2\/product\/32097","targetHints":{"allow":["GET"]}}],"collection":[{"href":"https:\/\/asura.lv\/et\/wp-json\/wp\/v2\/product"}],"about":[{"href":"https:\/\/asura.lv\/et\/wp-json\/wp\/v2\/types\/product"}],"replies":[{"embeddable":true,"href":"https:\/\/asura.lv\/et\/wp-json\/wp\/v2\/comments?post=32097"}],"wp:featuredmedia":[{"embeddable":true,"href":"https:\/\/asura.lv\/et\/wp-json\/wp\/v2\/media\/32098"}],"wp:attachment":[{"href":"https:\/\/asura.lv\/et\/wp-json\/wp\/v2\/media?parent=32097"}],"wp:term":[{"taxonomy":"product_brand","embeddable":true,"href":"https:\/\/asura.lv\/et\/wp-json\/wp\/v2\/product_brand?post=32097"},{"taxonomy":"product_cat","embeddable":true,"href":"https:\/\/asura.lv\/et\/wp-json\/wp\/v2\/product_cat?post=32097"},{"taxonomy":"product_tag","embeddable":true,"href":"https:\/\/asura.lv\/et\/wp-json\/wp\/v2\/product_tag?post=32097"}],"curies":[{"name":"wp","href":"https:\/\/api.w.org\/{rel}","templated":true}]}}