{"id":32115,"date":"2025-11-28T21:10:34","date_gmt":"2025-11-28T21:10:34","guid":{"rendered":"https:\/\/asura.lv\/product\/tempered-glass-joyroom-hq-z33-iphone-15-with-black-edge\/"},"modified":"2025-12-12T14:58:37","modified_gmt":"2025-12-12T12:58:37","slug":"tempered-glass-joyroom-hq-z33-iphone-15-with-black-edge","status":"publish","type":"product","link":"https:\/\/asura.lv\/et\/toode\/tempered-glass-joyroom-hq-z33-iphone-15-with-black-edge\/","title":{"rendered":"Karastatud klaasist Joyroom HQ-Z33 iPhone 15 musta servaga"},"content":{"rendered":"<h3>Joyroom HQ-Z33 karastatud klaas iPhone 15-le musta raamiga<\/h3>\n<p>Kasutage oma nutitelefoni ilma selle turvalisuse p\u00e4rast muretsemata. Joyroom HQ-Z33 karastatud klaas pakub Apple&#8217;i telefonidele igak\u00fclgset ekraanikaitset. See on vastupidav rasvastele plekkidele ja seda on lihtne paigaldada. See ei sega filmide vaatamist ega fotode tegemist, kuna see pakub suurep\u00e4rast selgust. Lisaks on sellel l\u00e4bim\u00f5eldud disain musta raamiga.<\/p>\n<p><img decoding=\"async\" src=\"https:\/\/assets.innpro.pl\/2613\/2788\/2.jpg\" border=\"0\" alt=\"\"><\/p>\n<div class=\"table-wrapper\">\n<h3><\/h3>\n<table>\n<tbody>\n<tr>\n<th>Tootja<\/th>\n<td>Joyroom<\/td>\n<\/tr>\n<tr>\n<th>Mudel<\/th>\n<td>HQ-Z33<\/td>\n<\/tr>\n<tr>\n<th>\u00dchilduvus<\/th>\n<td>iPhone 15<\/td>\n<\/tr>\n<\/tbody>\n<\/table>\n<\/div>\n","protected":false},"excerpt":{"rendered":"<p>Joyroom HQ-Z33 karastatud klaas iPhone 15-le musta raamiga Kasutage oma nutitelefoni ilma selle turvalisuse p\u00e4rast muretsemata. Joyroom HQ-Z33 karastatud klaas pakub Apple&#8217;i telefonidele igak\u00fclgset ekraanikaitset. See on vastupidav rasvastele plekkidele ja seda on lihtne paigaldada. See ei sega filmide vaatamist ega fotode tegemist, kuna see pakub suurep\u00e4rast selgust. Lisaks on sellel l\u00e4bim\u00f5eldud disain musta raamiga. [&#8230;]\n","protected":false},"featured_media":32116,"comment_status":"open","ping_status":"closed","template":"","meta":[],"product_brand":[443],"product_cat":[1317],"product_tag":[],"class_list":{"0":"post-32115","1":"product","2":"type-product","3":"status-publish","4":"has-post-thumbnail","6":"product_brand-joyroom","7":"product_cat-for-smartphones-tempered-glass-and-screen-protectors-gsm-accessories","9":"first","10":"outofstock","11":"taxable","12":"shipping-taxable","13":"purchasable","14":"product-type-simple"},"aioseo_notices":[],"_links":{"self":[{"href":"https:\/\/asura.lv\/et\/wp-json\/wp\/v2\/product\/32115","targetHints":{"allow":["GET"]}}],"collection":[{"href":"https:\/\/asura.lv\/et\/wp-json\/wp\/v2\/product"}],"about":[{"href":"https:\/\/asura.lv\/et\/wp-json\/wp\/v2\/types\/product"}],"replies":[{"embeddable":true,"href":"https:\/\/asura.lv\/et\/wp-json\/wp\/v2\/comments?post=32115"}],"wp:featuredmedia":[{"embeddable":true,"href":"https:\/\/asura.lv\/et\/wp-json\/wp\/v2\/media\/32116"}],"wp:attachment":[{"href":"https:\/\/asura.lv\/et\/wp-json\/wp\/v2\/media?parent=32115"}],"wp:term":[{"taxonomy":"product_brand","embeddable":true,"href":"https:\/\/asura.lv\/et\/wp-json\/wp\/v2\/product_brand?post=32115"},{"taxonomy":"product_cat","embeddable":true,"href":"https:\/\/asura.lv\/et\/wp-json\/wp\/v2\/product_cat?post=32115"},{"taxonomy":"product_tag","embeddable":true,"href":"https:\/\/asura.lv\/et\/wp-json\/wp\/v2\/product_tag?post=32115"}],"curies":[{"name":"wp","href":"https:\/\/api.w.org\/{rel}","templated":true}]}}