{"id":32217,"date":"2025-11-28T21:10:25","date_gmt":"2025-11-28T21:10:25","guid":{"rendered":"https:\/\/asura.lv\/product\/filter-nano-x-37-mm-xv40-kf-concept\/"},"modified":"2025-12-12T14:58:30","modified_gmt":"2025-12-12T12:58:30","slug":"filter-nano-x-37-mm-xv40-kf-concept","status":"publish","type":"product","link":"https:\/\/asura.lv\/et\/toode\/filter-nano-x-37-mm-xv40-kf-concept\/","title":{"rendered":"Nano-X 37 mm XV40 K&#038;F Concept filter"},"content":{"rendered":"<h3>K&#038;F Concept Nano-X 37mm XV40 ND8-ND128 filter<\/h3>\n<p>Saavuta veelgi paremad fototulemused K&#038;F Concept filtriga. Toode k\u00f5rvaldab X-efekti ja hoiab \u00e4ra helkimise. See sobib h\u00e4sti vee v\u00f5i d\u00fcnaamiliste objektide pildistamiseks ning selle vastupidav konstruktsioon tagab vastupidavuse kahjustustele.<\/p>\n<p><img decoding=\"async\" src=\"https:\/\/b2b.innpro.pl\/data\/include\/cms\/KF-Concept\/KF01.1443\/5.jpg\" alt=\"KF-Concept\/KF01.1443\/5\"><\/p>\n<h3>ND8-ND128 filtrid<\/h3>\n<p>Filtrit saab reguleerida vahemikus ND8 kuni ND128, kontrollides seega objektiivi siseneva valguse hulka. See sobib ideaalselt j\u00f5gede, jugade v\u00f5i liikuvate objektide pildistamiseks ning v\u00f5imaldab j\u00e4\u00e4dvustada h\u00e4gususe efekti.<\/p>\n<p><img decoding=\"async\" src=\"https:\/\/b2b.innpro.pl\/data\/include\/cms\/KF-Concept\/KF01.1443\/1.jpg\" alt=\"KF-Concept\/KF01.1443\/1\"><\/p>\n<h3>L\u00e4bim\u00f5eldud disain<\/h3>\n<p>Filter on loodud kvaliteetsest AGC-klaasist ja seda iseloomustab k\u00f5rge valguse l\u00e4bilaskvus. Lisaks koosneb see 28 nano-kattekihist, mis kaitsevad vee, kriimustuste ja pimestamise eest. Libisemiskindel disain muudab paigaldamise ja eemaldamise lihtsaks ning nutikas disain on v\u00e4ltinud X-efekti, mis tekib filtriastmete \u00fcksteise ristumisel. <\/p>\n<p><img decoding=\"async\" src=\"https:\/\/b2b.innpro.pl\/data\/include\/cms\/KF-Concept\/KF01.1443\/2.jpg\" alt=\"KF-Concept\/KF01.1443\/2\"><\/p>\n<div class=\"table-wrapper\">\n<table>\n<tbody>\n<tr>\n<th>Tootja<\/th>\n<td>K&#038;F Concept<\/td>\n<\/tr>\n<tr>\n<th>Mudel<\/th>\n<td>KF01.1443<\/td>\n<\/tr>\n<tr>\n<th>T\u00fc\u00fcp <\/th>\n<td>ND8-ND128<\/td>\n<\/tr>\n<tr>\n<th>Paksus<\/th>\n<td>7,4 mm<\/td>\n<\/tr>\n<tr>\n<th>L\u00e4bim\u00f5\u00f5t<\/th>\n<td>37 mm<\/td>\n<\/tr>\n<\/tbody>\n<\/table>\n<\/div>\n","protected":false},"excerpt":{"rendered":"<p>K&#038;F Concept Nano-X 37mm XV40 ND8-ND128 filter Saavuta veelgi paremad fototulemused K&#038;F Concept filtriga. Toode k\u00f5rvaldab X-efekti ja hoiab \u00e4ra helkimise. See sobib h\u00e4sti vee v\u00f5i d\u00fcnaamiliste objektide pildistamiseks ning selle vastupidav konstruktsioon tagab vastupidavuse kahjustustele. ND8-ND128 filtrid Filtrit saab reguleerida vahemikus ND8 kuni ND128, kontrollides seega objektiivi siseneva valguse hulka. See sobib ideaalselt j\u00f5gede, [&#8230;]\n","protected":false},"featured_media":32218,"comment_status":"open","ping_status":"closed","template":"","meta":[],"product_brand":[554],"product_cat":[1227],"product_tag":[],"class_list":{"0":"post-32217","1":"product","2":"type-product","3":"status-publish","4":"has-post-thumbnail","6":"product_brand-kf-concept","7":"product_cat-other-accessories-photo-and-cameras","9":"first","10":"outofstock","11":"taxable","12":"shipping-taxable","13":"purchasable","14":"product-type-simple"},"aioseo_notices":[],"_links":{"self":[{"href":"https:\/\/asura.lv\/et\/wp-json\/wp\/v2\/product\/32217","targetHints":{"allow":["GET"]}}],"collection":[{"href":"https:\/\/asura.lv\/et\/wp-json\/wp\/v2\/product"}],"about":[{"href":"https:\/\/asura.lv\/et\/wp-json\/wp\/v2\/types\/product"}],"replies":[{"embeddable":true,"href":"https:\/\/asura.lv\/et\/wp-json\/wp\/v2\/comments?post=32217"}],"wp:featuredmedia":[{"embeddable":true,"href":"https:\/\/asura.lv\/et\/wp-json\/wp\/v2\/media\/32218"}],"wp:attachment":[{"href":"https:\/\/asura.lv\/et\/wp-json\/wp\/v2\/media?parent=32217"}],"wp:term":[{"taxonomy":"product_brand","embeddable":true,"href":"https:\/\/asura.lv\/et\/wp-json\/wp\/v2\/product_brand?post=32217"},{"taxonomy":"product_cat","embeddable":true,"href":"https:\/\/asura.lv\/et\/wp-json\/wp\/v2\/product_cat?post=32217"},{"taxonomy":"product_tag","embeddable":true,"href":"https:\/\/asura.lv\/et\/wp-json\/wp\/v2\/product_tag?post=32217"}],"curies":[{"name":"wp","href":"https:\/\/api.w.org\/{rel}","templated":true}]}}