{"id":32313,"date":"2025-11-28T21:07:35","date_gmt":"2025-11-28T21:07:35","guid":{"rendered":"https:\/\/asura.lv\/product\/earphones-tws-earfun-air-pro-3-anc-blue\/"},"modified":"2025-12-12T14:55:50","modified_gmt":"2025-12-12T12:55:50","slug":"earphones-tws-earfun-air-pro-3-anc-blue","status":"publish","type":"product","link":"https:\/\/asura.lv\/et\/toode\/earphones-tws-earfun-air-pro-3-anc-blue\/","title":{"rendered":"K\u00f5rvaklapid TWS EarFun Air Pro 3, ANC (sinine)"},"content":{"rendered":"<h3>K\u00f5rvaklapid TWS EarFun Air Pro 3, ANC (sinine)<\/h3>\n<p>Avastage oma lemmiklaulud uuesti TWS EarFun Air Pro 3 k\u00f5rvaklappidega. Need k\u00f5rvaklapid toetavad Qualcomm aptX Adaptive koodekit ja on varustatud 11 mm titaanist draiveritega, mis pakuvad fantastilist helikvaliteeti. Need kasutavad ANC Quiet Smart 2.0 tehnoloogiat ja cVc 8.0 m\u00fcrasummutuss\u00fcsteemi, mis v\u00f5imaldab teil muusikat kuulata ja telefonik\u00f5nesid pidada isegi m\u00fcrarikkas keskkonnas. Neil on ka sisseehitatud mikrofonid ning Bluetooth 5.3 tagab usaldusv\u00e4\u00e4rse ja v\u00e4lkkiire signaaliedastuse. K\u00f5rvaklappide ergonoomiline disain tagab unistava kasutusmugavuse ning puutepaneelid muudavad nende kasutamise lihtsaks.<\/p>\n<p><img decoding=\"async\" src=\"https:\/\/b2b.innpro.pl\/data\/include\/cms\/Earfun\/TW500L\/1.jpg\" border=\"0\" alt=\"Earfun\/TW500L\/1\" \/><\/p>\n<h3>Kuule iga detaili<\/h3>\n<p>Armu uuesti muusikasse Air Pro 3 k\u00f5rvaklappidega. Need k\u00f5rvaklapid on varustatud 11 mm titaanist draiveritega, mis tagavad k\u00f5rge helikvaliteedi. Seet\u00f5ttu saad nautida kristallselget ja rikkalikult detailset heli ning s\u00fcgavat ja v\u00f5imsat bassi. N\u00fc\u00fcd v\u00f5id tunda end nagu kontserdil k\u00f5ikjal!<\/p>\n<p><img decoding=\"async\" src=\"https:\/\/b2b.innpro.pl\/data\/include\/cms\/Earfun\/TW500L\/9.jpg\" border=\"0\" alt=\"Earfun\/TW500L\/9\" \/><\/p>\n<h3>Sukeldu muusikasse<\/h3>\n<p>Unustage t\u00fc\u00fctu m\u00fcra ja suurendage oma muusikakuulamise naudingut! Air Pro 3 mudel kasutab h\u00fcbriidset ANC Quiet Smart 2.0 m\u00fcrasummutust, mis summutab usaldusv\u00e4\u00e4rselt v\u00e4liseid helisid kuni 43 dB. Seega saate oma lemmik esitusloendit segamatult kuulata, olenemata teie asukohast \u2013 miski ei j\u00e4\u00e4 n\u00fc\u00fcd teie teele ette!<\/p>\n<p><img decoding=\"async\" src=\"https:\/\/b2b.innpro.pl\/data\/include\/cms\/Earfun\/TW500L\/3.jpg\" border=\"0\" alt=\"Earfun\/TW500L\/3\" \/><\/p>\n<h3>K\u00f5nede jaoks loodud<\/h3>\n<p>N\u00fc\u00fcd saate telefonik\u00f5nesid pidada isegi erakordselt l\u00e4rmakates kohtades! Igal k\u00f5rvaklapil on kuni 3 sisseehitatud mikrofoni, mis v\u00f5tavad h\u00f5lpsalt kinni iga teie \u00f6eldud s\u00f5na. Samuti toetavad need t\u00e4iustatud cVc 8.0 m\u00fcrasummutuss\u00fcsteemi, mis filtreerib k\u00f5ik soovimatud \u00fcmbritsevad helid. V\u00f5ite olla kindel, et teie vestluskaaslased kuulevad k\u00f5ike, mida teil \u00f6elda on.<\/p>\n<p><img decoding=\"async\" src=\"https:\/\/b2b.innpro.pl\/data\/include\/cms\/Earfun\/TW500L\/8.jpg\" border=\"0\" alt=\"Earfun\/TW500L\/8\" \/><\/p>\n<h3>Usaldusv\u00e4\u00e4rne \u00fchendus<\/h3>\n<p>J\u00e4tke katkestustega h\u00fcvasti ja nautige stabiilset traadita \u00fchendust. Air Pro 3 kasutab uuenduslikku Bluetooth 5.3 tehnoloogiat, mis tagab kiire ja stabiilse \u00fchenduse valitud seadmega v\u00e4iksema energiatarbimisega. Lisaks saate need \u00fchendada kahe seadmega korraga.<\/p>\n<p><img decoding=\"async\" src=\"https:\/\/b2b.innpro.pl\/data\/include\/cms\/Earfun\/TW500L\/5.jpg\" border=\"0\" alt=\"Earfun\/TW500L\/5\" \/><\/p>\n<h3>Kuni 45 t\u00f6\u00f6tundi<\/h3>\n<p>Kuulake muusikat piiranguteta. Sisseehitatud aku pakub kuni 9 tundi katkematut t\u00f6\u00f6aega. Lisaks saate seda aega komplekti kuuluva \u00fcmbrise abil pikendada tervelt 36 tunni v\u00f5rra. See toetab ka kiirlaadimist, seega umbes 10 minutit on piisav, et saaksid veel 90 minutit muusikat m\u00e4ngida. Laadimis\u00fcmbrist saab laadida nii USB-C-kaabli (kaasas) kaudu kui ka juhtmevabalt.<\/p>\n<p><img decoding=\"async\" src=\"https:\/\/b2b.innpro.pl\/data\/include\/cms\/Earfun\/TW500L\/2.jpg\" border=\"0\" alt=\"Earfun\/TW500L\/2\" \/><\/p>\n<h3>Mugavust silmas pidades<\/h3>\n<p>EarFun on k\u00f5rvaklapid disaininud nii, et need pakuksid kasutajatele maksimaalset mugavust. Air Pro 3 kohandub ideaalselt k\u00f5rva kujuga ega tekita ebamugavust isegi tundidepikkuse muusika kuulamise ajal. Komplekti kuulub ka 4 paari erineva suurusega vahetatavaid k\u00f5rvaotsikuid, mis v\u00f5imaldavad teil neid veelgi paremini oma vajadustele vastavaks reguleerida. Need on ka IPX5 veekindlad, seega ei karda nad vihmapiisku ega higi, ning sisseehitatud puutepaneelid tagavad mugava kasutamise.<\/p>\n<p><img decoding=\"async\" src=\"https:\/\/b2b.innpro.pl\/data\/include\/cms\/Earfun\/TW500L\/6.jpg\" border=\"0\" alt=\"Earfun\/TW500L\/6\" \/><\/p>\n<h3>Spetsiaalne rakendus<\/h3>\n<p>Kas soovite lisav\u00f5imalusi? V\u00f5i olete ehk huvitatud k\u00f5rvaklappide isikup\u00e4rastamisest? Paigaldage spetsiaalne EarFun Audio rakendus, mis on saadaval nii Google Plays kui ka App Store&#8217;is. Selle abil saate juurdep\u00e4\u00e4su ekvalaiseri s\u00e4tetele, kontrollida aku laetuse taset ja muuta puutepaneelide funktsioone.<\/p>\n<p><img decoding=\"async\" src=\"https:\/\/b2b.innpro.pl\/data\/include\/cms\/Earfun\/TW500L\/7.jpg\" border=\"0\" alt=\"Earfun\/TW500L\/7\" \/><\/p>\n<h3>Komplektis<\/h3>\n<ul>\n<li>k\u00f5rvaklapid<\/li>\n<li>laadimis\u00fcmbris<\/li>\n<li>USB-A &#8211; USB-C laadimiskaabel<\/li>\n<li>silikoonist k\u00f5rvaotsad (XS\/S\/M\/L)<\/li>\n<li>kasutusjuhend<\/li>\n<\/ul>\n<div class=\"table-wrapper\">\n<table>\n<tbody>\n<tr>\n<th>Tootja<\/th>\n<td>EarFun<\/td>\n<\/tr>\n<tr>\n<th>Mudel<\/th>\n<td>Air Pro 3<\/td>\n<\/tr>\n<tr>\n<th>V\u00e4rv<\/th>\n<td>sinine<\/td>\n<\/tr>\n<tr>\n<th>Bluetoothi \u200b\u200bversioon<\/th>\n<td>5.3<\/td>\n<\/tr>\n<tr>\n<th>Bluetoothi \u200b\u200bsagedus<\/th>\n<td>2,402 GHz &#8211; 2,480 GHz<\/td>\n<\/tr>\n<tr>\n<th>Bluetoothi \u200b\u200bprofiilid<\/th>\n<td>A2DP, AVRCP, HFP, HSP<\/td>\n<\/tr>\n<tr>\n<th>Bluetoothi \u200b\u200bedastusv\u00f5imsus<\/th>\n<td>Klass 2<\/td>\n<\/tr>\n<tr>\n<th>ANC v\u00e4hendamine Tase<\/th>\n<td>kuni 43 dB<\/td>\n<\/tr>\n<tr>\n<th>Aku t\u00fc\u00fcp<\/th>\n<td>liitiumpol\u00fcmeer<\/td>\n<\/tr>\n<tr>\n<th>Aku t\u00f6\u00f6iga<\/th>\n<td>kuni 45 tundi (laadimis\u00fcmbrisega)<\/td>\n<\/tr>\n<tr>\n<th>Laadimisaeg<\/th>\n<td>umbes 2 tundi (k\u00f5rvaklapid)<\/td>\n<\/tr>\n<tr>\n<th>Laadimist\u00fc\u00fcp<\/th>\n<td>USB-C, traadita<\/td>\n<\/tr>\n<tr>\n<th>Kaal<\/th>\n<td>53 g (laadimis\u00fcmbrisega)<\/td>\n<\/tr>\n<tr>\n<th>Garantii<\/th>\n<td>24 kuud<\/td>\n<\/tr>\n<\/tbody>\n<\/table>\n<\/div>\n","protected":false},"excerpt":{"rendered":"<p>K\u00f5rvaklapid TWS EarFun Air Pro 3, ANC (sinine) Avastage oma lemmiklaulud uuesti TWS EarFun Air Pro 3 k\u00f5rvaklappidega. Need k\u00f5rvaklapid toetavad Qualcomm aptX Adaptive koodekit ja on varustatud 11 mm titaanist draiveritega, mis pakuvad fantastilist helikvaliteeti. Need kasutavad ANC Quiet Smart 2.0 tehnoloogiat ja cVc 8.0 m\u00fcrasummutuss\u00fcsteemi, mis v\u00f5imaldab teil muusikat kuulata ja telefonik\u00f5nesid pidada [&#8230;]\n","protected":false},"featured_media":32314,"comment_status":"open","ping_status":"closed","template":"","meta":[],"product_brand":[399],"product_cat":[954],"product_tag":[],"class_list":{"0":"post-32313","1":"product","2":"type-product","3":"status-publish","4":"has-post-thumbnail","6":"product_brand-earfun","7":"product_cat-tws","9":"first","10":"outofstock","11":"taxable","12":"shipping-taxable","13":"purchasable","14":"product-type-simple"},"aioseo_notices":[],"_links":{"self":[{"href":"https:\/\/asura.lv\/et\/wp-json\/wp\/v2\/product\/32313","targetHints":{"allow":["GET"]}}],"collection":[{"href":"https:\/\/asura.lv\/et\/wp-json\/wp\/v2\/product"}],"about":[{"href":"https:\/\/asura.lv\/et\/wp-json\/wp\/v2\/types\/product"}],"replies":[{"embeddable":true,"href":"https:\/\/asura.lv\/et\/wp-json\/wp\/v2\/comments?post=32313"}],"wp:featuredmedia":[{"embeddable":true,"href":"https:\/\/asura.lv\/et\/wp-json\/wp\/v2\/media\/32314"}],"wp:attachment":[{"href":"https:\/\/asura.lv\/et\/wp-json\/wp\/v2\/media?parent=32313"}],"wp:term":[{"taxonomy":"product_brand","embeddable":true,"href":"https:\/\/asura.lv\/et\/wp-json\/wp\/v2\/product_brand?post=32313"},{"taxonomy":"product_cat","embeddable":true,"href":"https:\/\/asura.lv\/et\/wp-json\/wp\/v2\/product_cat?post=32313"},{"taxonomy":"product_tag","embeddable":true,"href":"https:\/\/asura.lv\/et\/wp-json\/wp\/v2\/product_tag?post=32313"}],"curies":[{"name":"wp","href":"https:\/\/api.w.org\/{rel}","templated":true}]}}