{"id":32391,"date":"2025-11-28T21:07:28","date_gmt":"2025-11-28T21:07:28","guid":{"rendered":"https:\/\/asura.lv\/product\/set-of-filters-nd4-nd8-nd16-nd32-sunnylife-for-insta360-go-3-2\/"},"modified":"2025-12-12T14:55:44","modified_gmt":"2025-12-12T12:55:44","slug":"set-of-filters-nd4-nd8-nd16-nd32-sunnylife-for-insta360-go-3-2","status":"publish","type":"product","link":"https:\/\/asura.lv\/et\/toode\/set-of-filters-nd4-nd8-nd16-nd32-sunnylife-for-insta360-go-3-2\/","title":{"rendered":"Filtrite komplekt ND4, ND8, ND16, ND32 Sunnylife Insta360 GO 3\/2 jaoks"},"content":{"rendered":"<h3>4 Sunnylife ND4 ND8 ND16 ND32 filtri komplekt Insta360 GO 3\/2 jaoks.<\/h3>\n<p>Sunnylife&#8217;i ND-filtrid on suurep\u00e4rane valik neile, kes soovivad oma fotosid ja videoid j\u00e4rgmisele tasemele viia. Komplekt koosneb neljast erineva v\u00e4\u00e4rtusega ND-filtrist, mis v\u00f5imaldavad teil j\u00e4rk-j\u00e4rgult v\u00e4hendada seadme poolt p\u00fc\u00fctud valguse hulka. See v\u00f5imaldab katiku kiirust suurendada, et j\u00e4\u00e4dvustada liikuvaid objekte, \u00f6iseid tulesid huvitaval viisil v\u00f5i lihtsalt v\u00e4ltida foto \u00fcles\u00e4ritamist. Filtrid on valmistatud kvaliteetsest optilisest klaasist ja lennukikvaliteediga alumiiniumist, et pakkuda teile parimat kvaliteeti ja tulemusi. <\/p>\n<p><img decoding=\"async\" src=\"https:\/\/b2b.innpro.pl\/data\/include\/cms\/Sunnylife\/IST-FI9315\/3.jpg\" alt=\"Sunnylife\/IST-FI9315\/3\"><\/p>\n<h3>Kaitsekate<\/h3>\n<p>Mitmekihilise kattega kile abil tagavad filtrid pildi selguse, s\u00e4ilitades realistlikud v\u00e4rvid. Lisaks kaitsevad need objektiivi kriimustuste, niiskuse ja \u00f5liplekkide eest. Need on ideaalne lahendus nii entusiastidele kui ka professionaalidele, kes soovivad igas pildis suurep\u00e4rast kvaliteeti. Filtriraam on valmistatud kergest lennukikvaliteediga alumiiniumist, mis tagab toote tugevuse ja vastupidavuse.<\/p>\n<p><img decoding=\"async\" src=\"https:\/\/b2b.innpro.pl\/data\/include\/cms\/Sunnylife\/IST-FI9315\/2.jpg\" alt=\"Sunnylife\/IST-FI9315\/2\"><\/p>\n<h3>T\u00e4ielik komplekt<\/h3>\n<p>Sunnylife&#8217;i filtrikomplekt on ideaalselt optimeeritud t\u00f6\u00f6tama Insta360 GO 3\/Go 2 kaameraga, tagades mitte ainult ideaalse sobivuse, vaid ka suurep\u00e4rased tulemused. Filtrid on valmistatud alumiiniumist ja optilisest klaasist, mis tagab lisaks kergele kaalule \u2013 ainult 0,8 g \u2013 ka kompaktsed m\u00f5\u00f5tmed 18 x 4 mm, mist\u00f5ttu on neid mugav kasutada ja kaasas kanda. Lisaks sisaldab komplekt elegantset pehme EVA-vahuga polsterdatud \u00fcmbrist, mis tagab filtrite ohutu hoiustamise reisimise ajal.<\/p>\n<p><img decoding=\"async\" src=\"https:\/\/b2b.innpro.pl\/data\/include\/cms\/Sunnylife\/IST-FI9315\/1.jpg\" alt=\"Sunnylife\/IST-FI9315\/1\"><\/p>\n<h3>Komplekti sisu <\/h3>\n<ul>\n<li>ND4 filter x 1<\/li>\n<li>ND8 filter x 1 <\/li>\n<li>ND16 filter x 1 <\/li>\n<li>ND32 filter x 1<\/li>\n<\/ul>\n<div class=\"table-wrapper\">\n<table>\n<tbody>\n<tr>\n<th>Br\u00e4nd <\/th>\n<td>Sunnylife <\/td>\n<\/tr>\n<tr>\n<th>Mudel <\/th>\n<td>IST-FI9315<\/td>\n<\/tr>\n<tr>\n<th>\u00dchilduvus<\/th>\n<td>Insta360 Go 3\/Go 2<\/td>\n<\/tr>\n<tr>\n<th>Materjal<\/th>\n<td>Alumiinium, optiline klaas<\/td>\n<\/tr>\n<\/tbody>\n<\/table>\n<\/div>\n","protected":false},"excerpt":{"rendered":"<p>4 Sunnylife ND4 ND8 ND16 ND32 filtri komplekt Insta360 GO 3\/2 jaoks. Sunnylife&#8217;i ND-filtrid on suurep\u00e4rane valik neile, kes soovivad oma fotosid ja videoid j\u00e4rgmisele tasemele viia. Komplekt koosneb neljast erineva v\u00e4\u00e4rtusega ND-filtrist, mis v\u00f5imaldavad teil j\u00e4rk-j\u00e4rgult v\u00e4hendada seadme poolt p\u00fc\u00fctud valguse hulka. See v\u00f5imaldab katiku kiirust suurendada, et j\u00e4\u00e4dvustada liikuvaid objekte, \u00f6iseid tulesid huvitaval [&#8230;]\n","protected":false},"featured_media":32392,"comment_status":"open","ping_status":"closed","template":"","meta":[],"product_brand":[432],"product_cat":[936],"product_tag":[],"class_list":{"0":"post-32391","1":"product","2":"type-product","3":"status-publish","4":"has-post-thumbnail","6":"product_brand-sunnylife","7":"product_cat-for-sports-cameras","9":"first","10":"outofstock","11":"taxable","12":"shipping-taxable","13":"purchasable","14":"product-type-simple"},"aioseo_notices":[],"_links":{"self":[{"href":"https:\/\/asura.lv\/et\/wp-json\/wp\/v2\/product\/32391","targetHints":{"allow":["GET"]}}],"collection":[{"href":"https:\/\/asura.lv\/et\/wp-json\/wp\/v2\/product"}],"about":[{"href":"https:\/\/asura.lv\/et\/wp-json\/wp\/v2\/types\/product"}],"replies":[{"embeddable":true,"href":"https:\/\/asura.lv\/et\/wp-json\/wp\/v2\/comments?post=32391"}],"wp:featuredmedia":[{"embeddable":true,"href":"https:\/\/asura.lv\/et\/wp-json\/wp\/v2\/media\/32392"}],"wp:attachment":[{"href":"https:\/\/asura.lv\/et\/wp-json\/wp\/v2\/media?parent=32391"}],"wp:term":[{"taxonomy":"product_brand","embeddable":true,"href":"https:\/\/asura.lv\/et\/wp-json\/wp\/v2\/product_brand?post=32391"},{"taxonomy":"product_cat","embeddable":true,"href":"https:\/\/asura.lv\/et\/wp-json\/wp\/v2\/product_cat?post=32391"},{"taxonomy":"product_tag","embeddable":true,"href":"https:\/\/asura.lv\/et\/wp-json\/wp\/v2\/product_tag?post=32391"}],"curies":[{"name":"wp","href":"https:\/\/api.w.org\/{rel}","templated":true}]}}