{"id":32397,"date":"2025-11-28T21:07:27","date_gmt":"2025-11-28T21:07:27","guid":{"rendered":"https:\/\/asura.lv\/product\/waterproof-phone-case-baseus-aquaglide-with-cylindrical-slide-lock-white\/"},"modified":"2025-12-12T14:55:43","modified_gmt":"2025-12-12T12:55:43","slug":"waterproof-phone-case-baseus-aquaglide-with-cylindrical-slide-lock-white","status":"publish","type":"product","link":"https:\/\/asura.lv\/et\/toode\/waterproof-phone-case-baseus-aquaglide-with-cylindrical-slide-lock-white\/","title":{"rendered":"Veekindel telefoni\u00fcmbris Baseus AquaGlide silindrilise liuglukuga (valge)"},"content":{"rendered":"<h3>Baseus AquaGlide veekindel \u00fcmbris silindrilise lukuga (valge)<\/h3>\n<p>V\u00f5ta oma nutitelefon veealusele seiklusele kaasa. Baseus AquaGlide veekindel telefoni\u00fcmbris silindrilise lukuga on valmistatud kvaliteetsetest materjalidest, mist\u00f5ttu on see vastupidav, lekkekindel ja vastupidav. See ei m\u00f5juta negatiivselt kaamera ega n\u00e4otuvastusfunktsiooni t\u00f6\u00f6d ega takista puutetundliku ekraani toimimist. T\u00e4nu ergonoomilisele kaelarihmale saad aksessuaari mugavalt kaela riputada. Toode on IPX8 veekindla, v\u00f5imaldab sukeldumist kuni 30 meetri s\u00fcgavusele ja \u00fchildub seadmetega, mille diagonaali suurus ei \u00fcleta 7,2&#8243;.<\/p>\n<p><img decoding=\"async\" src=\"https:\/\/b2b.innpro.pl\/data\/include\/cms\/-Baseus\/P60263701213-00\/3.jpg\" alt=\"-Baseus\/P60263701213-00\/3\"><\/p>\n<h3>Hoidke oma telefoni alati kaasas<\/h3>\n<p>\u00c4rge j\u00e4tke maha \u00fchtegi olulist teadet ega s\u00f5numit ja hoidke oma telefoni alati k\u00e4ep\u00e4rast. Baseus AquaGlide veekindel \u00fcmbris silindrilukuga pakub IPX8 veekindlust, nii et saate oma v\u00e4\u00e4rtusliku seadme probleemideta randa, veeparki, basseini v\u00f5i sukeldumistundi kaasa v\u00f5tta. Merekuristiku s\u00fcgavusi saate uurida isegi kuni 30 meetri s\u00fcgavusele. Avastage veealust maailma ja nautige unustamatuid seiklusi, muretsemata oma nutitelefoni kahjustamise p\u00e4rast!<\/p>\n<p><img decoding=\"async\" src=\"https:\/\/b2b.innpro.pl\/data\/include\/cms\/-Baseus\/P60263701213-00\/1.jpg\" alt=\"-Baseus\/P60263701213-00\/1\"><\/p>\n<h3>T\u00e4helepanu detailidele<\/h3>\n<p>\u00dcmbrist iseloomustab mitmekihiline tihend, mis tagab t\u00e4iusliku tihendi ja veekindluse. Seet\u00f5ttu ei pea te muretsema oma telefoni kahjustamise p\u00e4rast. Lisakaitset pakub silindriline lukk. \u00dcmbris on valmistatud kvaliteetsest l\u00e4bipaistvast TPU materjalist. Selle tulemusena saate nautida ekraani loetavust ja kvaliteetseid fotosid. Samuti saate kasutada n\u00e4otuvastusfunktsiooni ja seadet sujuvalt ja probleemideta kasutada. Toode on vastupidav ka kollasusele ja s\u00f5rmej\u00e4lgedele. Lisaks v\u00f5imaldab praktiline puuvillane pael leevendada kaelapinget ja v\u00e4ltida valu aksessuaari pikaajalisel kandmisel. See on ka \u00e4\u00e4rmiselt vastupidav ja &#8230; kahjustus.<\/p>\n<p><img decoding=\"async\" src=\"https:\/\/b2b.innpro.pl\/data\/include\/cms\/-Baseus\/P60263701213-00\/7.jpg\" alt=\"-Baseus\/P60263701213-00\/7\"><\/p>\n<div class=\"table-wrapper\">\n<table>\n<tbody>\n<tr>\n<th>Tootja<\/th>\n<td>Baseus<\/td>\n<\/tr>\n<tr>\n<th>Mudel<\/th>\n<td>P60263701213-00<\/td>\n<\/tr>\n<tr>\n<th>\u00dchilduvus<\/th>\n<td>Telefonid, mille diagonaal ei \u00fcleta 7,2&#8243;<\/td>\n<\/tr>\n<tr>\n<th>Materjal<\/th>\n<td>PC, TPU, puuvill<\/td>\n<\/tr>\n<tr>\n<th>V\u00e4rv<\/th>\n<td>valge<\/td>\n<\/tr>\n<\/tbody>\n<\/table>\n<\/div>\n","protected":false},"excerpt":{"rendered":"<p>Baseus AquaGlide veekindel \u00fcmbris silindrilise lukuga (valge) V\u00f5ta oma nutitelefon veealusele seiklusele kaasa. Baseus AquaGlide veekindel telefoni\u00fcmbris silindrilise lukuga on valmistatud kvaliteetsetest materjalidest, mist\u00f5ttu on see vastupidav, lekkekindel ja vastupidav. See ei m\u00f5juta negatiivselt kaamera ega n\u00e4otuvastusfunktsiooni t\u00f6\u00f6d ega takista puutetundliku ekraani toimimist. T\u00e4nu ergonoomilisele kaelarihmale saad aksessuaari mugavalt kaela riputada. Toode on IPX8 veekindla, [&#8230;]\n","protected":false},"featured_media":32398,"comment_status":"open","ping_status":"closed","template":"","meta":[],"product_brand":[95],"product_cat":[1701],"product_tag":[],"class_list":{"0":"post-32397","1":"product","2":"type-product","3":"status-publish","4":"has-post-thumbnail","6":"product_brand-baseus","7":"product_cat-waterproof-cases-cases-gsm-accessories","9":"first","10":"outofstock","11":"taxable","12":"shipping-taxable","13":"purchasable","14":"product-type-simple"},"aioseo_notices":[],"_links":{"self":[{"href":"https:\/\/asura.lv\/et\/wp-json\/wp\/v2\/product\/32397","targetHints":{"allow":["GET"]}}],"collection":[{"href":"https:\/\/asura.lv\/et\/wp-json\/wp\/v2\/product"}],"about":[{"href":"https:\/\/asura.lv\/et\/wp-json\/wp\/v2\/types\/product"}],"replies":[{"embeddable":true,"href":"https:\/\/asura.lv\/et\/wp-json\/wp\/v2\/comments?post=32397"}],"wp:featuredmedia":[{"embeddable":true,"href":"https:\/\/asura.lv\/et\/wp-json\/wp\/v2\/media\/32398"}],"wp:attachment":[{"href":"https:\/\/asura.lv\/et\/wp-json\/wp\/v2\/media?parent=32397"}],"wp:term":[{"taxonomy":"product_brand","embeddable":true,"href":"https:\/\/asura.lv\/et\/wp-json\/wp\/v2\/product_brand?post=32397"},{"taxonomy":"product_cat","embeddable":true,"href":"https:\/\/asura.lv\/et\/wp-json\/wp\/v2\/product_cat?post=32397"},{"taxonomy":"product_tag","embeddable":true,"href":"https:\/\/asura.lv\/et\/wp-json\/wp\/v2\/product_tag?post=32397"}],"curies":[{"name":"wp","href":"https:\/\/api.w.org\/{rel}","templated":true}]}}