{"id":32481,"date":"2025-11-28T21:07:19","date_gmt":"2025-11-28T21:07:19","guid":{"rendered":"https:\/\/asura.lv\/product\/magnetic-phone-case-for-iphone-15-plus-baseus-cyberloop-series-black\/"},"modified":"2025-12-12T14:55:39","modified_gmt":"2025-12-12T12:55:39","slug":"magnetic-phone-case-for-iphone-15-plus-baseus-cyberloop-series-black","status":"publish","type":"product","link":"https:\/\/asura.lv\/et\/toode\/magnetic-phone-case-for-iphone-15-plus-baseus-cyberloop-series-black\/","title":{"rendered":"Magnetiline telefoni\u00fcmbris iPhone 15 Plusile Baseus CyberLoop seeria (must)"},"content":{"rendered":"<h3>Magnetiline telefoni\u00fcmbris iPhone 15 Plusile Baseus CyberLoop seeria (must)<\/h3>\n<p>Magnetiline Baseuse \u00fcmbris on loodud funktsionaalsust silmas pidades. Alates paindlikkusest ja kasutusmugavusest kuni lihtsa paigaldamise ja eemaldamiseni kuni v\u00f5rratu kaitseni \u2013 see \u00fcmbris pakub k\u00f5ike, mida vajate. Kasutades uusimaid tehnoloogiaid, nagu MagSafe ja Baseus AirCare, pakub see teie seadmele t\u00e4ielikku turvalisust. Nautige mugavust ja meelerahu, teades, et teie telefon on heades k\u00e4tes. See vidin \u00fchildub iPhone 15 Plusiga.<\/p>\n<p><img decoding=\"async\" src=\"https:\/\/assets.innpro.pl\/738\/785\/6.jpg\" border=\"0\" alt=\"\"><\/p>\n<h3>L\u00e4bim\u00f5eldud disain<\/h3>\n<p>Magnetiline Baseuse \u00fcmbris on loodud maksimaalse funktsionaalsuse ja esteetika tagamiseks. Magnetiline r\u00f5ngas, mis saab p\u00f6\u00f6rata kuni 360\u00b0, v\u00f5imaldab teil telefoni vertikaalsesse v\u00f5i horisontaalsesse asendisse seada, pakkudes kasutajale paindlikkust. T\u00e4iustatud p\u00f6\u00f6rleva hinge disain v\u00f5imaldab teil selle igal hetkel peatada, suurendades kasutusmugavust. Lisaks tagab libisemisvastane pind mugavama telefoni hoidmise. \u00dcmbris on ka s\u00f5rmej\u00e4lgedekindel, nii et te ei pea muretsema soovimatute plekkide p\u00e4rast.<\/p>\n<p><img decoding=\"async\" src=\"https:\/\/assets.innpro.pl\/738\/785\/4.jpg\" border=\"0\" alt=\"\"><\/p>\n<h3>Kasutajamugavus<\/h3>\n<p>Baseuse \u00fcmbris mitte ainult ei kaitse teie telefoni, vaid pakub ka v\u00f5rratut kasutusmugavust. T\u00e4nu \u00fchilduvusele MagSafe tehnoloogiaga saate telefoni laadida ilma seda \u00fcmbrisest eemaldamata. Lihtne paigaldamine ja eemaldamine on teised eelised t\u00e4nu pehme TPU materjali kasutamisele. See \u00fcmbris on disainitud teie mugavust silmas pidades.<\/p>\n<p><img decoding=\"async\" src=\"https:\/\/assets.innpro.pl\/738\/785\/6.jpg\" border=\"0\" alt=\"\"><\/p>\n<h3>Ohutusgarantii<\/h3>\n<p>Baseuse vidin on stiilne \u00fcmbris, mis on loodud teie seadme kaitsmiseks. Ekraani \u00fcmber 1 mm ja kaamera \u00fcmber 0,6 mm t\u00f5stetud servad minimeerivad kukkumiste ja kriimustuste tekitatud kahjustuste ohtu. Lisaks on t\u00e4nu Baseuse AirCare tehnoloogiale \u00fcmbrise nurgad spetsiaalselt tugevdatud, pakkudes paremat kaitset l\u00f6\u00f6kide eest. Nautige oma nutitelefoni t\u00e4iel rinnal ja v\u00f5ite olla kindel selle ohutuses!<\/p>\n<p><img decoding=\"async\" src=\"https:\/\/assets.innpro.pl\/738\/785\/1.jpg\" border=\"0\" alt=\"\"><\/p>\n<h3>Pakiga kaasas<\/h3>\n<p>magnetiline \u00fcmbris<\/p>\n<p>kleebised<\/p>\n<p>puhastuslapp<\/p>\n<div class=\"table-wrapper\">\n<table>\n<tbody>\n<tr>\n<th>Tootja<\/th>\n<td>Baseus<\/td>\n<\/tr>\n<tr>\n<th>Mudel<\/th>\n<td>P60160500103-01<\/td>\n<\/tr>\n<tr>\n<th>Materjal<\/th>\n<td>PC<\/td>\n<\/tr>\n<tr>\n<th>V\u00e4rv<\/th>\n<td>Must<\/td>\n<\/tr>\n<tr>\n<th>\u00dchilduvus<\/th>\n<td>iPhone 15 Plus<\/td>\n<\/tr>\n<\/tbody>\n<\/table>\n<\/div>\n","protected":false},"excerpt":{"rendered":"<p>Magnetiline telefoni\u00fcmbris iPhone 15 Plusile Baseus CyberLoop seeria (must) Magnetiline Baseuse \u00fcmbris on loodud funktsionaalsust silmas pidades. Alates paindlikkusest ja kasutusmugavusest kuni lihtsa paigaldamise ja eemaldamiseni kuni v\u00f5rratu kaitseni \u2013 see \u00fcmbris pakub k\u00f5ike, mida vajate. Kasutades uusimaid tehnoloogiaid, nagu MagSafe ja Baseus AirCare, pakub see teie seadmele t\u00e4ielikku turvalisust. Nautige mugavust ja meelerahu, teades, [&#8230;]\n","protected":false},"featured_media":32482,"comment_status":"open","ping_status":"closed","template":"","meta":[],"product_brand":[95],"product_cat":[1248],"product_tag":[],"class_list":{"0":"post-32481","1":"product","2":"type-product","3":"status-publish","4":"has-post-thumbnail","6":"product_brand-baseus","7":"product_cat-protective-cases-for-smartphones-cases-gsm-accessories","9":"first","10":"outofstock","11":"taxable","12":"shipping-taxable","13":"purchasable","14":"product-type-simple"},"aioseo_notices":[],"_links":{"self":[{"href":"https:\/\/asura.lv\/et\/wp-json\/wp\/v2\/product\/32481","targetHints":{"allow":["GET"]}}],"collection":[{"href":"https:\/\/asura.lv\/et\/wp-json\/wp\/v2\/product"}],"about":[{"href":"https:\/\/asura.lv\/et\/wp-json\/wp\/v2\/types\/product"}],"replies":[{"embeddable":true,"href":"https:\/\/asura.lv\/et\/wp-json\/wp\/v2\/comments?post=32481"}],"wp:featuredmedia":[{"embeddable":true,"href":"https:\/\/asura.lv\/et\/wp-json\/wp\/v2\/media\/32482"}],"wp:attachment":[{"href":"https:\/\/asura.lv\/et\/wp-json\/wp\/v2\/media?parent=32481"}],"wp:term":[{"taxonomy":"product_brand","embeddable":true,"href":"https:\/\/asura.lv\/et\/wp-json\/wp\/v2\/product_brand?post=32481"},{"taxonomy":"product_cat","embeddable":true,"href":"https:\/\/asura.lv\/et\/wp-json\/wp\/v2\/product_cat?post=32481"},{"taxonomy":"product_tag","embeddable":true,"href":"https:\/\/asura.lv\/et\/wp-json\/wp\/v2\/product_tag?post=32481"}],"curies":[{"name":"wp","href":"https:\/\/api.w.org\/{rel}","templated":true}]}}