{"id":32487,"date":"2025-11-28T21:07:18","date_gmt":"2025-11-28T21:07:18","guid":{"rendered":"https:\/\/asura.lv\/product\/magnetic-phone-case-for-iphone-15-plus-baseus-fauxther-series-orange\/"},"modified":"2025-12-12T14:55:39","modified_gmt":"2025-12-12T12:55:39","slug":"magnetic-phone-case-for-iphone-15-plus-baseus-fauxther-series-orange","status":"publish","type":"product","link":"https:\/\/asura.lv\/et\/toode\/magnetic-phone-case-for-iphone-15-plus-baseus-fauxther-series-orange\/","title":{"rendered":"Magnetiline telefoni\u00fcmbris iPhone 15 Plusile Baseus Fauxther seeriast (oran\u017e)"},"content":{"rendered":"<h3>Magnetiline \u00fcmbris iPhone 15 Plusile Baseus Fauxther seeriast (oran\u017e)<\/h3>\n<p>Hoidke oma telefoni turvaliselt ja nautige selle esteetilist v\u00e4limust pikka aega. Baseus Fauxther seeria magnetilist \u00fcmbrist iseloomustavad tugevad N52 magnetid, kvaliteetne tekstuur ja see on valmistatud PU-nahast. Seet\u00f5ttu on see vastupidav inetute plekkide tekkele ja kaitseb iPhone&#8217;i kukkumise korral kahjustuste eest. See on ka \u00e4\u00e4rmiselt \u00f5huke ja t\u00e4pselt valmistatud v\u00e4ljal\u00f5iked v\u00f5imaldavad teil seadme k\u00f5iki funktsioone mugavalt kasutada. Lisaks v\u00f5imaldab see juhtmevaba toite taastamist.<\/p>\n<p><img decoding=\"async\" src=\"https:\/\/b2b.innpro.pl\/data\/include\/cms\/-Baseus\/P60157305713-02\/5.jpg\" alt=\"-Baseus\/P60157305713-02\/5\"><\/p>\n<h3>Tugevad magnetid<\/h3>\n<p>Baseus Fauxtheri magnetiline \u00fcmbris on varustatud v\u00f5imsate N52-klassi magnetitega, mis takistavad telefoni lahtitulekut ja v\u00f5imalikku kukkumist. Lisaks ei pea seadme juhtmevabaks laadimiseks lisatarvikut eemaldama. Toode ei m\u00f5juta uuendamise toimivust.<\/p>\n<p><img decoding=\"async\" src=\"https:\/\/b2b.innpro.pl\/data\/include\/cms\/-Baseus\/P60157305713-02\/1.jpg\" alt=\"-Baseus\/P60157305713-02\/1\"><\/p>\n<h3>Kukkumiskindlus<\/h3>\n<p>Te ei pea enam iga telefoni maha kukkumise p\u00e4rast muretsema. Baseus Fauxtheri \u00fcmbris on \u00e4\u00e4rmiselt vastupidav ja t\u00e4nu nutikale raami disainile tagab see usaldusv\u00e4\u00e4rse kaitse kukkumiste ajal. See ei ole ka kriimustustele altid, seega saate seda pikka aega rahuliku s\u00fcdamega kasutada.<\/p>\n<p><img decoding=\"async\" src=\"https:\/\/b2b.innpro.pl\/data\/include\/cms\/-Baseus\/P60157305713-02\/3.jpg\" alt=\"-Baseus\/P60157305713-02\/3\"><\/p>\n<h3>Korralik disain<\/h3>\n<p>Unustage inetud s\u00f5rmej\u00e4ljed v\u00f5i higij\u00e4ljed. \u00dcmbris on valmistatud kvaliteetsest PU-materjalist, mis on plekikindel. Selle tulemusena n\u00e4eb teie telefon alati puhas ja laitmatu v\u00e4lja.<\/p>\n<p><img decoding=\"async\" src=\"https:\/\/b2b.innpro.pl\/data\/include\/cms\/-Baseus\/P60157305713-02\/4.jpg\" alt=\"-Baseus\/P60157305713-02\/4\"><\/p>\n<h3>Kvaliteetne t\u00f6\u00f6tlus<\/h3>\n<p>Baseuse \u00fcmbrist iseloomustab \u00f5huke disain \u2013 selle paksus ei \u00fcleta 2,5 mm. See v\u00f5imaldab teil oma iPhone&#8217;i mugavalt kasutada. Lisaks on materjal, millest see on valmistatud, meeldiv puudutusele ja keskkonnas\u00f5bralik. V\u00e4ljal\u00f5iked v\u00f5imaldavad teil telefoni vabalt kasutada ja pehme vooder pakub t\u00e4iendavat kaitset.<\/p>\n<p><img decoding=\"async\" src=\"https:\/\/b2b.innpro.pl\/data\/include\/cms\/-Baseus\/P60157305713-02\/2.jpg\" alt=\"-Baseus\/P60157305713-02\/2\"><\/p>\n<div class=\"table-wrapper\">\n<table>\n<tbody>\n<tr>\n<th>Tootja<\/th>\n<td>Baseus<\/td>\n<\/tr>\n<tr>\n<th>Seeria<\/th>\n<td>Fauxther <\/td>\n<\/tr>\n<tr>\n<th>Mudel<\/th>\n<td>P60157305713-02<\/td>\n<\/tr>\n<tr>\n<th>\u00dchilduvus<\/th>\n<td>iPhone 15 Pluss<\/td>\n<\/tr>\n<tr>\n<th>V\u00e4rv<\/th>\n<td>oran\u017e<\/td>\n<\/tr>\n<\/tbody>\n<\/table>\n<\/div>\n","protected":false},"excerpt":{"rendered":"<p>Magnetiline \u00fcmbris iPhone 15 Plusile Baseus Fauxther seeriast (oran\u017e) Hoidke oma telefoni turvaliselt ja nautige selle esteetilist v\u00e4limust pikka aega. Baseus Fauxther seeria magnetilist \u00fcmbrist iseloomustavad tugevad N52 magnetid, kvaliteetne tekstuur ja see on valmistatud PU-nahast. Seet\u00f5ttu on see vastupidav inetute plekkide tekkele ja kaitseb iPhone&#8217;i kukkumise korral kahjustuste eest. See on ka \u00e4\u00e4rmiselt \u00f5huke [&#8230;]\n","protected":false},"featured_media":32488,"comment_status":"open","ping_status":"closed","template":"","meta":[],"product_brand":[95],"product_cat":[1248],"product_tag":[],"class_list":{"0":"post-32487","1":"product","2":"type-product","3":"status-publish","4":"has-post-thumbnail","6":"product_brand-baseus","7":"product_cat-protective-cases-for-smartphones-cases-gsm-accessories","9":"first","10":"outofstock","11":"taxable","12":"shipping-taxable","13":"purchasable","14":"product-type-simple"},"aioseo_notices":[],"_links":{"self":[{"href":"https:\/\/asura.lv\/et\/wp-json\/wp\/v2\/product\/32487","targetHints":{"allow":["GET"]}}],"collection":[{"href":"https:\/\/asura.lv\/et\/wp-json\/wp\/v2\/product"}],"about":[{"href":"https:\/\/asura.lv\/et\/wp-json\/wp\/v2\/types\/product"}],"replies":[{"embeddable":true,"href":"https:\/\/asura.lv\/et\/wp-json\/wp\/v2\/comments?post=32487"}],"wp:featuredmedia":[{"embeddable":true,"href":"https:\/\/asura.lv\/et\/wp-json\/wp\/v2\/media\/32488"}],"wp:attachment":[{"href":"https:\/\/asura.lv\/et\/wp-json\/wp\/v2\/media?parent=32487"}],"wp:term":[{"taxonomy":"product_brand","embeddable":true,"href":"https:\/\/asura.lv\/et\/wp-json\/wp\/v2\/product_brand?post=32487"},{"taxonomy":"product_cat","embeddable":true,"href":"https:\/\/asura.lv\/et\/wp-json\/wp\/v2\/product_cat?post=32487"},{"taxonomy":"product_tag","embeddable":true,"href":"https:\/\/asura.lv\/et\/wp-json\/wp\/v2\/product_tag?post=32487"}],"curies":[{"name":"wp","href":"https:\/\/api.w.org\/{rel}","templated":true}]}}