{"id":32523,"date":"2025-11-28T21:07:15","date_gmt":"2025-11-28T21:07:15","guid":{"rendered":"https:\/\/asura.lv\/product\/phone-case-for-iphone-15-plus-baseus-fauxther-series-black\/"},"modified":"2025-12-12T14:55:35","modified_gmt":"2025-12-12T12:55:35","slug":"phone-case-for-iphone-15-plus-baseus-fauxther-series-black","status":"publish","type":"product","link":"https:\/\/asura.lv\/et\/toode\/phone-case-for-iphone-15-plus-baseus-fauxther-series-black\/","title":{"rendered":"iPhone 15 Plus telefoni\u00fcmbris Baseus Fauxther seeriale (must)"},"content":{"rendered":"<h3>Baseus Fauxther Series iPhone 15 Plus \u00fcmbris (must)<\/h3>\n<p>Hoolitse oma telefoni turvalisuse eest ja naudi selle esteetilist v\u00e4limust pikka aega. Baseus Fauxther Series \u00fcmbrist iseloomustab kvaliteetne tekstuur ja see on valmistatud PU-nahast. Seet\u00f5ttu on see vastupidav inetute plekkide tekkele ja kaitseb teie iPhone&#8217;i kukkumise korral kahjustuste eest. See on ka erakordselt \u00f5huke ja t\u00e4pselt tehtud v\u00e4ljal\u00f5iked v\u00f5imaldavad teil seadme k\u00f5iki funktsioone mugavalt kasutada.<\/p>\n<p><img decoding=\"async\" src=\"https:\/\/b2b.innpro.pl\/data\/include\/cms\/-Baseus\/P60157304113-02\/5.jpg\" alt=\"-Baseus\/P60157304113-02\/5\"><\/p>\n<h3>Kukkumiskindlus<\/h3>\n<p>Te ei pea enam iga telefoni maha kukkumise p\u00e4rast muretsema. Baseus Fauxtheri \u00fcmbris on \u00e4\u00e4rmiselt vastupidav ja t\u00e4nu nutikale l\u00e4\u00e4tseraami disainile garanteerib see usaldusv\u00e4\u00e4rse kaitse kukkumiste ajal. Samuti ei ole see kriimustustele altid, nii et saate seda pikka aega meelerahu tundes kasutada.<\/p>\n<p><img decoding=\"async\" src=\"https:\/\/b2b.innpro.pl\/data\/include\/cms\/-Baseus\/P60157304113-02\/4.jpg\" alt=\"-Baseus\/P60157304113-02\/4\"><\/p>\n<h3>Korralik v\u00e4limus<\/h3>\n<p>Unustage inetud s\u00f5rmej\u00e4ljed v\u00f5i higij\u00e4ljed. \u00dcmbris on valmistatud kvaliteetsest PU-materjalist, mis on plekikindel. Selle tulemusena n\u00e4eb teie telefon alati puhas ja laitmatu v\u00e4lja.<\/p>\n<p><img decoding=\"async\" src=\"https:\/\/b2b.innpro.pl\/data\/include\/cms\/-Baseus\/P60157304113-02\/1.jpg\" alt=\"-Baseus\/P60157304113-02\/1\"><\/p>\n<h3>Kvaliteetne t\u00f6\u00f6tlus<\/h3>\n<p>Baseuse \u00fcmbrist iseloomustab \u00f5huke disain \u2013 selle paksus ei \u00fcleta 2,5 mm. See v\u00f5imaldab teil oma iPhone&#8217;i mugavalt kasutada. Lisaks on kasutatud materjal meeldiv puudutusele ja keskkonnas\u00f5bralik. V\u00e4ljal\u00f5iked v\u00f5imaldavad teil telefoni vabalt kasutada ja pehme vooder pakub lisakaitset.<\/p>\n<p><img decoding=\"async\" src=\"https:\/\/b2b.innpro.pl\/data\/include\/cms\/-Baseus\/P60157304113-02\/2.jpg\" alt=\"-Baseus\/P60157304113-02\/2\"><\/p>\n<div class=\"table-wrapper\">\n<table>\n<tbody>\n<tr>\n<th>Tootja<\/th>\n<td>Baseus<\/td>\n<\/tr>\n<tr>\n<th>Seeria<\/th>\n<td>Fauxther <\/td>\n<\/tr>\n<tr>\n<th>Mudel<\/th>\n<td>P60157304113-02<\/td>\n<\/tr>\n<tr>\n<th>\u00dchilduvus<\/th>\n<td>iPhone 15 Pluss<\/td>\n<\/tr>\n<tr>\n<th>V\u00e4rv<\/th>\n<td>must<\/td>\n<\/tr>\n<\/tbody>\n<\/table>\n<\/div>\n","protected":false},"excerpt":{"rendered":"<p>Baseus Fauxther Series iPhone 15 Plus \u00fcmbris (must) Hoolitse oma telefoni turvalisuse eest ja naudi selle esteetilist v\u00e4limust pikka aega. Baseus Fauxther Series \u00fcmbrist iseloomustab kvaliteetne tekstuur ja see on valmistatud PU-nahast. Seet\u00f5ttu on see vastupidav inetute plekkide tekkele ja kaitseb teie iPhone&#8217;i kukkumise korral kahjustuste eest. See on ka erakordselt \u00f5huke ja t\u00e4pselt tehtud [&#8230;]\n","protected":false},"featured_media":32524,"comment_status":"open","ping_status":"closed","template":"","meta":[],"product_brand":[95],"product_cat":[1248],"product_tag":[],"class_list":{"0":"post-32523","1":"product","2":"type-product","3":"status-publish","4":"has-post-thumbnail","6":"product_brand-baseus","7":"product_cat-protective-cases-for-smartphones-cases-gsm-accessories","9":"first","10":"outofstock","11":"taxable","12":"shipping-taxable","13":"purchasable","14":"product-type-simple"},"aioseo_notices":[],"_links":{"self":[{"href":"https:\/\/asura.lv\/et\/wp-json\/wp\/v2\/product\/32523","targetHints":{"allow":["GET"]}}],"collection":[{"href":"https:\/\/asura.lv\/et\/wp-json\/wp\/v2\/product"}],"about":[{"href":"https:\/\/asura.lv\/et\/wp-json\/wp\/v2\/types\/product"}],"replies":[{"embeddable":true,"href":"https:\/\/asura.lv\/et\/wp-json\/wp\/v2\/comments?post=32523"}],"wp:featuredmedia":[{"embeddable":true,"href":"https:\/\/asura.lv\/et\/wp-json\/wp\/v2\/media\/32524"}],"wp:attachment":[{"href":"https:\/\/asura.lv\/et\/wp-json\/wp\/v2\/media?parent=32523"}],"wp:term":[{"taxonomy":"product_brand","embeddable":true,"href":"https:\/\/asura.lv\/et\/wp-json\/wp\/v2\/product_brand?post=32523"},{"taxonomy":"product_cat","embeddable":true,"href":"https:\/\/asura.lv\/et\/wp-json\/wp\/v2\/product_cat?post=32523"},{"taxonomy":"product_tag","embeddable":true,"href":"https:\/\/asura.lv\/et\/wp-json\/wp\/v2\/product_tag?post=32523"}],"curies":[{"name":"wp","href":"https:\/\/api.w.org\/{rel}","templated":true}]}}