{"id":32535,"date":"2025-11-28T21:07:14","date_gmt":"2025-11-28T21:07:14","guid":{"rendered":"https:\/\/asura.lv\/product\/magnetic-phone-case-for-iphone-15-plus-baseus-os-lucent-series-clear\/"},"modified":"2025-12-12T14:55:34","modified_gmt":"2025-12-12T12:55:34","slug":"magnetic-phone-case-for-iphone-15-plus-baseus-os-lucent-series-clear","status":"publish","type":"product","link":"https:\/\/asura.lv\/et\/toode\/magnetic-phone-case-for-iphone-15-plus-baseus-os-lucent-series-clear\/","title":{"rendered":"Magnetiline telefoni\u00fcmbris iPhone 15 Plusile Baseus OS-Lucent seeria (l\u00e4bipaistev)"},"content":{"rendered":"<h3>Baseus OS-Lucent seeria magnetiline telefoni\u00fcmbris iPhone 15 Plusile (l\u00e4bipaistev).<\/h3>\n<p>Enam pole vaja muretseda iga kord, kui nutitelefon kogemata maha kukub! Baseus Lucent seeria magnetiline \u00fcmbris loodi spetsiaalselt iPhone 15 Plusile ja seda iseloomustab k\u00f5rge vastupidavus. T\u00e4nu s\u00f5rmej\u00e4lgede ja kollasuse vastupidavusele s\u00e4ilitab see pikka aega puhta ja esteetilise v\u00e4limuse. See \u00fchildub MagSafe lisatarvikutega ja v\u00f5imaldab juhtmevaba laadimist ilma \u00fcmbrist eemaldamata.<\/p>\n<p><img decoding=\"async\" src=\"https:\/\/b2b.innpro.pl\/data\/include\/cms\/-Baseus\/P60157205203-02\/1.jpg\" alt=\"-Baseus\/P60157205203-02\/1\"><\/p>\n<h3>Usaldusv\u00e4\u00e4rne kaitse<\/h3>\n<p>Kaitse oma telefoni kahjustuste eest! Baseus Lucent \u00fcmbris kaitseb teie nutitelefoni usaldusv\u00e4\u00e4rselt kukkumiste ja l\u00f6\u00f6kide eest. Kaamera ja ekraani kerge k\u00f5rgendus minimeerib kriimustuste ohtu, kui asetate seadme tasasele pinnale. T\u00e4nu \u00f5hukesele disainile ei pea te muretsema oma iPhone&#8217;i \u00fclekuumenemise p\u00e4rast. <\/p>\n<p><img decoding=\"async\" src=\"https:\/\/b2b.innpro.pl\/data\/include\/cms\/-Baseus\/P60157205203-02\/5.jpg\" alt=\"-Baseus\/P60157205203-02\/5\"><\/p>\n<h3>iPhone 15 Plusi silmas pidades<\/h3>\n<p>\u00dcmbris sobib ideaalselt iPhone 15 Plusile. Sellel on t\u00e4pselt l\u00f5igatud avad, mis v\u00f5imaldavad t\u00e4ielikku juurdep\u00e4\u00e4su portidele, nuppudele ja kaamera funktsioonidele ilma \u00fcmbrist eemaldamata. Sisseehitatud magnetid v\u00f5imaldavad kiiret laadimist induktiivlaadijaga. T\u00e4nu kvaliteetsete materjalide kasutamisele ei kolletu \u00fcmbris aja jooksul, s\u00e4ilitades oma esteetilise v\u00e4limuse kauem. Lisaks hoiab spetsiaalne oleofoobne kate \u00e4ra inetute s\u00f5rmej\u00e4lgede ja rasvaste plekkide tekkimise.<\/p>\n<p><img decoding=\"async\" src=\"https:\/\/b2b.innpro.pl\/data\/include\/cms\/-Baseus\/P60157205203-02\/3.jpg\" alt=\"-Baseus\/P60157205203-02\/3\"><\/p>\n<div class=\"table-wrapper\">\n<table>\n<tbody>\n<tr>\n<th>Tootja<\/th>\n<td>Baseus<\/td>\n<\/tr>\n<tr>\n<th>V\u00e4rv<\/th>\n<td>L\u00e4bipaistev<\/td>\n<\/tr>\n<tr>\n<th>\u00dchilduvus<\/th>\n<td>iPhone 15 Plus<\/td>\n<\/tr>\n<tr>\n<th>Materjal<\/th>\n<td>Arvuti<\/td>\n<\/tr>\n<\/tbody>\n<\/table>\n<\/div>\n","protected":false},"excerpt":{"rendered":"<p>Baseus OS-Lucent seeria magnetiline telefoni\u00fcmbris iPhone 15 Plusile (l\u00e4bipaistev). Enam pole vaja muretseda iga kord, kui nutitelefon kogemata maha kukub! Baseus Lucent seeria magnetiline \u00fcmbris loodi spetsiaalselt iPhone 15 Plusile ja seda iseloomustab k\u00f5rge vastupidavus. T\u00e4nu s\u00f5rmej\u00e4lgede ja kollasuse vastupidavusele s\u00e4ilitab see pikka aega puhta ja esteetilise v\u00e4limuse. See \u00fchildub MagSafe lisatarvikutega ja v\u00f5imaldab juhtmevaba [&#8230;]\n","protected":false},"featured_media":32536,"comment_status":"open","ping_status":"closed","template":"","meta":[],"product_brand":[95],"product_cat":[1248],"product_tag":[],"class_list":{"0":"post-32535","1":"product","2":"type-product","3":"status-publish","4":"has-post-thumbnail","6":"product_brand-baseus","7":"product_cat-protective-cases-for-smartphones-cases-gsm-accessories","9":"first","10":"outofstock","11":"taxable","12":"shipping-taxable","13":"purchasable","14":"product-type-simple"},"aioseo_notices":[],"_links":{"self":[{"href":"https:\/\/asura.lv\/et\/wp-json\/wp\/v2\/product\/32535","targetHints":{"allow":["GET"]}}],"collection":[{"href":"https:\/\/asura.lv\/et\/wp-json\/wp\/v2\/product"}],"about":[{"href":"https:\/\/asura.lv\/et\/wp-json\/wp\/v2\/types\/product"}],"replies":[{"embeddable":true,"href":"https:\/\/asura.lv\/et\/wp-json\/wp\/v2\/comments?post=32535"}],"wp:featuredmedia":[{"embeddable":true,"href":"https:\/\/asura.lv\/et\/wp-json\/wp\/v2\/media\/32536"}],"wp:attachment":[{"href":"https:\/\/asura.lv\/et\/wp-json\/wp\/v2\/media?parent=32535"}],"wp:term":[{"taxonomy":"product_brand","embeddable":true,"href":"https:\/\/asura.lv\/et\/wp-json\/wp\/v2\/product_brand?post=32535"},{"taxonomy":"product_cat","embeddable":true,"href":"https:\/\/asura.lv\/et\/wp-json\/wp\/v2\/product_cat?post=32535"},{"taxonomy":"product_tag","embeddable":true,"href":"https:\/\/asura.lv\/et\/wp-json\/wp\/v2\/product_tag?post=32535"}],"curies":[{"name":"wp","href":"https:\/\/api.w.org\/{rel}","templated":true}]}}