{"id":32565,"date":"2025-11-28T21:07:12","date_gmt":"2025-11-28T21:07:12","guid":{"rendered":"https:\/\/asura.lv\/product\/privacy-protection-tempered-glass-baseus-diamond-iphone-15-pro\/"},"modified":"2025-12-12T14:55:32","modified_gmt":"2025-12-12T12:55:32","slug":"privacy-protection-tempered-glass-baseus-diamond-iphone-15-pro","status":"publish","type":"product","link":"https:\/\/asura.lv\/et\/toode\/privacy-protection-tempered-glass-baseus-diamond-iphone-15-pro\/","title":{"rendered":"Privaatsuse kaitse karastatud klaas Baseus Diamond iPhone 15 Pro"},"content":{"rendered":"<h3>Baseus Diamond iPhone 15 Pro privaatsuskarastatud klaas<\/h3>\n<p>Paku oma telefonile parim kaitse! Baseuse kaubam\u00e4rgi karastatud klaas sobib ideaalselt iPhone 15 Pro-le ja on keskmisest vastupidavam, nii et sa ei pea muretsema oma seadme kahjustuste p\u00e4rast. Privaatsusfilter tagab, et sa ei pea enam muretsema soovimatute inimeste p\u00e4rast, kes n\u00e4evad sinu seadme ekraani. Selle paigaldamine on \u00e4\u00e4rmiselt lihtne ja ei ole sulle probleem.<\/p>\n<p><img decoding=\"async\" src=\"https:\/\/b2b.innpro.pl\/data\/include\/cms\/-Baseus\/P60057405203-01\/1.jpg\" alt=\"-Baseus\/P60057405203-01\/1\"><\/p>\n<h3>Usaldusv\u00e4\u00e4rne kaitse kahjustuste eest<\/h3>\n<p>Kaitse oma telefoni kahjustuste eest Baseusega! Karastatud klaasi eristab selle 9H k\u00f5vadus, mis tagab sinu seadme usaldusv\u00e4\u00e4rse kaitse. See on ka kulumis- ja kriimustuskindel, seega kaitseb see teie telefoni t\u00f5husalt igap\u00e4evaste kriimustuste eest. Lisaks tagab see k\u00f5rge valguse l\u00e4bilaskvuse, mis t\u00e4hendab, et kuvatava pildi kvaliteet ei halvene.<\/p>\n<p><img decoding=\"async\" src=\"https:\/\/b2b.innpro.pl\/data\/include\/cms\/-Baseus\/P60057405203-01\/3.jpg\" alt=\"-Baseus\/P60057405203-01\/3\"><\/p>\n<h3>Hoolitse oma privaatsuse eest<\/h3>\n<p>V\u00f5ite olla kindlad, et \u00fckski soovimatu isik ei kahtlusta, mida te oma telefoniga teete. Karastatud klaas privaatsusfiltriga muudab teie nutitelefoni ekraanil oleva pildi n\u00e4htavaks ainult kuni 28\u00b0 nurga all. Kuigi teie n\u00e4ete k\u00f5ike suurep\u00e4raselt, n\u00e4evad teie k\u00f5rval olevad inimesed ainult tumedat ekraani. Sa ei pea enam muretsema selle p\u00e4rast, et keegi teine \u200b\u200bsaab ligip\u00e4\u00e4su sinu paroolidele v\u00f5i n\u00e4eb sinu galerii sisu.<\/p>\n<p><img decoding=\"async\" src=\"https:\/\/b2b.innpro.pl\/data\/include\/cms\/-Baseus\/P60057405203-01\/7.jpg\" alt=\"-Baseus\/P60057405203-01\/7\"><\/p>\n<h3>Sobib ideaalselt sinu iPhone&#8217;ile<\/h3>\n<p>Baseuse karastatud klaas katab t\u00e4ielikult sinu iPhone 15 Pro ekraani, nii et v\u00f5id olla kindel, et iga telefoni serv on kaitstud \u2013 see sobib ka iga \u00fcmbrisega! \u00dcli\u00f5huke disain t\u00e4hendab, et klaas ei m\u00f5juta kasutaja mugavust, pakkudes samal ajal kiiret puutetundlikkust. Samuti ei pea sa muretsema, et klaas m\u00f5jutab negatiivselt n\u00e4otuvastuss\u00fcsteemi j\u00f5udlust. Karastatud klaas on kaetud spetsiaalse kattega, mis on s\u00f5rmej\u00e4lgede ja rasvaplekkide suhtes vastupidav, v\u00f5imaldades teil ekraani laitmatuna hoida.<\/p>\n<p><img decoding=\"async\" src=\"https:\/\/b2b.innpro.pl\/data\/include\/cms\/-Baseus\/P60057405203-01\/6.jpg\" alt=\"-Baseus\/P60057405203-01\/6\"><\/p>\n<div class=\"table-wrapper\">\n<table>\n<tbody>\n<tr>\n<th>Tootja<\/th>\n<td>Baseus<\/td>\n<\/tr>\n<tr>\n<th>\u00dchilduvus<\/th>\n<td>iPhone 15 Pro<\/td>\n<\/tr>\n<\/tbody>\n<\/table>\n<\/div>\n","protected":false},"excerpt":{"rendered":"<p>Baseus Diamond iPhone 15 Pro privaatsuskarastatud klaas Paku oma telefonile parim kaitse! Baseuse kaubam\u00e4rgi karastatud klaas sobib ideaalselt iPhone 15 Pro-le ja on keskmisest vastupidavam, nii et sa ei pea muretsema oma seadme kahjustuste p\u00e4rast. Privaatsusfilter tagab, et sa ei pea enam muretsema soovimatute inimeste p\u00e4rast, kes n\u00e4evad sinu seadme ekraani. Selle paigaldamine on \u00e4\u00e4rmiselt [&#8230;]\n","protected":false},"featured_media":32566,"comment_status":"open","ping_status":"closed","template":"","meta":[],"product_brand":[95],"product_cat":[1317],"product_tag":[],"class_list":{"0":"post-32565","1":"product","2":"type-product","3":"status-publish","4":"has-post-thumbnail","6":"product_brand-baseus","7":"product_cat-for-smartphones-tempered-glass-and-screen-protectors-gsm-accessories","9":"first","10":"outofstock","11":"taxable","12":"shipping-taxable","13":"purchasable","14":"product-type-simple"},"aioseo_notices":[],"_links":{"self":[{"href":"https:\/\/asura.lv\/et\/wp-json\/wp\/v2\/product\/32565","targetHints":{"allow":["GET"]}}],"collection":[{"href":"https:\/\/asura.lv\/et\/wp-json\/wp\/v2\/product"}],"about":[{"href":"https:\/\/asura.lv\/et\/wp-json\/wp\/v2\/types\/product"}],"replies":[{"embeddable":true,"href":"https:\/\/asura.lv\/et\/wp-json\/wp\/v2\/comments?post=32565"}],"wp:featuredmedia":[{"embeddable":true,"href":"https:\/\/asura.lv\/et\/wp-json\/wp\/v2\/media\/32566"}],"wp:attachment":[{"href":"https:\/\/asura.lv\/et\/wp-json\/wp\/v2\/media?parent=32565"}],"wp:term":[{"taxonomy":"product_brand","embeddable":true,"href":"https:\/\/asura.lv\/et\/wp-json\/wp\/v2\/product_brand?post=32565"},{"taxonomy":"product_cat","embeddable":true,"href":"https:\/\/asura.lv\/et\/wp-json\/wp\/v2\/product_cat?post=32565"},{"taxonomy":"product_tag","embeddable":true,"href":"https:\/\/asura.lv\/et\/wp-json\/wp\/v2\/product_tag?post=32565"}],"curies":[{"name":"wp","href":"https:\/\/api.w.org\/{rel}","templated":true}]}}