{"id":32775,"date":"2025-11-28T21:06:53","date_gmt":"2025-11-28T21:06:53","guid":{"rendered":"https:\/\/asura.lv\/product\/royal-kludge-rkh81-rgb-wireless-mechanical-keyboard-sky-cyan-switch-green-qwerty\/"},"modified":"2025-12-12T14:55:13","modified_gmt":"2025-12-12T12:55:13","slug":"royal-kludge-rkh81-rgb-wireless-mechanical-keyboard-sky-cyan-switch-green-qwerty","status":"publish","type":"product","link":"https:\/\/asura.lv\/et\/toode\/royal-kludge-rkh81-rgb-wireless-mechanical-keyboard-sky-cyan-switch-green-qwerty\/","title":{"rendered":"Royal Kludge RKH81 RGB juhtmevaba mehaaniline klaviatuur, taevasinise v\u00e4rvi l\u00fclitiga (roheline) (QWERTY)"},"content":{"rendered":"<h3>Royal Kludge RKH81 RGB juhtmevaba mehaaniline klaviatuur, taevasinise l\u00fclitiga (roheline) (QWERTY)<\/h3>\n<p>Kas otsite t\u00f5estatud seadet, mis sobib ideaalselt nii t\u00f6\u00f6ks kui ka meelelahutuseks? Royal Kludge mehaaniline klaviatuur on ideaalne valik! See kohandub teiega igas m\u00f5ttes, kuna saate mitte ainult vabalt l\u00fcliteid vahetada, vaid ka sellega erinevatel viisidel \u00fchenduda. Lisaks tagab selle l\u00e4bim\u00f5eldud disain katkematu mugavuse kasutamise ajal.<\/p>\n<p>\n<img decoding=\"async\" alt=\"V\u00e4rviline mehaaniline klaviatuur RGB-taustvalgustusega rohelise ja sinise graafikaga, millel on \u00fcmmargune valgusmuster\" border=\"0\" src=\"https:\/\/assets.innpro.pl\/18297\/24279\/7.jpg\"\/>\n<\/p>\n<h3>Palju v\u00f5imalusi<\/h3>\n<p>Royal Kludge klaviatuur loodi paljusid kasutusstsenaariume silmas pidades. See on varustatud kahe USB-C pordiga, nii et saate sellega samaaegselt \u00fchendada mitu seadet. See \u00fchildub telefonide, salvestusseadmete, hiirte, k\u00f5rvaklappidega ja see pole veel k\u00f5ik! Lisaks on kaasas spetsiaalne kate, mis kaitseb klaviatuuri tolmu ja vee eest. Lisaks, kui oled m\u00e4ngude f\u00e4nn, on see klaviatuur ka sinu jaoks! See v\u00f5imaldab sul l\u00fcliteid vabalt vahetada ja kaasasolev spetsiaalne klahv teeb selle \u00fclesande lihtsamaks.<\/p>\n<p>\n<img decoding=\"async\" alt=\"L\u00e4hivaade mehaanilisest \"D\" klahvist, mis on klaviatuuri kohal, n\u00e4htava sisemise konstruktsiooniga\" border=\"0\" src=\"https:\/\/assets.innpro.pl\/18297\/24279\/1.jpg\"\/>\n<\/p>\n<h3>L\u00e4bim\u00f5eldud disain<\/h3>\n<p>Royal Kludge klaviatuuri eristab selle l\u00e4bim\u00f5eldud disain. See on loodud vastupidavatest materjalidest, t\u00e4nu millele on see v\u00e4ga vastupidav ja vastupidav. Lisaks v\u00f5imaldab selle mitmekihiline struktuur m\u00fcra v\u00e4hendada, nii et see t\u00f6\u00f6tab vaikselt ega h\u00e4iri teisi ruumis viibijaid. Lisaks on see varustatud suuremate klahvidega parema t\u00f6\u00f6mugavuse tagamiseks. Sellel on ka libisemiskindlad jalad, nii et see p\u00fcsib alati paigal.<\/p>\n<p>\n<img decoding=\"async\" alt=\"V\u00e4rviline mehaaniline klaviatuur RGB-taustvalgustusega puidust laual tahvelarvuti ees\" border=\"0\" src=\"https:\/\/assets.innpro.pl\/18297\/24279\/5.jpg\"\/>\n<\/p>\n<h3>Kohandatud teie vajadustele<\/h3>\n<p>Royal Kludge klaviatuur kohandub teie vajadustega. Spetsiaalses arvutirakenduses saate selle seadeid vastavalt oma ootustele muuta. Muuhulgas saate muuta klahvide kasutust v\u00f5i valida teile sobiva taustvalgustuse. See isikup\u00e4rastab klaviatuuri ja muudab teie t\u00f6\u00f6 veelgi mugavamaks!<\/p>\n<p>\n<img decoding=\"async\" alt=\"Mehaaniline klaviatuur nupu ja RGB-taustvalgustusega tumeda t\u00e4hem\u00e4rgi graafika taustal\" border=\"0\" src=\"https:\/\/assets.innpro.pl\/18297\/24279\/4.jpg\"\/>\n<\/p>\n<h3>Paljud \u00fchendusv\u00f5imalused<\/h3>\n<p>Royal Kludge vastab kasutajate vajadustele ja annab teile v\u00f5imaluse klaviatuuriga \u00fchenduse luua kuni kolmel erineval viisil! Kui olete traditsiooniliste lahenduste f\u00e4nn, valige juhtmega \u00fchendus kaabli abil. Kui aga soovite sassis juhtmetest lahti saada, \u00fchendage valitud seadmed 2,4 GHz v\u00f5rgu v\u00f5i Bluetoothi \u200b\u200babil (mille abil saate samaaegselt luua \u00fchenduse kuni kolme seadmega). Lisaks saate klaviatuuril asuva spetsiaalse l\u00fcliti abil mugavalt \u00fchendatud seadmete vahel vahetada.<\/p>\n<p>\n<img decoding=\"async\" alt=\"USB-C ja USB-A pordid mehaanilise klaviatuuri tagak\u00fcljel ja kaks kaablit nutitelefoni k\u00f5rval\" border=\"0\" src=\"https:\/\/assets.innpro.pl\/18297\/24279\/2.jpg\"\/>\n<\/p>\n<h3>Pikk t\u00f6\u00f6aeg<\/h3>\n<p>Kas olete mures, et klaviatuur kaotab energia k\u00f5ige v\u00e4hem sobival hetkel? Royal Kludge&#8217;iga saate need hirmud unustada! See on varustatud 3750 mAh akuga, nii et see v\u00f5ib t\u00f6\u00f6tada kuni 220 tundi. Lisaks on see varustatud spetsiaalse ekraaniga, mis teavitab teid laadimise hetkeseisust. Alates t\u00e4nasest uuendate selle energiat alati \u00f5igeaegselt!<\/p>\n<p>\n<img decoding=\"async\" alt=\"L\u00e4hivaade rohelisest funktsiooninupust mehaanilise klaviatuuri paremas \u00fclanurgas\" border=\"0\" src=\"https:\/\/assets.innpro.pl\/18297\/24279\/6.jpg\"\/>\n<\/p>\n<h3>RGB-taustvalgustus<\/h3>\n<p>Anna oma t\u00f6\u00f6le rohkem v\u00e4rve! Royal Kludge klaviatuur on varustatud RGB-taustvalgustusega, mis sisaldab kuni 16,80 miljonit v\u00e4rvi. Lisaks on teie k\u00e4sutuses 14 erinevat re\u017eiimi. Kohanda v\u00e4rve vastavalt oma tujule v\u00f5i m\u00e4ngule ja anna oma klaviatuurile ainulaadne v\u00e4limus!<\/p>\n<p>\n<img decoding=\"async\" alt=\"Mehaanilise klaviatuuri pealtvaade aktiivse RGB-taustvalgustusega ja selle kohal vikerkaarev\u00e4rvilise valguskaarega\" border=\"0\" src=\"https:\/\/assets.innpro.pl\/18297\/24279\/8.jpg\"\/>\n<\/p>\n<h3>K\u00f5rge \u00fchilduvus<\/h3>\n<p>Royal Kludge seade on v\u00e4ga \u00fchilduv, seega ei pea sa muretsema, et see sinu riistvaraga ei t\u00f6\u00f6ta. See t\u00f6\u00f6tab telefonide, hiirte, k\u00f5rvaklappidega ja mitte ainult! Samuti ei pea sa muretsema kasutatava operatsioonis\u00fcsteemi p\u00e4rast, kuna see klaviatuur t\u00f6\u00f6tab Windowsi, iOS-i\/Mac OS-i, Androidi ja Linuxiga. Nautige erakordset vabadust!<\/p>\n<p>\n<img decoding=\"async\" alt=\"Mehaaniline klaviatuur \u00fclaltvaates koos s\u00fclearvuti, monitori, tahvelarvuti ja muude seadmetega hallil taustal\" border=\"0\" src=\"https:\/\/assets.innpro.pl\/18297\/24279\/3.jpg\"\/>\n<\/p>\n<h3>Kaasas<\/h3>\n<ul class=\"list-disc pl-5\">\n<li>klaviatuur<\/li>\n<li>lisal\u00fclitid (4 tk)<\/li>\n<li>v\u00f5tme eemaldamise v\u00f5ti<\/li>\n<li>USB-C kaabel<\/li>\n<li>kasutusjuhend<\/li>\n<\/ul>\n<div class=\"table-wrapper\">\n<p>\u0412\u00a0<\/p>\n<h3><\/h3>\n<table>\n<tbody>\n<tr>\n<th>Tootja<\/th>\n<td>Royal Kludge<\/td>\n<\/tr>\n<tr>\n<th>Mudel<\/th>\n<td>RKH81 skycyan l\u00fcliti<\/td>\n<\/tr>\n<tr>\n<th>M\u00f5\u00f5tmed<\/th>\n<td>335,8\u0413 \u2013 142\u0413 \u2013 40 mm<\/td>\n<\/tr>\n<tr>\n<th>Paigutus<\/th>\n<td>QWERTY, 81 klahvi<\/td>\n<\/tr>\n<tr>\n<th>Taustvalgustus<\/th>\n<td>\u00dcks tuli\/RGB<\/td>\n<\/tr>\n<tr>\n<th>L\u00fcliti t\u00fc\u00fcp<\/th>\n<td>Mehaaniline<\/td>\n<\/tr>\n<tr>\n<th>Aku mahutavus<\/th>\n<td>3750 mAh<\/td>\n<\/tr>\n<tr>\n<th>T\u00f6\u00f6aeg<\/th>\n<td>umbes 220 h<\/td>\n<\/tr>\n<tr>\n<th>Lisafunktsioonid<\/th>\n<td>hotswap<\/td>\n<\/tr>\n<\/tbody>\n<\/table>\n<\/div>\n","protected":false},"excerpt":{"rendered":"<p>Royal Kludge RKH81 RGB juhtmevaba mehaaniline klaviatuur, taevasinise l\u00fclitiga (roheline) (QWERTY) Kas otsite t\u00f5estatud seadet, mis sobib ideaalselt nii t\u00f6\u00f6ks kui ka meelelahutuseks? Royal Kludge mehaaniline klaviatuur on ideaalne valik! See kohandub teiega igas m\u00f5ttes, kuna saate mitte ainult vabalt l\u00fcliteid vahetada, vaid ka sellega erinevatel viisidel \u00fchenduda. Lisaks tagab selle l\u00e4bim\u00f5eldud disain katkematu mugavuse [&#8230;]\n","protected":false},"featured_media":32776,"comment_status":"open","ping_status":"closed","template":"","meta":[],"product_brand":[525],"product_cat":[1446],"product_tag":[],"class_list":{"0":"post-32775","1":"product","2":"type-product","3":"status-publish","4":"has-post-thumbnail","6":"product_brand-royal-kludge","7":"product_cat-wireless-keyboards","9":"first","10":"outofstock","11":"taxable","12":"shipping-taxable","13":"purchasable","14":"product-type-simple"},"aioseo_notices":[],"_links":{"self":[{"href":"https:\/\/asura.lv\/et\/wp-json\/wp\/v2\/product\/32775","targetHints":{"allow":["GET"]}}],"collection":[{"href":"https:\/\/asura.lv\/et\/wp-json\/wp\/v2\/product"}],"about":[{"href":"https:\/\/asura.lv\/et\/wp-json\/wp\/v2\/types\/product"}],"replies":[{"embeddable":true,"href":"https:\/\/asura.lv\/et\/wp-json\/wp\/v2\/comments?post=32775"}],"wp:featuredmedia":[{"embeddable":true,"href":"https:\/\/asura.lv\/et\/wp-json\/wp\/v2\/media\/32776"}],"wp:attachment":[{"href":"https:\/\/asura.lv\/et\/wp-json\/wp\/v2\/media?parent=32775"}],"wp:term":[{"taxonomy":"product_brand","embeddable":true,"href":"https:\/\/asura.lv\/et\/wp-json\/wp\/v2\/product_brand?post=32775"},{"taxonomy":"product_cat","embeddable":true,"href":"https:\/\/asura.lv\/et\/wp-json\/wp\/v2\/product_cat?post=32775"},{"taxonomy":"product_tag","embeddable":true,"href":"https:\/\/asura.lv\/et\/wp-json\/wp\/v2\/product_tag?post=32775"}],"curies":[{"name":"wp","href":"https:\/\/api.w.org\/{rel}","templated":true}]}}