{"id":32997,"date":"2025-11-28T21:03:52","date_gmt":"2025-11-28T21:03:52","guid":{"rendered":"https:\/\/asura.lv\/product\/nillkin-camshield-armor-pro-case-for-samsung-galaxy-s23-ultra-black\/"},"modified":"2025-12-12T14:52:35","modified_gmt":"2025-12-12T12:52:35","slug":"nillkin-camshield-armor-pro-case-for-samsung-galaxy-s23-ultra-black","status":"publish","type":"product","link":"https:\/\/asura.lv\/et\/toode\/nillkin-camshield-armor-pro-case-for-samsung-galaxy-s23-ultra-black\/","title":{"rendered":"Nillkin CamShield Armor Pro \u00fcmbris Samsung Galaxy S23 Ultra telefonile (must)"},"content":{"rendered":"<h3>Nillkin CamShield Armor Pro \u00fcmbris Samsung Galaxy S23 Ultrale (must)<\/h3>\n<p>Nillkini CamShield Armor Pro \u00fcmbrisel on funktsionaalne s\u00f5rmehaare, mida saab kasutada telefonialusena v\u00f5i magnetilise autohoidikuna. Lisaks on sellel libisev kate, mis kaitseb kaamera objektiivi kriimustuste ja tolmu eest. Toode kleepub ideaalselt teie nutitelefoni k\u00fclge, pakkudes igak\u00fclgset kaitset. See \u00fchildub Samsung Galaxy S23 Ultraga.<\/p>\n<p><img decoding=\"async\" src=\"https:\/\/b2b.innpro.pl\/data\/include\/cms\/Nillkin\/Nillkin-CamShield-Armor-Pro-Case-Samsung-Galaxy-S23-Ultra-Black\/1.jpg\" alt=\"Nillkin\/Nillkin-CamShield-Armor-Pro-Case-Samsung-Galaxy-S23-Ultra-Black\/1\"><\/p>\n<h3>Mugavus kasutamise ajal<\/h3>\n<p>Seadme laadimiseks ei pea \u00fcmbrist eemaldama \u2013 saate h\u00f5lpsalt kasutada juhtmevaba laadimise funktsiooni. Lisaks muudavad t\u00e4pselt l\u00f5igatud avad nuppude ja k\u00f5larite jaoks \u00fcmbrise teie telefonile ideaalselt sobivaks.<\/p>\n<p><img decoding=\"async\" src=\"https:\/\/b2b.innpro.pl\/data\/include\/cms\/Nillkin\/Nillkin-CamShield-Armor-Pro-Case-Samsung-Galaxy-S23-Ultra-Black\/6.jpg\" alt=\"Nillkin\/Nillkin-CamShield-Armor-Pro-Case-Samsung-Galaxy-S23-Ultra-Black\/6\"><\/p>\n<h3>L\u00e4bim\u00f5eldud disain<\/h3>\n<p>\u00dcmbrise ainulaadne kuju annab sellele originaalse iseloomu. Tekstuur on \u00e4\u00e4rmiselt meeldiv puudutusele. Lisaks on \u00fcmbris varustatud praktilise p\u00f6\u00f6rleva s\u00f5rmehaardega, mis pakub kasutamise ajal veelgi suuremat mugavust. Magnetkinnitust saab h\u00f5lpsalt kasutada autokinniti v\u00f5i telefonialusena, samal ajal oma lemmiksarja vaadates.<\/p>\n<p><img decoding=\"async\" src=\"https:\/\/b2b.innpro.pl\/data\/include\/cms\/Nillkin\/Nillkin-CamShield-Armor-Pro-Case-Samsung-Galaxy-S23-Ultra-Black\/4.jpg\" alt=\"Nillkin\/Nillkin-CamShield-Armor-Pro-Case-Samsung-Galaxy-S23-Ultra-Black\/4\"><\/p>\n<h3>P\u00f5hjalik kaitse<\/h3>\n<p>\u00dcmbris on varustatud libiseva kattega, mis kaitseb kaamera objektiivi. Lisaks v\u00f5imaldab funktsionaalne ava teil s\u00e4ilitada privaatsust isegi siis, kui te ei kasuta oma nutitelefoni kaamerat. \u00dcmbrise jaoks kasutatud kvaliteetsed materjalid tagavad teie telefonile k\u00f5rgeima kaitsetaseme. Lisaks kaitsevad t\u00e4iendavalt tugevdatud nurgad l\u00f6\u00f6kide eest.<\/p>\n<p><img decoding=\"async\" src=\"https:\/\/b2b.innpro.pl\/data\/include\/cms\/Nillkin\/Nillkin-CamShield-Armor-Pro-Case-Samsung-Galaxy-S23-Ultra-Black\/3.jpg\" alt=\"Nillkin\/Nillkin-CamShield-Armor-Pro-Case-Samsung-Galaxy-S23-Ultra-Black\/3\"><\/p>\n<div class=\"table-wrapper\">\n<table>\n<tbody>\n<tr>\n<th>Tootja<\/th>\n<td>Nillkin<\/td>\n<\/tr>\n<tr>\n<th>Mudel<\/th>\n<td>CamShield Armor Pro<\/td>\n<\/tr>\n<tr>\n<th>\u00dchilduvus<\/th>\n<td>Samsung Galaxy S23 Ultra<\/td>\n<\/tr>\n<tr>\n<th>V\u00e4rv<\/th>\n<td>Must<\/td>\n<\/tr>\n<tr>\n<th>T\u00fc\u00fcp<\/th>\n<td>Kaitse\u00fcmbris<\/td>\n<\/tr>\n<tr>\n<th>Materjal<\/th>\n<td>TPU+PC<\/td>\n<\/tr>\n<\/tbody>\n<\/table>\n<\/div>\n","protected":false},"excerpt":{"rendered":"<p>Nillkin CamShield Armor Pro \u00fcmbris Samsung Galaxy S23 Ultrale (must) Nillkini CamShield Armor Pro \u00fcmbrisel on funktsionaalne s\u00f5rmehaare, mida saab kasutada telefonialusena v\u00f5i magnetilise autohoidikuna. Lisaks on sellel libisev kate, mis kaitseb kaamera objektiivi kriimustuste ja tolmu eest. Toode kleepub ideaalselt teie nutitelefoni k\u00fclge, pakkudes igak\u00fclgset kaitset. See \u00fchildub Samsung Galaxy S23 Ultraga. Mugavus kasutamise [&#8230;]\n","protected":false},"featured_media":32998,"comment_status":"open","ping_status":"closed","template":"","meta":[],"product_brand":[438],"product_cat":[1248],"product_tag":[],"class_list":{"0":"post-32997","1":"product","2":"type-product","3":"status-publish","4":"has-post-thumbnail","6":"product_brand-nillkin","7":"product_cat-protective-cases-for-smartphones-cases-gsm-accessories","9":"first","10":"outofstock","11":"taxable","12":"shipping-taxable","13":"purchasable","14":"product-type-simple"},"aioseo_notices":[],"_links":{"self":[{"href":"https:\/\/asura.lv\/et\/wp-json\/wp\/v2\/product\/32997","targetHints":{"allow":["GET"]}}],"collection":[{"href":"https:\/\/asura.lv\/et\/wp-json\/wp\/v2\/product"}],"about":[{"href":"https:\/\/asura.lv\/et\/wp-json\/wp\/v2\/types\/product"}],"replies":[{"embeddable":true,"href":"https:\/\/asura.lv\/et\/wp-json\/wp\/v2\/comments?post=32997"}],"wp:featuredmedia":[{"embeddable":true,"href":"https:\/\/asura.lv\/et\/wp-json\/wp\/v2\/media\/32998"}],"wp:attachment":[{"href":"https:\/\/asura.lv\/et\/wp-json\/wp\/v2\/media?parent=32997"}],"wp:term":[{"taxonomy":"product_brand","embeddable":true,"href":"https:\/\/asura.lv\/et\/wp-json\/wp\/v2\/product_brand?post=32997"},{"taxonomy":"product_cat","embeddable":true,"href":"https:\/\/asura.lv\/et\/wp-json\/wp\/v2\/product_cat?post=32997"},{"taxonomy":"product_tag","embeddable":true,"href":"https:\/\/asura.lv\/et\/wp-json\/wp\/v2\/product_tag?post=32997"}],"curies":[{"name":"wp","href":"https:\/\/api.w.org\/{rel}","templated":true}]}}