{"id":33045,"date":"2025-11-28T21:03:49","date_gmt":"2025-11-28T21:03:49","guid":{"rendered":"https:\/\/asura.lv\/product\/sunnylife-landing-gear-for-dji-mini-3-pro-mm3-lg399\/"},"modified":"2025-12-12T14:52:31","modified_gmt":"2025-12-12T12:52:31","slug":"sunnylife-landing-gear-for-dji-mini-3-pro-mm3-lg399","status":"publish","type":"product","link":"https:\/\/asura.lv\/et\/toode\/sunnylife-landing-gear-for-dji-mini-3-pro-mm3-lg399\/","title":{"rendered":"Sunnylife maandumistelik DJI Mini 3 Pro (MM3-LG399) jaoks"},"content":{"rendered":"<h3 style=\"text-align: center;\">Sunnylife teliku t\u00f5ste DJI Mini 3-le (MM3-LG551)<\/h3>\n<p>Teliku t\u00f5ste suurendab drooni stabiilsust ja ohutust \u00f5hkut\u00f5usmisel ja maandumisel. See suurendab seda 28 mm v\u00f5rra ja t\u00e4nu kergele disainile ei m\u00f5juta see DJI Mini 3 lendu. Seda ei pea hoiustamiseks eemaldama ning silikoonpadjad pakuvad pehmendust ja lisavad seadmele ainulaadset stiili.<\/p>\n<p><img loading=\"lazy\" decoding=\"async\" src=\"https:\/\/b2b.innpro.pl\/data\/include\/cms\/Sunnylife\/MM3-LG551-GY\/1.jpg\" border=\"0\" alt=\"\" width=\"1100\" height=\"700\" \/><\/p>\n<p>\u0412\u00a0<\/p>\n<h3 style=\"text-align: center;\">Murevaba t\u00f6\u00f6<\/h3>\n<p>Lisaseadmes kasutatud lahendused v\u00f5imaldavad toote probleemivaba paigaldamist ja eemaldamist, muretsemata \u00fchegi k\u00e4e kahjustamise v\u00f5i kriimustamise p\u00e4rast. Silikoonrihm on meie droonile t\u00e4iesti ohutu ja vastupidav. See ei blokeeri n\u00e4gemis- ja tuvastuss\u00fcsteemi.<\/p>\n<p><img loading=\"lazy\" decoding=\"async\" src=\"https:\/\/b2b.innpro.pl\/data\/include\/cms\/Sunnylife\/MM3-LG551-GY\/2.jpg\" border=\"0\" alt=\"\" width=\"1100\" height=\"700\" \/><\/p>\n<p>\u0412\u00a0<\/p>\n<h3 style=\"text-align: center;\">Suurenenud k\u00f5rgus<\/h3>\n<p>Maapinna ja drooni vaheline kaugus on suurenenud 28 mm v\u00f5rra, mis tagab drooni stabiilsuse ja ohutuse maandumise ajal. Jalad volditakse v\u00e4ljapoole, et tagada t\u00e4iesti stabiilne ja takistusteta maandumine. Kokkupandav telik v\u00f5imaldab samal ajal probleemivaba transporti.<\/p>\n<p><img loading=\"lazy\" decoding=\"async\" src=\"https:\/\/b2b.innpro.pl\/data\/include\/cms\/Sunnylife\/MM3-LG551-GY\/3.jpg\" border=\"0\" alt=\"\" width=\"1100\" height=\"700\" \/><\/p>\n<p>\u0412\u00a0<\/p>\n<div class=\"table-wrapper\">\n<table>\n<tbody>\n<tr>\n<th>Tootja<\/th>\n<td>Sunnylife<\/td>\n<\/tr>\n<tr>\n<th>Mudel<\/th>\n<td>MM3-LG551<\/td>\n<\/tr>\n<tr>\n<th>Materjal<\/th>\n<td>Plast + silikoon<\/td>\n<\/tr>\n<tr>\n<th>Kaal<\/th>\n<td>22 g<\/td>\n<\/tr>\n<tr>\n<th>Eesm\u00e4rk<\/th>\n<td>DJI Mini 3<\/td>\n<\/tr>\n<\/tbody>\n<\/table>\n<\/div>\n<style type=\"text\/css\"><!--\n.table-wrapper{width:100%;overflow-x:auto}.table-wrapper>table{border-spacing:0}.table-wrapper>table>tbody>tr>td,.table-wrapper>table>tbody>tr>th{padding:10px 35px;text-align:left}.table-wrapper>table>tbody>tr>th{vertical-align:top}.table-wrapper>table>tbody>tr:nth-child(even){background-color:#f7f7f7}\n--><\/style>\n","protected":false},"excerpt":{"rendered":"<p>Sunnylife teliku t\u00f5ste DJI Mini 3-le (MM3-LG551) Teliku t\u00f5ste suurendab drooni stabiilsust ja ohutust \u00f5hkut\u00f5usmisel ja maandumisel. See suurendab seda 28 mm v\u00f5rra ja t\u00e4nu kergele disainile ei m\u00f5juta see DJI Mini 3 lendu. Seda ei pea hoiustamiseks eemaldama ning silikoonpadjad pakuvad pehmendust ja lisavad seadmele ainulaadset stiili. \u0412\u00a0 Murevaba t\u00f6\u00f6 Lisaseadmes kasutatud lahendused v\u00f5imaldavad [&#8230;]\n","protected":false},"featured_media":33046,"comment_status":"open","ping_status":"closed","template":"","meta":[],"product_brand":[432],"product_cat":[1026],"product_tag":[],"class_list":{"0":"post-33045","1":"product","2":"type-product","3":"status-publish","4":"has-post-thumbnail","6":"product_brand-sunnylife","7":"product_cat-dji","9":"first","10":"outofstock","11":"taxable","12":"shipping-taxable","13":"purchasable","14":"product-type-simple"},"aioseo_notices":[],"_links":{"self":[{"href":"https:\/\/asura.lv\/et\/wp-json\/wp\/v2\/product\/33045","targetHints":{"allow":["GET"]}}],"collection":[{"href":"https:\/\/asura.lv\/et\/wp-json\/wp\/v2\/product"}],"about":[{"href":"https:\/\/asura.lv\/et\/wp-json\/wp\/v2\/types\/product"}],"replies":[{"embeddable":true,"href":"https:\/\/asura.lv\/et\/wp-json\/wp\/v2\/comments?post=33045"}],"wp:featuredmedia":[{"embeddable":true,"href":"https:\/\/asura.lv\/et\/wp-json\/wp\/v2\/media\/33046"}],"wp:attachment":[{"href":"https:\/\/asura.lv\/et\/wp-json\/wp\/v2\/media?parent=33045"}],"wp:term":[{"taxonomy":"product_brand","embeddable":true,"href":"https:\/\/asura.lv\/et\/wp-json\/wp\/v2\/product_brand?post=33045"},{"taxonomy":"product_cat","embeddable":true,"href":"https:\/\/asura.lv\/et\/wp-json\/wp\/v2\/product_cat?post=33045"},{"taxonomy":"product_tag","embeddable":true,"href":"https:\/\/asura.lv\/et\/wp-json\/wp\/v2\/product_tag?post=33045"}],"curies":[{"name":"wp","href":"https:\/\/api.w.org\/{rel}","templated":true}]}}