{"id":33087,"date":"2025-11-28T21:03:46","date_gmt":"2025-11-28T21:03:46","guid":{"rendered":"https:\/\/asura.lv\/product\/smooth-writing-stylus-with-led-indicators-active-white\/"},"modified":"2025-12-12T14:52:25","modified_gmt":"2025-12-12T12:52:25","slug":"smooth-writing-stylus-with-led-indicators-active-white","status":"publish","type":"product","link":"https:\/\/asura.lv\/et\/toode\/smooth-writing-stylus-with-led-indicators-active-white\/","title":{"rendered":"Sujuv kirjutuspliiats LED-indikaatoritega (aktiivne) valge"},"content":{"rendered":"<h3>Baseus Stylus aktiivpliiats akuindikaatoriga (valge)<\/h3>\n<p>Vabastage oma loovus ja joonistage nagu professionaal! Baseuse pliiats v\u00f5imaldab teil oma iPadi mugavalt kasutada ning joonistada ja kirjutada nagu p\u00e4ris paberil. Toode on t\u00e4ielikult \u00fchilduv enamiku iPadidega, paistab silma oma vastupidava disaini poolest ja toetab magnetilist laadimist. Saate selle toimimist kohandada &#8211; pliiats pakub kuni 14 seadistusfunktsiooni. See on v\u00e4ga t\u00e4pne ja t\u00f6\u00f6tab viivituseta ning kui see tuvastatakse, lakkab ekraan automaatselt teie k\u00e4ele reageerimast, nii et saate vabalt kirjutada ja joonistada. Komplektis on vahetatav ots.<\/p>\n<p><img decoding=\"async\" src=\"https:\/\/b2b.innpro.pl\/data\/include\/cms\/-Baseus\/SXBC060402\/3.jpg\"><\/p>\n<h3>T\u00e4pne j\u00f5udlus<\/h3>\n<p>Pliiats paistab silma oma suure t\u00e4psuse ja erakordselt tugeva signaali poolest &#8211; see on t\u00e4nu kullatud otsale. Selle tulemusena saate nautida oma liigutuste t\u00e4iuslikku taasesitust mis tahes nurga all. Lisaks tuvastab tahvelarvuti automaatselt pliiatsi toimingu. Sel ajal lakkab see teie k\u00e4e puudutusele reageerimast, nii et saate vabalt joonistada ja kirjutada, muretsemata, et kogemata midagi l\u00fclitate v\u00f5i v\u00e4lja l\u00fclitate.<\/p>\n<p><img decoding=\"async\" src=\"https:\/\/b2b.innpro.pl\/data\/include\/cms\/-Baseus\/SXBC060402\/9.jpg\"><\/p>\n<h3>Mugav kasutamine<\/h3>\n<p>Baseus Smooth Writing 2 \u00fchendub Baseuse rakendusega ja pakub tahvelarvuti kiireks kasutamiseks kuni 14 erinevat seadet. \u00dche kl\u00f5psuga saate muuta heledust, helitugevust, teha foto v\u00f5i ekraanipildi ja navigeerida j\u00e4rgmisele lehele. Pliiatsi tahvelarvuti suhtes \u00f5ige nurga alla seadmine aitab teil joonte paksust mugavalt reguleerida. <\/p>\n<p><img decoding=\"async\" src=\"https:\/\/b2b.innpro.pl\/data\/include\/cms\/-Baseus\/SXBC060402\/2.jpg\"><\/p>\n<h3>Lihtne laadimine<\/h3>\n<p>Baseuse pliiats on ideaalne asendus originaalsele Apple Pencilile. Toode on varustatud USB-C pordiga, mis v\u00f5imaldab teil kiiresti akut laadida. \u00dcks laadimine garanteerib kuni 11 tundi kasutust v\u00f5i 12 kuud ooteaega. Teave laadimise oleku kohta annab teile vastava arvu h\u00f5\u00f5guvaid LED-tulesid. <\/p>\n<p><img decoding=\"async\" src=\"https:\/\/b2b.innpro.pl\/data\/include\/cms\/-Baseus\/SXBC060402\/5.jpg\"><\/p>\n<h3>Vastupidav disain<\/h3>\n<p>Toode on valmistatud kvaliteetsetest materjalidest. Pliiatsi s\u00fcdamik on kaetud kullaga, mis tagab stabiilse ja usaldusv\u00e4\u00e4rse t\u00f6\u00f6 ilma viivitusteta. See paistab silma vastupidavuse poolest, on \u00e4\u00e4rmiselt kerge ja viimistletud meeldiva puudutusega libisemiskindla materjaliga, mis pakub v\u00f5rratut mugavust, nii et saate seda tundide kaupa vabalt kasutada. Kaasas on asendusots. <\/p>\n<p><img decoding=\"async\" src=\"https:\/\/b2b.innpro.pl\/data\/include\/cms\/-Baseus\/SXBC060402\/4.jpg\"><\/p>\n<h3>Kaasas<\/h3>\n<ul>\n<li>Pliiats x 1<\/li>\n<li>Pliiatsots x 1<\/li>\n<li>USB-C kaabel x 1<\/li>\n<\/ul>\n<div class=\"table-wrapper\">\n<table>\n<tbody>\n<tr>\n<th>Tootja<\/th>\n<td>Baseus<\/td>\n<\/tr>\n<tr>\n<th>Tootenumber<\/th>\n<td>SXBC060402<\/td>\n<\/tr>\n<tr>\n<th>\u00dchenduse t\u00fc\u00fcp<\/th>\n<td>Traadita\/rakenduse kaudu<\/td>\n<\/tr>\n<tr>\n<th>Aku mahutavus<\/th>\n<td>130 mAh<\/td>\n<\/tr>\n<tr>\n<th>T\u00f6\u00f6aeg<\/th>\n<td>11 tundi \u00fche laadimisega \/ 12 kuud ootere\u017eiimis<\/td>\n<\/tr>\n<tr>\n<th>Materjal<\/th>\n<td>ABS + PC <\/td>\n<\/tr>\n<tr>\n<th>\u00dchilduvus<\/th>\n<td>iPad mini seeria 6, Air 4, 5 ja iPad Pro seeria 0-6 <\/td>\n<\/tr>\n<tr>\n<th>M\u00f5\u00f5tmed<\/th>\n<td>165 x 9 mm<\/td>\n<\/tr>\n<tr>\n<th>Kaal<\/th>\n<td>13,5 g<\/td>\n<\/tr>\n<tr>\n<th>\u00dchilduvus<\/th>\n<td>iPad (6, 7, 8, 9, 10, mini 5. mini 6, \u00f5hk 3, \u00f5hk 4, \u00f5hk 5, Pro, Pro 3, Pro 2, Pro 4, Pro 5, Pro 6)<\/td>\n<\/tr>\n<\/tbody>\n<\/table>\n<\/div>\n","protected":false},"excerpt":{"rendered":"<p>Baseus Stylus aktiivpliiats akuindikaatoriga (valge) Vabastage oma loovus ja joonistage nagu professionaal! Baseuse pliiats v\u00f5imaldab teil oma iPadi mugavalt kasutada ning joonistada ja kirjutada nagu p\u00e4ris paberil. Toode on t\u00e4ielikult \u00fchilduv enamiku iPadidega, paistab silma oma vastupidava disaini poolest ja toetab magnetilist laadimist. Saate selle toimimist kohandada &#8211; pliiats pakub kuni 14 seadistusfunktsiooni. See on [&#8230;]\n","protected":false},"featured_media":33088,"comment_status":"open","ping_status":"closed","template":"","meta":[],"product_brand":[95],"product_cat":[1212],"product_tag":[],"class_list":{"0":"post-33087","1":"product","2":"type-product","3":"status-publish","4":"has-post-thumbnail","6":"product_brand-baseus","7":"product_cat-tablet-styluses-gsm-accessories","9":"first","10":"outofstock","11":"taxable","12":"shipping-taxable","13":"purchasable","14":"product-type-simple"},"aioseo_notices":[],"_links":{"self":[{"href":"https:\/\/asura.lv\/et\/wp-json\/wp\/v2\/product\/33087","targetHints":{"allow":["GET"]}}],"collection":[{"href":"https:\/\/asura.lv\/et\/wp-json\/wp\/v2\/product"}],"about":[{"href":"https:\/\/asura.lv\/et\/wp-json\/wp\/v2\/types\/product"}],"replies":[{"embeddable":true,"href":"https:\/\/asura.lv\/et\/wp-json\/wp\/v2\/comments?post=33087"}],"wp:featuredmedia":[{"embeddable":true,"href":"https:\/\/asura.lv\/et\/wp-json\/wp\/v2\/media\/33088"}],"wp:attachment":[{"href":"https:\/\/asura.lv\/et\/wp-json\/wp\/v2\/media?parent=33087"}],"wp:term":[{"taxonomy":"product_brand","embeddable":true,"href":"https:\/\/asura.lv\/et\/wp-json\/wp\/v2\/product_brand?post=33087"},{"taxonomy":"product_cat","embeddable":true,"href":"https:\/\/asura.lv\/et\/wp-json\/wp\/v2\/product_cat?post=33087"},{"taxonomy":"product_tag","embeddable":true,"href":"https:\/\/asura.lv\/et\/wp-json\/wp\/v2\/product_tag?post=33087"}],"curies":[{"name":"wp","href":"https:\/\/api.w.org\/{rel}","templated":true}]}}