{"id":33171,"date":"2025-11-28T21:03:40","date_gmt":"2025-11-28T21:03:40","guid":{"rendered":"https:\/\/asura.lv\/product\/dreame-d10s-pro-accessories-kit\/"},"modified":"2025-12-12T14:52:18","modified_gmt":"2025-12-12T12:52:18","slug":"dreame-d10s-pro-accessories-kit","status":"publish","type":"product","link":"https:\/\/asura.lv\/et\/toode\/dreame-d10s-pro-accessories-kit\/","title":{"rendered":"Dreame D10s Pro tarvikute komplekt"},"content":{"rendered":"<h3>Dreame D10s Pro tolmuimeja lisatarvikute komplekt<\/h3>\n<p>Dreame D10s Pro lisatarvikute komplekt on t\u00e4ielik lisatarvikute pakett, mis muudab teie kodu koristamise lihtsamaks. Kaks puhastusvahendit v\u00f5imaldavad teil raskesti ligip\u00e4\u00e4setavaid pindu p\u00f5hjalikult puhastada ja kolm mopipatja v\u00f5imaldavad teil tolmuimeja kiiresti mopiks muuta. Komplektis on ka vahetatav hari ja kolm filtrit, mis tagavad tolmu ja allergeenide t\u00f5husa eemaldamise. K\u00f5iki komponente on lihtne vahetada ja puhastada, mis tagab seadme pika eluea.<\/p>\n<p><img loading=\"lazy\" decoding=\"async\" src=\"https:\/\/b2b.innpro.pl\/data\/include\/cms\/02Dreame\/RAK17\/1.jpg\" border=\"0\" alt=\"\" width=\"1100\" height=\"700\" \/><\/p>\n<p><\/p>\n<h3>Kaasas<\/h3>\n<ul>\n<li>Puhastusvahendid x 2<\/li>\n<li>Pesupadjad x 3<\/li>\n<li>Vahetushari x 1<\/li>\n<li>Filter x 3<\/li>\n<\/ul>\n<div class=\"table-wrapper\">\n<table>\n<tbody>\n<tr>\n<th>Tootja<\/th>\n<td>Dreame<\/td>\n<\/tr>\n<tr>\n<th>Mudel<\/th>\n<td>RAK17<\/td>\n<\/tr>\n<tr>\n<th>Sobib<\/th>\n<td>Dreame D10s Pro<\/td>\n<\/tr>\n<\/tbody>\n<\/table>\n<\/div>\n","protected":false},"excerpt":{"rendered":"<p>Dreame D10s Pro tolmuimeja lisatarvikute komplekt Dreame D10s Pro lisatarvikute komplekt on t\u00e4ielik lisatarvikute pakett, mis muudab teie kodu koristamise lihtsamaks. Kaks puhastusvahendit v\u00f5imaldavad teil raskesti ligip\u00e4\u00e4setavaid pindu p\u00f5hjalikult puhastada ja kolm mopipatja v\u00f5imaldavad teil tolmuimeja kiiresti mopiks muuta. Komplektis on ka vahetatav hari ja kolm filtrit, mis tagavad tolmu ja allergeenide t\u00f5husa eemaldamise. K\u00f5iki [&#8230;]\n","protected":false},"featured_media":33172,"comment_status":"open","ping_status":"closed","template":"","meta":[],"product_brand":[320],"product_cat":[1428],"product_tag":[],"class_list":{"0":"post-33171","1":"product","2":"type-product","3":"status-publish","4":"has-post-thumbnail","6":"product_brand-dreame","7":"product_cat-spare-parts","9":"first","10":"outofstock","11":"taxable","12":"shipping-taxable","13":"purchasable","14":"product-type-simple"},"aioseo_notices":[],"_links":{"self":[{"href":"https:\/\/asura.lv\/et\/wp-json\/wp\/v2\/product\/33171","targetHints":{"allow":["GET"]}}],"collection":[{"href":"https:\/\/asura.lv\/et\/wp-json\/wp\/v2\/product"}],"about":[{"href":"https:\/\/asura.lv\/et\/wp-json\/wp\/v2\/types\/product"}],"replies":[{"embeddable":true,"href":"https:\/\/asura.lv\/et\/wp-json\/wp\/v2\/comments?post=33171"}],"wp:featuredmedia":[{"embeddable":true,"href":"https:\/\/asura.lv\/et\/wp-json\/wp\/v2\/media\/33172"}],"wp:attachment":[{"href":"https:\/\/asura.lv\/et\/wp-json\/wp\/v2\/media?parent=33171"}],"wp:term":[{"taxonomy":"product_brand","embeddable":true,"href":"https:\/\/asura.lv\/et\/wp-json\/wp\/v2\/product_brand?post=33171"},{"taxonomy":"product_cat","embeddable":true,"href":"https:\/\/asura.lv\/et\/wp-json\/wp\/v2\/product_cat?post=33171"},{"taxonomy":"product_tag","embeddable":true,"href":"https:\/\/asura.lv\/et\/wp-json\/wp\/v2\/product_tag?post=33171"}],"curies":[{"name":"wp","href":"https:\/\/api.w.org\/{rel}","templated":true}]}}