{"id":33243,"date":"2025-11-28T21:03:33","date_gmt":"2025-11-28T21:03:33","guid":{"rendered":"https:\/\/asura.lv\/product\/magnetic-charger-for-apple-iwatch-1-2m-joyroom-s-iw001s-white\/"},"modified":"2025-12-12T14:52:11","modified_gmt":"2025-12-12T12:52:11","slug":"magnetic-charger-for-apple-iwatch-1-2m-joyroom-s-iw001s-white","status":"publish","type":"product","link":"https:\/\/asura.lv\/et\/toode\/magnetic-charger-for-apple-iwatch-1-2m-joyroom-s-iw001s-white\/","title":{"rendered":"Magnetiline laadija Apple iWatch 1.2m jaoks Joyroom S-IW001S (valge)"},"content":{"rendered":"<h3>Magnetiline laadimiskaabel iWatchile 1,2 m Joyroom S-IW001S (valge)<\/h3>\n<p>Uuenda oma iWatchi laadimist Joyroomi magnetilise kaabli abil. Toode \u00fchildub <span>1\/2\/3\/4\/9\/Ultra 2\/SE\u0412\u00a0<\/span>seeria iWatchidega ja sellel on muljetavaldav magnetiline tugevus. Lisaks kontrollib S-IW001S intelligentselt temperatuuri, nii et te ei pea muretsema seadme \u00fclekuumenemise p\u00e4rast.<\/p>\n<p><img decoding=\"async\" src=\"https:\/\/b2b.innpro.pl\/data\/include\/cms\/Joyroom\/S-IW001S-iP-Magnetic-Charging-Cable-1.2m-White\/1.jpg\" border=\"0\" alt=\"Joyroom\/S-IW001S-iP-Magnetic-Charging-Cable-1.2m-White\/1\" \/><\/p>\n<h3>Kiirlaadimine<\/h3>\n<p>S-IW001S-iga saate oma kella induktiivselt laadida vaid umbes 2 tunniga. Toode sobib ideaalselt <span>1\/2\/3\/4\/9\/Ultra 2\/SE<\/span>B seeria iWatches&#8217;idele ning seda iseloomustab muljetavaldav 2500N magnetiline j\u00f5ud, seega peate energia uuendamise alustamiseks vaid hoidma pistikut kella tagak\u00fcljel.<\/p>\n<p><img decoding=\"async\" src=\"https:\/\/b2b.innpro.pl\/data\/include\/cms\/Joyroom\/S-IW001S-iP-Magnetic-Charging-Cable-1.2m-White\/6.jpg\" border=\"0\" alt=\"Joyroom\/S-IW001S-iP-Magnetic-Charging-Cable-1.2m-White\/6\" \/><\/p>\n<h3>Vastupidav konstruktsioon<\/h3>\n<p>S-IW001S on valmistatud kulumiskindlast roostevabast terasest, mis muudab selle v\u00e4ga vastupidavaks. Lisaks v\u00f5ite t\u00e4nu nutikale kiibile olla kindel, et laadimisprotsess on t\u00e4iesti ohutu.<\/p>\n<p><img decoding=\"async\" src=\"https:\/\/b2b.innpro.pl\/data\/include\/cms\/Joyroom\/S-IW001S-iP-Magnetic-Charging-Cable-1.2m-White\/2.jpg\" border=\"0\" alt=\"Joyroom\/S-IW001S-iP-Magnetic-Charging-Cable-1.2m-White\/2\" \/><\/p>\n<div class=\"table-wrapper\">\n<table>\n<tbody>\n<tr>\n<th>Tootja<\/th>\n<td>Joyroom<\/td>\n<\/tr>\n<tr>\n<th>Mudel<\/th>\n<td>S-IW001S<\/td>\n<\/tr>\n<tr>\n<th>T\u00fc\u00fcp<\/th>\n<td>USB-A\/magnetiline pistik<\/td>\n<\/tr>\n<tr>\n<th>\u00dchilduvus<\/th>\n<td>iWatch 1\/2\/3\/4<\/td>\n<\/tr>\n<tr>\n<th>V\u00e4ljundv\u00f5imsus<\/th>\n<td>2,5 W<\/td>\n<\/tr>\n<tr>\n<th>Materjal<\/th>\n<td>Roostevaba teras + TPE<\/td>\n<\/tr>\n<tr>\n<th>Kaal<\/th>\n<td>30 g<\/td>\n<\/tr>\n<tr>\n<th>Pikkus<\/th>\n<td>1,2 m<\/td>\n<\/tr>\n<tr>\n<th>V\u00e4rv<\/th>\n<td>Valge<\/td>\n<\/tr>\n<\/tbody>\n<\/table>\n<\/div>\n","protected":false},"excerpt":{"rendered":"<p>Magnetiline laadimiskaabel iWatchile 1,2 m Joyroom S-IW001S (valge) Uuenda oma iWatchi laadimist Joyroomi magnetilise kaabli abil. Toode \u00fchildub 1\/2\/3\/4\/9\/Ultra 2\/SE\u0412\u00a0seeria iWatchidega ja sellel on muljetavaldav magnetiline tugevus. Lisaks kontrollib S-IW001S intelligentselt temperatuuri, nii et te ei pea muretsema seadme \u00fclekuumenemise p\u00e4rast. Kiirlaadimine S-IW001S-iga saate oma kella induktiivselt laadida vaid umbes 2 tunniga. Toode sobib ideaalselt [&#8230;]\n","protected":false},"featured_media":33244,"comment_status":"open","ping_status":"closed","template":"","meta":[],"product_brand":[443],"product_cat":[1320],"product_tag":[],"class_list":{"0":"post-33243","1":"product","2":"type-product","3":"status-publish","4":"has-post-thumbnail","6":"product_brand-joyroom","7":"product_cat-wireless-chargers-chargers-gsm-accessories","9":"first","10":"outofstock","11":"taxable","12":"shipping-taxable","13":"purchasable","14":"product-type-simple"},"aioseo_notices":[],"_links":{"self":[{"href":"https:\/\/asura.lv\/et\/wp-json\/wp\/v2\/product\/33243","targetHints":{"allow":["GET"]}}],"collection":[{"href":"https:\/\/asura.lv\/et\/wp-json\/wp\/v2\/product"}],"about":[{"href":"https:\/\/asura.lv\/et\/wp-json\/wp\/v2\/types\/product"}],"replies":[{"embeddable":true,"href":"https:\/\/asura.lv\/et\/wp-json\/wp\/v2\/comments?post=33243"}],"wp:featuredmedia":[{"embeddable":true,"href":"https:\/\/asura.lv\/et\/wp-json\/wp\/v2\/media\/33244"}],"wp:attachment":[{"href":"https:\/\/asura.lv\/et\/wp-json\/wp\/v2\/media?parent=33243"}],"wp:term":[{"taxonomy":"product_brand","embeddable":true,"href":"https:\/\/asura.lv\/et\/wp-json\/wp\/v2\/product_brand?post=33243"},{"taxonomy":"product_cat","embeddable":true,"href":"https:\/\/asura.lv\/et\/wp-json\/wp\/v2\/product_cat?post=33243"},{"taxonomy":"product_tag","embeddable":true,"href":"https:\/\/asura.lv\/et\/wp-json\/wp\/v2\/product_tag?post=33243"}],"curies":[{"name":"wp","href":"https:\/\/api.w.org\/{rel}","templated":true}]}}