{"id":33453,"date":"2025-11-28T20:51:57","date_gmt":"2025-11-28T20:51:57","guid":{"rendered":"https:\/\/asura.lv\/product\/oneodio-studio-hifi-wired-headphones-black\/"},"modified":"2025-12-12T14:51:57","modified_gmt":"2025-12-12T12:51:57","slug":"oneodio-studio-hifi-wired-headphones-black","status":"publish","type":"product","link":"https:\/\/asura.lv\/et\/toode\/oneodio-studio-hifi-wired-headphones-black\/","title":{"rendered":"Oneodio Studio HiFi juhtmega k\u00f5rvaklapid (mustad)"},"content":{"rendered":"<h3>Oneodio Studio HiFi juhtmega k\u00f5rvaklapid (mustad)<\/h3>\n<p>Nautige veelgi paremat helikvaliteeti. OneOdio Studio HiFi k\u00f5rvaklapid pakuvad tipptasemel 50 mm draivereid, et saaksite nautida fantastilist HiFi-heli. Need tagavad ka v\u00f5rratu mugavuse ja paistavad silma oma laia \u00fchilduvuse poolest. Neil on ka kaablisse integreeritud mikrofon. Lisaks v\u00f5imaldab Shareporti tehnoloogia teil \u00fchendada 2 paari k\u00f5rvaklappe ja koos muusikat kuulata.<\/p>\n<p><script type=\"application\/ld+json\">{\"@context\":\"https:\/\/schema.org\",\"@type\":\"VideoObject\",\"name\":\"Studio Hifi (2)\",\"kirjeldus\":\"\",\"thumbnailUrl\":[[\"https:\/\/video.gumlet.io\/6666b061f9e499a51d614165\/66752a2dd7be46b63ee27230\/thumbnail-1-0.png?v=1718954579890\"]],\"uploadDate\":\"2024-06-21T07:22:21.957Z\",\"duration\":\"PT32.682667S\",\"embedUrl\":\"https:\/\/play.gumlet.io\/embed\/66752a2dd7be46b63ee27230\"<\/script><\/p>\n<div style=\"padding:56.25% 0 0 0;position:relative;\">\n<iframe loading=\"lazy\" title=\"Gumleti videopleier\" false src=\"https:\/\/play.gumlet.io\/embed\/66752a2dd7be46b63ee27230?preload=true&#038;autoplay=true&#038;loop=true&#038;disable_player_controls=true\" style=\"border:none; position: absolute; top:0; left:0; height: 100%; width: 100%;\" \n\nallow=\"accelerometer; gyroscope; autoplay; encrypted-media; picture-in-picture; fullscreen;\" frameborder=\"0\" allowfullscreen><br \/>\n<\/iframe><\/div>\n<p><h3>Suurep\u00e4rane helielamus<\/h3>\n<p>Avastage suurep\u00e4rane HiFi helikvaliteet. K\u00f5rvaklapid on varustatud 50-millimeetriste draiveritega, mis t\u00e4hendab, et need suudavad pakkuda erakordselt selget ja loomulikku heli ning s\u00fcgavat ja v\u00f5imsat bassi. Kuula oma lemmiklaulude seni tundmatuid detaile ja armasta neid uuesti!<\/p>\n<p>\n<img decoding=\"async\" border=\"0\" src=\"https:\/\/assets.innpro.pl\/6422\/7513\/3.jpg\"\/>\n<\/p>\n<h3>Erakordne mugavus<\/h3>\n<p>Kasuta k\u00f5rvaklappe nii kaua kui soovid \u2013 \u00e4ra karda ebamugavust. Studio HiFi mudel pakub pehmeid ja suuri k\u00f5rvaklappe, mis istuvad tihedalt \u00fcmber k\u00f5rvade, avaldamata ebamugavat survet. J\u00e4ta h\u00fcvasti valu ja v\u00e4simusega! T\u00e4helepanuv\u00e4\u00e4rne on ka reguleeritav peapael, t\u00e4nu millele saad k\u00f5rvaklappe h\u00f5lpsalt oma vajadustele vastavalt reguleerida. Lisaks h\u00f5lbustab toote transportimist kaasasolev \u00fcmbris.<\/p>\n<p>\n<img decoding=\"async\" border=\"0\" src=\"https:\/\/assets.innpro.pl\/6422\/7513\/9.jpg\"\/>\n<\/p>\n<h3>Need t\u00f5estavad end igas olukorras<\/h3>\n<p>Kaablisse integreeritud mikrofoni abil saate k\u00f5rvaklappe kasutada telefoniga r\u00e4\u00e4kimiseks, veebikoosolekutel osalemiseks v\u00f5i teiste m\u00e4ngijatega veebim\u00e4ngu ajal suhtlemiseks. Samuti on olemas v\u00e4ike nupp, mille abil saate mugavalt taasesitust peatada ja j\u00e4tkata, lugu vahetada ja sissetulevaid k\u00f5nesid hallata.<\/p>\n<p>\n<img decoding=\"async\" border=\"0\" src=\"https:\/\/assets.innpro.pl\/6422\/7513\/5.jpg\"\/>\n<\/p>\n<h3>Shareporti tehnoloogia<\/h3>\n<p>Kas soovite koos kallimaga muusikat kuulata? V\u00f5i plaanite kellegagi filmi vaadata? Kasutage Shareporti tehnoloogiat \u00e4ra! Lihtsalt \u00fchendage kaks paari k\u00f5rvaklappe kaasasoleva 6,35 mm kuni 3,5 mm kaabli abil. Nii m\u00e4ngitakse sama heli kahes seadmes!<\/p>\n<p>\n<img decoding=\"async\" border=\"0\" src=\"https:\/\/assets.innpro.pl\/6422\/7513\/2.jpg\"\/>\n<\/p>\n<h3>Lai \u00fchilduvus<\/h3>\n<p>Unustage piirangud. Stuudio HiFi k\u00f5rvaklapid \u00fchilduvad paljude populaarsete seadmetega \u2013 saate neid h\u00f5lpsalt \u00fchendada n\u00e4iteks oma nutitelefoni, iPadi, s\u00fclearvuti, arvuti, m\u00e4ngukonsooli v\u00f5i teleriga. Nii saad mugavalt muusikat kuulata, oma j\u00e4rgmist YouTube&#8217;i videot monteerida, filmi vaadata v\u00f5i m\u00e4nguga tegeleda.<\/p>\n<p>\n<img decoding=\"async\" border=\"0\" src=\"https:\/\/assets.innpro.pl\/6422\/7513\/7.jpg\"\/>\n<\/p>\n<h3>Komplektis:<\/h3>\n<ul class=\"list-disc pl-5\">\n<li>K\u00f5rvaklapid<\/li>\n<li>3,5 mm pesaga audiokaabel<\/li>\n<li>6,35 mm &#8211; 3,5 mm kaabel<\/li>\n<li>\u00dcmbris<\/li>\n<li>Kasutusjuhend<\/li>\n<\/ul>\n<div class=\"table-wrapper\">\n<p>\u0412\u00a0<\/p>\n<h3><\/h3>\n<table>\n<tbody>\n<tr>\n<th>Tootja<\/th>\n<td>OneOdio<\/td>\n<\/tr>\n<tr>\n<th>Mudel<\/th>\n<td>Studio HiFi<\/td>\n<\/tr>\n<tr>\n<th>V\u00e4rv<\/th>\n<td>Must<\/td>\n<\/tr>\n<tr>\n<th>Muundur<\/th>\n<td>50 mm<\/td>\n<\/tr>\n<tr>\n<th>Takistus<\/th>\n<td>32 x (1 \u00b1 15%)\u041e\u00a9<\/td>\n<\/tr>\n<tr>\n<th>Mikrofoni takistus<\/th>\n<td>2,2k\u041e\u00a9<\/td>\n<\/tr>\n<tr>\n<th>Tundlikkus<\/th>\n<td>108 dB \u00b1 3 dB<\/td>\n<\/tr>\n<tr>\n<th>Sageduskarakteristik<\/th>\n<td>20 Hz &#8211; 40 kHz<\/td>\n<\/tr>\n<tr>\n<th>Mikrofoni tundlikkus<\/th>\n<td>-38 dB \u00b1 3 dB<\/td>\n<\/tr>\n<\/tbody>\n<\/table>\n<\/div>\n","protected":false},"excerpt":{"rendered":"<p>Oneodio Studio HiFi juhtmega k\u00f5rvaklapid (mustad) Nautige veelgi paremat helikvaliteeti. OneOdio Studio HiFi k\u00f5rvaklapid pakuvad tipptasemel 50 mm draivereid, et saaksite nautida fantastilist HiFi-heli. Need tagavad ka v\u00f5rratu mugavuse ja paistavad silma oma laia \u00fchilduvuse poolest. Neil on ka kaablisse integreeritud mikrofon. Lisaks v\u00f5imaldab Shareporti tehnoloogia teil \u00fchendada 2 paari k\u00f5rvaklappe ja koos muusikat kuulata. [&#8230;]\n","protected":false},"featured_media":33454,"comment_status":"open","ping_status":"closed","template":"","meta":[],"product_brand":[480],"product_cat":[1188],"product_tag":[],"class_list":{"0":"post-33453","1":"product","2":"type-product","3":"status-publish","4":"has-post-thumbnail","6":"product_brand-oneodio","7":"product_cat-wired","9":"first","10":"outofstock","11":"taxable","12":"shipping-taxable","13":"purchasable","14":"product-type-simple"},"aioseo_notices":[],"_links":{"self":[{"href":"https:\/\/asura.lv\/et\/wp-json\/wp\/v2\/product\/33453","targetHints":{"allow":["GET"]}}],"collection":[{"href":"https:\/\/asura.lv\/et\/wp-json\/wp\/v2\/product"}],"about":[{"href":"https:\/\/asura.lv\/et\/wp-json\/wp\/v2\/types\/product"}],"replies":[{"embeddable":true,"href":"https:\/\/asura.lv\/et\/wp-json\/wp\/v2\/comments?post=33453"}],"wp:featuredmedia":[{"embeddable":true,"href":"https:\/\/asura.lv\/et\/wp-json\/wp\/v2\/media\/33454"}],"wp:attachment":[{"href":"https:\/\/asura.lv\/et\/wp-json\/wp\/v2\/media?parent=33453"}],"wp:term":[{"taxonomy":"product_brand","embeddable":true,"href":"https:\/\/asura.lv\/et\/wp-json\/wp\/v2\/product_brand?post=33453"},{"taxonomy":"product_cat","embeddable":true,"href":"https:\/\/asura.lv\/et\/wp-json\/wp\/v2\/product_cat?post=33453"},{"taxonomy":"product_tag","embeddable":true,"href":"https:\/\/asura.lv\/et\/wp-json\/wp\/v2\/product_tag?post=33453"}],"curies":[{"name":"wp","href":"https:\/\/api.w.org\/{rel}","templated":true}]}}