{"id":33471,"date":"2025-11-28T20:51:55","date_gmt":"2025-11-28T20:51:55","guid":{"rendered":"https:\/\/asura.lv\/product\/joyroom-jr-14s3-black-case-for-iphone-14-plus\/"},"modified":"2025-12-12T14:51:55","modified_gmt":"2025-12-12T12:51:55","slug":"joyroom-jr-14s3-black-case-for-iphone-14-plus","status":"publish","type":"product","link":"https:\/\/asura.lv\/et\/toode\/joyroom-jr-14s3-black-case-for-iphone-14-plus\/","title":{"rendered":"Joyroom JR-14S3 must \u00fcmbris iPhone 14 Plusile"},"content":{"rendered":"<h3 style=\"text-align: center;\">Must Joyroom JR-14S3 \u00fcmbris iPhone 14 Plusile<\/h3>\n<p>Hoidke oma iPhone 14 Plusi turvaliselt ja mugavalt ning nautige selle kasutamist. Joyroom JR-14S3 \u00fcmbris on valmistatud kvaliteetsetest PC ja TPU materjalidest, mis kaitsevad t\u00f5husalt sisse pandud nutitelefoni kahjustuste eest. Seda eristab ka spetsiaalselt disainitud alus, mis v\u00f5imaldab teil telefoni stabiilselt laual, riiulil v\u00f5i laual hoida.<\/p>\n<p><img loading=\"lazy\" decoding=\"async\" src=\"https:\/\/b2b.innpro.pl\/data\/include\/cms\/Joyroom\/JR-14S3-black\/1.jpg\" border=\"0\" alt=\"\" width=\"1100\" height=\"700\" \/><\/p>\n<p>\u0412\u00a0<\/p>\n<h3 style=\"text-align: center;\">Usaldusv\u00e4\u00e4rne kaitse<\/h3>\n<p>\u00dcmbris on valmistatud vastupidavatest PC ja TPU materjalidest, mis koos kahekihilise konstruktsiooniga tagavad teie nutitelefonile usaldusv\u00e4\u00e4rse kaitse kahjustuste eest. N\u00fc\u00fcd pole isegi p\u00f5randale kukkumine enam oht! Lisaks kaitsevad umbes 1,5 mm v\u00f5rra k\u00f5rgemad servad teie iPhone&#8217;i ekraani ja kaameraid veelgi.<\/p>\n<p><img loading=\"lazy\" decoding=\"async\" src=\"https:\/\/b2b.innpro.pl\/data\/include\/cms\/Joyroom\/JR-14S3-black\/4.jpg\" border=\"0\" alt=\"\" width=\"1100\" height=\"700\" \/><\/p>\n<p>\u0412\u00a0<\/p>\n<h3 style=\"text-align: center;\">Sisseehitatud alus<\/h3>\n<p>JR-14S3 \u00fcmbris v\u00f5imaldab teil mugavalt filme vaadata, m\u00e4rkmeid teha ja videokonverentsidel osaleda. Lisatarvikul on spetsiaalne kahe hingega alus, nii et saate telefoni vabalt asetada mis tahes tasasele pinnale, asetada selle valitud nurga alla ja isegi p\u00f6\u00f6rata seda 360\u00b0. H\u00e4ll on ka v\u00e4ga vastupidav, kasutades kvaliteetset tsingisulami.<\/p>\n<p><img loading=\"lazy\" decoding=\"async\" src=\"https:\/\/b2b.innpro.pl\/data\/include\/cms\/Joyroom\/JR-14S3-black\/2.jpg\" border=\"0\" alt=\"\" width=\"1100\" height=\"700\" \/><\/p>\n<p>\u0412\u00a0<\/p>\n<h3 style=\"text-align: center;\">Mugav kasutada<\/h3>\n<p>Nautige veelgi suuremat mugavust. \u00dcmbris sobib ideaalselt teie k\u00e4tte ja t\u00e4nu peentele soontele tagab see kindla haarde ning on libisemiskindel. Te ei pea enam muretsema, et teie iPhone libiseb k\u00e4est, kukub maha v\u00f5i saab kahjustada! Lisatarvikul on ka stiilne ja moodne disain \u2013 see meeldib kindlasti paljudele kasutajatele.<\/p>\n<p><img loading=\"lazy\" decoding=\"async\" src=\"https:\/\/b2b.innpro.pl\/data\/include\/cms\/Joyroom\/JR-14S3-black\/5.jpg\" border=\"0\" alt=\"\" width=\"1100\" height=\"700\" \/><\/p>\n<p>B\u00a0<\/p>\n<h3>Spetsifikatsioon:<\/h3>\n<div class=\"table-wrapper\">\n<table>\n<tbody>\n<tr>\n<th>Br\u00e4nd<\/th>\n<td>Joyroom<\/td>\n<\/tr>\n<tr>\n<th>Mudel<\/th>\n<td>JR-14S3<\/td>\n<\/tr>\n<tr>\n<th>V\u00e4rv<\/th>\n<td>Must<\/td>\n<\/tr>\n<tr>\n<th>Materjal<\/th>\n<td>PC, TPU, tsink sulam<\/td>\n<\/tr>\n<tr>\n<th>\u00dchilduvus<\/th>\n<td>iPhone 14 Plus<\/td>\n<\/tr>\n<\/tbody>\n<\/table>\n<\/div>\n<style type=\"text\/css\"><!--\n.table-wrapper{width:100%;overflow-x:auto}.table-wrapper>table{border-spacing:0}.table-wrapper>table>tbody>tr>td,.table-wrapper>table>tbody>tr>th{padding:10px 35px;text-align:left}.table-wrapper>table>tbody>tr>th{vertical-align:top}.table-wrapper>table>tbody>tr:nth-child(even){background-color:#f7f7f7}\n--><\/style>\n","protected":false},"excerpt":{"rendered":"<p>Must Joyroom JR-14S3 \u00fcmbris iPhone 14 Plusile Hoidke oma iPhone 14 Plusi turvaliselt ja mugavalt ning nautige selle kasutamist. Joyroom JR-14S3 \u00fcmbris on valmistatud kvaliteetsetest PC ja TPU materjalidest, mis kaitsevad t\u00f5husalt sisse pandud nutitelefoni kahjustuste eest. Seda eristab ka spetsiaalselt disainitud alus, mis v\u00f5imaldab teil telefoni stabiilselt laual, riiulil v\u00f5i laual hoida. \u0412\u00a0 Usaldusv\u00e4\u00e4rne [&#8230;]\n","protected":false},"featured_media":33472,"comment_status":"open","ping_status":"closed","template":"","meta":[],"product_brand":[443],"product_cat":[1248],"product_tag":[],"class_list":{"0":"post-33471","1":"product","2":"type-product","3":"status-publish","4":"has-post-thumbnail","6":"product_brand-joyroom","7":"product_cat-protective-cases-for-smartphones-cases-gsm-accessories","9":"first","10":"outofstock","11":"taxable","12":"shipping-taxable","13":"purchasable","14":"product-type-simple"},"aioseo_notices":[],"_links":{"self":[{"href":"https:\/\/asura.lv\/et\/wp-json\/wp\/v2\/product\/33471","targetHints":{"allow":["GET"]}}],"collection":[{"href":"https:\/\/asura.lv\/et\/wp-json\/wp\/v2\/product"}],"about":[{"href":"https:\/\/asura.lv\/et\/wp-json\/wp\/v2\/types\/product"}],"replies":[{"embeddable":true,"href":"https:\/\/asura.lv\/et\/wp-json\/wp\/v2\/comments?post=33471"}],"wp:featuredmedia":[{"embeddable":true,"href":"https:\/\/asura.lv\/et\/wp-json\/wp\/v2\/media\/33472"}],"wp:attachment":[{"href":"https:\/\/asura.lv\/et\/wp-json\/wp\/v2\/media?parent=33471"}],"wp:term":[{"taxonomy":"product_brand","embeddable":true,"href":"https:\/\/asura.lv\/et\/wp-json\/wp\/v2\/product_brand?post=33471"},{"taxonomy":"product_cat","embeddable":true,"href":"https:\/\/asura.lv\/et\/wp-json\/wp\/v2\/product_cat?post=33471"},{"taxonomy":"product_tag","embeddable":true,"href":"https:\/\/asura.lv\/et\/wp-json\/wp\/v2\/product_tag?post=33471"}],"curies":[{"name":"wp","href":"https:\/\/api.w.org\/{rel}","templated":true}]}}