{"id":33513,"date":"2025-11-28T20:49:13","date_gmt":"2025-11-28T20:49:13","guid":{"rendered":"https:\/\/asura.lv\/product\/adapter-ecoflow-delta-pro-for-smart-generator\/"},"modified":"2025-12-12T14:49:37","modified_gmt":"2025-12-12T12:49:37","slug":"adapter-ecoflow-delta-pro-for-smart-generator","status":"publish","type":"product","link":"https:\/\/asura.lv\/et\/toode\/adapter-ecoflow-delta-pro-for-smart-generator\/","title":{"rendered":"Adapter Ecoflow DELTA Pro nutika generaatori jaoks"},"content":{"rendered":"<h3 style=\"text-align: center;\">Ecoflow DELTA Pro ja nutika generaatori adapter<\/h3>\n<p>Nutika generaatori adapter \u00fchendatakse DELTA Pro v\u00f5i DELTA Pro Extra Battery porti, et pakkuda rohkem laadimisv\u00f5imalusi. Lisaadapterid on kasulikud DELTA Pro Extra Battery seadmete laadimiseks. Adapter on vajalik, kui DELTA Pro on \u00fchendatud nutika generaatoriga.<\/p>\n<p><img loading=\"lazy\" decoding=\"async\" src=\"https:\/\/b2b.innpro.pl\/data\/include\/cms\/12EcoFlow\/5005001001-DELTA-Pro-to-Smart-Generator-Adapter\/7.jpg?v=1663749517923\" border=\"0\" alt=\"\" width=\"1000\" height=\"637\" \/><\/p>\n<h3>Spetsifikatsioon:<\/h3>\n<div class=\"table-wrapper\">\n<table>\n<tbody>\n<tr>\n<th>Sisend-\/v\u00e4ljundpinge vahemik<\/th>\n<td>42-58.8V<\/td>\n<\/tr>\n<tr>\n<th>M\u00f5\u00f5tmed<\/th>\n<td>72 x 60 x 68 mm<\/td>\n<\/tr>\n<tr>\n<th>Kaal<\/th>\n<td>0,16 kg<\/td>\n<\/tr>\n<\/tbody>\n<\/table>\n<\/div>\n<style type=\"text\/css\"><!--\n.table-wrapper{width:100%;overflow-x:auto}.table-wrapper>table{border-spacing:0}.table-wrapper>table>tbody>tr>td,.table-wrapper>table>tbody>tr>th{padding:10px 35px;text-align:left}.table-wrapper>table>tbody>tr>th{vertical-align:top}.table-wrapper>table>tbody>tr:nth-child(even){background-color:#f7f7f7}\n--><\/style>\n","protected":false},"excerpt":{"rendered":"<p>Ecoflow DELTA Pro ja nutika generaatori adapter Nutika generaatori adapter \u00fchendatakse DELTA Pro v\u00f5i DELTA Pro Extra Battery porti, et pakkuda rohkem laadimisv\u00f5imalusi. Lisaadapterid on kasulikud DELTA Pro Extra Battery seadmete laadimiseks. Adapter on vajalik, kui DELTA Pro on \u00fchendatud nutika generaatoriga. Spetsifikatsioon: Sisend-\/v\u00e4ljundpinge vahemik 42-58.8V M\u00f5\u00f5tmed 72 x 60 x 68 mm Kaal 0,16 [&#8230;]\n","protected":false},"featured_media":33514,"comment_status":"open","ping_status":"closed","template":"","meta":[],"product_brand":[247],"product_cat":[978],"product_tag":[],"class_list":{"0":"post-33513","1":"product","2":"type-product","3":"status-publish","4":"has-post-thumbnail","6":"product_brand-ecoflow","7":"product_cat-accessories-power-stations","9":"first","10":"outofstock","11":"taxable","12":"shipping-taxable","13":"purchasable","14":"product-type-simple"},"aioseo_notices":[],"_links":{"self":[{"href":"https:\/\/asura.lv\/et\/wp-json\/wp\/v2\/product\/33513","targetHints":{"allow":["GET"]}}],"collection":[{"href":"https:\/\/asura.lv\/et\/wp-json\/wp\/v2\/product"}],"about":[{"href":"https:\/\/asura.lv\/et\/wp-json\/wp\/v2\/types\/product"}],"replies":[{"embeddable":true,"href":"https:\/\/asura.lv\/et\/wp-json\/wp\/v2\/comments?post=33513"}],"wp:featuredmedia":[{"embeddable":true,"href":"https:\/\/asura.lv\/et\/wp-json\/wp\/v2\/media\/33514"}],"wp:attachment":[{"href":"https:\/\/asura.lv\/et\/wp-json\/wp\/v2\/media?parent=33513"}],"wp:term":[{"taxonomy":"product_brand","embeddable":true,"href":"https:\/\/asura.lv\/et\/wp-json\/wp\/v2\/product_brand?post=33513"},{"taxonomy":"product_cat","embeddable":true,"href":"https:\/\/asura.lv\/et\/wp-json\/wp\/v2\/product_cat?post=33513"},{"taxonomy":"product_tag","embeddable":true,"href":"https:\/\/asura.lv\/et\/wp-json\/wp\/v2\/product_tag?post=33513"}],"curies":[{"name":"wp","href":"https:\/\/api.w.org\/{rel}","templated":true}]}}