{"id":33621,"date":"2025-11-28T20:49:05","date_gmt":"2025-11-28T20:49:05","guid":{"rendered":"https:\/\/asura.lv\/product\/powerbank-romoss-sense4sf-10000mah-22-5w-white\/"},"modified":"2025-12-12T14:49:29","modified_gmt":"2025-12-12T12:49:29","slug":"powerbank-romoss-sense4sf-10000mah-22-5w-white","status":"publish","type":"product","link":"https:\/\/asura.lv\/et\/toode\/powerbank-romoss-sense4sf-10000mah-22-5w-white\/","title":{"rendered":"Powerbank Romoss SENSE4SF 10000mAh, 22,5W (valge)"},"content":{"rendered":"<h3>V\u00e4lislaadija Romoss SENSE4SF 10000mAh, 22,5W (valge)<\/h3>\n<p>Romoss SENSE4SF v\u00e4lislaadijal on 10000mAh mahutavus ning kompaktne ja kerge disain. V\u00e4lislaadija v\u00f5imaldab teil laadida kuni 3 seadet korraga ning lai \u00fchilduvus v\u00f5imaldab teil \u00fchendada populaarseimate kaubam\u00e4rkide nutitelefone ja tahvelarvuteid. Lisaks on see varustatud mitmete turvafunktsioonidega, et tagada ohutu kasutamine.<\/p>\n<p><img decoding=\"async\" src=\"https:\/\/b2b.innpro.pl\/data\/include\/cms\/Romoss\/Powerbank-SENSE4SF-10000mAh\/4.jpg\"><\/p>\n<h3>Laadige 3 seadet samaaegselt<\/h3>\n<p>V\u00e4lislaadijal on 3 sisendporti ja 3 v\u00e4ljundporti, mis v\u00f5imaldavad teil laadida kuni 3 seadet korraga, s\u00e4\u00e4stes samal ajal aega. SENSE4SF-il on v\u00e4ljundid &#8211; USB-C, Micro USB, Lightning. <\/p>\n<p><img decoding=\"async\" src=\"https:\/\/b2b.innpro.pl\/data\/include\/cms\/Romoss\/Powerbank-SENSE4SF-10000mAh\/7.jpg\"><\/p>\n<h3>Kiirlaadimine <\/h3>\n<p>V\u00e4lislaadija \u00fchildub enamiku populaarsete kiirlaadimisprotokollidega, seega taastab see \u00fchendatud seadmete aku t\u00f5eliselt kiiresti. See toetab iPhone 12-13 kiirlaadimist (20W PD) v\u00f5i selliste seadmete nagu Mate40pro v\u00f5i Mate30 jne \u00fclikiirlaadimist (22,5W). V\u00e4lispatarei uuendab oma energiat sama kiiresti \u2013 \u00fchendades selle vooluv\u00f5rku laadijaga, uuendate selle energiat 3,5 tunniga.<\/p>\n<p><img decoding=\"async\" src=\"https:\/\/b2b.innpro.pl\/data\/include\/cms\/Romoss\/Powerbank-SENSE4SF-10000mAh\/8.jpg\"><\/p>\n<h3>Ohutu kasutamine<\/h3>\n<p>Romoss SENSE4SF v\u00e4lispatareil on 10-elemendiline kaitses\u00fcsteem, mis kaitseb teie laetud seadmeid muu hulgas \u00fclelaadimise, \u00fclevoolu, l\u00fchise, elektromagnetv\u00e4lja ja temperatuuri m\u00f5jude eest. Seega ei pea te muretsema oma nutitelefoni ja teiste seadmete kahjustamise p\u00e4rast.<\/p>\n<p><img decoding=\"async\" src=\"https:\/\/b2b.innpro.pl\/data\/include\/cms\/Romoss\/Powerbank-SENSE4SF-10000mAh\/3.jpg\"><\/p>\n<h3>Komplektis: <\/h3>\n<ul>\n<li>V\u00e4lislaadija x1<\/li>\n<li>Kasutusjuhend x1<\/li>\n<li>Juhe x1<\/li>\n<\/ul>\n<div class=\"table-wrapper\">\n<table>\n<tbody>\n<tr>\n<th>Br\u00e4nd<\/th>\n<td>Romoss <\/td>\n<\/tr>\n<tr>\n<th>Mudel <\/th>\n<td>SENSE4SF<\/td>\n<\/tr>\n<tr>\n<th>V\u00e4rv <\/th>\n<td>Valge <\/td>\n<\/tr>\n<tr>\n<th>Mahutavus <\/th>\n<td>10000 mAh<\/td>\n<\/tr>\n<tr>\n<th>Laetava aku t\u00fc\u00fcp <\/th>\n<td>Liitiumioonaku<\/td>\n<\/tr>\n<tr>\n<th>Toide <\/th>\n<td>22,5 W PD<\/td>\n<\/tr>\n<tr>\n<th>Nimiv\u00f5imsus <\/th>\n<td>35,15 Wh<\/td>\n<\/tr>\n<tr>\n<th>Sisend <\/th>\n<td>5 V 3 A, 9 V 2 A (t\u00fc\u00fcp C) 5 V 2 A\/9 V 2 A (Lightning\/Micro USB)<\/td>\n<\/tr>\n<tr>\n<th>V\u00e4ljund <\/th>\n<td>5 V 3 A v\u00f5i 9 V 2,22 A v\u00f5i 12 V &#8211; 1,67 A (t\u00fc\u00fcp C) 4,5 V \u2013 5 A v\u00f5i 5 V \u2013 4,5 A v\u00f5i 9 V \u2013 2 A v\u00f5i 12 V \u2013 1,5 A (USB-A)<\/td>\n<\/tr>\n<tr>\n<th>M\u00f5\u00f5tmed<\/th>\n<td>110,6 \u00d7 63,5 x 24,8 mm<\/td>\n<\/tr>\n<tr>\n<th>Kaal<\/th>\n<td>220 g<\/td>\n<\/tr>\n<\/tbody>\n<\/table>\n<\/div>\n","protected":false},"excerpt":{"rendered":"<p>V\u00e4lislaadija Romoss SENSE4SF 10000mAh, 22,5W (valge) Romoss SENSE4SF v\u00e4lislaadijal on 10000mAh mahutavus ning kompaktne ja kerge disain. V\u00e4lislaadija v\u00f5imaldab teil laadida kuni 3 seadet korraga ning lai \u00fchilduvus v\u00f5imaldab teil \u00fchendada populaarseimate kaubam\u00e4rkide nutitelefone ja tahvelarvuteid. Lisaks on see varustatud mitmete turvafunktsioonidega, et tagada ohutu kasutamine. Laadige 3 seadet samaaegselt V\u00e4lislaadijal on 3 sisendporti ja [&#8230;]\n","protected":false},"featured_media":33622,"comment_status":"open","ping_status":"closed","template":"","meta":[],"product_brand":[430],"product_cat":[1023],"product_tag":[],"class_list":{"0":"post-33621","1":"product","2":"type-product","3":"status-publish","4":"has-post-thumbnail","6":"product_brand-romoss","7":"product_cat-powerbanks","9":"first","10":"outofstock","11":"taxable","12":"shipping-taxable","13":"purchasable","14":"product-type-simple"},"aioseo_notices":[],"_links":{"self":[{"href":"https:\/\/asura.lv\/et\/wp-json\/wp\/v2\/product\/33621","targetHints":{"allow":["GET"]}}],"collection":[{"href":"https:\/\/asura.lv\/et\/wp-json\/wp\/v2\/product"}],"about":[{"href":"https:\/\/asura.lv\/et\/wp-json\/wp\/v2\/types\/product"}],"replies":[{"embeddable":true,"href":"https:\/\/asura.lv\/et\/wp-json\/wp\/v2\/comments?post=33621"}],"wp:featuredmedia":[{"embeddable":true,"href":"https:\/\/asura.lv\/et\/wp-json\/wp\/v2\/media\/33622"}],"wp:attachment":[{"href":"https:\/\/asura.lv\/et\/wp-json\/wp\/v2\/media?parent=33621"}],"wp:term":[{"taxonomy":"product_brand","embeddable":true,"href":"https:\/\/asura.lv\/et\/wp-json\/wp\/v2\/product_brand?post=33621"},{"taxonomy":"product_cat","embeddable":true,"href":"https:\/\/asura.lv\/et\/wp-json\/wp\/v2\/product_cat?post=33621"},{"taxonomy":"product_tag","embeddable":true,"href":"https:\/\/asura.lv\/et\/wp-json\/wp\/v2\/product_tag?post=33621"}],"curies":[{"name":"wp","href":"https:\/\/api.w.org\/{rel}","templated":true}]}}