{"id":33771,"date":"2025-11-28T20:48:50","date_gmt":"2025-11-28T20:48:50","guid":{"rendered":"https:\/\/asura.lv\/product\/dual-qi-wireless-charger-baseus-digital-led-display-20w\/"},"modified":"2025-12-12T14:49:20","modified_gmt":"2025-12-12T12:49:20","slug":"dual-qi-wireless-charger-baseus-digital-led-display-20w","status":"publish","type":"product","link":"https:\/\/asura.lv\/et\/toode\/dual-qi-wireless-charger-baseus-digital-led-display-20w\/","title":{"rendered":"Kahekordne Qi juhtmevaba laadija Baseus digitaalne LED-ekraan, 20W"},"content":{"rendered":"<h3>Kahekordne Qi juhtmevaba laadija Baseuse digitaalse LED-ekraaniga<\/h3>\n<p>Laadige oma seadmeid Qi-tehnoloogia abil. Teid aitab Baseuse digitaalse LED-ekraaniga juhtmevaba laadija, mis v\u00f5imaldab teil samaaegselt kahe seadme energiat laadida. See on varustatud praktilise ekraaniga, \u00fchildub iOS-i ja Androidi seadmetega ning sellel on mitmetasandiline turvas\u00fcsteem.<\/p>\n<p><img decoding=\"async\" src=\"https:\/\/b2b.innpro.pl\/data\/include\/cms\/-Baseus\/WXSX010101\/4.jpg\"><\/p>\n<h3>Nutikas laadimine<\/h3>\n<p>Selle laadijaga saate aega kokku hoida ja laadida juhtmevabalt kuni kahte seadet samaaegselt. Nii saate kiiresti ja mugavalt laadida oma Androidi nutitelefonide, iPhone&#8217;ide v\u00f5i k\u00f5rvaklappide energiat ning laadija ise reguleerib iga tuvastatud seadme jaoks optimaalset v\u00f5imsust. Selle maksimaalne v\u00f5imsus on 20 vatti. <\/p>\n<p><img decoding=\"async\" src=\"https:\/\/b2b.innpro.pl\/data\/include\/cms\/-Baseus\/WXSX010101\/7.jpg\"><\/p>\n<h3>Mitmetasandiline kaitse<\/h3>\n<p>Baseuse juhtmevaba laadija on varustatud t\u00e4iustatud kaitses\u00fcsteemiga, t\u00e4nu millele ei pea te muretsema oma laetud seadmete kahjustamise p\u00e4rast. Muuhulgas kaitseb toode \u00fclepinge, \u00fclevoolu, \u00fclelaadimise v\u00f5i elektromagnetv\u00e4lja eest. <\/p>\n<p><img decoding=\"async\" src=\"https:\/\/b2b.innpro.pl\/data\/include\/cms\/-Baseus\/WXSX010101\/5.jpg\"><\/p>\n<h3>Lai \u00fchilduvus<\/h3>\n<p>Laadija v\u00f5imaldab teil laadida laia valikut Qi-\u00fchilduvaid seadmeid. Seega saate seda kasutada oma iPhone&#8217;i, aga ka selliste tootjate nagu Huawei, Samsung ja Xiaomi nutitelefonide laadimiseks. Telefoni laadimise ajal saate h\u00f5lpsalt ka oma juhtmevabade k\u00f5rvaklappide akut uuendada. <\/p>\n<p><img decoding=\"async\" src=\"https:\/\/b2b.innpro.pl\/data\/include\/cms\/-Baseus\/WXSX010101\/8.jpg\"><\/p>\n<h3>H\u00e4sti disainitud<\/h3>\n<p>Laadijal on l\u00e4bipaistev paneel, mis annab sellele futuristliku ilme ja paljastab huvitavalt toote sisemuse. Plussiks on ka praktiline ekraan, mis kuvab laadimisv\u00f5imsust reaalajas. Silikoonpadi tagab laadija stabiilse asendi ning t\u00e4nu kergele disainile ja 7 mm paksusele saab seda h\u00f5lpsalt seljakotis hoida. <\/p>\n<p><img decoding=\"async\" src=\"https:\/\/b2b.innpro.pl\/data\/include\/cms\/-Baseus\/WXSX010101\/1.jpg\"><\/p>\n<h3>Kaasas<\/h3>\n<ul>\n<li>Kahekordne Qi juhtmevaba laadija <\/li>\n<li>USB-st USB-C-kaablini (1m)<\/li>\n<li>Kasutusjuhend<\/li>\n<\/ul>\n<div class=\"table-wrapper\">\n<table>\n<tbody>\n<tr>\n<th>Tootja <\/th>\n<td>Baseus<\/td>\n<\/tr>\n<tr>\n<th>Mudel <\/th>\n<td>WXSX010101<\/td>\n<\/tr>\n<tr>\n<th>V\u00e4rv <\/th>\n<td>Must<\/td>\n<\/tr>\n<tr>\n<th>Kaabel kaasas <\/th>\n<td>Jah<\/td>\n<\/tr>\n<tr>\n<th>Kaabli pikkus <\/th>\n<td>100 cm<\/td>\n<\/tr>\n<tr>\n<th>Liides <\/th>\n<td>C-t\u00fc\u00fcp<\/td>\n<\/tr>\n<tr>\n<th>Sisendvool <\/th>\n<td>9V\/2A, 12V\/2A<\/td>\n<\/tr>\n<tr>\n<th>Kaal <\/th>\n<td>Ligikaudu 92g<\/td>\n<\/tr>\n<tr>\n<th>\u00dchilduvus <\/th>\n<td>Qi-toega seadmed <\/td>\n<\/tr>\n<tr>\n<th>V\u00f5imsus <\/th>\n<td>20 W<\/td>\n<\/tr>\n<\/tbody>\n<\/table>\n<\/div>\n","protected":false},"excerpt":{"rendered":"<p>Kahekordne Qi juhtmevaba laadija Baseuse digitaalse LED-ekraaniga Laadige oma seadmeid Qi-tehnoloogia abil. Teid aitab Baseuse digitaalse LED-ekraaniga juhtmevaba laadija, mis v\u00f5imaldab teil samaaegselt kahe seadme energiat laadida. See on varustatud praktilise ekraaniga, \u00fchildub iOS-i ja Androidi seadmetega ning sellel on mitmetasandiline turvas\u00fcsteem. Nutikas laadimine Selle laadijaga saate aega kokku hoida ja laadida juhtmevabalt kuni kahte [&#8230;]\n","protected":false},"featured_media":33772,"comment_status":"open","ping_status":"closed","template":"","meta":[],"product_brand":[95],"product_cat":[1320],"product_tag":[],"class_list":{"0":"post-33771","1":"product","2":"type-product","3":"status-publish","4":"has-post-thumbnail","6":"product_brand-baseus","7":"product_cat-wireless-chargers-chargers-gsm-accessories","9":"first","10":"outofstock","11":"taxable","12":"shipping-taxable","13":"purchasable","14":"product-type-simple"},"aioseo_notices":[],"_links":{"self":[{"href":"https:\/\/asura.lv\/et\/wp-json\/wp\/v2\/product\/33771","targetHints":{"allow":["GET"]}}],"collection":[{"href":"https:\/\/asura.lv\/et\/wp-json\/wp\/v2\/product"}],"about":[{"href":"https:\/\/asura.lv\/et\/wp-json\/wp\/v2\/types\/product"}],"replies":[{"embeddable":true,"href":"https:\/\/asura.lv\/et\/wp-json\/wp\/v2\/comments?post=33771"}],"wp:featuredmedia":[{"embeddable":true,"href":"https:\/\/asura.lv\/et\/wp-json\/wp\/v2\/media\/33772"}],"wp:attachment":[{"href":"https:\/\/asura.lv\/et\/wp-json\/wp\/v2\/media?parent=33771"}],"wp:term":[{"taxonomy":"product_brand","embeddable":true,"href":"https:\/\/asura.lv\/et\/wp-json\/wp\/v2\/product_brand?post=33771"},{"taxonomy":"product_cat","embeddable":true,"href":"https:\/\/asura.lv\/et\/wp-json\/wp\/v2\/product_cat?post=33771"},{"taxonomy":"product_tag","embeddable":true,"href":"https:\/\/asura.lv\/et\/wp-json\/wp\/v2\/product_tag?post=33771"}],"curies":[{"name":"wp","href":"https:\/\/api.w.org\/{rel}","templated":true}]}}