{"id":33819,"date":"2025-11-28T20:48:46","date_gmt":"2025-11-28T20:48:46","guid":{"rendered":"https:\/\/asura.lv\/product\/baseus-bright-mirror-3-usb-3-in-1-cable-for-micro-usb-usb-c-lightning-66w-2a-1-1m-purple\/"},"modified":"2025-12-12T14:49:15","modified_gmt":"2025-12-12T12:49:15","slug":"baseus-bright-mirror-3-usb-3-in-1-cable-for-micro-usb-usb-c-lightning-66w-2a-1-1m-purple","status":"publish","type":"product","link":"https:\/\/asura.lv\/et\/toode\/baseus-bright-mirror-3-usb-3-in-1-cable-for-micro-usb-usb-c-lightning-66w-2a-1-1m-purple\/","title":{"rendered":"Baseus Bright Mirror 3, USB 3-in-1 kaabel micro USB \/ USB-C \/ Lightning 66W \/ 2A jaoks 1.1m (lilla)"},"content":{"rendered":"<h3>Baseus Bright Mirror 3-in-1 USB-kaabel, micro USB \/ Lightning \/ USB-C, 66W \/ 2A, 1,1m (lilla)<\/h3>\n<p>Baseus Bright Mirror 3-in-1 USB-kaabli abil saad kiirelt laadida s\u00fclearvuteid, Apple&#8217;i seadmeid ja muid seadmeid. Kaabel v\u00f5imaldab ka andmeedastust (Lightning) kiirusega kuni 480 Mbps. Sisset\u00f5mmatav ja kompaktne disain tagab lihtsa hoiustamise ja transportimise ning sisseehitatud turvas\u00fcsteem kaitseb \u00fchendatud seadmeid.<\/p>\n<p><img decoding=\"async\" src=\"https:\/\/b2b.innpro.pl\/data\/include\/cms\/-Baseus\/CAMJ010105\/9.jpg\"><\/p>\n<h3>Kiirlaadimine<\/h3>\n<p>USB-C v\u00e4ljundi abil saad oma seadet laadida kuni 66W v\u00f5imsusega. See t\u00e4hendab, et laed Huawei Mate 40 Pro aku umbes 30 minutiga kuni 86% ulatuses. Seega vali Baseuse kaubam\u00e4rgi kaabel ja \u00e4ra raiska aega oma seadmete laadimise ootamisele!<\/p>\n<p><img decoding=\"async\" src=\"https:\/\/b2b.innpro.pl\/data\/include\/cms\/-Baseus\/CAMJ010105\/5.jpg\"><\/p>\n<h3>Hoolikalt viimistletud disain<\/h3>\n<p>Kaablil on 3 v\u00e4ljundporti &#8211; USB-C, Lightning ja micro USB. Seega saad seda kasutada paljudes olukordades ning lisaks saad probleemideta korraga \u00fchendada 3 seadet. Kompaktne disain koos sisset\u00f5mmatava mehhanismiga tagab lihtsa hoiustamise ja transportimise. Panusta funktsionaalsuse ja mugavuse kombinatsioonile Baseus Bright Mirror 3-ga!<\/p>\n<p><img decoding=\"async\" src=\"https:\/\/b2b.innpro.pl\/data\/include\/cms\/-Baseus\/CAMJ010105\/6.jpg\"><\/p>\n<h3>Kaitse ja j\u00f5udlus<\/h3>\n<p>Kaabel kasutab sisseehitatud kiipi, mis kontrollib temperatuuri ja k\u00f5rgust reaalajas, kaitstes \u00fchendatud seadmeid. Lisaks v\u00f5imaldab kaabel andmeedastust ka Lightning-pistiku kaudu \u2013 kiirus on kuni 480 Mbps.<\/p>\n<p><img decoding=\"async\" src=\"https:\/\/b2b.innpro.pl\/data\/include\/cms\/-Baseus\/CAMJ010105\/4.jpg\"><\/p>\n<div class=\"table-wrapper\">\n<table>\n<tbody>\n<tr>\n<th>Tootja<\/th>\n<td>Baseus<\/td>\n<\/tr>\n<tr>\n<th>Mudel<\/th>\n<td>CAMJ010105<\/td>\n<\/tr>\n<tr>\n<th>V\u00e4rv<\/th>\n<td>Lilla<\/td>\n<\/tr>\n<tr>\n<th>Materjal<\/th>\n<td>PC + TPE<\/td>\n<\/tr>\n<tr>\n<th>Kaal<\/th>\n<td>Ligikaudne 81 g<\/td>\n<\/tr>\n<tr>\n<th>Pikkus<\/th>\n<td>1,1 m<\/td>\n<\/tr>\n<tr>\n<th>Edastuskiirus<\/th>\n<td>iP \/ 480 Mbps<\/td>\n<\/tr>\n<tr>\n<th>Sisend<\/th>\n<td>USB<\/td>\n<\/tr>\n<tr>\n<th>V\u00e4ljundid<\/th>\n<td>Micro USB \/ Lightning \/ USB-C<\/td>\n<\/tr>\n<tr>\n<th>Toide<\/th>\n<td>USB-C &#8211; 66W \/ Lightning &#8211; 2A \/ Micro USB &#8211; 2A <br \/>USB-C + Lightning + Micro USB (5V \/ 3,5A)<\/td>\n<\/tr>\n<\/tbody>\n<\/table>\n<\/div>\n","protected":false},"excerpt":{"rendered":"<p>Baseus Bright Mirror 3-in-1 USB-kaabel, micro USB \/ Lightning \/ USB-C, 66W \/ 2A, 1,1m (lilla) Baseus Bright Mirror 3-in-1 USB-kaabli abil saad kiirelt laadida s\u00fclearvuteid, Apple&#8217;i seadmeid ja muid seadmeid. Kaabel v\u00f5imaldab ka andmeedastust (Lightning) kiirusega kuni 480 Mbps. Sisset\u00f5mmatav ja kompaktne disain tagab lihtsa hoiustamise ja transportimise ning sisseehitatud turvas\u00fcsteem kaitseb \u00fchendatud seadmeid. [&#8230;]\n","protected":false},"featured_media":33820,"comment_status":"open","ping_status":"closed","template":"","meta":[],"product_brand":[95],"product_cat":[1329],"product_tag":[],"class_list":{"0":"post-33819","1":"product","2":"type-product","3":"status-publish","4":"has-post-thumbnail","6":"product_brand-baseus","7":"product_cat-combo-cables-usb-cables","9":"first","10":"outofstock","11":"taxable","12":"shipping-taxable","13":"purchasable","14":"product-type-simple"},"aioseo_notices":[],"_links":{"self":[{"href":"https:\/\/asura.lv\/et\/wp-json\/wp\/v2\/product\/33819","targetHints":{"allow":["GET"]}}],"collection":[{"href":"https:\/\/asura.lv\/et\/wp-json\/wp\/v2\/product"}],"about":[{"href":"https:\/\/asura.lv\/et\/wp-json\/wp\/v2\/types\/product"}],"replies":[{"embeddable":true,"href":"https:\/\/asura.lv\/et\/wp-json\/wp\/v2\/comments?post=33819"}],"wp:featuredmedia":[{"embeddable":true,"href":"https:\/\/asura.lv\/et\/wp-json\/wp\/v2\/media\/33820"}],"wp:attachment":[{"href":"https:\/\/asura.lv\/et\/wp-json\/wp\/v2\/media?parent=33819"}],"wp:term":[{"taxonomy":"product_brand","embeddable":true,"href":"https:\/\/asura.lv\/et\/wp-json\/wp\/v2\/product_brand?post=33819"},{"taxonomy":"product_cat","embeddable":true,"href":"https:\/\/asura.lv\/et\/wp-json\/wp\/v2\/product_cat?post=33819"},{"taxonomy":"product_tag","embeddable":true,"href":"https:\/\/asura.lv\/et\/wp-json\/wp\/v2\/product_tag?post=33819"}],"curies":[{"name":"wp","href":"https:\/\/api.w.org\/{rel}","templated":true}]}}