{"id":33927,"date":"2025-11-28T20:48:37","date_gmt":"2025-11-28T20:48:37","guid":{"rendered":"https:\/\/asura.lv\/product\/habotest-ht121-non-contact-voltage-tester-diode-tester-ncv-true-rms\/"},"modified":"2025-12-12T14:49:09","modified_gmt":"2025-12-12T12:49:09","slug":"habotest-ht121-non-contact-voltage-tester-diode-tester-ncv-true-rms","status":"publish","type":"product","link":"https:\/\/asura.lv\/et\/toode\/habotest-ht121-non-contact-voltage-tester-diode-tester-ncv-true-rms\/","title":{"rendered":"Habotest HT121, kontaktivaba pingetester \/ diooditester, NCV, t\u00f5ene RMS"},"content":{"rendered":"<h3>Habotest HT121 nutikas digitaalne multimeeter<\/h3>\n<p>Habotesti nutikas digitaalne multimeeter eristub oma suure t\u00e4psuse ja praktiliste lahenduste kasutamise poolest. HT121 on kerge ja kompaktne, pakkudes h\u00f5lpsasti loetavat ekraani, taskulampi ja SMART-funktsioone. See t\u00f6\u00f6tab kahe AAA-patareiga.<\/p>\n<p><img decoding=\"async\" src=\"https:\/\/b2b.innpro.pl\/data\/include\/cms\/04Habotest\/HT121\/5.jpg\"><\/p>\n<h3>Palju v\u00f5imalusi<\/h3>\n<p>Multimeetriga saate kiiresti ja mugavalt m\u00f5\u00f5ta vahelduv- ja alalisvoolu pinge v\u00e4\u00e4rtusi ning kasutada NCV-detektorit. Lisaks v\u00f5imaldab HT121 teil testida dioode ja kontrollida tegelikku RMS-v\u00e4\u00e4rtust. Selge ekraan v\u00f5imaldab kiiret juurdep\u00e4\u00e4su saadud m\u00f5\u00f5tmistulemustele ja seadme t\u00f6\u00f6 kohta k\u00e4ivale teabele.<\/p>\n<p><img decoding=\"async\" src=\"https:\/\/b2b.innpro.pl\/data\/include\/cms\/04Habotest\/HT121\/1.jpg\"><\/p>\n<h3>Kasutusmugavus<\/h3>\n<p>Instrumendil on kompaktne ja mugav kasutada. See on varustatud nuppudega, mis v\u00f5imaldavad teil h\u00f5lpsalt aktiveerida soovitud m\u00f5\u00f5tmisvaliku. Multimeetril on ka andmesalvestusfunktsioon ja taskulamp, mis h\u00f5lbustavad t\u00f6\u00f6tamist halvasti valgustatud kohtades.<\/p>\n<p><img decoding=\"async\" src=\"https:\/\/b2b.innpro.pl\/data\/include\/cms\/04Habotest\/HT121\/7.jpg\"><\/p>\n<h3>NUTIKAD funktsioonid<\/h3>\n<p>Seade kasutab oma rolli t\u00f5husaks t\u00e4itmiseks nutikaid funktsioone. See tagab t\u00f5husa l\u00fchisekaitse, tehtavate m\u00f5\u00f5tmiste t\u00fc\u00fcbi automaatse tuvastamise v\u00f5i kolmefaasiliste j\u00e4rjestuste tuvastamise. Seda eristab ka automaatne v\u00e4ljal\u00fclitusfunktsioon ja madala energiatarbe indikaator.<\/p>\n<p><img decoding=\"async\" src=\"https:\/\/b2b.innpro.pl\/data\/include\/cms\/04Habotest\/HT121\/4.jpg\"><\/p>\n<div class=\"table-wrapper\">\n<table>\n<tbody>\n<tr>\n<th>Tootja<\/th>\n<td>Habotest<\/td>\n<\/tr>\n<tr>\n<th>Mudel<\/th>\n<td>HT121<\/td>\n<\/tr>\n<tr>\n<th>Alalisvoolupinge<\/th>\n<td>4.000V \/ 40.00V \/ 400.0V \/ 600V<\/td>\n<\/tr>\n<tr>\n<th>Vahelduvvoolupinge<\/th>\n<td>4.000V \/ 40.00V \/ 400.0V \/ 600V<\/td>\n<\/tr>\n<tr>\n<th>Takistus<\/th>\n<td>400.0O\u00a9 \/ 4.000KR \/ 40.00KR \/ 400.0KR \/ 4.000MR \/ 40.00MR<\/td>\n<\/tr>\n<tr>\n<th>Mahtuvus<\/th>\n<td>B\u00a0<span>4.000nF \/ 40.00nF \/ 400.0nF \/ 4.000mF \/ 40.00mF<\/span><\/td>\n<\/tr>\n<tr>\n<th>Sagedus<\/th>\n<td>40Hz \/ 400Hz \/ 4kHz \/ 40 kHz \/ 400 kHz \/ 4MHz<\/td>\n<\/tr>\n<tr>\n<th>Loendab<\/th>\n<td>4000<\/td>\n<\/tr>\n<tr>\n<th>NUPUKASUTUSfunktsioon<\/th>\n<td>Vahelduv-\/alalisvoolupinge automaatne tuvastamine, v\u00e4ljund, v\u00e4ljund<\/td>\n<\/tr>\n<tr>\n<th>Reaalajas test<\/th>\n<td>Jah<\/td>\n<\/tr>\n<tr>\n<th>Dioodi test<\/th>\n<td>Jah<\/td>\n<\/tr>\n<tr>\n<th>Kolmefaasilise j\u00e4rjestuse tuvastamine<\/th>\n<td>Jah<\/td>\n<\/tr>\n<tr>\n<th>T\u00f5eline RMS<\/th>\n<td>Jah<\/td>\n<\/tr>\n<tr>\n<th>Aku t\u00fchjenemise indikaator<\/th>\n<td>Jah<\/td>\n<\/tr>\n<tr>\n<th>Automaatne toide v\u00e4ljas<\/th>\n<td>Jah<\/td>\n<\/tr>\n<tr>\n<th>Taustvalgustus<\/th>\n<td>Jah<\/td>\n<\/tr>\n<tr>\n<th>Taskulamp<\/th>\n<td>Jah<\/td>\n<\/tr>\n<tr>\n<th>Ohutusreiting<\/th>\n<td>EN61010-1,2-030; EN61326-6, CAT III 600V<\/td>\n<\/tr>\n<\/tbody>\n<\/table>\n<\/div>\n","protected":false},"excerpt":{"rendered":"<p>Habotest HT121 nutikas digitaalne multimeeter Habotesti nutikas digitaalne multimeeter eristub oma suure t\u00e4psuse ja praktiliste lahenduste kasutamise poolest. HT121 on kerge ja kompaktne, pakkudes h\u00f5lpsasti loetavat ekraani, taskulampi ja SMART-funktsioone. See t\u00f6\u00f6tab kahe AAA-patareiga. Palju v\u00f5imalusi Multimeetriga saate kiiresti ja mugavalt m\u00f5\u00f5ta vahelduv- ja alalisvoolu pinge v\u00e4\u00e4rtusi ning kasutada NCV-detektorit. Lisaks v\u00f5imaldab HT121 teil testida [&#8230;]\n","protected":false},"featured_media":33928,"comment_status":"open","ping_status":"closed","template":"","meta":[],"product_brand":[282],"product_cat":[876],"product_tag":[],"class_list":{"0":"post-33927","1":"product","2":"type-product","3":"status-publish","4":"has-post-thumbnail","6":"product_brand-habotest","7":"product_cat-measuring-tools-tools-home-and-garden","9":"first","10":"outofstock","11":"taxable","12":"shipping-taxable","13":"purchasable","14":"product-type-simple"},"aioseo_notices":[],"_links":{"self":[{"href":"https:\/\/asura.lv\/et\/wp-json\/wp\/v2\/product\/33927","targetHints":{"allow":["GET"]}}],"collection":[{"href":"https:\/\/asura.lv\/et\/wp-json\/wp\/v2\/product"}],"about":[{"href":"https:\/\/asura.lv\/et\/wp-json\/wp\/v2\/types\/product"}],"replies":[{"embeddable":true,"href":"https:\/\/asura.lv\/et\/wp-json\/wp\/v2\/comments?post=33927"}],"wp:featuredmedia":[{"embeddable":true,"href":"https:\/\/asura.lv\/et\/wp-json\/wp\/v2\/media\/33928"}],"wp:attachment":[{"href":"https:\/\/asura.lv\/et\/wp-json\/wp\/v2\/media?parent=33927"}],"wp:term":[{"taxonomy":"product_brand","embeddable":true,"href":"https:\/\/asura.lv\/et\/wp-json\/wp\/v2\/product_brand?post=33927"},{"taxonomy":"product_cat","embeddable":true,"href":"https:\/\/asura.lv\/et\/wp-json\/wp\/v2\/product_cat?post=33927"},{"taxonomy":"product_tag","embeddable":true,"href":"https:\/\/asura.lv\/et\/wp-json\/wp\/v2\/product_tag?post=33927"}],"curies":[{"name":"wp","href":"https:\/\/api.w.org\/{rel}","templated":true}]}}