{"id":33969,"date":"2025-11-28T20:48:34","date_gmt":"2025-11-28T20:48:34","guid":{"rendered":"https:\/\/asura.lv\/product\/hair-clipper-enchen-boost-b-3-21mm\/"},"modified":"2025-12-12T14:49:06","modified_gmt":"2025-12-12T12:49:06","slug":"hair-clipper-enchen-boost-b-3-21mm","status":"publish","type":"product","link":"https:\/\/asura.lv\/et\/toode\/hair-clipper-enchen-boost-b-3-21mm\/","title":{"rendered":"Juuksel\u00f5ikur ENCHEN BOOST-B (3-21mm)"},"content":{"rendered":"<p><img decoding=\"async\" style=\"display: block; margin-left: auto; margin-right: auto;\" src=\"\/data\/include\/cms\/1_DOMINIK\/xiaomi_logo1.png\" border=\"0\" alt=\"\" \/><\/p>\n<p style=\"text-align: center;\"><span style=\"font-size: 12pt;\"><strong>ENCHEN<\/strong> kaubam\u00e4rk on osa Xiaomi \u00f6kos\u00fcsteemist.<\/span><\/p>\n<p style=\"text-align: center;\">\u0412\u00a0\u0412\u00a0<\/p>\n<h3 style=\"text-align: center;\">ENCHEN Boost-B juuksel\u00f5ikur<\/h3>\n<p>Te ei pea enam juuksurisalongis raha kulutama \u2013 n\u00fc\u00fcd saate oma juukseid kodus t\u00e4pselt trimmida! ENCHEN juuksel\u00f5ikur on varustatud kvaliteetsete teradega, mille pikkust saate libiseva kammiotsaku abil reguleerida vahemikus 3\u201321 mm. 600mAh laetav aku tagab pika t\u00f6\u00f6aja ning kaasasolevad tarvikud, n\u00e4iteks tera\u00f5li ja puhastushari, muudavad toote hooldamise lihtsaks.<\/p>\n<p><img loading=\"lazy\" decoding=\"async\" src=\"https:\/\/b2b.innpro.pl\/data\/include\/cms\/Enchen\/BOOST-B\/1.jpg?v=1661166991816\" border=\"0\" width=\"1100\" height=\"700\" \/><\/p>\n<p>\u0412\u00a0<\/p>\n<h3 style=\"text-align: center;\">Reguleeritav tera pikkus<\/h3>\n<p>J\u00e4tke h\u00fcvasti vajadusega paljude erinevate kammiotsikute j\u00e4rele oma habemenuga. ENCHEN kaubam\u00e4rgi seade on varustatud spetsiaalselt disainitud libiseva korgiga, mis v\u00f5imaldab teil tera pikkust reguleerida 7 sammuga vahemikus 3 \/ 6 \/ 9 \/ 12 \/ 15 \/ 18 \/ 21 mm. See teeb selle ideaalseks laste juuste l\u00f5ikamiseks, p\u00f5skhabeme kujundamiseks v\u00f5i mitmesuguste soengute loomiseks, muuhulgas. Kuid see pole veel k\u00f5ik v\u00f5imalused. P\u00e4rast korgi eemaldamist saate juukseid l\u00fchendada 0,7 mm pikkuseks.<\/p>\n<p><img loading=\"lazy\" decoding=\"async\" src=\"https:\/\/b2b.innpro.pl\/data\/include\/cms\/Enchen\/BOOST-B\/3.jpg?v=1661166991816\" border=\"0\" width=\"1100\" height=\"700\" \/><\/p>\n<p>\u0412\u00a0<\/p>\n<h3 style=\"text-align: center;\">Pikk t\u00f6\u00f6aeg \u2013 mugav laadimine<\/h3>\n<p><span>Vabanege kaablitest ja saage juuste l\u00f5ikamisel rohkem liikumisvabadust. ENCHEN juuksel\u00f5ikur t\u00f6\u00f6tab juhtmevabalt \u2013 sellel on sisseehitatud 600mAh aku. T\u00e4islaetuna saab see teid teenindada kuni 3 kuud! Kaasasolev USB-C kaabel v\u00f5imaldab seadet mugavalt laadida laadija, varupatarei v\u00f5i isegi s\u00fclearvuti abil. Umbes 1-1,5 tunni p\u00e4rast on habemenuga uuesti t\u00f6\u00f6valmis! Toode on varustatud ka nutika laadimiskaitsega.<\/span><\/p>\n<p><img loading=\"lazy\" decoding=\"async\" src=\"https:\/\/b2b.innpro.pl\/data\/include\/cms\/Enchen\/BOOST-B\/10.jpg?v=1661166991816\" border=\"0\" width=\"1100\" height=\"700\" \/><\/p>\n<p>\u0412\u00a0<\/p>\n<h3 style=\"text-align: center;\">T\u00e4psus ja ohutus<\/h3>\n<p>Avasta, et t\u00e4pne soeng v\u00f5ib v\u00f5tta v\u00e4hem aega! Habemenuga on varustatud kvaliteetse keraamilise l\u00f5ikepeaga, mis v\u00f5imaldab sul juukseid kiiresti ja t\u00f5husalt l\u00f5igata ilma neid sikutamata v\u00f5i \u00e4rritust tekitamata. Lisaks ei pea sa t\u00e4nu \u00fcmaratele teradele muretsema enda l\u00f5ikamise p\u00e4rast. K\u00f5ik see teeb seadme ideaalseks nii t\u00e4iskasvanutele kui ka lastele!<\/p>\n<p><img loading=\"lazy\" decoding=\"async\" src=\"https:\/\/b2b.innpro.pl\/data\/include\/cms\/Enchen\/BOOST-B\/5.jpg?v=1661166991816\" border=\"0\" width=\"1100\" height=\"700\" \/><\/p>\n<p>\u0412\u00a0<\/p>\n<h3 style=\"text-align: center;\">Usaldusv\u00e4\u00e4rne t\u00f6\u00f6 \u2013 valida on kahe kiiruse vahel<\/h3>\n<p><span>Pardli t\u00f5husa t\u00f6\u00f6 eest vastutab kaasaegne mootor. Samuti saate valida kahe kiiruse vahel, et selle t\u00f6\u00f6d veelgi paremini oma vajadustele kohandada. Enamasti t\u00f6\u00f6tab tavare\u017eiim (4500 p\/min) ideaalselt ja eriti paksude karvade jaoks sobib turbore\u017eiim (5800 p\/min). Samal ajal t\u00f6\u00f6tab seade \u00e4\u00e4rmiselt vaikselt \u2013 selle helitugevus on vaid umbes 55dB.<\/span><\/p>\n<p><img loading=\"lazy\" decoding=\"async\" src=\"https:\/\/b2b.innpro.pl\/data\/include\/cms\/Enchen\/BOOST-B\/4.jpg?v=1661166991816\" border=\"0\" width=\"1100\" height=\"700\" \/><\/p>\n<p>\u0412\u00a0<\/p>\n<h3 style=\"text-align: center;\">Veelgi rohkem mugavusi<\/h3>\n<p>Juuste l\u00f5ikamine pole kunagi olnud nii lihtne ja mugav. ENCHEN Boost juuksel\u00f5ikur on \u00e4\u00e4rmiselt kasutajas\u00f5bralik ja sobib ideaalselt k\u00e4tte, pakkudes enneolematut mugavust. Kerge ja mugav \u2013 saate seda edukalt kasutada mitte ainult kodus, vaid ka n\u00e4iteks puhkusel. See ei v\u00f5ta teie kohvris palju ruumi! Samuti saate seadme pea h\u00f5lpsalt eemaldada ja voolava vee all pesta. See hoiab \u00e4ra bakterite paljunemise ja v\u00e4hendab nahaprobleemide ohtu.<\/p>\n<p><img loading=\"lazy\" decoding=\"async\" src=\"https:\/\/b2b.innpro.pl\/data\/include\/cms\/Enchen\/BOOST-B\/6.jpg?v=1661166991816\" border=\"0\" width=\"1100\" height=\"700\" \/><\/p>\n<p>\u0412\u00a0<\/p>\n<h3>Karbis<\/h3>\n<ul>\n<li>Juuksel\u00f5ikur libiseva kammiotsaga<\/li>\n<li>USB-C laadimiskaabel<\/li>\n<li>Puhashari<\/li>\n<li>Tera\u00f5li\u00a0<\/li>\n<\/ul>\n<div class=\"table-wrapper\">\n<table>\n<tbody>\n<tr>\n<th>Kaubam\u00e4rk<\/th>\n<td>ENCHEN<\/td>\n<\/tr>\n<tr>\n<th>Nimi<\/th>\n<td>Juuksed l\u00f5ikur<\/td>\n<\/tr>\n<tr>\n<th>Mudel<\/th>\n<td>BOOST-B<\/td>\n<\/tr>\n<tr>\n<th>V\u00e4rv<\/th>\n<td>Must<\/td>\n<\/tr>\n<tr>\n<th>Tera pikkuse reguleerimine<\/th>\n<td>Jah, 7-astmeline, 3\u201321 mm<\/td>\n<\/tr>\n<tr>\n<th>Kiirus<\/th>\n<td>Tavare\u017eiim: 4500 p\/min;<br \/>Turbore\u017eiim: 5800 p\/min;<\/td>\n<\/tr>\n<tr>\n<th>M\u00fcratase<\/th>\n<td>Umbes 55 dB<\/td>\n<\/tr>\n<tr>\n<th>Aku mahtuvus<\/th>\n<td>600 mAh<\/td>\n<\/tr>\n<tr>\n<th>Laadimisaeg<\/th>\n<td>Teave 1\u20131,5 tundi<\/td>\n<\/tr>\n<tr>\n<th>Laadimisliides<\/th>\n<td>USB-C<\/td>\n<\/tr>\n<tr>\n<th>Nimipinge<\/th>\n<td>5 V<\/td>\n<\/tr>\n<tr>\n<th>Nimiv\u00f5imsus<\/th>\n<td>5 W<\/td>\n<\/tr>\n<\/tbody>\n<\/table>\n<p>\u0412\u00a0<\/p>\n<p>\u0412\u00a0<\/p>\n<\/div>\n<style type=\"text\/css\"><!--\n.table-wrapper{width:100%;overflow-x:auto}.table-wrapper>table{border-spacing:0}.table-wrapper>table>tbody>tr>td,.table-wrapper>table>tbody>tr>th{padding:10px 35px;text-align:left}.table-wrapper>table>tbody>tr>th{vertical-align:top}.table-wrapper>table>tbody>tr:nth-child(even){background-color:#f7f7f7}\n--><\/style>\n","protected":false},"excerpt":{"rendered":"<p>ENCHEN kaubam\u00e4rk on osa Xiaomi \u00f6kos\u00fcsteemist. \u0412\u00a0\u0412\u00a0 ENCHEN Boost-B juuksel\u00f5ikur Te ei pea enam juuksurisalongis raha kulutama \u2013 n\u00fc\u00fcd saate oma juukseid kodus t\u00e4pselt trimmida! ENCHEN juuksel\u00f5ikur on varustatud kvaliteetsete teradega, mille pikkust saate libiseva kammiotsaku abil reguleerida vahemikus 3\u201321 mm. 600mAh laetav aku tagab pika t\u00f6\u00f6aja ning kaasasolevad tarvikud, n\u00e4iteks tera\u00f5li ja puhastushari, muudavad [&#8230;]\n","protected":false},"featured_media":33970,"comment_status":"open","ping_status":"closed","template":"","meta":[],"product_brand":[412],"product_cat":[1395],"product_tag":[],"class_list":{"0":"post-33969","1":"product","2":"type-product","3":"status-publish","4":"has-post-thumbnail","6":"product_brand-enchen","7":"product_cat-hair-clippers","9":"first","10":"outofstock","11":"taxable","12":"shipping-taxable","13":"purchasable","14":"product-type-simple"},"aioseo_notices":[],"_links":{"self":[{"href":"https:\/\/asura.lv\/et\/wp-json\/wp\/v2\/product\/33969","targetHints":{"allow":["GET"]}}],"collection":[{"href":"https:\/\/asura.lv\/et\/wp-json\/wp\/v2\/product"}],"about":[{"href":"https:\/\/asura.lv\/et\/wp-json\/wp\/v2\/types\/product"}],"replies":[{"embeddable":true,"href":"https:\/\/asura.lv\/et\/wp-json\/wp\/v2\/comments?post=33969"}],"wp:featuredmedia":[{"embeddable":true,"href":"https:\/\/asura.lv\/et\/wp-json\/wp\/v2\/media\/33970"}],"wp:attachment":[{"href":"https:\/\/asura.lv\/et\/wp-json\/wp\/v2\/media?parent=33969"}],"wp:term":[{"taxonomy":"product_brand","embeddable":true,"href":"https:\/\/asura.lv\/et\/wp-json\/wp\/v2\/product_brand?post=33969"},{"taxonomy":"product_cat","embeddable":true,"href":"https:\/\/asura.lv\/et\/wp-json\/wp\/v2\/product_cat?post=33969"},{"taxonomy":"product_tag","embeddable":true,"href":"https:\/\/asura.lv\/et\/wp-json\/wp\/v2\/product_tag?post=33969"}],"curies":[{"name":"wp","href":"https:\/\/api.w.org\/{rel}","templated":true}]}}