{"id":33975,"date":"2025-11-28T20:48:33","date_gmt":"2025-11-28T20:48:33","guid":{"rendered":"https:\/\/asura.lv\/product\/z10pro-accessories-kit\/"},"modified":"2025-12-12T14:49:05","modified_gmt":"2025-12-12T12:49:05","slug":"z10pro-accessories-kit","status":"publish","type":"product","link":"https:\/\/asura.lv\/et\/toode\/z10pro-accessories-kit\/","title":{"rendered":"Z10Pro lisatarvikute komplekt"},"content":{"rendered":"<h3>Lisatarvikute komplekt Dreame Z10 Pro puhastusrobotile.<\/h3>\n<p>Komplekt sisaldab p\u00f5hiharja, 2 k\u00fclgharja, 3 filtrit ja 3 moppimispatja. V-kujuline hari korjab mustuse p\u00f5hjalikult erinevatelt pindadelt ja hoiab \u00e4ra karvade takerdumise, samal ajal kui k\u00fclgharjad eemaldavad t\u00f5husalt tolmu. Pakendis on ka 3 filtrit, mis eraldavad \u00f5hust tolmu ja takistavad sekundaarset \u00f5husaastet. Lisaks eemaldavad mopipadjad t\u00f5husalt plekke, kahjustamata \u00f5rnu pindu.<\/p>\n<p><img decoding=\"async\" src=\"https:\/\/b2b.innpro.pl\/data\/include\/cms\/02Dreame\/Z10Pro-Accessories-Kit\/1.jpg\"><\/p>\n<h3>Kaasas<\/h3>\n<ul>\n<li>p\u00f5hihari<\/li>\n<li>k\u00fclgharjad x2<\/li>\n<li>filtrid x3<\/li>\n<li>mopipadjad x3<\/li>\n<\/ul>\n<div class=\"table-wrapper\">\n<table>\n<tbody>\n<tr>\n<th>Tootja<\/th>\n<td>Dreame<\/td>\n<\/tr>\n<tr>\n<th>Nimi<\/th>\n<td>Lisatarvikute komplekt Dreame Z10 Pro puhastusrobotile<\/td>\n<\/tr>\n<tr>\n<th>Sobib <\/th>\n<td>Dreame Z10-le Pro<\/td>\n<\/tr>\n<\/tbody>\n<\/table>\n<\/div>\n","protected":false},"excerpt":{"rendered":"<p>Lisatarvikute komplekt Dreame Z10 Pro puhastusrobotile. Komplekt sisaldab p\u00f5hiharja, 2 k\u00fclgharja, 3 filtrit ja 3 moppimispatja. V-kujuline hari korjab mustuse p\u00f5hjalikult erinevatelt pindadelt ja hoiab \u00e4ra karvade takerdumise, samal ajal kui k\u00fclgharjad eemaldavad t\u00f5husalt tolmu. Pakendis on ka 3 filtrit, mis eraldavad \u00f5hust tolmu ja takistavad sekundaarset \u00f5husaastet. Lisaks eemaldavad mopipadjad t\u00f5husalt plekke, kahjustamata \u00f5rnu [&#8230;]\n","protected":false},"featured_media":33976,"comment_status":"open","ping_status":"closed","template":"","meta":[],"product_brand":[320],"product_cat":[1428],"product_tag":[],"class_list":{"0":"post-33975","1":"product","2":"type-product","3":"status-publish","4":"has-post-thumbnail","6":"product_brand-dreame","7":"product_cat-spare-parts","9":"first","10":"outofstock","11":"taxable","12":"shipping-taxable","13":"purchasable","14":"product-type-simple"},"aioseo_notices":[],"_links":{"self":[{"href":"https:\/\/asura.lv\/et\/wp-json\/wp\/v2\/product\/33975","targetHints":{"allow":["GET"]}}],"collection":[{"href":"https:\/\/asura.lv\/et\/wp-json\/wp\/v2\/product"}],"about":[{"href":"https:\/\/asura.lv\/et\/wp-json\/wp\/v2\/types\/product"}],"replies":[{"embeddable":true,"href":"https:\/\/asura.lv\/et\/wp-json\/wp\/v2\/comments?post=33975"}],"wp:featuredmedia":[{"embeddable":true,"href":"https:\/\/asura.lv\/et\/wp-json\/wp\/v2\/media\/33976"}],"wp:attachment":[{"href":"https:\/\/asura.lv\/et\/wp-json\/wp\/v2\/media?parent=33975"}],"wp:term":[{"taxonomy":"product_brand","embeddable":true,"href":"https:\/\/asura.lv\/et\/wp-json\/wp\/v2\/product_brand?post=33975"},{"taxonomy":"product_cat","embeddable":true,"href":"https:\/\/asura.lv\/et\/wp-json\/wp\/v2\/product_cat?post=33975"},{"taxonomy":"product_tag","embeddable":true,"href":"https:\/\/asura.lv\/et\/wp-json\/wp\/v2\/product_tag?post=33975"}],"curies":[{"name":"wp","href":"https:\/\/api.w.org\/{rel}","templated":true}]}}