{"id":34059,"date":"2025-11-28T20:48:25","date_gmt":"2025-11-28T20:48:25","guid":{"rendered":"https:\/\/asura.lv\/product\/smart-wifi-led-strip-with-rgbww-meross-msl320-5-meter-homekit\/"},"modified":"2025-12-12T14:49:01","modified_gmt":"2025-12-12T12:49:01","slug":"smart-wifi-led-strip-with-rgbww-meross-msl320-5-meter-homekit","status":"publish","type":"product","link":"https:\/\/asura.lv\/et\/toode\/smart-wifi-led-strip-with-rgbww-meross-msl320-5-meter-homekit\/","title":{"rendered":"Nutikas WiFi LED-riba RGBWW-ga Meross MSL320 (5 meetrit) HomeKit"},"content":{"rendered":"<h3>RGBWW Wi-Fi nutikas LED-riba 5 meetrit Meross MSL320 (Homekit).<\/h3>\n<p>Hoolitse ainulaadse atmosf\u00e4\u00e4ri eest. 5-meetrine Meross MSL320 LED-riba on v\u00e4ga lihtne paigaldada ja see kaunistab ideaalselt iga ruumi. Meross rakenduse v\u00f5i Apple Home&#8217;i abil saate valida saadaolevate valgusv\u00e4rvide hulgast v\u00f5i kasutada saadaolevaid stseene. Samuti saate oma seadmele h\u00f5lpsalt ajakava m\u00e4\u00e4rata v\u00f5i heledust ja v\u00e4rvitemperatuuri vastavalt oma eelistustele reguleerida. Riba saate juhtida ka oma h\u00e4\u00e4lega &#8211; toode \u00fchildub Apple HomeKit\/Siri, Amazon Alexa, Google Assistant, SmartThingsiga ja t\u00f6\u00f6tab Wi-Fi-ga.<\/p>\n<p><img decoding=\"async\" src=\"https:\/\/b2b.innpro.pl\/data\/include\/cms\/04Meross\/MSL320CPHKEU-5M-Li\/4.jpg\"><\/p>\n<h3>Lihtne kasutada<\/h3>\n<p>Teibi paigaldamine ei tekita teile probleeme. Meross MSL320 on \u00e4\u00e4rmiselt painduv ja isekleepuv \u2013 kleepige see lihtsalt soovitud kohta. Selle pikkus on 5 m, kuid vajadusel saate seda l\u00f5igata. Teibi mugavat kaugjuhtimist tagab Meross&#8217;i rakendus v\u00f5i Apple Home. Samuti \u00e4rge kartke probleeme kaugjuhtimisega, seade toetab suurep\u00e4raselt nii traadita kui ka juhtmega \u00fchendusi. <\/p>\n<p><img decoding=\"async\" src=\"https:\/\/b2b.innpro.pl\/data\/include\/cms\/04Meross\/MSL320CPHKEU-5M-Li\/7.jpg\"><\/p>\n<h3>Kohandatud teie ootustele <\/h3>\n<p>Spetsiaalne rakendus v\u00f5imaldab teil valgustust mugavalt juhtida k\u00f5ikjal, kus te viibite. Selle abil saate m\u00e4\u00e4rata soovitud heleduse ja valguse v\u00e4rvitemperatuuri vahemikus 2700K\u20136500K ning valida saadaolevate RGB-v\u00e4rvide hulgast. See teeb iga s\u00fcndmuse jaoks fantastilise atmosf\u00e4\u00e4ri loomise lihtsaks. Filmi\u00f5htu v\u00f5i \u00e4kki tantsupidu? Kohandage valgustust, et see sobiks ideaalselt teie koju. Proovige ka saadaolevaid valgustusstseene.<\/p>\n<p><img decoding=\"async\" src=\"https:\/\/b2b.innpro.pl\/data\/include\/cms\/04Meross\/MSL320CPHKEU-5M-Li\/3.jpg\"><\/p>\n<h3>H\u00e4\u00e4lassistent<\/h3>\n<p>Telefoni pole l\u00e4heduses, aga soovite valgustust muuta? V\u00f5i soovite selle v\u00e4lja l\u00fclitada, aga ei viitsi voodist p\u00fcsti t\u00f5usta? Pole probleemi \u2013 telefoni j\u00e4rele pole enam vaja haarata! Meross MSL320 lint \u00fchildub h\u00e4\u00e4lassistentidega, n\u00e4iteks Apple HomeKit\/Siri, Amazon Alexa, Google Assistant ja SmartThings. Nii saate seda mugavalt \u00f5igete k\u00e4sklustega juhtida. Vaid m\u00f5ne s\u00f5naga saate valguse sisse l\u00fclitada, seda veidi heledamaks muuta, valida oma lemmikv\u00e4rvi v\u00f5i muuta v\u00e4rvitemperatuuri.<\/p>\n<p><img decoding=\"async\" src=\"https:\/\/b2b.innpro.pl\/data\/include\/cms\/04Meross\/MSL320CPHKEU-5M-Li\/1.jpg\"><\/p>\n<h3>Nutikas taimer <\/h3>\n<p>Rakendus v\u00f5imaldab teil luua ka LED-riba t\u00f6\u00f6graafikuid. Saate selle h\u00f5lpsalt seadistada nii, et see l\u00fclitub automaatselt sisse ja v\u00e4lja kindlatel aegadel. Sarnane lahendus t\u00f6\u00f6tab mitte ainult kodus, vaid ka n\u00e4iteks t\u00f6\u00f6kohal v\u00f5i poes. Programmeeri LED-riba just nii, nagu sulle meeldib!<\/p>\n<p><img decoding=\"async\" src=\"https:\/\/b2b.innpro.pl\/data\/include\/cms\/04Meross\/MSL320CPHKEU-5M-Li\/2.jpg\"><\/p>\n<h3>Komplektis: <\/h3>\n<ul>\n<li>5m LED-lint<\/li>\n<li>Wi-Fi nutikas kontroller<\/li>\n<li>Pistik<\/li>\n<li>Toiteadapter<\/li>\n<li>5 x kinnitusklambrit<\/li>\n<\/ul>\n<div class=\"table-wrapper\">\n<table>\n<tbody>\n<tr>\n<th>Br\u00e4nd <\/th>\n<td>Meross<\/td>\n<\/tr>\n<tr>\n<th>Mudel <\/th>\n<td>MSL320<\/td>\n<\/tr>\n<tr>\n<th>Sisend <\/th>\n<td>12V\/1.5A<\/td>\n<\/tr>\n<tr>\n<th>V\u00e4rv <\/th>\n<td>RGBW (2700K-6500K)<\/td>\n<\/tr>\n<tr>\n<th>Pikkus <\/th>\n<td>5 m <\/td>\n<\/tr>\n<tr>\n<th>\u00dchilduvus <\/th>\n<td>Apple HomeKit\/Siri, Amazon Alexa, Google Assistant, SmartThings<\/td>\n<\/tr>\n<tr>\n<th>\u00dchendus <\/th>\n<td>Wi-Fi<\/td>\n<\/tr>\n<tr>\n<th>Rakendus<\/th>\n<td>Meross v\u00f5i Apple Home<\/td>\n<\/tr>\n<\/tbody>\n<\/table>\n<\/div>\n","protected":false},"excerpt":{"rendered":"<p>RGBWW Wi-Fi nutikas LED-riba 5 meetrit Meross MSL320 (Homekit). Hoolitse ainulaadse atmosf\u00e4\u00e4ri eest. 5-meetrine Meross MSL320 LED-riba on v\u00e4ga lihtne paigaldada ja see kaunistab ideaalselt iga ruumi. Meross rakenduse v\u00f5i Apple Home&#8217;i abil saate valida saadaolevate valgusv\u00e4rvide hulgast v\u00f5i kasutada saadaolevaid stseene. Samuti saate oma seadmele h\u00f5lpsalt ajakava m\u00e4\u00e4rata v\u00f5i heledust ja v\u00e4rvitemperatuuri vastavalt oma [&#8230;]\n","protected":false},"featured_media":34060,"comment_status":"open","ping_status":"closed","template":"","meta":[],"product_brand":[324],"product_cat":[969],"product_tag":[],"class_list":{"0":"post-34059","1":"product","2":"type-product","3":"status-publish","4":"has-post-thumbnail","6":"product_brand-meross","7":"product_cat-led-strips","9":"first","10":"outofstock","11":"taxable","12":"shipping-taxable","13":"purchasable","14":"product-type-simple"},"aioseo_notices":[],"_links":{"self":[{"href":"https:\/\/asura.lv\/et\/wp-json\/wp\/v2\/product\/34059","targetHints":{"allow":["GET"]}}],"collection":[{"href":"https:\/\/asura.lv\/et\/wp-json\/wp\/v2\/product"}],"about":[{"href":"https:\/\/asura.lv\/et\/wp-json\/wp\/v2\/types\/product"}],"replies":[{"embeddable":true,"href":"https:\/\/asura.lv\/et\/wp-json\/wp\/v2\/comments?post=34059"}],"wp:featuredmedia":[{"embeddable":true,"href":"https:\/\/asura.lv\/et\/wp-json\/wp\/v2\/media\/34060"}],"wp:attachment":[{"href":"https:\/\/asura.lv\/et\/wp-json\/wp\/v2\/media?parent=34059"}],"wp:term":[{"taxonomy":"product_brand","embeddable":true,"href":"https:\/\/asura.lv\/et\/wp-json\/wp\/v2\/product_brand?post=34059"},{"taxonomy":"product_cat","embeddable":true,"href":"https:\/\/asura.lv\/et\/wp-json\/wp\/v2\/product_cat?post=34059"},{"taxonomy":"product_tag","embeddable":true,"href":"https:\/\/asura.lv\/et\/wp-json\/wp\/v2\/product_tag?post=34059"}],"curies":[{"name":"wp","href":"https:\/\/api.w.org\/{rel}","templated":true}]}}