{"id":34137,"date":"2025-11-28T20:45:19","date_gmt":"2025-11-28T20:45:19","guid":{"rendered":"https:\/\/asura.lv\/product\/transmitter-receiver-blitzwolf-bw-bl2-bluetooth-5-0\/"},"modified":"2025-12-12T14:47:10","modified_gmt":"2025-12-12T12:47:10","slug":"transmitter-receiver-blitzwolf-bw-bl2-bluetooth-5-0","status":"publish","type":"product","link":"https:\/\/asura.lv\/et\/toode\/transmitter-receiver-blitzwolf-bw-bl2-bluetooth-5-0\/","title":{"rendered":"Saatja\/vastuv\u00f5tja BlitzWolf BW-BL2, Bluetooth 5.0"},"content":{"rendered":"<h3>Blitzwolf BW-BL2 Bluetooth saatja\/vastuv\u00f5tja<\/h3>\n<p>Kompaktne Bluetooth 5.0 saatja\/vastuv\u00f5tja BW-BL2 kaalub vaid 18 g ja paistab silma laia \u00fchilduvuse poolest. See tagab usaldusv\u00e4\u00e4rse edastuse ja t\u00f6\u00f6tab kahes re\u017eiimis &#8211; saatja v\u00f5i vastuv\u00f5tja. BW-BL2 iseloomustab ka pikk t\u00f6\u00f6iga t\u00e4nu sisseehitatud 200 mAh laetavale akule. See funktsionaalne seade osutub kasulikuks paljudes erinevates rakendustes.<\/p>\n<p><img decoding=\"async\" src=\"https:\/\/b2b.innpro.pl\/data\/include\/cms\/12Blitzwolf\/BW-BL2\/1597052680_26.jpg\"><\/p>\n<h3>Taskusuurus<\/h3>\n<p>BW-BL2 sobib teile peaaegu k\u00f5ikjale. Selle kerge kaal ja m\u00f5\u00f5tmed 44x44x12 mm muudavad selle sobivaks teie seljakotti, k\u00e4ekotti v\u00f5i isegi taskusse ilma v\u00e4himagi probleemita. See ei v\u00f5ta teie kodus ka liiga palju ruumi \u2013 saate selle edukalt paigutada k\u00f5ikjale, kus vajate.<\/p>\n<p><img decoding=\"async\" src=\"https:\/\/b2b.innpro.pl\/data\/include\/cms\/12Blitzwolf\/BW-BL2\/1.jpg\"><\/p>\n<h3>Bluetooth 5.0 \u2013 fantastiline \u00fchenduse kvaliteet<\/h3>\n<p>Mis teeb teid usaldusv\u00e4\u00e4rseks, kiireks ja stabiilseks edastuseks peaaegu igas olukorras? Tipptasemel Bluetooth 5.0 \u00fchenduvus! BW-BL2 toetab A2DP edastus- ja vastuv\u00f5tuprotokolle, edastades signaali viivituse, katkestuste v\u00f5i muude probleemideta. See pakub ka suurep\u00e4rast HD-helikvaliteeti ja v\u00e4hendatud energiatarbimist.<\/p>\n<p><img decoding=\"async\" src=\"https:\/\/b2b.innpro.pl\/data\/include\/cms\/12Blitzwolf\/BW-BL2\/1597052688_26.jpg\"><\/p>\n<h3>Rakenda kahel viisil<\/h3>\n<p>Seade t\u00f6\u00f6tab suurep\u00e4raselt nii saatja kui ka vastuv\u00f5tjana. TX-re\u017eiimis saate n\u00e4iteks edastada heli oma telerist oma juhtmevabadesse Bluetooth-k\u00f5rvaklappidesse. RX-re\u017eiimis saate oma telefonist lugusid esitada lisav\u00f5imendi kaudu. Vaata, mida veel saad!<\/p>\n<p><img decoding=\"async\" src=\"https:\/\/b2b.innpro.pl\/data\/include\/cms\/12Blitzwolf\/BW-BL2\/1597052723_26.jpg\"><\/p>\n<h3>Lai \u00fchilduvus<\/h3>\n<p>Pole t\u00e4htis, milliseid seadmeid sa iga p\u00e4ev kasutad \u2013 BW-BL2 \u00fchildub kindlasti v\u00e4hemalt m\u00f5nega neist. N\u00e4iteks saad selle h\u00f5lpsalt \u00fchendada oma teleri, s\u00fclearvuti, nutitelefoni v\u00f5i tahvelarvutiga. Samuti saad selle siduda k\u00f5rvaklappide v\u00f5i k\u00f5lariga. V\u00f5imalused on t\u00f5eliselt tohutud!<\/p>\n<p><img decoding=\"async\" src=\"https:\/\/b2b.innpro.pl\/data\/include\/cms\/12Blitzwolf\/BW-BL2\/1597052725_26.jpg\"><\/p>\n<h3>Pikk t\u00f6\u00f6aeg<\/h3>\n<p>Saatja\/vastuv\u00f5tja on varustatud vastupidava laetava akuga, mis tagab muljetavaldavalt pika t\u00f6\u00f6aja. BW-BL2 t\u00f6\u00f6tab saatmisre\u017eiimis kuni 5 tundi v\u00f5i vastuv\u00f5ture\u017eiimis kuni 7 tundi. Seadme laadimine v\u00f5tab vaid 2 tundi. Selline k\u00f5rge j\u00f5udlus vastab kahtlemata teie ootustele.<\/p>\n<p><img decoding=\"async\" src=\"https:\/\/b2b.innpro.pl\/data\/include\/cms\/12Blitzwolf\/BW-BL2\/1597052719_26.jpg\"><\/p>\n<div class=\"table-wrapper\">\n<table>\n<tbody>\n<tr>\n<th>Br\u00e4nd<\/th>\n<td>Blitzwolf<\/td>\n<\/tr>\n<tr>\n<th>Mudel<\/th>\n<td>BW-BL2<\/td>\n<\/tr>\n<tr>\n<th>Bluetoothi \u200b\u200bleviala<\/th>\n<td>10 m<\/td>\n<\/tr>\n<tr>\n<th>Laadimisaeg<\/th>\n<td>2 tundi<\/td>\n<\/tr>\n<tr>\n<th>Bluetoothi \u200b\u200bversioon<\/th>\n<td>5.0<\/td>\n<\/tr>\n<tr>\n<th>Aku mahtuvus<\/th>\n<td>200mAh<\/td>\n<\/tr>\n<tr>\n<th>\u00dchendusmeetod<\/th>\n<td>AUX 3,5 mm<\/td>\n<\/tr>\n<\/tbody>\n<\/table>\n<\/div>\n","protected":false},"excerpt":{"rendered":"<p>Blitzwolf BW-BL2 Bluetooth saatja\/vastuv\u00f5tja Kompaktne Bluetooth 5.0 saatja\/vastuv\u00f5tja BW-BL2 kaalub vaid 18 g ja paistab silma laia \u00fchilduvuse poolest. See tagab usaldusv\u00e4\u00e4rse edastuse ja t\u00f6\u00f6tab kahes re\u017eiimis &#8211; saatja v\u00f5i vastuv\u00f5tja. BW-BL2 iseloomustab ka pikk t\u00f6\u00f6iga t\u00e4nu sisseehitatud 200 mAh laetavale akule. See funktsionaalne seade osutub kasulikuks paljudes erinevates rakendustes. Taskusuurus BW-BL2 sobib teile peaaegu [&#8230;]\n","protected":false},"featured_media":34138,"comment_status":"open","ping_status":"closed","template":"","meta":[],"product_brand":[224],"product_cat":[1707],"product_tag":[],"class_list":{"0":"post-34137","1":"product","2":"type-product","3":"status-publish","4":"has-post-thumbnail","6":"product_brand-blitzwolf","7":"product_cat-bluetooth-adapters-gsm-accessories","9":"first","10":"outofstock","11":"taxable","12":"shipping-taxable","13":"purchasable","14":"product-type-simple"},"aioseo_notices":[],"_links":{"self":[{"href":"https:\/\/asura.lv\/et\/wp-json\/wp\/v2\/product\/34137","targetHints":{"allow":["GET"]}}],"collection":[{"href":"https:\/\/asura.lv\/et\/wp-json\/wp\/v2\/product"}],"about":[{"href":"https:\/\/asura.lv\/et\/wp-json\/wp\/v2\/types\/product"}],"replies":[{"embeddable":true,"href":"https:\/\/asura.lv\/et\/wp-json\/wp\/v2\/comments?post=34137"}],"wp:featuredmedia":[{"embeddable":true,"href":"https:\/\/asura.lv\/et\/wp-json\/wp\/v2\/media\/34138"}],"wp:attachment":[{"href":"https:\/\/asura.lv\/et\/wp-json\/wp\/v2\/media?parent=34137"}],"wp:term":[{"taxonomy":"product_brand","embeddable":true,"href":"https:\/\/asura.lv\/et\/wp-json\/wp\/v2\/product_brand?post=34137"},{"taxonomy":"product_cat","embeddable":true,"href":"https:\/\/asura.lv\/et\/wp-json\/wp\/v2\/product_cat?post=34137"},{"taxonomy":"product_tag","embeddable":true,"href":"https:\/\/asura.lv\/et\/wp-json\/wp\/v2\/product_tag?post=34137"}],"curies":[{"name":"wp","href":"https:\/\/api.w.org\/{rel}","templated":true}]}}